{"id":9211,"date":"2025-10-31T12:51:56","date_gmt":"2025-10-31T12:51:56","guid":{"rendered":"https:\/\/barbacoas-argentinas.com\/?post_type=product&#038;p=9211"},"modified":"2026-02-24T21:47:05","modified_gmt":"2026-02-24T21:47:05","slug":"paletta-e-attizzatoio-tromen-eco-copia-copia-copia-copia-copia","status":"publish","type":"product","link":"https:\/\/barbacoas-argentinas.com\/it\/griglie-kamado\/paletta-e-attizzatoio-tromen-eco-copia-copia-copia-copia-copia\/","title":{"rendered":"Mini Kamado"},"content":{"rendered":"<p><strong><span style=\"color: #0f1115;\"><span style=\"font-family: Open sans, sans-serif;\"><span style=\"font-size: medium;\"><b>IDEALE PER SPAZI PICCOLI<\/b><\/span><\/span><\/span><\/strong><\/p>\n<p><span style=\"color: #0f1115;\"><span style=\"font-family: Open sans, sans-serif;\"><span style=\"font-size: medium;\">Il Mini Kamado ha la stessa efficienza di cottura dei modelli pi\u00f9 grandi, ma con dimensioni molto pi\u00f9 compatte. La sua superficie di cottura \u00e8 ideale per preparare un pollo in posizione verticale, 4 grandi hamburger fatti in casa o 3 bistecche, diventando il compagno perfetto per le tue avventure. Che sia al fiume, in montagna o a bordo piscina, avrai sempre spazio per portare con te la tua passione per la griglia.  <\/span><\/span><\/span><\/p>\n<div style=\"display: flex; justify-content: center;\"><iframe loading=\"lazy\" src=\"https:\/\/www.youtube.com\/embed\/urnYBIQIVkE?autoplay=1&amp;start=1&amp;end=38&amp;loop=1&amp;playlist=urnYBIQIVkE&amp;mute=1\" width=\"700\" height=\"400\" frameborder=\"0\" allowfullscreen=\"allowfullscreen\"><span data-mce-type=\"bookmark\" style=\"display: inline-block; width: 0px; overflow: hidden; line-height: 0;\" class=\"mce_SELRES_start\"><\/span><span data-mce-type=\"bookmark\" style=\"display: inline-block; width: 0px; overflow: hidden; line-height: 0;\" class=\"mce_SELRES_start\"><\/span><span data-mce-type=\"bookmark\" style=\"display: inline-block; width: 0px; overflow: hidden; line-height: 0;\" class=\"mce_SELRES_start\"><span data-mce-type=\"bookmark\" style=\"display: inline-block; width: 0px; overflow: hidden; line-height: 0;\" class=\"mce_SELRES_start\"><\/span><\/span><span data-mce-type=\"bookmark\" style=\"display: inline-block; width: 0px; overflow: hidden; line-height: 0;\" class=\"mce_SELRES_start\"><\/span><span data-mce-type=\"bookmark\" style=\"display: inline-block; width: 0px; overflow: hidden; line-height: 0;\" class=\"mce_SELRES_start\"><\/span><br \/>\n<\/iframe><\/div>\n<p>&nbsp;<\/p>\n<div class=\"image-container\"><img loading=\"lazy\" decoding=\"async\" class=\"responsive-image aligncenter\" src=\"https:\/\/barbacoas-argentinas.com\/wp-content\/uploads\/2025\/10\/asadores-clasicos-kamado.png\" alt=\"Immagine di esempio\" width=\"982\" height=\"644\"><\/div>\n<p style=\"text-align: center;\" data-start=\"2727\" data-end=\"2758\"><a href=\"https:\/\/barbacoas-argentinas.com\/it\/?attachment_id=9228#inicio\"><span style=\"color: #ff6600;\"><strong><span style=\"font-size: 14pt;\">\u21aa ACQUISTA<\/span><\/strong><\/span><\/a><\/p>\n<p><strong><span style=\"color: #0f1115;\"><span style=\"font-family: Open sans, sans-serif;\"><span style=\"font-size: medium;\"><b>Caratteristiche principali:<\/b><\/span><\/span><\/span><\/strong><\/p>\n<ul>\n<li><strong><span style=\"color: #0f1115;\"><span style=\"font-family: Open sans, sans-serif;\"><span style=\"font-size: medium;\"><b>Dimensioni compatte:<\/b><\/span><\/span><\/span><\/strong> <span style=\"color: #0f1115;\"><span style=\"font-family: Open sans, sans-serif;\"><span style=\"font-size: medium;\">Con un design piccolo ed efficiente, perfetto per balconi, patii o da portare in viaggio nel tuo veicolo.<\/span><\/span><\/span><\/li>\n<li><strong><span style=\"color: #0f1115;\"><span style=\"font-family: Open sans, sans-serif;\"><span style=\"font-size: medium;\">Efficienza nel consumo di carbone: <\/span><\/span><\/span><\/strong><span style=\"color: #0f1115;\"><span style=\"font-family: Open sans, sans-serif;\">Richiede solo 0,5 kg di carbone per una grigliata completa da 4 a 6 persone, un&#8217;opzione molto economica e a basso consumo.<\/span><\/span><\/li>\n<li><strong><span style=\"color: #0f1115;\"><span style=\"font-family: Open sans, sans-serif;\"><span style=\"font-size: medium;\"><b>Base in acciaio resistente:<\/b><\/span><\/span><\/span><\/strong> <span style=\"color: #0f1115;\"><span style=\"font-size: medium;\">Assicura maggiore durata e stabilit\u00e0, perfetta per sopportare l&#8217;uso frequente e le condizioni all&#8217;aperto.<\/span><\/span><\/li>\n<li><strong><span style=\"color: #0f1115;\"><span style=\"font-family: Open sans, sans-serif;\"><span style=\"font-size: medium;\"><b>Sistema di cottura versatile:<\/b><\/span><\/span><\/span><\/strong> <span style=\"color: #0f1115;\"><span style=\"font-family: Open sans, sans-serif;\"><span style=\"font-size: medium;\">La sua struttura in ceramica garantisce una cottura uniforme e un&#8217;eccellente ritenzione del calore, ideale per affumicare, arrostire, cuocere al forno e grigliare.<\/span><\/span><\/span><\/li>\n<li><strong><span style=\"color: #0f1115;\"><span style=\"font-family: Open sans, sans-serif;\"><b>Base in acciaio resistente:<\/b><\/span><\/span><\/strong> <span style=\"color: #0f1115;\"><span style=\"font-family: Open sans, sans-serif;\"><span style=\"font-size: medium;\">Assicura maggiore durata e stabilit\u00e0, perfetta per sopportare l&#8217;uso frequente e le condizioni all&#8217;aperto.<\/span><\/span><\/span><\/li>\n<\/ul>\n<p>&nbsp;<\/p>\n<div class=\"image-container\"><img loading=\"lazy\" decoding=\"async\" class=\"responsive-image aligncenter\" src=\"https:\/\/barbacoas-argentinas.com\/wp-content\/uploads\/2025\/10\/asador-mini-kamado.png\" alt=\"Immagine di esempio\" width=\"971\" height=\"583\"><\/div>\n<div id=\"faq\" class=\"faq-container\"><\/div>\n<p><strong><span style=\"color: #0f1115;\"><span style=\"font-family: Open sans, sans-serif;\"><span style=\"font-size: medium;\"><b>Domande Frequenti<\/b><\/span><\/span><\/span><\/strong><\/p>\n<p><strong><span style=\"color: #0f1115;\"><span style=\"font-family: Open sans, sans-serif;\"><span style=\"font-size: medium;\"><b>\u00c8 facile da trasportare?<\/b><\/span><\/span><\/span><\/strong><span style=\"color: #0f1115;\"><span style=\"font-family: Open sans, sans-serif;\"><span style=\"font-size: medium;\"><br \/>\nS\u00ec, le sue dimensioni compatte e le maniglie laterali lo rendono facilissimo da spostare. \u00c8 ideale per portarlo in viaggio, in campeggio o al mare. <\/span><\/span><\/span><\/p>\n<p><strong><span style=\"color: #0f1115;\"><span style=\"font-family: Open sans, sans-serif;\"><span style=\"font-size: medium;\"><b>Che tipo di cibi posso cucinare?<\/b><\/span><\/span><\/span><\/strong><span style=\"color: #0f1115;\"><span style=\"font-family: Open sans, sans-serif;\"><span style=\"font-size: medium;\"><br \/>\nPuoi grigliare carni, preparare pizze, cuocere il pane, fare affumicati e persino cucinare pesce e verdure. \u00c8 estremamente versatile. <\/span><\/span><\/span><\/p>\n<p><strong><span style=\"color: #0f1115;\"><span style=\"font-family: Open sans, sans-serif;\"><span style=\"font-size: medium;\"><b>\u00c8 sicuro usarlo su un balcone o terrazzo piccolo?<\/b><\/span><\/span><\/span><\/strong><span style=\"color: #0f1115;\"><span style=\"font-family: Open sans, sans-serif;\"><span style=\"font-size: medium;\"><br \/>\nAssolutamente s\u00ec. \u00c8 progettato per spazi ridotti ed \u00e8 ermetico al 100%, il che riduce al minimo le emissioni e lo rende sicuro per l&#8217;uso su balconi o terrazzi. <\/span><\/span><\/span><\/p>\n<p><strong><span style=\"color: #0f1115;\"><span style=\"font-family: Open sans, sans-serif;\"><span style=\"font-size: medium;\"><b>\u00c8 resistente alle intemperie?<\/b><\/span><\/span><\/span><\/strong><span style=\"color: #0f1115;\"><span style=\"font-family: Open sans, sans-serif;\"><span style=\"font-size: medium;\"><br \/>\nS\u00ec, \u00e8 resistente e pu\u00f2 essere usato all&#8217;aperto. Per prolungarne la durata, consigliamo di coprirlo quando non \u00e8 in uso. <\/span><\/span><\/span><\/p>\n<p><strong><span style=\"color: #0f1115;\"><span style=\"font-family: Open sans, sans-serif;\"><span style=\"font-size: medium;\"><b>Quanto tempo ci vuole per riscaldarsi?<\/b><\/span><\/span><\/span><\/strong><span style=\"color: #0f1115;\"><span style=\"font-family: Open sans, sans-serif;\"><span style=\"font-size: medium;\"><br \/>\nGrazie al suo efficiente isolamento termico, si riscalda rapidamente e in pochi minuti sar\u00e0 pronto per cucinare alla temperatura desiderata.<\/span><\/span><\/span><\/p>\n<p><strong><span style=\"color: #0f1115;\"><span style=\"font-family: Open sans, sans-serif;\"><span style=\"font-size: medium;\"><b>Si pu\u00f2 affumicare con questo modello?<\/b><\/span><\/span><\/span><\/strong><span style=\"color: #0f1115;\"><span style=\"font-family: Open sans, sans-serif;\"><span style=\"font-size: medium;\"><br \/>\nS\u00ec, \u00e8 perfetto per affumicare. Basta aggiungere scaglie di legna al carbone per ottenere quel sapore affumicato tradizionale. <\/span><\/span><\/span><\/p>\n<p><strong><span style=\"color: #0f1115;\"><span style=\"font-family: Open sans, sans-serif;\"><span style=\"font-size: medium;\"><b>Per quante persone \u00e8 sufficiente?<\/b><\/span><\/span><\/span><\/strong><span style=\"color: #0f1115;\"><span style=\"font-family: Open sans, sans-serif;\"><span style=\"font-size: medium;\"><br \/>\nSebbene sia compatto, la sua superficie di cottura permette di preparare pasti comodamente per 4-6 persone.<\/span><\/span><\/span><\/p>\n<p style=\"text-align: center;\" data-start=\"4810\" data-end=\"4999\"><span style=\"font-size: 14pt; color: #ff9900;\"><strong><a style=\"color: #ff9900;\" href=\"https:\/\/barbacoas-argentinas.com\/it\/?attachment_id=9228\"><span style=\"color: #ff6600;\"> \u21aa ACQUISTA<\/span><\/a><\/strong><\/span><\/p>\n","protected":false},"excerpt":{"rendered":"<p><span style=\"font-size: 12pt; color: #000000;\"><strong>DIMENSIONI:<\/strong><br \/>\n<span style=\"font-family: Liberation Sans, serif;\">Kamado: 38cm x 47cm x 38cm<\/span><br \/>\n<span style=\"font-family: Liberation Sans, serif;\">Diametro esterno: 32cm<\/span><br \/>\n<span style=\"font-family: Liberation Sans, serif;\">Diametro della griglia: 28cm<\/span><br \/>\n<span style=\"font-family: Liberation Sans, serif;\">Superficie di cottura: 636 cm\u00b2<\/span><br \/>\n<span style=\"font-family: Liberation Sans, serif;\">Peso: 30kg<\/span><\/span><\/p>\n<p><span style=\"font-size: 12pt; color: #000000;\"><span class=\"fontstyle0\"><strong>INCLUDE:<\/strong><\/span><br \/>\n<b>MINI KAMADO<\/b><br \/>\n<span style=\"font-family: Helvetica, serif;\"><b>RIPIANI LATERALI<\/b><\/span><\/span><\/p>\n","protected":false},"featured_media":9232,"template":"","meta":{"_et_pb_use_builder":"","_et_pb_old_content":"","_et_gb_content_width":""},"product_brand":[],"product_cat":[725],"product_tag":[726],"class_list":{"0":"post-9211","1":"product","2":"type-product","3":"status-publish","4":"has-post-thumbnail","6":"product_cat-griglie-kamado","7":"product_tag-grills-kamado","8":"product_shipping_class-parrillas-para-barbacoa-85-y-105","10":"first","11":"instock","12":"taxable","13":"shipping-taxable","14":"purchasable","15":"product-type-simple"},"_links":{"self":[{"href":"https:\/\/barbacoas-argentinas.com\/it\/wp-json\/wp\/v2\/product\/9211","targetHints":{"allow":["GET"]}}],"collection":[{"href":"https:\/\/barbacoas-argentinas.com\/it\/wp-json\/wp\/v2\/product"}],"about":[{"href":"https:\/\/barbacoas-argentinas.com\/it\/wp-json\/wp\/v2\/types\/product"}],"wp:featuredmedia":[{"embeddable":true,"href":"https:\/\/barbacoas-argentinas.com\/it\/wp-json\/wp\/v2\/media\/9232"}],"wp:attachment":[{"href":"https:\/\/barbacoas-argentinas.com\/it\/wp-json\/wp\/v2\/media?parent=9211"}],"wp:term":[{"taxonomy":"product_brand","embeddable":true,"href":"https:\/\/barbacoas-argentinas.com\/it\/wp-json\/wp\/v2\/product_brand?post=9211"},{"taxonomy":"product_cat","embeddable":true,"href":"https:\/\/barbacoas-argentinas.com\/it\/wp-json\/wp\/v2\/product_cat?post=9211"},{"taxonomy":"product_tag","embeddable":true,"href":"https:\/\/barbacoas-argentinas.com\/it\/wp-json\/wp\/v2\/product_tag?post=9211"}],"curies":[{"name":"wp","href":"https:\/\/api.w.org\/{rel}","templated":true}]}}