{"id":9166,"date":"2025-10-31T12:21:38","date_gmt":"2025-10-31T12:21:38","guid":{"rendered":"https:\/\/barbacoas-argentinas.com\/?post_type=product&#038;p=9166"},"modified":"2026-02-25T00:33:37","modified_gmt":"2026-02-25T00:33:37","slug":"paletta-e-attizzatoio-tromen-eco-copia-copia-copia-copia","status":"publish","type":"product","link":"https:\/\/barbacoas-argentinas.com\/it\/griglie-kamado\/paletta-e-attizzatoio-tromen-eco-copia-copia-copia-copia\/","title":{"rendered":"Mini Pampero"},"content":{"rendered":"<p><strong><span style=\"color: #0f1115;\"><span style=\"font-family: Open sans, sans-serif;\"><span style=\"font-size: medium;\"><b>Porta la tua passione ovunque<\/b><\/span><\/span><\/span><\/strong><\/p>\n<p><span style=\"color: #0f1115;\"><span style=\"font-family: Open sans, sans-serif;\"><span style=\"font-size: medium;\">di cottura simile a quella del Pampero, ma con il vantaggio di essere portatile, si adatta perfettamente alle tue avventure all&#8217;aria aperta <\/span><\/span><\/span><\/p>\n<div style=\"display: flex; justify-content: center;\"><iframe loading=\"lazy\" src=\"https:\/\/www.youtube.com\/embed\/tPpg29zb4V4?autoplay=1&amp;start=1&amp;end=10&amp;loop=1&amp;playlist=tPpg29zb4V4&amp;mute=1\" width=\"700\" height=\"400\" frameborder=\"0\" allowfullscreen=\"allowfullscreen\"><span data-mce-type=\"bookmark\" style=\"display: inline-block; width: 0px; overflow: hidden; line-height: 0;\" class=\"mce_SELRES_start\"><\/span><span data-mce-type=\"bookmark\" style=\"display: inline-block; width: 0px; overflow: hidden; line-height: 0;\" class=\"mce_SELRES_start\"><\/span><span data-mce-type=\"bookmark\" style=\"display: inline-block; width: 0px; overflow: hidden; line-height: 0;\" class=\"mce_SELRES_start\"><span data-mce-type=\"bookmark\" style=\"display: inline-block; width: 0px; overflow: hidden; line-height: 0;\" class=\"mce_SELRES_start\"><\/span><\/span><span data-mce-type=\"bookmark\" style=\"display: inline-block; width: 0px; overflow: hidden; line-height: 0;\" class=\"mce_SELRES_start\"><\/span><span data-mce-type=\"bookmark\" style=\"display: inline-block; width: 0px; overflow: hidden; line-height: 0;\" class=\"mce_SELRES_start\"><\/span><br \/>\n<\/iframe><\/div>\n<p><strong><span style=\"color: #0f1115;\"><span style=\"font-family: Open sans, sans-serif;\"><span style=\"font-size: medium;\"><b>Perch\u00e9 scegliere il Mini Pampero Kamado?<\/b><\/span><\/span><\/span><\/strong><\/p>\n<p><span style=\"color: #0f1115;\"><span style=\"font-family: Open sans, sans-serif;\"><span style=\"font-size: medium;\">Con una base in acciaio resistente, maniglie laterali per un trasporto facile e un formato compatto di soli 40 cm di profondit\u00e0, questo modello \u00e8 progettato per starti accanto in ogni viaggio: che sia al mare, in montagna o al fiume. La sua facilit\u00e0 d&#8217;uso, che non richiede una grande ventilazione, ti permette di goderti una grigliata in qualsiasi angolo, senza complicazioni. <\/span><\/span><\/span><\/p>\n<div class=\"image-container\"><img loading=\"lazy\" decoding=\"async\" class=\"responsive-image aligncenter\" src=\"https:\/\/barbacoas-argentinas.com\/wp-content\/uploads\/2025\/10\/asadores-clasicos-kamado.png\" alt=\"Immagine di esempio\" width=\"982\" height=\"644\"><\/div>\n<p style=\"text-align: center;\" data-start=\"2727\" data-end=\"2758\"><a href=\"https:\/\/barbacoas-argentinas.com\/it\/?attachment_id=9203#inicio\"><span style=\"color: #ff6600;\"><strong><span style=\"font-size: 14pt;\">\u21aa ACQUISTA<\/span><\/strong><\/span><\/a><\/p>\n<p><strong><span style=\"color: #0f1115;\"><span style=\"font-family: Open sans, sans-serif;\"><span style=\"font-size: medium;\"><b>Caratteristiche principali:<\/b><\/span><\/span><\/span><\/strong><\/p>\n<ul>\n<li><strong><span style=\"color: #0f1115;\"><span style=\"font-family: Open sans, sans-serif;\"><span style=\"font-size: medium;\"><b>Compatto e portatile:<\/b><\/span><\/span><\/span><\/strong> <span style=\"color: #0f1115;\"><span style=\"font-family: Open sans, sans-serif;\"><span style=\"font-size: medium;\">Solo 40 cm di profondit\u00e0, ideale da caricare in auto.<\/span><\/span><\/span><\/li>\n<li><strong><span style=\"color: #0f1115;\"><span style=\"font-size: medium;\"><b>Base in acciaio resistente:<\/b><\/span><\/span><\/strong> <span style=\"color: #0f1115;\"><span style=\"font-family: Open sans, sans-serif;\">Garantisce durata e stabilit\u00e0 su qualsiasi terreno.<\/span><\/span><\/li>\n<li><strong><span style=\"color: #0f1115;\"><span style=\"font-size: medium;\"><b>Maniglie laterali:<\/b><\/span><\/span><\/strong> <span style=\"color: #0f1115;\"><span style=\"font-family: Open sans, sans-serif;\"><span style=\"font-size: medium;\">Facilitano il trasporto e lo spostamento ovunque.<\/span><\/span><\/span><\/li>\n<li><strong><span style=\"color: #0f1115;\"><span style=\"font-family: Open sans, sans-serif;\"><span style=\"font-size: medium;\"><b>Versatilit\u00e0 totale:<\/b><\/span><\/span><\/span><\/strong> <span style=\"font-family: Open sans, sans-serif;\"><span style=\"font-size: medium;\">Cucina al mare, in montagna o lungo il fiume con semplicit\u00e0.<\/span><\/span><\/li>\n<li><strong><span style=\"color: #0f1115;\"><span style=\"font-family: Open sans, sans-serif;\"><span style=\"font-size: medium;\">Facile da riporre:<\/span><\/span><\/span><\/strong><span style=\"color: #0f1115;\"><span style=\"font-family: Open sans, sans-serif;\"><span style=\"font-size: medium;\"> Le dimensioni compatte ti permettono di riporlo anche in spazi ridotti.<\/span><\/span><\/span><\/li>\n<\/ul>\n<p>&nbsp;<\/p>\n<div class=\"image-container\"><img loading=\"lazy\" decoding=\"async\" class=\"responsive-image aligncenter\" src=\"https:\/\/barbacoas-argentinas.com\/wp-content\/uploads\/2025\/10\/mini-pampero.png\" alt=\"Immagine di esempio\" width=\"971\" height=\"583\"><\/div>\n<div id=\"faq\" class=\"faq-container\"><\/div>\n<p><strong><span style=\"color: #0f1115;\"><span style=\"font-family: Open sans, sans-serif;\"><span style=\"font-size: medium;\"><b>Domande Frequenti<\/b><\/span><\/span><\/span><\/strong><\/p>\n<p><strong><span style=\"color: #0f1115;\"><span style=\"font-family: Open sans, sans-serif;\"><span style=\"font-size: medium;\"><b>\u00c8 facile da trasportare?<\/b><\/span><\/span><\/span><\/strong><span style=\"color: #0f1115;\"><span style=\"font-family: Open sans, sans-serif;\"><span style=\"font-size: medium;\"><br \/>\nS\u00ec, le sue maniglie laterali e il design compatto di soli 40 cm lo rendono perfetto da portare in un fuoristrada, in barca o persino nel bagagliaio di un&#8217;utilitaria.<\/span><\/span><\/span><\/p>\n<p><strong><span style=\"color: #0f1115;\"><span style=\"font-family: Open sans, sans-serif;\"><span style=\"font-size: medium;\"><b>Quanto carbone serve?<\/b><\/span><\/span><\/span><\/strong><span style=\"color: #0f1115;\"><span style=\"font-family: Open sans, sans-serif;\"><span style=\"font-size: medium;\"><br \/>\nCon solo 0,5 kg di carbone \u00e8 sufficiente per godersi un&#8217;ottima grigliata. \u00c8 molto efficiente nei consumi, ideale per i viaggi dove ogni chilo conta. <\/span><\/span><\/span><\/p>\n<p><strong><span style=\"color: #0f1115;\"><span style=\"font-family: Open sans, sans-serif;\"><span style=\"font-size: medium;\"><b>Posso usarlo in luoghi con poca ventilazione?<\/b><\/span><\/span><\/span><\/strong><span style=\"color: #0f1115;\"><span style=\"font-family: Open sans, sans-serif;\"><span style=\"font-size: medium;\"><br \/>\nS\u00ec, \u00e8 pensato per spazi con ventilazione limitata, mantenendo prestazioni ottimali senza complicazioni.<\/span><\/span><\/span><\/p>\n<p><strong><span style=\"color: #0f1115;\"><span style=\"font-family: Open sans, sans-serif;\"><span style=\"font-size: medium;\"><b>Per quante persone basta?<\/b><\/span><\/span><\/span><\/strong><span style=\"color: #0f1115;\"><span style=\"font-family: Open sans, sans-serif;\"><span style=\"font-size: medium;\"><br \/>\nAnche se \u00e8 compatto, ha la capacit\u00e0 di cucinare per un gruppo da 4 a 6 persone senza problemi.<\/span><\/span><\/span><\/p>\n<p><strong><span style=\"color: #0f1115;\"><span style=\"font-family: Open sans, sans-serif;\"><span style=\"font-size: medium;\"><b>Che tipi di cottura permette?<\/b><\/span><\/span><\/span><\/strong><span style=\"color: #0f1115;\"><span style=\"font-family: Open sans, sans-serif;\"><span style=\"font-size: medium;\"><br \/>\n\u00c8 molto versatile: puoi fare grigliate, affumicature, cuocere pizze, preparare pesce o un arrosto completo. Il tutto in un formato portatile. <\/span><\/span><\/span><\/p>\n<p><strong><span style=\"color: #0f1115;\"><span style=\"font-family: Open sans, sans-serif;\"><span style=\"font-size: medium;\"><b>\u00c8 resistente?<\/b><\/span><\/span><\/span><\/strong><span style=\"color: #0f1115;\"><span style=\"font-family: Open sans, sans-serif;\"><span style=\"font-size: medium;\"><br \/>\nS\u00ec, \u00e8 costruito con materiali di alta qualit\u00e0, inclusa una base in acciaio resistente progettata per sopportare le condizioni esterne e le avventure pi\u00f9 impegnative.<\/span><\/span><\/span><\/p>\n<p style=\"text-align: center;\" data-start=\"4810\" data-end=\"4999\"><span style=\"font-size: 14pt; color: #ff9900;\"><strong><a style=\"color: #ff9900;\" href=\"https:\/\/barbacoas-argentinas.com\/it\/?attachment_id=9203\"><span style=\"color: #ff6600;\"> \u21aa ACQUISTA<\/span><\/a><\/strong><\/span><\/p>\n","protected":false},"excerpt":{"rendered":"<p><span style=\"font-size: 12pt; color: #000000;\"><strong>DIMENSIONI:<\/strong><\/span><\/p>\n<p align=\"left\"><span style=\"color: #000000;\"><span style=\"font-size: 12pt;\">Kamado: 50cm x 55cm x 50cm<\/span><br \/>\n<span style=\"font-size: 12pt;\">Diametro esterno: 40cm<\/span><br \/>\n<span style=\"font-size: 12pt;\">Diametro della griglia: 35cm<\/span><br \/>\n<span style=\"font-size: 12pt;\">Superficie di cottura: 965 cm\u00b2<\/span><br \/>\n<span style=\"font-size: 12pt;\">Peso: 40kg<\/span><\/span><\/p>\n<p align=\"left\"><span style=\"color: #000000;\"><span class=\"fontstyle0\"><strong>INCLUDE:<\/strong><\/span><br \/>\n<span style=\"font-size: 10pt;\"><span style=\"font-family: Helvetica, serif;\">KAMADO MINI PAMPERO<\/span><br \/>\n<span style=\"font-family: Helvetica, serif;\">VASSOI LATERALI<\/span><\/span><\/span><\/p>\n","protected":false},"featured_media":9182,"template":"","meta":{"_et_pb_use_builder":"","_et_pb_old_content":"","_et_gb_content_width":""},"product_brand":[],"product_cat":[725],"product_tag":[726],"class_list":{"0":"post-9166","1":"product","2":"type-product","3":"status-publish","4":"has-post-thumbnail","6":"product_cat-griglie-kamado","7":"product_tag-grills-kamado","8":"product_shipping_class-parrillas-para-barbacoa-85-y-105","10":"first","11":"instock","12":"taxable","13":"shipping-taxable","14":"purchasable","15":"product-type-simple"},"_links":{"self":[{"href":"https:\/\/barbacoas-argentinas.com\/it\/wp-json\/wp\/v2\/product\/9166","targetHints":{"allow":["GET"]}}],"collection":[{"href":"https:\/\/barbacoas-argentinas.com\/it\/wp-json\/wp\/v2\/product"}],"about":[{"href":"https:\/\/barbacoas-argentinas.com\/it\/wp-json\/wp\/v2\/types\/product"}],"wp:featuredmedia":[{"embeddable":true,"href":"https:\/\/barbacoas-argentinas.com\/it\/wp-json\/wp\/v2\/media\/9182"}],"wp:attachment":[{"href":"https:\/\/barbacoas-argentinas.com\/it\/wp-json\/wp\/v2\/media?parent=9166"}],"wp:term":[{"taxonomy":"product_brand","embeddable":true,"href":"https:\/\/barbacoas-argentinas.com\/it\/wp-json\/wp\/v2\/product_brand?post=9166"},{"taxonomy":"product_cat","embeddable":true,"href":"https:\/\/barbacoas-argentinas.com\/it\/wp-json\/wp\/v2\/product_cat?post=9166"},{"taxonomy":"product_tag","embeddable":true,"href":"https:\/\/barbacoas-argentinas.com\/it\/wp-json\/wp\/v2\/product_tag?post=9166"}],"curies":[{"name":"wp","href":"https:\/\/api.w.org\/{rel}","templated":true}]}}