{"id":9131,"date":"2025-10-31T11:49:38","date_gmt":"2025-10-31T11:49:38","guid":{"rendered":"https:\/\/barbacoas-argentinas.com\/?post_type=product&#038;p=9131"},"modified":"2026-02-25T01:22:06","modified_gmt":"2026-02-25T01:22:06","slug":"paletta-e-attizzatoio-tromen-eco-copia-copia-copia-2","status":"publish","type":"product","link":"https:\/\/barbacoas-argentinas.com\/it\/griglie-kamado\/paletta-e-attizzatoio-tromen-eco-copia-copia-copia-2\/","title":{"rendered":"Asador Pampero"},"content":{"rendered":"<p><span style=\"color: #0f1115;\"><span style=\"font-family: Open sans, sans-serif;\"><span style=\"font-size: medium;\">L&#8217;Asador Pampero di Kamado \u00e8 la soluzione perfetta per sfruttare al meglio gli spazi ridotti della tua casa, senza rinunciare all&#8217;esperienza di un&#8217;autentica grigliata argentina. Con soli 60 cm di profondit\u00e0, questo modello compatto si adatta perfettamente al tuo balcone o a qualsiasi angolo del tuo appartamento, permettendoti di sperimentare una variet\u00e0 di ricette: affumicare, cuocere al forno, arrostire o grigliare, in tutta semplicit\u00e0.  <\/span><\/span><\/span><strong><span style=\"color: #0f1115;\"><span style=\"font-family: Open sans, sans-serif;\"><span style=\"font-size: medium;\"><b>senza bisogno di una grande ventilazione<\/b><\/span><\/span><\/span><\/strong><span style=\"color: #0f1115;\"><span style=\"font-family: Open sans, sans-serif;\"><span style=\"font-size: medium;\">.<\/span><\/span><\/span><\/p>\n<div style=\"display: flex; justify-content: center;\"><iframe loading=\"lazy\" src=\"https:\/\/www.youtube.com\/embed\/UIcGsoTQ-OI?autoplay=1&amp;start=1&amp;end=14&amp;loop=1&amp;playlist=UIcGsoTQ-OI&amp;mute=1\" width=\"700\" height=\"400\" frameborder=\"0\" allowfullscreen=\"allowfullscreen\"><span data-mce-type=\"bookmark\" style=\"display: inline-block; width: 0px; overflow: hidden; line-height: 0;\" class=\"mce_SELRES_start\"><\/span><span data-mce-type=\"bookmark\" style=\"display: inline-block; width: 0px; overflow: hidden; line-height: 0;\" class=\"mce_SELRES_start\"><\/span><span data-mce-type=\"bookmark\" style=\"display: inline-block; width: 0px; overflow: hidden; line-height: 0;\" class=\"mce_SELRES_start\"><span data-mce-type=\"bookmark\" style=\"display: inline-block; width: 0px; overflow: hidden; line-height: 0;\" class=\"mce_SELRES_start\"><\/span><\/span><span data-mce-type=\"bookmark\" style=\"display: inline-block; width: 0px; overflow: hidden; line-height: 0;\" class=\"mce_SELRES_start\"><\/span><span data-mce-type=\"bookmark\" style=\"display: inline-block; width: 0px; overflow: hidden; line-height: 0;\" class=\"mce_SELRES_start\"><\/span><br \/>\n<\/iframe><\/div>\n<p data-start=\"1706\" data-end=\"1758\"><span style=\"font-size: 12pt;\"><strong data-start=\"1706\" data-end=\"1758\"> <\/strong><\/span><\/p>\n<p><strong><span style=\"color: #0f1115;\"><span style=\"font-family: Open sans, sans-serif;\"><span style=\"font-size: medium;\"><b>Perch\u00e9 sceglierlo?<\/b><\/span><\/span><\/span><\/strong><\/p>\n<p><span style=\"color: #0f1115;\"><span style=\"font-family: Open sans, sans-serif;\"><span style=\"font-size: medium;\">\u00c8 pratico, funzionale e pensato per chi cerca versatilit\u00e0 senza che lo spazio sia un limite. Il suo carrello in acciaio inox garantisce durata e una finitura elegante, assicurando resistenza in ogni momento. <\/span><\/span><\/span><\/p>\n<p data-start=\"1706\" data-end=\"1758\"><span style=\"font-size: 12pt;\"><strong data-start=\"1706\" data-end=\"1758\"> <\/strong><\/span><\/p>\n<div class=\"image-container\"><img loading=\"lazy\" decoding=\"async\" class=\"responsive-image aligncenter\" src=\"https:\/\/barbacoas-argentinas.com\/wp-content\/uploads\/2025\/10\/asadores-clasicos-kamado.png\" alt=\"Immagine di esempio\" width=\"982\" height=\"644\"><\/div>\n<p style=\"text-align: center;\" data-start=\"2727\" data-end=\"2758\"><a href=\"https:\/\/barbacoas-argentinas.com\/it\/?attachment_id=9133#inicio\"><span style=\"color: #ff6600;\"><strong><span style=\"font-size: 14pt;\">\u21aa ACQUISTA<\/span><\/strong><\/span><\/a><\/p>\n<p style=\"text-align: left;\" data-start=\"2727\" data-end=\"2758\"><span style=\"color: #078cad;\"><strong><span style=\"font-size: 14pt;\"> <\/span><\/strong><\/span><\/p>\n<p><strong><span style=\"color: #0f1115;\"><span style=\"font-family: Open sans, sans-serif;\"><span style=\"font-size: medium;\"><b>Caratteristiche principali:<\/b><\/span><\/span><\/span><\/strong><\/p>\n<ul>\n<li><strong><span style=\"color: #0f1115;\"><span style=\"font-family: Open sans, sans-serif;\"><span style=\"font-size: medium;\"><b>Design compatto:<\/b><\/span><\/span><\/span><\/strong> <span style=\"color: #0f1115;\"><span style=\"font-family: Open sans, sans-serif;\"><span style=\"font-size: medium;\">Solo 60 cm di profondit\u00e0, ideale per balconi, terrazzi o angoli ridotti.<\/span><\/span><\/span><\/li>\n<li><strong><span style=\"color: #0f1115;\"><span style=\"font-family: Open sans, sans-serif;\"><span style=\"font-size: medium;\"><b>Funzionalit\u00e0 totale:<\/b><\/span><\/span><\/span><\/strong> <span style=\"color: #0f1115;\"><span style=\"font-family: Open sans, sans-serif;\"><span style=\"font-size: medium;\">Permette di affumicare, cuocere al forno, arrostire e grigliare anche in spazi piccoli.<\/span><\/span><\/span><\/li>\n<li><strong><span style=\"color: #0f1115;\"><span style=\"font-family: Open sans, sans-serif;\"><b>Efficienza del carbone:<\/b><\/span><\/span><\/strong> <span style=\"color: #0f1115;\"><span style=\"font-family: Open sans, sans-serif;\"><span style=\"font-size: medium;\">Con soli 500 g di carbone puoi realizzare ogni tipo di preparazione.<\/span><\/span><\/span><\/li>\n<li><strong><span style=\"color: #0f1115;\"><span style=\"font-family: Open sans, sans-serif;\"><span style=\"font-size: medium;\"><b>Struttura in ceramica: <\/b><\/span><\/span><\/span><\/strong><span style=\"color: #0f1115;\"><span style=\"font-family: Open sans, sans-serif;\"><span style=\"font-size: medium;\">Trattiene il calore in modo efficiente per cotture precise.<\/span><\/span><\/span><\/li>\n<li><strong><span style=\"color: #0f1115;\"><span style=\"font-family: Open sans, sans-serif;\"><span style=\"font-size: medium;\"><b>Carrello in acciaio inox:<\/b><\/span><\/span><\/span><\/strong><span style=\"font-family: Open sans, sans-serif;\"><span style=\"font-size: medium;\"> Garantisce resistenza, stabilit\u00e0 e un design moderno.<\/span><\/span><\/li>\n<li><strong><span style=\"color: #0f1115;\"><span style=\"font-size: medium;\"><b>Facile da usare:<\/b><\/span><\/span><\/strong> <span style=\"color: #0f1115;\"><span style=\"font-family: Open sans, sans-serif;\"><span style=\"font-size: medium;\">Accensione semplice e controllo intuitivo della temperatura.<\/span><\/span><\/span><\/li>\n<\/ul>\n<p style=\"text-align: left;\" data-start=\"2727\" data-end=\"2758\"><span style=\"color: #078cad;\"><strong><span style=\"font-size: 14pt;\"> <\/span><\/strong><\/span><\/p>\n<p>&nbsp;<\/p>\n<div class=\"image-container\"><img loading=\"lazy\" decoding=\"async\" class=\"responsive-image aligncenter\" src=\"https:\/\/barbacoas-argentinas.com\/wp-content\/uploads\/2025\/10\/kamado-asador-pampero.png\" alt=\"Immagine di esempio\" width=\"971\" height=\"583\"><\/div>\n<div id=\"faq\" class=\"faq-container\"><\/div>\n<p><strong><span style=\"color: #0f1115;\"><span style=\"font-family: Open sans, sans-serif;\"><span style=\"font-size: medium;\"><b>Domande Frequenti<\/b><\/span><\/span><\/span><\/strong><\/p>\n<p><strong><span style=\"color: #0f1115;\"><span style=\"font-family: Open sans, sans-serif;\"><span style=\"font-size: medium;\"><b>Di quanto carbone ho bisogno per cucinare?<\/b><\/span><\/span><\/span><\/strong><span style=\"color: #0f1115;\"><span style=\"font-family: Open sans, sans-serif;\"><span style=\"font-size: medium;\"><br \/>\nCon soli 500 g di carbone \u00e8 sufficiente per preparare una grigliata completa, risultando molto efficiente ed economico.<\/span><\/span><\/span><\/p>\n<p><strong><span style=\"color: #0f1115;\"><span style=\"font-family: Open sans, sans-serif;\"><span style=\"font-size: medium;\"><b>Si pu\u00f2 usare in spazi molto piccoli?<\/b><\/span><\/span><\/span><\/strong><span style=\"color: #0f1115;\"><span style=\"font-family: Open sans, sans-serif;\"><span style=\"font-size: medium;\"><br \/>\nAssolutamente s\u00ec. Con i suoi soli 60 cm di profondit\u00e0, si adatta perfettamente a balconi, terrazzi o patti di dimensioni ridotte, senza occupare spazio inutile. <\/span><\/span><\/span><\/p>\n<p><strong><span style=\"color: #0f1115;\"><span style=\"font-family: Open sans, sans-serif;\"><span style=\"font-size: medium;\"><b>Come si controlla la temperatura?<\/b><\/span><\/span><\/span><\/strong><span style=\"color: #0f1115;\"><span style=\"font-family: Open sans, sans-serif;\"><span style=\"font-size: medium;\"><br \/>\nGrazie alla struttura in ceramica e al termometro integrato, offre un eccellente controllo della temperatura, permettendo una cottura precisa e costante. Ideale per affumicare o arrostire carni alla perfezione. <\/span><\/span><\/span><\/p>\n<p><strong><span style=\"color: #0f1115;\"><span style=\"font-family: Open sans, sans-serif;\"><span style=\"font-size: medium;\"><b>\u00c8 facile da trasportare?<\/b><\/span><\/span><\/span><\/strong><span style=\"color: #0f1115;\"><span style=\"font-family: Open sans, sans-serif;\"><span style=\"font-size: medium;\"><br \/>\nS\u00ec, il carrello in acciaio inox ne facilita lo spostamento e le dimensioni compatte lo rendono ideale per essere spostato comodamente, riposto o utilizzato in posti diversi.<\/span><\/span><\/span><\/p>\n<p><strong><span style=\"color: #0f1115;\"><span style=\"font-family: Open sans, sans-serif;\"><span style=\"font-size: medium;\"><b>\u00c8 adatto per grigliate in famiglia?<\/b><\/span><\/span><\/span><\/strong><span style=\"color: #0f1115;\"><span style=\"font-family: Open sans, sans-serif;\"><span style=\"font-size: medium;\"><br \/>\nS\u00ec, \u00e8 ideale per piccole riunioni con familiari o amici, poich\u00e9 permette di cucinare fino a 6-8 persone senza problemi.<\/span><\/span><\/span><\/p>\n<p><strong><span style=\"color: #0f1115;\"><span style=\"font-family: Open sans, sans-serif;\"><span style=\"font-size: medium;\"><b>Che manutenzione richiede?<\/b><\/span><\/span><\/span><\/strong><span style=\"color: #0f1115;\"><span style=\"font-family: Open sans, sans-serif;\"><span style=\"font-size: medium;\"><br \/>\nPochissima. Basta svuotare la cenere dopo ogni utilizzo, pulire le griglie e, se necessario, passare un panno umido all&#8217;esterno. <\/span><\/span><\/span><\/p>\n<p style=\"text-align: center;\" data-start=\"4810\" data-end=\"4999\"><span style=\"font-size: 14pt; color: #ff9900;\"><strong><a style=\"color: #ff9900;\" href=\"https:\/\/barbacoas-argentinas.com\/it\/?attachment_id=9133\"><span style=\"color: #ff6600;\"> \u21aa ACQUISTA<\/span><\/a><\/strong><\/span><\/p>\n","protected":false},"excerpt":{"rendered":"<p><span style=\"color: #000000; font-size: 12pt;\"><strong>DIMENSIONI:<\/strong><\/span><br \/>\n<span style=\"color: #000000; font-size: 12pt;\"><span style=\"font-family: Liberation Sans, serif;\">Kamado con bandejas cerradas: 47cm x 65cm x 47cm<br \/>\n<\/span><span style=\"font-family: Liberation Sans, serif;\">Di\u00e1metro exterior: 41cm<br \/>\n<\/span><span style=\"font-family: Liberation Sans, serif;\">Di\u00e1metro de la parrilla: 36cm<br \/>\n<\/span><span style=\"font-family: Liberation Sans, serif;\">Superficie de cocci\u00f3n: 1.022 cm\u00b2<br \/>\n<\/span><span style=\"font-family: Liberation Sans, serif;\">Kamado con base: 47cm x 114cm<br \/>\n<\/span><span style=\"font-family: Liberation Sans, serif;\">Peso: 38kg<\/span><\/span><\/p>\n<p><span style=\"color: #000000; font-size: 12pt;\"><span class=\"fontstyle0\"><strong>INCLUYE:<br \/>\n<\/strong><\/span><span style=\"font-family: Helvetica, serif;\">KAMADO ASADOR PAMPERO<br \/>\n<\/span><span style=\"font-family: Helvetica, serif;\">CARRO DE ACERO INOXIDABLE<br \/>\n<\/span><span style=\"font-family: Helvetica, serif;\">BANDEJAS LATERALES<\/span><\/span><\/p>\n","protected":false},"featured_media":9137,"template":"","meta":{"_et_pb_use_builder":"","_et_pb_old_content":"","_et_gb_content_width":""},"product_brand":[],"product_cat":[725],"product_tag":[726],"class_list":{"0":"post-9131","1":"product","2":"type-product","3":"status-publish","4":"has-post-thumbnail","6":"product_cat-griglie-kamado","7":"product_tag-grills-kamado","8":"product_shipping_class-barbecue-portatili","10":"first","11":"instock","12":"taxable","13":"shipping-taxable","14":"purchasable","15":"product-type-simple"},"_links":{"self":[{"href":"https:\/\/barbacoas-argentinas.com\/it\/wp-json\/wp\/v2\/product\/9131","targetHints":{"allow":["GET"]}}],"collection":[{"href":"https:\/\/barbacoas-argentinas.com\/it\/wp-json\/wp\/v2\/product"}],"about":[{"href":"https:\/\/barbacoas-argentinas.com\/it\/wp-json\/wp\/v2\/types\/product"}],"wp:featuredmedia":[{"embeddable":true,"href":"https:\/\/barbacoas-argentinas.com\/it\/wp-json\/wp\/v2\/media\/9137"}],"wp:attachment":[{"href":"https:\/\/barbacoas-argentinas.com\/it\/wp-json\/wp\/v2\/media?parent=9131"}],"wp:term":[{"taxonomy":"product_brand","embeddable":true,"href":"https:\/\/barbacoas-argentinas.com\/it\/wp-json\/wp\/v2\/product_brand?post=9131"},{"taxonomy":"product_cat","embeddable":true,"href":"https:\/\/barbacoas-argentinas.com\/it\/wp-json\/wp\/v2\/product_cat?post=9131"},{"taxonomy":"product_tag","embeddable":true,"href":"https:\/\/barbacoas-argentinas.com\/it\/wp-json\/wp\/v2\/product_tag?post=9131"}],"curies":[{"name":"wp","href":"https:\/\/api.w.org\/{rel}","templated":true}]}}