{"id":9000,"date":"2025-10-31T09:07:38","date_gmt":"2025-10-31T09:07:38","guid":{"rendered":"https:\/\/barbacoas-argentinas.com\/?post_type=product&#038;p=9000"},"modified":"2026-02-20T23:32:50","modified_gmt":"2026-02-20T23:32:50","slug":"paletta-e-attizzatoio-tromen-eco-copia-copia","status":"publish","type":"product","link":"https:\/\/barbacoas-argentinas.com\/it\/griglie-kamado\/paletta-e-attizzatoio-tromen-eco-copia-copia\/","title":{"rendered":"Grande Asador Criollo 3.0"},"content":{"rendered":"<p><span style=\"color: #0f1115;\"><span style=\"font-family: Open sans, sans-serif;\"><span style=\"font-size: medium;\"><strong><span style=\"color: #0f1115;\">Le tue grigliate a un altro livello con il<\/span><\/strong><\/span><\/span><\/span> <span style=\"font-family: Open sans, sans-serif;\"><span style=\"font-size: medium;\"><b>GRANDE ASADOR CRIOLLO 3.0 KAMADO<\/b><\/span><\/span><span style=\"color: #0f1115;\"><span style=\"font-family: Open sans, sans-serif;\"><span style=\"font-size: medium;\">. Design premium, funzioni avanzate e qualit\u00e0 eccezionale per chi cerca prestazioni superiori. Questo grill da 58 cm vanta un sistema di cottura efficiente, una struttura robusta in acciaio al carbonio e un&#8217;elegante finitura opaca che gli conferisce un tocco moderno. <\/span><\/span><\/span><\/p>\n<div style=\"display: flex; justify-content: center;\"><iframe loading=\"lazy\" src=\"https:\/\/www.youtube.com\/embed\/iDEMB10Zvpw?autoplay=1&amp;start=1&amp;end=60&amp;loop=1&amp;playlist=iDEMB10Zvpw&amp;mute=1\" width=\"700\" height=\"400\" frameborder=\"0\" allowfullscreen=\"allowfullscreen\"><span data-mce-type=\"bookmark\" style=\"display: inline-block; width: 0px; overflow: hidden; line-height: 0;\" class=\"mce_SELRES_start\"><\/span><span data-mce-type=\"bookmark\" style=\"display: inline-block; width: 0px; overflow: hidden; line-height: 0;\" class=\"mce_SELRES_start\"><span data-mce-type=\"bookmark\" style=\"display: inline-block; width: 0px; overflow: hidden; line-height: 0;\" class=\"mce_SELRES_start\"><\/span><\/span><span data-mce-type=\"bookmark\" style=\"display: inline-block; width: 0px; overflow: hidden; line-height: 0;\" class=\"mce_SELRES_start\"><\/span><span data-mce-type=\"bookmark\" style=\"display: inline-block; width: 0px; overflow: hidden; line-height: 0;\" class=\"mce_SELRES_start\"><\/span><br \/>\n<\/iframe><\/div>\n<p><strong><span style=\"color: #0f1115;\"><span style=\"font-family: Open sans, sans-serif;\"><span style=\"font-size: medium;\"><b>Perch\u00e9 sceglierlo per le tue grigliate?<\/b><\/span><\/span><\/span><\/strong><\/p>\n<ul>\n<li><strong><span style=\"color: #0f1115;\"><span style=\"font-family: Open sans, sans-serif;\"><span style=\"font-size: medium;\"><b>Cottura efficiente:<\/b><\/span><\/span><\/span><\/strong> <span style=\"color: #0f1115;\"><span style=\"font-family: Open sans, sans-serif;\"><span style=\"font-size: medium;\">Controllo totale della temperatura per risultati perfetti.<\/span><\/span><\/span><\/li>\n<li><strong><span style=\"color: #0f1115;\"><span style=\"font-family: Open sans, sans-serif;\"><span style=\"font-size: medium;\">Design robusto<\/span><\/span><\/span><\/strong>: <span style=\"color: #0f1115;\"><span style=\"font-family: Open sans, sans-serif;\"><span style=\"font-size: medium;\">Realizzato in acciaio al carbonio, resistente e con finitura opaca.<\/span><\/span><\/span><\/li>\n<li><strong><span style=\"color: #0f1115;\"><span style=\"font-family: Open sans, sans-serif;\"><span style=\"font-size: medium;\"><b>Facile da usare:<\/b><\/span><\/span><\/span><\/strong><span style=\"color: #0f1115;\"><span style=\"font-family: Open sans, sans-serif;\"><span style=\"font-size: medium;\"> Sistema di carico per scaglie di legno e cerniera bilanciata per una movimentazione comoda.<\/span><\/span><\/span><\/li>\n<li><strong><span style=\"color: #0f1115;\"><span style=\"font-family: Open sans, sans-serif;\"><b>Versatile:<\/b><\/span><\/span><\/strong> <span style=\"color: #0f1115;\"><span style=\"font-family: Open sans, sans-serif;\"><span style=\"font-size: medium;\">Non solo per carne, ma perfetto anche per pizze gourmet e molto altro.<\/span><\/span><\/span><\/li>\n<li><strong><span style=\"color: #0f1115;\"><span style=\"font-family: Open sans, sans-serif;\"><span style=\"font-size: medium;\"><b>Durabilit\u00e0: <\/b><\/span><\/span><\/span><\/strong><span style=\"color: #0f1115;\"><span style=\"font-family: Open sans, sans-serif;\"><span style=\"font-size: medium;\">Ripiani laterali in legno trattato per una maggiore resistenza.<\/span><\/span><\/span><\/li>\n<\/ul>\n<p>&nbsp;<\/p>\n<div class=\"image-container\"><img loading=\"lazy\" decoding=\"async\" class=\"responsive-image aligncenter\" src=\"https:\/\/barbacoas-argentinas.com\/wp-content\/uploads\/2025\/10\/grans-asador-criollo-3-0-kamado-premium.png\" alt=\"Immagine di esempio\" width=\"982\" height=\"644\"><\/div>\n<p style=\"text-align: center;\" data-start=\"2727\" data-end=\"2758\"><a href=\"https:\/\/barbacoas-argentinas.com\/it\/?attachment_id=9012#inicio\"><span style=\"color: #ff6600;\"><strong><span style=\"font-size: 14pt;\">\u21aa ACQUISTA<\/span><\/strong><\/span><\/a><\/p>\n<p><strong><span style=\"color: #0f1115;\"><span style=\"font-family: Open sans, sans-serif;\"><span style=\"font-size: medium;\"><b>Caratteristiche principali:<\/b><\/span><\/span><\/span><\/strong><\/p>\n<ul>\n<li><strong><span style=\"color: #0f1115;\"><span style=\"font-family: Open sans, sans-serif;\"><span style=\"font-size: medium;\"><b>Capacit\u00e0:<\/b><\/span><\/span><\/span><\/strong> <span style=\"color: #0f1115;\"><span style=\"font-family: Open sans, sans-serif;\"><span style=\"font-size: medium;\">Ideale per 20-25 persone, perfetto per riunioni ed eventi all&#8217;aperto.<\/span><\/span><\/span><\/li>\n<li><span style=\"color: #0f1115;\"><span style=\"font-family: Open sans, sans-serif;\"><span style=\"font-size: medium;\"><b>Sistema di carico scaglie:<\/b><\/span><\/span><\/span> <span style=\"color: #0f1115;\"><span style=\"font-family: Open sans, sans-serif;\"><span style=\"font-size: medium;\">Aggiungi carbone senza dover aprire il Kamado, mantenendo costante la temperatura.<\/span><\/span><\/span><\/li>\n<li><strong><span style=\"color: #0f1115;\"><span style=\"font-family: Open sans, sans-serif;\"><span style=\"font-size: medium;\"><b> Cerniera bilanciata e chiusura ermetica: <\/b><\/span><\/span><\/span><\/strong><span style=\"font-family: Open sans, sans-serif;\"><span style=\"font-size: medium;\">Consente diverse aperture fisse e trattiene il calore per una cottura pi\u00f9 efficiente.<\/span><\/span><\/li>\n<li><strong><span style=\"color: #0f1115;\"><span style=\"font-family: Open sans, sans-serif;\"><span style=\"font-size: medium;\"><b>Griglia in acciaio inox da 8 mm di spessore: <\/b><\/span><\/span><\/span><\/strong><span style=\"color: #0f1115;\"><span style=\"font-family: Open sans, sans-serif;\"><span style=\"font-size: medium;\">Garantisce una cottura uniforme e duratura.<\/span><\/span><\/span><\/li>\n<li><strong><span style=\"color: #0f1115;\"><span style=\"font-family: Open sans, sans-serif;\"><span style=\"font-size: medium;\"><b>Termometro XL:<\/b><\/span><\/span><\/span><\/strong> <span style=\"color: #0f1115;\"><span style=\"font-family: Open sans, sans-serif;\"><span style=\"font-size: medium;\">Controllo preciso della temperatura per prestazioni ottimali.<\/span><\/span><\/span><\/li>\n<\/ul>\n<p><strong><span style=\"color: #0f1115;\"><span style=\"font-family: Open sans, sans-serif;\"><span style=\"font-size: medium;\"><b>INCLUS :<\/b><\/span><\/span><\/span><\/strong><\/p>\n<ul>\n<li><span style=\"color: #0f1115;\"><span style=\"font-family: Open sans, sans-serif;\"><span style=\"font-size: medium;\">Chimenea waterproof<\/span><\/span><\/span><\/li>\n<li><span style=\"color: #0f1115;\"><span style=\"font-family: Open sans, sans-serif;\"><span style=\"font-size: medium;\">Termometro XL<\/span><\/span><\/span><\/li>\n<li><span style=\"color: #0f1115;\"><span style=\"font-family: Open sans, sans-serif;\"><span style=\"font-size: medium;\">Cerniera bilanciata<\/span><\/span><\/span><\/li>\n<li><span style=\"color: #0f1115;\"><span style=\"font-family: Open sans, sans-serif;\"><span style=\"font-size: medium;\">Raccoglitore di cenere<\/span><\/span><\/span><\/li>\n<li><span style=\"color: #0f1115;\"><span style=\"font-family: Open sans, sans-serif;\"><span style=\"font-size: medium;\">Ripiani laterali<\/span><\/span><\/span><\/li>\n<li><span style=\"color: #0f1115;\"><span style=\"font-family: Open sans, sans-serif;\"><span style=\"font-size: medium;\">Cestello per il carbone<\/span><\/span><\/span><\/li>\n<li><span style=\"color: #0f1115;\"><span style=\"font-family: Open sans, sans-serif;\"><span style=\"font-size: medium;\">Carrello in acciaio al carbonio<\/span><\/span><\/span><\/li>\n<li><span style=\"color: #0f1115;\"><span style=\"font-family: Open sans, sans-serif;\"><span style=\"font-size: medium;\">Guarnizione ermetica<\/span><\/span><\/span><\/li>\n<li><span style=\"color: #0f1115;\"><span style=\"font-family: Open sans, sans-serif;\"><span style=\"font-size: medium;\">Nuovo sistema di carico dei trucioli<\/span><\/span><\/span><\/li>\n<li><span style=\"color: #0f1115;\"><span style=\"font-family: Open sans, sans-serif;\"><span style=\"font-size: medium;\">Sollevatore con deflettore<\/span><\/span><\/span><\/li>\n<\/ul>\n<p>&nbsp;<\/p>\n<div class=\"image-container\"><img loading=\"lazy\" decoding=\"async\" class=\"responsive-image aligncenter\" src=\"https:\/\/barbacoas-argentinas.com\/wp-content\/uploads\/2025\/10\/Asasor-kamado.webp\" alt=\"Immagine di esempio\" width=\"971\" height=\"583\"><\/div>\n<div id=\"faq\" class=\"faq-container\"><\/div>\n<p><strong><span style=\"color: #0f1115;\"><span style=\"font-family: Open sans, sans-serif;\"><span style=\"font-size: medium;\"><b>Domande Frequenti<\/b><\/span><\/span><\/span><\/strong><\/p>\n<p><strong><span style=\"color: #0f1115;\"><span style=\"font-family: Open sans, sans-serif;\"><span style=\"font-size: medium;\"><b>Come si garantisce una cottura uniforme?<\/b><\/span><\/span><\/span><\/strong><span style=\"color: #0f1115;\"><span style=\"font-family: Open sans, sans-serif;\"><span style=\"font-size: medium;\"><br \/>\nGrazie al design avanzato e al sistema di chiusura ermetica, mantiene la temperatura costante, consentendo una cottura pi\u00f9 efficiente e uniforme in ogni momento.<\/span><\/span><\/span><\/p>\n<p><strong><span style=\"color: #0f1115;\"><span style=\"font-family: Open sans, sans-serif;\"><span style=\"font-size: medium;\"><b>\u00c8 facile da pulire dopo l&#8217;uso?<\/b><\/span><\/span><\/span><\/strong><span style=\"color: #0f1115;\"><span style=\"font-family: Open sans, sans-serif;\"><span style=\"font-size: medium;\"><br \/>\nS\u00ec, include un raccoglitore di cenere e un cestello per il carbone che facilitano la pulizia e la manutenzione, garantendo un processo rapido e senza complicazioni.<\/span><\/span><\/span><\/p>\n<p><strong><span style=\"color: #0f1115;\"><span style=\"font-family: Open sans, sans-serif;\"><span style=\"font-size: medium;\"><b>\u00c8 resistente alle intemperie?<\/b><\/span><\/span><\/span><\/strong><span style=\"color: #0f1115;\"><span style=\"font-family: Open sans, sans-serif;\"><span style=\"font-size: medium;\"><br \/>\nS\u00ec, la sua finitura opaca e i ripiani laterali in legno trattato lo rendono resistente a umidit\u00e0, sole e pioggia, garantendo una lunga durata nel tempo.<\/span><\/span><\/span><\/p>\n<p><strong><span style=\"color: #0f1115;\"><span style=\"font-family: Open sans, sans-serif;\"><span style=\"font-size: medium;\"><b>\u00bfCu\u00e1nto tiempo puedo usarlo sin tener que agregar m\u00e1s carb\u00f3n?<\/b><\/span><\/span><\/span><\/strong><span style=\"color: #0f1115;\"><span style=\"font-family: Open sans, sans-serif;\"><span style=\"font-size: medium;\"><br \/>\nA seconda della temperatura e del tipo di cottura, pu\u00f2 mantenere la temperatura ideale per diverse ore senza bisogno di aggiungere carbone. \u00c8 l&#8217;opzione ideale per cotture lunghe come costate o affumicature. <\/span><\/span><\/span><\/p>\n<p style=\"text-align: center;\" data-start=\"4810\" data-end=\"4999\"><span style=\"font-size: 14pt; color: #ff9900;\"><strong><a style=\"color: #ff9900;\" href=\"https:\/\/barbacoas-argentinas.com\/it\/?attachment_id=9012\"><span style=\"color: #ff6600;\"> \u21aa ACQUISTA<\/span><\/a><\/strong><\/span><\/p>\n","protected":false},"excerpt":{"rendered":"<p><span style=\"color: #000000; font-size: 12pt;\"><b>DIMENSIONI:<\/b><b><br \/>\n<\/b><span style=\"font-family: Liberation Sans, serif;\">Kamado con ripiani chiusi: 98 cm x 113 cm<br \/>\nDiametro esterno: 98 cm<br \/>\nDiametro della griglia: 67 cm<br \/>\nSuperficie di cottura: 1.388 cm\u00b2<br \/>\nKamado con base: 98 cm x 139 cm<\/span><\/span><\/p>\n<div class=\"product__description rte quick-add-hidden\">\n<p><span style=\"color: #000000; font-size: 12pt;\"><strong>Questo modello include:<\/strong><\/span><\/p>\n<ul>\n<li><span style=\"color: #000000; font-size: 12pt;\">Sistema di cottura (x1)<\/span><\/li>\n<li><span style=\"color: #000000; font-size: 12pt;\">Cestello per la carbonella (x1)<\/span><\/li>\n<li><span style=\"color: #000000; font-size: 12pt;\">Attrezzo per la cenere (x1)<\/span><\/li>\n<li><span style=\"color: #000000; font-size: 12pt;\">Pinza (x1)<\/span><\/li>\n<\/ul>\n<\/div>\n","protected":false},"featured_media":9016,"template":"","meta":{"_et_pb_use_builder":"","_et_pb_old_content":"","_et_gb_content_width":""},"product_brand":[],"product_cat":[725],"product_tag":[726],"class_list":{"0":"post-9000","1":"product","2":"type-product","3":"status-publish","4":"has-post-thumbnail","6":"product_cat-griglie-kamado","7":"product_tag-grills-kamado","8":"product_shipping_class-parrillas-tromen-it","10":"first","11":"instock","12":"taxable","13":"shipping-taxable","14":"purchasable","15":"product-type-simple"},"_links":{"self":[{"href":"https:\/\/barbacoas-argentinas.com\/it\/wp-json\/wp\/v2\/product\/9000","targetHints":{"allow":["GET"]}}],"collection":[{"href":"https:\/\/barbacoas-argentinas.com\/it\/wp-json\/wp\/v2\/product"}],"about":[{"href":"https:\/\/barbacoas-argentinas.com\/it\/wp-json\/wp\/v2\/types\/product"}],"wp:featuredmedia":[{"embeddable":true,"href":"https:\/\/barbacoas-argentinas.com\/it\/wp-json\/wp\/v2\/media\/9016"}],"wp:attachment":[{"href":"https:\/\/barbacoas-argentinas.com\/it\/wp-json\/wp\/v2\/media?parent=9000"}],"wp:term":[{"taxonomy":"product_brand","embeddable":true,"href":"https:\/\/barbacoas-argentinas.com\/it\/wp-json\/wp\/v2\/product_brand?post=9000"},{"taxonomy":"product_cat","embeddable":true,"href":"https:\/\/barbacoas-argentinas.com\/it\/wp-json\/wp\/v2\/product_cat?post=9000"},{"taxonomy":"product_tag","embeddable":true,"href":"https:\/\/barbacoas-argentinas.com\/it\/wp-json\/wp\/v2\/product_tag?post=9000"}],"curies":[{"name":"wp","href":"https:\/\/api.w.org\/{rel}","templated":true}]}}