{"id":8941,"date":"2025-10-28T19:15:55","date_gmt":"2025-10-28T19:15:55","guid":{"rendered":"https:\/\/barbacoas-argentinas.com\/?post_type=product&#038;p=8941"},"modified":"2026-02-20T17:47:43","modified_gmt":"2026-02-20T17:47:43","slug":"paletta-e-attizzatoio-tromen-eco-copia","status":"publish","type":"product","link":"https:\/\/barbacoas-argentinas.com\/it\/griglie-kamado\/paletta-e-attizzatoio-tromen-eco-copia\/","title":{"rendered":"Asador Patagonico 3.0"},"content":{"rendered":"<p><span style=\"color: #0f1115;\"><span style=\"font-family: Open sans, sans-serif;\"><span style=\"font-size: medium;\">Sei pronto a trasformare la tua esperienza di cucina all&#8217;aria aperta?<\/span><\/span><\/span><\/p>\n<p><span style=\"color: #0f1115;\"><span style=\"font-family: Open sans, sans-serif;\"><span style=\"font-size: medium;\">Il Kamado Asador Patag\u00f3nico 3.0 \u00e8 la scelta ideale per chi cerca qualit\u00e0, durata e la possibilit\u00e0 di cucinare per grandi eventi. Questo modello non si distingue solo per la sua robustezza, ma per un design che migliora l&#8217;efficienza in ogni cottura. Grazie alla cerniera bilanciata e alla chiusura ermetica, mantenere il calore non \u00e8 mai stato cos\u00ec facile, permettendoti di cucinare in modo uniforme e con un controllo preciso della temperatura. Questo modello \u00e8 la fusione perfetta tra tradizione e tecnologia pi\u00f9 avanzata.   <\/span><\/span><\/span><\/p>\n<div style=\"display: flex; justify-content: center;\"><iframe loading=\"lazy\" src=\"https:\/\/www.youtube.com\/embed\/RnQslCCzRFY?autoplay=1&amp;start=45&amp;end=90&amp;loop=1&amp;playlist=RnQslCCzRFY&amp;mute=1\" width=\"700\" height=\"400\" frameborder=\"0\" allowfullscreen=\"allowfullscreen\"><span data-mce-type=\"bookmark\" style=\"display: inline-block; width: 0px; overflow: hidden; line-height: 0;\" class=\"mce_SELRES_start\"><span data-mce-type=\"bookmark\" style=\"display: inline-block; width: 0px; overflow: hidden; line-height: 0;\" class=\"mce_SELRES_start\"><\/span><\/span><span data-mce-type=\"bookmark\" style=\"display: inline-block; width: 0px; overflow: hidden; line-height: 0;\" class=\"mce_SELRES_start\"><\/span><span data-mce-type=\"bookmark\" style=\"display: inline-block; width: 0px; overflow: hidden; line-height: 0;\" class=\"mce_SELRES_start\"><\/span><br \/>\n<\/iframe><\/div>\n<div class=\"image-container\"><img loading=\"lazy\" decoding=\"async\" class=\"responsive-image aligncenter\" src=\"https:\/\/barbacoas-argentinas.com\/wp-content\/uploads\/2025\/10\/asador-grill-kamado.webp\" alt=\"Immagine di esempio\" width=\"982\" height=\"644\"><\/div>\n<p style=\"text-align: center;\" data-start=\"2727\" data-end=\"2758\"><a href=\"https:\/\/barbacoas-argentinas.com\/asadores-kamado\/asador-patagonico-3-0\/#inicio\"><span style=\"color: #ff6600;\"><strong><span style=\"font-size: 14pt;\">\u21aa ACQUISTA<\/span><\/strong><\/span><\/a><\/p>\n<p><strong><span style=\"color: #0f1115;\"><span style=\"font-family: Open sans, sans-serif;\"><span style=\"font-size: medium;\"><b>Caratteristiche principali:<\/b><\/span><\/span><\/span><\/strong><\/p>\n<ul>\n<li><strong><span style=\"color: #0f1115;\"><span style=\"font-size: medium;\"><b>Carrello in acciaio al carbonio: <\/b><\/span><\/span><\/strong><span style=\"color: #0f1115;\"><span style=\"font-family: Open sans, sans-serif;\"><span style=\"font-size: medium;\">Grande stabilit\u00e0 e resistenza per spostare facilmente il barbecue in terrazza o giardino.<\/span><\/span><\/span><\/li>\n<li><strong><span style=\"color: #0f1115;\"><span style=\"font-size: medium;\"><b>Termometro XL:<\/b><\/span><\/span><\/strong> <span style=\"color: #0f1115;\"><span style=\"font-family: Open sans, sans-serif;\"><span style=\"font-size: medium;\">Controllo preciso della temperatura per una cottura perfetta.<\/span><\/span><\/span><\/li>\n<li><strong><span style=\"color: #0f1115;\"><b>Griglia in acciaio inox da 8 mm di spessore:<\/b><\/span><\/strong> <span style=\"color: #0f1115;\"><span style=\"font-family: Open sans, sans-serif;\"><span style=\"font-size: medium;\">Cottura uniforme, che garantisce la perfezione di ogni pietanza.<\/span><\/span><\/span><\/li>\n<li><strong><span style=\"color: #0f1115;\"><span style=\"font-size: medium;\"><b>Cappa impermeabile:<\/b><\/span><\/span><\/strong> <span style=\"color: #0f1115;\"><span style=\"font-family: Open sans, sans-serif;\"><span style=\"font-size: medium;\">Resistente agli agenti atmosferici, ti permette di usare il tuo barbecue tutto l&#8217;anno.<\/span><\/span><\/span><\/li>\n<li><strong><span style=\"color: #0f1115;\"><span style=\"font-size: medium;\"><b>Ripiani laterali in legno: <\/b><\/span><\/span><\/strong><span style=\"color: #0f1115;\"><span style=\"font-family: Open sans, sans-serif;\"><span style=\"font-size: medium;\">Trattati per resistere agli effetti del sole, della pioggia e dell&#8217;umidit\u00e0.<\/span><\/span><\/span><\/li>\n<\/ul>\n<p><strong><span style=\"color: #0f1115;\"><span style=\"font-family: Open sans, sans-serif;\"><span style=\"font-size: medium;\"><b>INCLUS :<\/b><\/span><\/span><\/span><\/strong><\/p>\n<ul>\n<li><span style=\"color: #0f1115;\"><span style=\"font-family: Open sans, sans-serif;\"><span style=\"font-size: medium;\">Chimenea waterproof<\/span><\/span><\/span><\/li>\n<li><span style=\"color: #0f1115;\"><span style=\"font-family: Open sans, sans-serif;\"><span style=\"font-size: medium;\">Termometro XL<\/span><\/span><\/span><\/li>\n<li><span style=\"color: #0f1115;\"><span style=\"font-family: Open sans, sans-serif;\"><span style=\"font-size: medium;\">Cerniera bilanciata<\/span><\/span><\/span><\/li>\n<li><span style=\"color: #0f1115;\"><span style=\"font-family: Open sans, sans-serif;\"><span style=\"font-size: medium;\">Raccoglitore di cenere<\/span><\/span><\/span><\/li>\n<li><span style=\"color: #0f1115;\"><span style=\"font-family: Open sans, sans-serif;\"><span style=\"font-size: medium;\">Ripiani laterali<\/span><\/span><\/span><\/li>\n<li><span style=\"color: #0f1115;\"><span style=\"font-family: Open sans, sans-serif;\"><span style=\"font-size: medium;\">Cestello per il carbone<\/span><\/span><\/span><\/li>\n<li><span style=\"color: #0f1115;\"><span style=\"font-family: Open sans, sans-serif;\"><span style=\"font-size: medium;\">Carrello in acciaio al carbonio<\/span><\/span><\/span><\/li>\n<li><span style=\"color: #0f1115;\"><span style=\"font-family: Open sans, sans-serif;\"><span style=\"font-size: medium;\">Guarnizione ermetica<\/span><\/span><\/span><\/li>\n<li><span style=\"color: #0f1115;\"><span style=\"font-family: Open sans, sans-serif;\"><span style=\"font-size: medium;\">Nuovo sistema di carico dei trucioli<\/span><\/span><\/span><\/li>\n<li><span style=\"color: #0f1115;\"><span style=\"font-family: Open sans, sans-serif;\"><span style=\"font-size: medium;\">Sollevatore con deflettore<\/span><\/span><\/span><\/li>\n<\/ul>\n<p>&nbsp;<\/p>\n<div class=\"image-container\"><img loading=\"lazy\" decoding=\"async\" class=\"responsive-image aligncenter\" src=\"https:\/\/barbacoas-argentinas.com\/wp-content\/uploads\/2025\/10\/Asasor-kamado.webp\" alt=\"Immagine di esempio\" width=\"971\" height=\"583\"><\/div>\n<div id=\"faq\" class=\"faq-container\"><\/div>\n<p><strong><span style=\"color: #0f1115;\"><span style=\"font-family: Open sans, sans-serif;\"><span style=\"font-size: medium;\"><b>Domande Frequenti<\/b><\/span><\/span><\/span><\/strong><\/p>\n<p><strong><span style=\"color: #0f1115;\"><span style=\"font-family: Open sans, sans-serif;\"><span style=\"font-size: medium;\"><b>A quante persone \u00e8 ideale?<\/b><\/span><\/span><\/span><\/strong><span style=\"color: #0f1115;\"><span style=\"font-family: Open sans, sans-serif;\"><span style=\"font-size: medium;\"><br \/>\n\u00c8 ideale per gruppi numerosi. Puoi cucinare per 20-25 persone senza problemi, rendendolo la scelta perfetta per riunioni di famiglia o eventi tra amici. <\/span><\/span><\/span><\/p>\n<p><strong><span style=\"color: #0f1115;\"><span style=\"font-family: Open sans, sans-serif;\"><span style=\"font-size: medium;\"><b>Ha un sistema per mantenere costante la temperatura?<\/b><\/span><\/span><\/span><\/strong><span style=\"color: #0f1115;\"><span style=\"font-family: Open sans, sans-serif;\"><span style=\"font-size: medium;\"><br \/>\nS\u00ec, l&#8217;Asador Patag\u00f3nico 3.0 Kamado ha una chiusura ermetica che mantiene il calore all&#8217;interno e un termometro XL per un controllo esatto della temperatura durante la cottura.<\/span><\/span><\/span><\/p>\n<p><strong><span style=\"color: #0f1115;\"><span style=\"font-family: Open sans, sans-serif;\"><span style=\"font-size: medium;\"><b>Quali sono i vantaggi del carrello in acciaio al carbonio?<\/b><\/span><\/span><\/span><\/strong><span style=\"color: #0f1115;\"><span style=\"font-family: Open sans, sans-serif;\"><span style=\"font-size: medium;\"><br \/>\nIl carrello in acciaio al carbonio \u00e8 resistente, durevole e offre stabilit\u00e0 al kamado. Inoltre, ne facilita lo spostamento senza compromettere la sicurezza o la longevit\u00e0. <\/span><\/span><\/span><\/p>\n<p><strong><span style=\"color: #0f1115;\"><span style=\"font-family: Open sans, sans-serif;\"><span style=\"font-size: medium;\"><b>Si pu\u00f2 usare per affumicare o per cuocere al forno?<\/b><\/span><\/span><\/span><\/strong><span style=\"color: #0f1115;\"><span style=\"font-family: Open sans, sans-serif;\"><span style=\"font-size: medium;\"><br \/>\nS\u00ec, \u00e8 perfetto per diverse tecniche di cottura come la grigliata, la cottura al forno e l&#8217;affumicatura. Il suo sistema di carico dei trucioli e la distribuzione uniforme del calore permettono di sperimentare diversi stili di cottura.. <\/span><\/span><\/span><\/p>\n<p><strong><span style=\"color: #0f1115;\"><span style=\"font-family: Open sans, sans-serif;\"><span style=\"font-size: medium;\"><b>\u00c8 facile da pulire dopo l&#8217;uso?<\/b><\/span><\/span><\/span><\/strong><span style=\"color: #0f1115;\"><span style=\"font-family: Open sans, sans-serif;\"><span style=\"font-size: medium;\"><br \/>\nS\u00ec, include un raccoglitore di cenere che facilita la pulizia dopo ogni utilizzo. Inoltre, il suo design robusto rende la pulizia rapida e semplice. <\/span><\/span><\/span><\/p>\n<p>&nbsp;<\/p>\n<p style=\"text-align: center;\" data-start=\"4810\" data-end=\"4999\"><span style=\"font-size: 14pt; color: #ff9900;\"><strong><a style=\"color: #ff9900;\" href=\"https:\/\/barbacoas-argentinas.com\/asadores-kamado\/asador-patagonico-3-0\"><span style=\"color: #ff6600;\"> \u21aa ACQUISTA<\/span><\/a><\/strong><\/span><\/p>\n","protected":false},"excerpt":{"rendered":"<p><span style=\"font-size: 12pt; color: #000000;\"><strong>DIMENSIONI:<\/strong><br \/>\n<span style=\"font-family: Liberation Sans, serif;\">Kamado con ripiani chiusi: 98cm x 113cm<\/span><br \/>\n<span style=\"font-family: Liberation Sans, serif;\">Diametro esterno: 98cm<\/span><br \/>\n<span style=\"font-family: Liberation Sans, serif;\">Diametro della griglia: 67cm<\/span><br \/>\nSuperficie di cottura: 1.388 cm\u00b2<br \/>\n<span style=\"font-family: Liberation Sans, serif;\">Kamado con base: 98cm x 139cm<\/span><\/span><\/p>\n<div class=\"product__description rte quick-add-hidden\">\n<p><span style=\"font-size: 12pt; color: #000000;\"><strong>Questo modello include:<\/strong><\/span><\/p>\n<ul>\n<li><span style=\"font-size: 12pt; color: #000000;\">Sistema di cottura (x1)<\/span><\/li>\n<li><span style=\"font-size: 12pt; color: #000000;\">Cestello per la carbonella (x1)<\/span><\/li>\n<li><span style=\"font-size: 12pt; color: #000000;\">Attrezzo per la cenere (x1)<\/span><\/li>\n<li><span style=\"font-size: 12pt; color: #000000;\">Pinza (x1)<\/span><\/li>\n<\/ul>\n<\/div>\n","protected":false},"featured_media":8957,"template":"","meta":{"_et_pb_use_builder":"","_et_pb_old_content":"","_et_gb_content_width":""},"product_brand":[],"product_cat":[725],"product_tag":[726],"class_list":{"0":"post-8941","1":"product","2":"type-product","3":"status-publish","4":"has-post-thumbnail","6":"product_cat-griglie-kamado","7":"product_tag-grills-kamado","8":"product_shipping_class-barbecue-portatili","10":"first","11":"instock","12":"taxable","13":"shipping-taxable","14":"purchasable","15":"product-type-simple"},"_links":{"self":[{"href":"https:\/\/barbacoas-argentinas.com\/it\/wp-json\/wp\/v2\/product\/8941","targetHints":{"allow":["GET"]}}],"collection":[{"href":"https:\/\/barbacoas-argentinas.com\/it\/wp-json\/wp\/v2\/product"}],"about":[{"href":"https:\/\/barbacoas-argentinas.com\/it\/wp-json\/wp\/v2\/types\/product"}],"wp:featuredmedia":[{"embeddable":true,"href":"https:\/\/barbacoas-argentinas.com\/it\/wp-json\/wp\/v2\/media\/8957"}],"wp:attachment":[{"href":"https:\/\/barbacoas-argentinas.com\/it\/wp-json\/wp\/v2\/media?parent=8941"}],"wp:term":[{"taxonomy":"product_brand","embeddable":true,"href":"https:\/\/barbacoas-argentinas.com\/it\/wp-json\/wp\/v2\/product_brand?post=8941"},{"taxonomy":"product_cat","embeddable":true,"href":"https:\/\/barbacoas-argentinas.com\/it\/wp-json\/wp\/v2\/product_cat?post=8941"},{"taxonomy":"product_tag","embeddable":true,"href":"https:\/\/barbacoas-argentinas.com\/it\/wp-json\/wp\/v2\/product_tag?post=8941"}],"curies":[{"name":"wp","href":"https:\/\/api.w.org\/{rel}","templated":true}]}}