{"id":8551,"date":"2023-08-25T09:46:18","date_gmt":"2023-08-25T09:46:18","guid":{"rendered":"https:\/\/barbacoas-argentinas.com\/senza-categoria\/barbecue-da-esterno-prefabbricato-binelli-3-su\/"},"modified":"2026-04-13T11:46:17","modified_gmt":"2026-04-13T11:46:17","slug":"barbecue-da-esterno-prefabbricato-binelli-3-su","status":"publish","type":"product","link":"https:\/\/barbacoas-argentinas.com\/it\/barbacoas-obra-mas-vendidas-it\/barbecue-da-esterno-prefabbricato-binelli-3-su\/","title":{"rendered":"Barbecue da esterno Prefabbricato Binelli #3 SU"},"content":{"rendered":"<div class=\"_6s2bg fggS- cell\">\n<h2 class=\"Text3027143737__root Text3027143737---typography-11-runningText Text3027143737---priority-7-primary s8gg2 _149OH InfoSectionTitle3095652555__root\" aria-hidden=\"false\" data-hook=\"info-section-title\"><span style=\"font-size: 14pt;\"><strong>MISURE INTERNE ED ESTERNE<\/strong><\/span><\/h2>\n<div class=\"WncCi\" data-hook=\"info-section-description\">\n<p>Misure Esterne (LxPxH): 1,56 x 0,75 x 2,50 m<\/p>\n<p>Misure Interne (LxP): 1,33 x 0,62 m<\/p>\n<p>Misure utili della griglia (LxP): 1,24 x 0,60 m<\/p>\n<p>Peso del prodotto (Lordo): 975 kg<\/p>\n<p>Con focolare: Misure utili della griglia con focolare: 1,05 x 0,60 m Misure del focolare: 0,25 x 0,60 m<\/p>\n<\/div>\n<p>_____________________________________<\/p>\n<p><a href=\"https:\/\/barbacoas-argentinas.com\/wp-content\/uploads\/2023\/08\/Instructivo-armado-MESADA-N03.pdf\" target=\"_blank\" rel=\"noopener\">Istruzioni di montaggio BINELLI N03<\/a><\/p>\n<p><iframe loading=\"lazy\" title=\"Instalaci\u00f3n Premoldeada Binelli N03 z\" width=\"1080\" height=\"608\" src=\"https:\/\/www.youtube.com\/embed\/2hpWNSy5Qv8?feature=oembed\"  allow=\"accelerometer; autoplay; clipboard-write; encrypted-media; gyroscope; picture-in-picture; web-share\" referrerpolicy=\"strict-origin-when-cross-origin\" allowfullscreen><\/iframe><\/p>\n<p>Il <strong>barbecue da esterno Binelli #3 SU<\/strong> \u00e8 la scelta perfetta per chi ama organizzare grandi riunioni all&#8217;aperto. La sua struttura ampia e il design <strong>robusto permettono<\/strong> di cucinare comodamente per gruppi numerosi, assicurando sempre i migliori risultati.<\/p>\n<p>Realizzato con materiali di alta qualit\u00e0, questo barbecue si distingue per la sua resistenza e durata. Il design incorpora una griglia di grandi dimensioni, ideale per cucinare diversi tipi di alimenti contemporaneamente, dalle carni alle verdure.<\/p>\n<p>Questo <strong>barbecue da esterno tradizionale<\/strong> \u00e8 la combinazione perfetta di stile e funzionalit\u00e0 per godersi momenti indimenticabili con famiglia e amici.<\/p>\n<\/div>\n","protected":false},"excerpt":{"rendered":"<p>Barbecue prefabbricati in cemento con parti in mattoni refrattari. Dotati di griglie smaltate regolabili in altezza tramite un meccanismo a manovella e removibili per la pulizia.<br \/>\nGriglie a forma di V per raccogliere il grasso nel raccoglitore frontale removibile. Questo modello include 2 griglie: 2 grandi e 1 piccola, e offre la possibilit\u00e0 di acquistare un accessorio piastra da scambiare con un modulo griglia.<br \/>\nSu questo modello \u00e8 possibile utilizzare paelli da 70 cm di diametro.<br \/>\nQuesto modello include un vano fuoco dove \u00e8 possibile posizionare legna o carbone. Offre l&#8217;opzione di porte e coperchi in inox o neri, ed \u00e8 possibile acquistare optionalmente un piano di lavoro.<br \/>\nIl modello pi\u00f9 venduto per la sua capacit\u00e0 e versatilit\u00e0; con questa griglia possono mangiare 12\/14 persone.<\/p>\n","protected":false},"featured_media":4388,"template":"","meta":{"_et_pb_use_builder":"","_et_pb_old_content":"","_et_gb_content_width":""},"product_brand":[],"product_cat":[270,267],"product_tag":[],"class_list":{"0":"post-8551","1":"product","2":"type-product","3":"status-publish","4":"has-post-thumbnail","6":"product_cat-barbacoas-obra-mas-vendidas-it","7":"product_cat-barbecue-in-muratura","8":"product_shipping_class-barbecue-in-muratura-binelli-n-2-e-il-su","10":"first","11":"instock","12":"taxable","13":"shipping-taxable","14":"purchasable","15":"product-type-variable","16":"has-default-attributes"},"_links":{"self":[{"href":"https:\/\/barbacoas-argentinas.com\/it\/wp-json\/wp\/v2\/product\/8551","targetHints":{"allow":["GET"]}}],"collection":[{"href":"https:\/\/barbacoas-argentinas.com\/it\/wp-json\/wp\/v2\/product"}],"about":[{"href":"https:\/\/barbacoas-argentinas.com\/it\/wp-json\/wp\/v2\/types\/product"}],"wp:featuredmedia":[{"embeddable":true,"href":"https:\/\/barbacoas-argentinas.com\/it\/wp-json\/wp\/v2\/media\/4388"}],"wp:attachment":[{"href":"https:\/\/barbacoas-argentinas.com\/it\/wp-json\/wp\/v2\/media?parent=8551"}],"wp:term":[{"taxonomy":"product_brand","embeddable":true,"href":"https:\/\/barbacoas-argentinas.com\/it\/wp-json\/wp\/v2\/product_brand?post=8551"},{"taxonomy":"product_cat","embeddable":true,"href":"https:\/\/barbacoas-argentinas.com\/it\/wp-json\/wp\/v2\/product_cat?post=8551"},{"taxonomy":"product_tag","embeddable":true,"href":"https:\/\/barbacoas-argentinas.com\/it\/wp-json\/wp\/v2\/product_tag?post=8551"}],"curies":[{"name":"wp","href":"https:\/\/api.w.org\/{rel}","templated":true}]}}