{"id":8537,"date":"2023-08-25T09:43:40","date_gmt":"2023-08-25T09:43:40","guid":{"rendered":"https:\/\/barbacoas-argentinas.com\/senza-categoria\/barbecue-da-esterno-prefabbricato-binelli-2-su\/"},"modified":"2026-04-13T11:15:18","modified_gmt":"2026-04-13T11:15:18","slug":"barbecue-da-esterno-prefabbricato-binelli-2-su","status":"publish","type":"product","link":"https:\/\/barbacoas-argentinas.com\/it\/barbacoas-obra-mas-vendidas-it\/barbecue-da-esterno-prefabbricato-binelli-2-su\/","title":{"rendered":"Barbecue da esterno Prefabbricato Binelli #2 SU"},"content":{"rendered":"<h2 class=\"Text3027143737__root Text3027143737---typography-11-runningText Text3027143737---priority-7-primary s8gg2 _149OH InfoSectionTitle3095652555__root\" aria-hidden=\"false\" data-hook=\"info-section-title\"><strong><span style=\"font-size: 14pt;\">MISURE INTERNE ED ESTERNE<\/span><\/strong><\/h2>\n<div class=\"WncCi\" data-hook=\"info-section-description\">\n<p>Medidas Exteriores (LxAxH) : 1,26 x 0,75 x 2,60 m<\/p>\n<p>Medidas interiores (LxA) 1,05 x 0,62 m<\/p>\n<p>Medidas de parrilla \u00fatil (LxA) 0,96 x 0,60 m<\/p>\n<p>Peso del producto (Bruto): 800kg<\/p>\n<p>Con fog\u00f3n: Medidas de parrilla \u00fatil con fog\u00f3n: 0,80 x 0,60 m Medidas de fog\u00f3n: 0,25 x 0,60 m<\/p>\n<p>_____________________________________<\/p>\n<p><a href=\"https:\/\/barbacoas-argentinas.com\/wp-content\/uploads\/2023\/08\/Instructivo-armado-MESADA-N02.pdf\" target=\"_blank\" rel=\"noopener\">Instructivo armado BINELLI N02 SU<\/a><\/p>\n<\/div>\n<p><iframe loading=\"lazy\" title=\"Premoldeada Binelli C\u00fabica N02 con Mesada z\" width=\"1080\" height=\"608\" src=\"https:\/\/www.youtube.com\/embed\/VtbTHGW9aQ4?feature=oembed\"  allow=\"accelerometer; autoplay; clipboard-write; encrypted-media; gyroscope; picture-in-picture; web-share\" referrerpolicy=\"strict-origin-when-cross-origin\" allowfullscreen><\/iframe><\/p>\n<p>Se cerchi un<strong> barbecue da esterno compatto<\/strong> e funzionale, il Binelli #2 SU \u00e8 la scelta migliore. Progettato per spazi ridotti, questo modello offre tutti i vantaggi di un barbecue tradizionale in dimensioni contenute.<\/p>\n<p>Grazie ai materiali resistenti e al montaggio semplificato, \u00e8 l&#8217;ideale per chi desidera una soluzione rapida ed economica senza rinunciare alla qualit\u00e0. Il suo design<strong> moderno e robusto<\/strong> si adatta a qualsiasi stile di giardino o terrazza.<\/p>\n<p>Aprovecha esta oportunidad para disfrutar de una <strong>barbacoa econ\u00f3mica de obra<\/strong>, perfecta para reuniones familiares al aire libre.<\/p>\n","protected":false},"excerpt":{"rendered":"<p>Barbecue prefabbricati in cemento con le parti esposte al fuoco realizzate in materiale refrattario.<\/p>\n<p>Dotati di griglie smaltate regolabili in altezza mediante meccanismo a manovella e removibili per la pulizia.<\/p>\n<p>Griglie a V per raccogliere il grasso nel raccoglitore frontale removibile. Questo modello include 2 griglie e offre la possibilit\u00e0 di acquistare un accessorio piastra per sostituire un modulo griglia.<\/p>\n<p>Su questo modello \u00e8 possibile utilizzare paelli da 70 cm di diametro.<\/p>\n<p>Questo modello include un vano fuoco (NEI NUOVI MODELLI SEPARATO DA UNA LAMIERA PER OTTIMIZZARE LO SPAZIO) dove \u00e8 possibile posizionare legna o carbone. \u00c8 disponibile con opzione di porte e coperchi inox o neri.<\/p>\n","protected":false},"featured_media":4608,"template":"","meta":{"_et_pb_use_builder":"","_et_pb_old_content":"","_et_gb_content_width":""},"product_brand":[],"product_cat":[270,267],"product_tag":[],"class_list":{"0":"post-8537","1":"product","2":"type-product","3":"status-publish","4":"has-post-thumbnail","6":"product_cat-barbacoas-obra-mas-vendidas-it","7":"product_cat-barbecue-in-muratura","8":"product_shipping_class-barbecue-in-muratura-binelli-n-2-e-il-su","10":"first","11":"instock","12":"taxable","13":"shipping-taxable","14":"purchasable","15":"product-type-variable","16":"has-default-attributes"},"_links":{"self":[{"href":"https:\/\/barbacoas-argentinas.com\/it\/wp-json\/wp\/v2\/product\/8537","targetHints":{"allow":["GET"]}}],"collection":[{"href":"https:\/\/barbacoas-argentinas.com\/it\/wp-json\/wp\/v2\/product"}],"about":[{"href":"https:\/\/barbacoas-argentinas.com\/it\/wp-json\/wp\/v2\/types\/product"}],"wp:featuredmedia":[{"embeddable":true,"href":"https:\/\/barbacoas-argentinas.com\/it\/wp-json\/wp\/v2\/media\/4608"}],"wp:attachment":[{"href":"https:\/\/barbacoas-argentinas.com\/it\/wp-json\/wp\/v2\/media?parent=8537"}],"wp:term":[{"taxonomy":"product_brand","embeddable":true,"href":"https:\/\/barbacoas-argentinas.com\/it\/wp-json\/wp\/v2\/product_brand?post=8537"},{"taxonomy":"product_cat","embeddable":true,"href":"https:\/\/barbacoas-argentinas.com\/it\/wp-json\/wp\/v2\/product_cat?post=8537"},{"taxonomy":"product_tag","embeddable":true,"href":"https:\/\/barbacoas-argentinas.com\/it\/wp-json\/wp\/v2\/product_tag?post=8537"}],"curies":[{"name":"wp","href":"https:\/\/api.w.org\/{rel}","templated":true}]}}