{"id":8450,"date":"2023-09-03T14:50:41","date_gmt":"2023-09-03T14:50:41","guid":{"rendered":"https:\/\/barbacoas-argentinas.com\/senza-categoria\/griglia-da-incasso-ad-85-binelli\/"},"modified":"2026-02-26T11:58:11","modified_gmt":"2026-02-26T11:58:11","slug":"griglia-da-incasso-ad-85-binelli","status":"publish","type":"product","link":"https:\/\/barbacoas-argentinas.com\/it\/griglie-binelli\/griglia-da-incasso-ad-85-binelli\/","title":{"rendered":"Griglia da muro AD 80 Binelli"},"content":{"rendered":"<p>[et_pb_section fb_built=&#8221;1&#8243; _builder_version=&#8221;4.16&#8243; custom_padding=&#8221;0px||||false|false&#8221; global_colors_info=&#8221;{}&#8221;][et_pb_row _builder_version=&#8221;4.16&#8243; background_size=&#8221;initial&#8221; background_position=&#8221;top_left&#8221; background_repeat=&#8221;repeat&#8221; width=&#8221;100%&#8221; custom_padding=&#8221;0px||0px||false|false&#8221; global_colors_info=&#8221;{}&#8221;][et_pb_column type=&#8221;4_4&#8243; _builder_version=&#8221;4.16&#8243; custom_padding=&#8221;|||&#8221; global_colors_info=&#8221;{}&#8221; custom_padding__hover=&#8221;|||&#8221;][et_pb_wc_breadcrumb _builder_version=&#8221;4.16&#8243; global_colors_info=&#8221;{}&#8221;][\/et_pb_wc_breadcrumb][et_pb_wc_cart_notice _builder_version=&#8221;4.16&#8243; global_colors_info=&#8221;{}&#8221;][\/et_pb_wc_cart_notice][\/et_pb_column][\/et_pb_row][et_pb_row column_structure=&#8221;1_2,1_2&#8243; _builder_version=&#8221;4.16&#8243; background_size=&#8221;initial&#8221; background_position=&#8221;top_left&#8221; background_repeat=&#8221;repeat&#8221; width=&#8221;100%&#8221; custom_padding=&#8221;0px||||false|false&#8221; global_colors_info=&#8221;{}&#8221;][et_pb_column type=&#8221;1_2&#8243; _builder_version=&#8221;4.16&#8243; custom_padding=&#8221;|||&#8221; global_colors_info=&#8221;{}&#8221; custom_padding__hover=&#8221;|||&#8221;][et_pb_wc_images _builder_version=&#8221;4.16&#8243; global_colors_info=&#8221;{}&#8221;][\/et_pb_wc_images][\/et_pb_column][et_pb_column type=&#8221;1_2&#8243; _builder_version=&#8221;4.16&#8243; custom_padding=&#8221;|||&#8221; global_colors_info=&#8221;{}&#8221; custom_padding__hover=&#8221;|||&#8221;][et_pb_wc_title _builder_version=&#8221;4.16&#8243; global_colors_info=&#8221;{}&#8221;][\/et_pb_wc_title][et_pb_wc_rating _builder_version=&#8221;4.27.4&#8243; global_colors_info=&#8221;{}&#8221;][\/et_pb_wc_rating][et_pb_wc_price _builder_version=&#8221;4.16&#8243; global_colors_info=&#8221;{}&#8221;][\/et_pb_wc_price][et_pb_wc_description _builder_version=&#8221;4.16&#8243; global_colors_info=&#8221;{}&#8221;][\/et_pb_wc_description][et_pb_wc_add_to_cart _builder_version=&#8221;4.16&#8243; global_colors_info=&#8221;{}&#8221;][\/et_pb_wc_add_to_cart][et_pb_wc_meta _builder_version=&#8221;4.16&#8243; global_colors_info=&#8221;{}&#8221;][\/et_pb_wc_meta][\/et_pb_column][\/et_pb_row][et_pb_row _builder_version=&#8221;4.16&#8243; background_size=&#8221;initial&#8221; background_position=&#8221;top_left&#8221; background_repeat=&#8221;repeat&#8221; width=&#8221;100%&#8221; global_colors_info=&#8221;{}&#8221;][et_pb_column type=&#8221;4_4&#8243; _builder_version=&#8221;4.16&#8243; custom_padding=&#8221;|||&#8221; global_colors_info=&#8221;{}&#8221; custom_padding__hover=&#8221;|||&#8221;][et_pb_wc_tabs _builder_version=&#8221;4.16&#8243; global_colors_info=&#8221;{}&#8221;]\t\t\t\t\t[\/et_pb_wc_tabs][et_pb_wc_upsells _builder_version=&#8221;4.16&#8243; global_colors_info=&#8221;{}&#8221;][\/et_pb_wc_upsells][et_pb_wc_related_products _builder_version=&#8221;4.16&#8243; global_colors_info=&#8221;{}&#8221;][\/et_pb_wc_related_products][\/et_pb_column][\/et_pb_row][\/et_pb_section]<\/p>\n","protected":false},"excerpt":{"rendered":"<div class=\"_6s2bg fggS- cell\">\n<p>Questo barbecue \u00e8 composto da 2 guide laterali, lungo le quali la griglia sale e scende, ed \u00e8 dotato di una manovella laterale che pu\u00f2 essere posizionata a sinistra o a destra. \u00c8 predisposto per attraversare un muro fino a 24 cm di spessore (spessori maggiori su richiesta).<\/p>\n<p>I moduli griglia di questo modello sono 2, smontabili per una facile pulizia e completamente smaltati.<\/p>\n<p>Viene fornito un kit completo di assemblaggio con istruzioni di montaggio, in versione standard.<\/p>\n<p>Se avete bisogno di modificare una delle guide, dovete richiedere una modifica.<\/p>\n<p>Potete anche richiedere una manovella frontale con volante in qualsiasi misura.<\/p>\n<\/div>\n","protected":false},"featured_media":5720,"template":"","meta":{"_et_pb_use_builder":"on","_et_pb_old_content":"<div class=\"_6s2bg fggS- cell\">\n\nMISURE INTERNE ED ESTERNE\n\nQuesto modello AD-80 DE 48 \u00e8 largo 80 cm da guida a guida, con una superficie di cottura utile di 70 cm. La profondit\u00e0 della griglia \u00e8 di 48 cm, composti da 45 cm di piano cottura e 5 cm di raccogligocce anteriore. L'altezza delle guide \u00e8 di 60 cm.  \n\nQuesto modello AD-80 DE 60 \u00e8 largo 80 cm da guida a guida, con una superficie di cottura utile di 70 cm. La profondit\u00e0 della griglia \u00e8 di 60 cm, composti da 55 cm di piano cottura e 5 cm di raccogligocce anteriore. L'altezza delle guide \u00e8 di 60 cm.  \n\nQuesto modello AD-85 DE 75 \u00e8 largo 85 cm da guida a guida, con una superficie di cottura utile di 76 cm. La profondit\u00e0 della griglia \u00e8 di 75 cm, composti da 70 cm di piano cottura e 5 cm di raccogligocce anteriore. L'altezza delle guide \u00e8 di 60 cm.  \n\nSe stai cercando una soluzione compatta e funzionale, la <strong>Griglia da Muro AD 80 <\/strong>\u00e8 la scelta perfetta. Progettata per chi desidera gustare un buon barbecue anche in spazi ridotti, questa griglia \u00e8 ideale da installare in<strong> patii<\/strong> o <strong>balconi<\/strong>. La sua struttura robusta e durevole \u00e8 realizzata con materiali di alta qualit\u00e0, garantendo resistenza all'uso intensivo e alle condizioni atmosferiche.  \n\nCon questa <strong>griglia fissa a muro<\/strong>, puoi preparare grigliate grazie a un design pratico che ottimizza lo spazio. \u00c8 perfetta come <strong>griglia da muro con cappa<\/strong>, permettendo un'efficiente evacuazione dei fumi, ideale per chi cerca un'esperienza di barbecue senza complicazioni. \n\nSe cerchi una griglia funzionale, compatta ed economica da murare, il modello AD 80 \u00e8 un'opzione senza pari.\n\n<\/div>","_et_gb_content_width":""},"product_brand":[],"product_cat":[236],"product_tag":[],"class_list":{"0":"post-8450","1":"product","2":"type-product","3":"status-publish","4":"has-post-thumbnail","6":"product_cat-griglie-binelli","7":"product_shipping_class-parrillas-para-barbacoa-85-y-105","9":"first","10":"instock","11":"taxable","12":"shipping-taxable","13":"purchasable","14":"product-type-variable","15":"has-default-attributes"},"_links":{"self":[{"href":"https:\/\/barbacoas-argentinas.com\/it\/wp-json\/wp\/v2\/product\/8450","targetHints":{"allow":["GET"]}}],"collection":[{"href":"https:\/\/barbacoas-argentinas.com\/it\/wp-json\/wp\/v2\/product"}],"about":[{"href":"https:\/\/barbacoas-argentinas.com\/it\/wp-json\/wp\/v2\/types\/product"}],"wp:featuredmedia":[{"embeddable":true,"href":"https:\/\/barbacoas-argentinas.com\/it\/wp-json\/wp\/v2\/media\/5720"}],"wp:attachment":[{"href":"https:\/\/barbacoas-argentinas.com\/it\/wp-json\/wp\/v2\/media?parent=8450"}],"wp:term":[{"taxonomy":"product_brand","embeddable":true,"href":"https:\/\/barbacoas-argentinas.com\/it\/wp-json\/wp\/v2\/product_brand?post=8450"},{"taxonomy":"product_cat","embeddable":true,"href":"https:\/\/barbacoas-argentinas.com\/it\/wp-json\/wp\/v2\/product_cat?post=8450"},{"taxonomy":"product_tag","embeddable":true,"href":"https:\/\/barbacoas-argentinas.com\/it\/wp-json\/wp\/v2\/product_tag?post=8450"}],"curies":[{"name":"wp","href":"https:\/\/api.w.org\/{rel}","templated":true}]}}