{"id":8422,"date":"2023-09-03T15:04:51","date_gmt":"2023-09-03T15:04:51","guid":{"rendered":"https:\/\/barbacoas-argentinas.com\/senza-categoria\/griglia-da-incasso-ad-105-binelli\/"},"modified":"2025-12-06T23:44:31","modified_gmt":"2025-12-06T23:44:31","slug":"griglia-da-incasso-ad-105-binelli","status":"publish","type":"product","link":"https:\/\/barbacoas-argentinas.com\/it\/griglie-binelli\/griglia-da-incasso-ad-105-binelli\/","title":{"rendered":"Griglia da Incasso AD 105 Binelli"},"content":{"rendered":"<div class=\"_6s2bg fggS- cell\">\n<p>MISURE INTERNE ED ESTERNE<\/p>\n<p>Questo modello AD-105 DA 48 misura 105 cm di larghezza tra le guide con una superficie di cottura utile di 96 cm. La profondit\u00e0 della griglia \u00e8 di 48 cm, composta da 45 cm di superficie di cottura e 5 cm di raccoglitore di grasso frontale. L&#8217;altezza delle guide \u00e8 di 68 cm.<br \/>\nPREZZO 360 + IVA  <\/p>\n<p>Questo modello AD-105 DA 60 misura 105 cm di larghezza tra le guide con una superficie di cottura utile di 96 cm. La profondit\u00e0 della griglia \u00e8 di 60 cm, composta da 55 cm di superficie di cottura e 5 cm di raccoglitore di grasso frontale. L&#8217;altezza delle guide \u00e8 di 68 cm.<br \/>\nPREZZO 360 + IVA  <\/p>\n<p>Questo modello AD-105 DA 75 misura 105 cm di larghezza tra le guide con una superficie di cottura utile di 96 cm. La profondit\u00e0 della griglia \u00e8 di 75 cm, composta da 70 cm di superficie di cottura e 5 cm di raccoglitore di grasso frontale. L&#8217;altezza delle guide \u00e8 di 68 cm.<br \/>\nPREZZO 460 + IVA  <\/p>\n<\/div>\n<p>&nbsp;<\/p>\n<p>La <strong>Griglia da Incasso AD 105 <\/strong>\u00e8 la soluzione intermedia perfetta per chi cerca un equilibrio tra dimensioni e funzionalit\u00e0. Ideale per <strong>terrazze<\/strong>, <strong>giardini <\/strong>o anche <strong>quinchos<\/strong>, questo modello combina un design moderno con un&#8217;installazione semplice. <\/p>\n<p>Realizzata con materiali di alta qualit\u00e0, l&#8217;AD 105 si distingue come una delle migliori opzioni tra le <strong>griglie fisse per esterni resistenti<\/strong>. Il design include spazio per accessori come piastre o ripiani, rendendola un&#8217;ottima <strong>griglia modulare da incasso.<\/strong> <\/p>\n<p>Grazie alla sua versatilit\u00e0, puoi goderti questa <strong>griglia incorporata<\/strong> nel tuo spazio esterno, creando l&#8217;atmosfera perfetta per riunioni familiari o con amici.<\/p>\n","protected":false},"excerpt":{"rendered":"<p>Questo barbecue \u00e8 composto da 2 guide laterali, lungo le quali la griglia sale e scende, e dispone di una manovella laterale che pu\u00f2 essere posizionata a sinistra o a destra. \u00c8 predisposto per attraversare un muro fino a 24 cm di spessore (spessori maggiori su richiesta).<\/p>\n<p>I moduli griglia di questo modello sono 3, 2 grandi e 1 piccolo, smontabili per una facile pulizia e completamente smaltati.<\/p>\n<p>Viene fornito un kit completo di assemblaggio con istruzioni di montaggio, in versione standard.<\/p>\n<p>Se avete bisogno di modificare una delle guide, dovete richiedere una modifica.<\/p>\n<p>Potete anche richiedere una manovella frontale con volante in qualsiasi misura.<\/p>\n","protected":false},"featured_media":5824,"template":"","meta":{"_et_pb_use_builder":"","_et_pb_old_content":"","_et_gb_content_width":""},"product_brand":[],"product_cat":[236],"product_tag":[],"class_list":{"0":"post-8422","1":"product","2":"type-product","3":"status-publish","4":"has-post-thumbnail","6":"product_cat-griglie-binelli","7":"product_shipping_class-parrillas-para-barbacoa-85-y-105","9":"first","10":"instock","11":"taxable","12":"shipping-taxable","13":"purchasable","14":"product-type-variable","15":"has-default-attributes"},"_links":{"self":[{"href":"https:\/\/barbacoas-argentinas.com\/it\/wp-json\/wp\/v2\/product\/8422","targetHints":{"allow":["GET"]}}],"collection":[{"href":"https:\/\/barbacoas-argentinas.com\/it\/wp-json\/wp\/v2\/product"}],"about":[{"href":"https:\/\/barbacoas-argentinas.com\/it\/wp-json\/wp\/v2\/types\/product"}],"wp:featuredmedia":[{"embeddable":true,"href":"https:\/\/barbacoas-argentinas.com\/it\/wp-json\/wp\/v2\/media\/5824"}],"wp:attachment":[{"href":"https:\/\/barbacoas-argentinas.com\/it\/wp-json\/wp\/v2\/media?parent=8422"}],"wp:term":[{"taxonomy":"product_brand","embeddable":true,"href":"https:\/\/barbacoas-argentinas.com\/it\/wp-json\/wp\/v2\/product_brand?post=8422"},{"taxonomy":"product_cat","embeddable":true,"href":"https:\/\/barbacoas-argentinas.com\/it\/wp-json\/wp\/v2\/product_cat?post=8422"},{"taxonomy":"product_tag","embeddable":true,"href":"https:\/\/barbacoas-argentinas.com\/it\/wp-json\/wp\/v2\/product_tag?post=8422"}],"curies":[{"name":"wp","href":"https:\/\/api.w.org\/{rel}","templated":true}]}}