{"id":8396,"date":"2023-09-03T15:13:10","date_gmt":"2023-09-03T15:13:10","guid":{"rendered":"https:\/\/barbacoas-argentinas.com\/senza-categoria\/griglia-da-incasso-ad-125-binelli\/"},"modified":"2025-11-07T18:16:31","modified_gmt":"2025-11-07T18:16:31","slug":"griglia-da-incasso-ad-125-binelli","status":"publish","type":"product","link":"https:\/\/barbacoas-argentinas.com\/it\/griglie-binelli\/griglia-da-incasso-ad-125-binelli\/","title":{"rendered":"Griglia da Incasso AD 125 Binelli"},"content":{"rendered":"<div class=\"_6s2bg fggS- cell\">\n<h2 class=\"Text3027143737__root Text3027143737---typography-11-runningText Text3027143737---priority-7-primary s8gg2 _149OH InfoSectionTitle3095652555__root\" aria-hidden=\"false\" data-hook=\"info-section-title\">Misure interne con mattoni refrattari<\/h2>\n<div class=\"WncCi\" data-hook=\"info-section-description\">\n<p>Questo modello AD-125 x60 misura 125 cm di larghezza tra le guide con una superficie di cottura utile di 118 cm. La larghezza della griglia \u00e8 di 60 cm, composta da 55 cm di superficie di cottura e 5 cm di raccoglitore di grasso frontale. L&#8217;altezza delle guide \u00e8 di 68 cm.<\/p>\n<p>Questo modello AD-125 x75 misura 125 cm di larghezza tra le guide con una superficie di cottura utile di 118 cm. La larghezza della griglia \u00e8 di 75 cm, composta da 70 cm di superficie di cottura e 5 cm di raccoglitore di grasso frontale. L&#8217;altezza delle guide \u00e8 di 68 cm.<\/p>\n<\/div>\n<\/div>\n<p>&nbsp;<\/p>\n<p>La <strong>Griglia da Incasso AD 125<\/strong> \u00e8 una delle opzioni pi\u00f9 grandi della sua categoria, ideale per <strong>grigliatori professionali<\/strong> o per chi ama organizzare frequenti barbecue con molti ospiti. Questo modello \u00e8 perfetto per chi cerca una <strong>griglia in muratura personalizzata<\/strong>, con spazio sufficiente per aggiungere piastre, ripiani e altro. <\/p>\n<p>Il suo design robusto la rende una scelta eccellente tra le <strong>griglie in muratura con ventilazione<\/strong>, garantendo una cottura uniforme e un&#8217;efficiente evacuazione del fumo. Inoltre, \u00e8 ideale come <strong>griglia per barbecue familiari<\/strong>, permettendoti di preparare diverse porzioni contemporaneamente. <\/p>\n<p>Se cerchi un modello versatile, duraturo e di grandi dimensioni, l&#8217;AD 125 \u00e8 la scelta giusta.<\/p>\n","protected":false},"excerpt":{"rendered":"<p>Questo barbecue \u00e8 composto da 2 guide laterali, lungo le quali la griglia sale e scende, ed \u00e8 dotato di una manovella laterale che pu\u00f2 essere posizionata a sinistra o a destra. \u00c8 predisposto per attraversare un muro fino a 24 cm di spessore (spessori maggiori su richiesta).<\/p>\n<p>I moduli griglia di questo modello sono 3, smontabili per una facile pulizia e completamente smaltati. Viene fornito un kit completo di assemblaggio con istruzioni di montaggio.<\/p>\n","protected":false},"featured_media":5184,"template":"","meta":{"_et_pb_use_builder":"","_et_pb_old_content":"","_et_gb_content_width":""},"product_brand":[],"product_cat":[236],"product_tag":[],"class_list":{"0":"post-8396","1":"product","2":"type-product","3":"status-publish","4":"has-post-thumbnail","6":"product_cat-griglie-binelli","7":"product_shipping_class-griglie-per-barbecue-125-e-doppio","9":"first","10":"instock","11":"taxable","12":"shipping-taxable","13":"purchasable","14":"product-type-variable","15":"has-default-attributes"},"_links":{"self":[{"href":"https:\/\/barbacoas-argentinas.com\/it\/wp-json\/wp\/v2\/product\/8396","targetHints":{"allow":["GET"]}}],"collection":[{"href":"https:\/\/barbacoas-argentinas.com\/it\/wp-json\/wp\/v2\/product"}],"about":[{"href":"https:\/\/barbacoas-argentinas.com\/it\/wp-json\/wp\/v2\/types\/product"}],"wp:featuredmedia":[{"embeddable":true,"href":"https:\/\/barbacoas-argentinas.com\/it\/wp-json\/wp\/v2\/media\/5184"}],"wp:attachment":[{"href":"https:\/\/barbacoas-argentinas.com\/it\/wp-json\/wp\/v2\/media?parent=8396"}],"wp:term":[{"taxonomy":"product_brand","embeddable":true,"href":"https:\/\/barbacoas-argentinas.com\/it\/wp-json\/wp\/v2\/product_brand?post=8396"},{"taxonomy":"product_cat","embeddable":true,"href":"https:\/\/barbacoas-argentinas.com\/it\/wp-json\/wp\/v2\/product_cat?post=8396"},{"taxonomy":"product_tag","embeddable":true,"href":"https:\/\/barbacoas-argentinas.com\/it\/wp-json\/wp\/v2\/product_tag?post=8396"}],"curies":[{"name":"wp","href":"https:\/\/api.w.org\/{rel}","templated":true}]}}