{"id":8381,"date":"2023-09-03T17:17:21","date_gmt":"2023-09-03T17:17:21","guid":{"rendered":"https:\/\/barbacoas-argentinas.com\/senza-categoria\/griglia-da-incasso-ad-125-doppia-binelli\/"},"modified":"2025-12-18T00:50:48","modified_gmt":"2025-12-18T00:50:48","slug":"griglia-da-incasso-ad-125-doppia-binelli","status":"publish","type":"product","link":"https:\/\/barbacoas-argentinas.com\/it\/griglie-binelli\/griglia-da-incasso-ad-125-doppia-binelli\/","title":{"rendered":"Griglia da incasso AD 125 Doppia Binelli"},"content":{"rendered":"<div class=\"_6s2bg fggS- cell\">\n<h2 class=\"Text3027143737__root Text3027143737---typography-11-runningText Text3027143737---priority-7-primary s8gg2 _149OH InfoSectionTitle3095652555__root\" aria-hidden=\"false\" data-hook=\"info-section-title\"><span style=\"font-size: 14pt;\"><strong>MISURE INTERNE ED ESTERNE<\/strong><\/span><\/h2>\n<div class=\"WncCi\" data-hook=\"info-section-description\">\n<p>Misure esterne con mattoni refrattari installati<\/p>\n<p>Questo modello AD-125 misura 125 cm di larghezza tra le guide con una superficie di cottura utile di 111 cm suddivisa su due griglie. La larghezza per griglia \u00e8 di 60 cm, composta da 55 cm di superficie di cottura e 5 cm di raccoglitore di grasso frontale. L&#8217;altezza delle guide \u00e8 di 68 cm.<\/p>\n<p>La <strong>Griglia da Incasso AD 125 Doppia<\/strong> rappresenta l&#8217;eccellenza in termini di funzionalit\u00e0 e capacit\u00e0. Progettata per grandi raduni ed eventi, questo modello \u00e8 ideale per l&#8217;installazione in <strong>ampi giardini<\/strong>,<strong> quinchos<\/strong> o spazi esterni dove le dimensioni e la capacit\u00e0 sono cruciali. <\/p>\n<p>Con una struttura robusta e un design versatile, questa griglia \u00e8 perfetta come <strong>griglia in cemento da incasso<\/strong> o come opzione fissa per chi cerca durabilit\u00e0 a lungo termine. Il suo design permette di combinarla con altri accessori, rendendola una scelta eccellente per chi desidera una <strong>griglia moderna da incasso<\/strong>. <\/p>\n<p>Questo modello dispone di due zone di cottura, rendendolo perfetto per preparare diversi tipi di alimenti simultaneamente, ideale per<strong> grigliatori professionali<\/strong> alla ricerca del meglio.<\/p>\n<\/div>\n<\/div>\n","protected":false},"excerpt":{"rendered":"<p>Questo barbecue \u00e8 composto da 2 guide laterali e una guida centrale che collega le due griglie. Le griglie salgono e scendono lungo queste guide e dispone di una manovella laterale su ciascun lato. Progettato per attraversare un muro fino a 24 cm di spessore (spessori maggiori su richiesta). <\/p>\n<p>I moduli griglia in questo modello consistono in 2 moduli per la griglia grande e 1 per quella piccola. Sono rimovibili per una facile pulizia e completamente smaltati.<\/p>\n<p>Viene fornito un kit completo di assemblaggio con istruzioni di montaggio. \u00c8 possibile scegliere una manovella frontale e diverse opzioni di dimensioni.<\/p>\n","protected":false},"featured_media":5152,"template":"","meta":{"_et_pb_use_builder":"","_et_pb_old_content":"","_et_gb_content_width":""},"product_brand":[],"product_cat":[236],"product_tag":[],"class_list":{"0":"post-8381","1":"product","2":"type-product","3":"status-publish","4":"has-post-thumbnail","6":"product_cat-griglie-binelli","7":"product_shipping_class-griglie-per-barbecue-125-e-doppio","9":"first","10":"instock","11":"taxable","12":"shipping-taxable","13":"purchasable","14":"product-type-variable","15":"has-default-attributes"},"_links":{"self":[{"href":"https:\/\/barbacoas-argentinas.com\/it\/wp-json\/wp\/v2\/product\/8381","targetHints":{"allow":["GET"]}}],"collection":[{"href":"https:\/\/barbacoas-argentinas.com\/it\/wp-json\/wp\/v2\/product"}],"about":[{"href":"https:\/\/barbacoas-argentinas.com\/it\/wp-json\/wp\/v2\/types\/product"}],"wp:featuredmedia":[{"embeddable":true,"href":"https:\/\/barbacoas-argentinas.com\/it\/wp-json\/wp\/v2\/media\/5152"}],"wp:attachment":[{"href":"https:\/\/barbacoas-argentinas.com\/it\/wp-json\/wp\/v2\/media?parent=8381"}],"wp:term":[{"taxonomy":"product_brand","embeddable":true,"href":"https:\/\/barbacoas-argentinas.com\/it\/wp-json\/wp\/v2\/product_brand?post=8381"},{"taxonomy":"product_cat","embeddable":true,"href":"https:\/\/barbacoas-argentinas.com\/it\/wp-json\/wp\/v2\/product_cat?post=8381"},{"taxonomy":"product_tag","embeddable":true,"href":"https:\/\/barbacoas-argentinas.com\/it\/wp-json\/wp\/v2\/product_tag?post=8381"}],"curies":[{"name":"wp","href":"https:\/\/api.w.org\/{rel}","templated":true}]}}