{"id":8368,"date":"2023-09-03T17:33:38","date_gmt":"2023-09-03T17:33:38","guid":{"rendered":"https:\/\/barbacoas-argentinas.com\/?post_type=product&#038;p=8368"},"modified":"2025-12-18T00:46:53","modified_gmt":"2025-12-18T00:46:53","slug":"griglia-ideale-da-incasso-ad-ristorazione-binelli","status":"publish","type":"product","link":"https:\/\/barbacoas-argentinas.com\/it\/griglie-binelli\/griglia-ideale-da-incasso-ad-ristorazione-binelli\/","title":{"rendered":"Griglia ideale da incasso AD Ristorazione Binelli"},"content":{"rendered":"<div class=\"_6s2bg fggS- cell\">\n<h2 class=\"Text3027143737__root Text3027143737---typography-11-runningText Text3027143737---priority-7-primary s8gg2 _149OH InfoSectionTitle3095652555__root\" aria-hidden=\"false\" data-hook=\"info-section-title\"><span style=\"font-size: 14pt;\"><strong>MISURE INTERNE ED ESTERNE<\/strong><\/span><\/h2>\n<div class=\"WncCi\" data-hook=\"info-section-description\">\n<p>Misure interne con mattoni refrattari installati<\/p>\n<p>Le misure variano da 85 cm a 125 cm con la possibilit\u00e0 di unire due griglie. La larghezza della griglia \u00e8 di 75 cm, composta da 70 cm di superficie di cottura e 5 cm di vassoio anteriore per la raccolta del grasso. L&#8217;altezza delle guide \u00e8 di 59 cm.<\/p>\n<\/div>\n<\/div>\n","protected":false},"excerpt":{"rendered":"<div class=\"_6s2bg fggS- cell\">\n<p>Questo barbecue \u00e8 composto da 2 guide laterali, lungo le quali la griglia si muove su e gi\u00f9, ed \u00e8 dotato di una manovella laterale che pu\u00f2 essere installata a sinistra o a destra.<\/p>\n<p>I moduli griglia in questo modello variano in base alla misura della griglia, sono rimovibili per una facile pulizia e sono completamente smaltati. Viene fornito un kit completo di montaggio con istruzioni.<\/p>\n<\/div>\n","protected":false},"featured_media":5140,"template":"","meta":{"_et_pb_use_builder":"","_et_pb_old_content":"","_et_gb_content_width":""},"product_brand":[],"product_cat":[236],"product_tag":[],"class_list":{"0":"post-8368","1":"product","2":"type-product","3":"status-publish","4":"has-post-thumbnail","6":"product_cat-griglie-binelli","8":"first","9":"instock","10":"taxable","11":"shipping-taxable","12":"purchasable","13":"product-type-variable","14":"has-default-attributes"},"_links":{"self":[{"href":"https:\/\/barbacoas-argentinas.com\/it\/wp-json\/wp\/v2\/product\/8368","targetHints":{"allow":["GET"]}}],"collection":[{"href":"https:\/\/barbacoas-argentinas.com\/it\/wp-json\/wp\/v2\/product"}],"about":[{"href":"https:\/\/barbacoas-argentinas.com\/it\/wp-json\/wp\/v2\/types\/product"}],"wp:featuredmedia":[{"embeddable":true,"href":"https:\/\/barbacoas-argentinas.com\/it\/wp-json\/wp\/v2\/media\/5140"}],"wp:attachment":[{"href":"https:\/\/barbacoas-argentinas.com\/it\/wp-json\/wp\/v2\/media?parent=8368"}],"wp:term":[{"taxonomy":"product_brand","embeddable":true,"href":"https:\/\/barbacoas-argentinas.com\/it\/wp-json\/wp\/v2\/product_brand?post=8368"},{"taxonomy":"product_cat","embeddable":true,"href":"https:\/\/barbacoas-argentinas.com\/it\/wp-json\/wp\/v2\/product_cat?post=8368"},{"taxonomy":"product_tag","embeddable":true,"href":"https:\/\/barbacoas-argentinas.com\/it\/wp-json\/wp\/v2\/product_tag?post=8368"}],"curies":[{"name":"wp","href":"https:\/\/api.w.org\/{rel}","templated":true}]}}