{"id":8219,"date":"2023-09-03T19:42:27","date_gmt":"2023-09-03T19:42:27","guid":{"rendered":"https:\/\/barbacoas-argentinas.com\/senza-categoria\/forno-trh-l-da-incasso\/"},"modified":"2025-12-06T00:14:52","modified_gmt":"2025-12-06T00:14:52","slug":"forno-trh-l-da-incasso","status":"publish","type":"product","link":"https:\/\/barbacoas-argentinas.com\/it\/griglie-portatili-piu-vendute\/forno-trh-l-da-incasso\/","title":{"rendered":"Forno TRH-L da Incasso"},"content":{"rendered":"<div class=\"_6s2bg fggS- cell\">\n<h2 class=\"Text3027143737__root Text3027143737---typography-11-runningText Text3027143737---priority-7-primary s8gg2 _149OH InfoSectionTitle3095652555__root\" aria-hidden=\"false\" data-hook=\"info-section-title\"><span style=\"font-size: 14pt;\"><strong>MISURE INTERNE ED ESTERNE<\/strong><\/span><\/h2>\n<div class=\"WncCi\" data-hook=\"info-section-description\">\n<p>Larghezza: 56,0 cm<\/p>\n<p>Altezza: 76,0 cm<\/p>\n<p>Profondit\u00e0: 76,0 cm<\/p>\n<p>Peso totale: 92,0 kg<\/p>\n<p>Uscita fumo: 4&#8243; (10 cm)<\/p>\n<p>Capacit\u00e0 interna: 47 cm larghezza x 33 cm altezza x 73 cm profondit\u00e0<\/p>\n<p>Accessori: vassoio in acciaio inox, griglia cromata, pirometro.<br \/>\n____________________________________________<br \/>\nManuale d&#8217;uso<br \/>\n<a href=\"https:\/\/bd65d89c-cbcf-4874-ab34-6fd0a497da6a.filesusr.com\/ugd\/c3d017_71587e3b58a54df1b76b989d7eed15cf.pdf\" target=\"_blank\" rel=\"noopener\">SCARICA<\/a><\/p>\n<\/div>\n<\/div>\n","protected":false},"excerpt":{"rendered":"<p>Il design che adottiamo consente un facile assemblaggio in loco, poich\u00e9 gran parte dei componenti \u00e8 smontabile. Questo riduce il peso dei singoli elementi, evitando cos\u00ec la necessit\u00e0 di sforzi eccessivi durante il montaggio.<\/p>\n<p>Funzionamento: Il fuoco viene acceso in un focolare separato nella parte inferiore del forno. Il calore (fiamma e gas combusti) sale, colpisce il deflettore in ghisa, viene indirizzato verso i lati e poi passa attraverso il soffitto del forno per uscire dal tubo della canna fumaria. In questo modo si ottiene un calore avvolgente e una cottura uniforme.<\/p>\n","protected":false},"featured_media":4960,"template":"","meta":{"_et_pb_use_builder":"","_et_pb_old_content":"","_et_gb_content_width":""},"product_brand":[],"product_cat":[243,269],"product_tag":[],"class_list":{"0":"post-8219","1":"product","2":"type-product","3":"status-publish","4":"has-post-thumbnail","6":"product_cat-forni","7":"product_cat-griglie-portatili-piu-vendute","8":"product_shipping_class-forni-tromen","10":"first","11":"instock","12":"sale","13":"taxable","14":"shipping-taxable","15":"purchasable","16":"product-type-simple"},"_links":{"self":[{"href":"https:\/\/barbacoas-argentinas.com\/it\/wp-json\/wp\/v2\/product\/8219","targetHints":{"allow":["GET"]}}],"collection":[{"href":"https:\/\/barbacoas-argentinas.com\/it\/wp-json\/wp\/v2\/product"}],"about":[{"href":"https:\/\/barbacoas-argentinas.com\/it\/wp-json\/wp\/v2\/types\/product"}],"wp:featuredmedia":[{"embeddable":true,"href":"https:\/\/barbacoas-argentinas.com\/it\/wp-json\/wp\/v2\/media\/4960"}],"wp:attachment":[{"href":"https:\/\/barbacoas-argentinas.com\/it\/wp-json\/wp\/v2\/media?parent=8219"}],"wp:term":[{"taxonomy":"product_brand","embeddable":true,"href":"https:\/\/barbacoas-argentinas.com\/it\/wp-json\/wp\/v2\/product_brand?post=8219"},{"taxonomy":"product_cat","embeddable":true,"href":"https:\/\/barbacoas-argentinas.com\/it\/wp-json\/wp\/v2\/product_cat?post=8219"},{"taxonomy":"product_tag","embeddable":true,"href":"https:\/\/barbacoas-argentinas.com\/it\/wp-json\/wp\/v2\/product_tag?post=8219"}],"curies":[{"name":"wp","href":"https:\/\/api.w.org\/{rel}","templated":true}]}}