{"id":8161,"date":"2023-09-03T19:55:07","date_gmt":"2023-09-03T19:55:07","guid":{"rendered":"https:\/\/barbacoas-argentinas.com\/senza-categoria\/brasero-avec-pieds-pliants\/"},"modified":"2025-12-17T23:37:25","modified_gmt":"2025-12-17T23:37:25","slug":"brasero-avec-pieds-pliants","status":"publish","type":"product","link":"https:\/\/barbacoas-argentinas.com\/it\/braseri-da-tavolo\/brasero-avec-pieds-pliants\/","title":{"rendered":"Brasero avec pieds pliants"},"content":{"rendered":"<div class=\"_6s2bg fggS- cell\">\n<h2 class=\"Text3027143737__root Text3027143737---typography-11-runningText Text3027143737---priority-7-primary s8gg2 _149OH InfoSectionTitle3095652555__root\" aria-hidden=\"false\" data-hook=\"info-section-title\"><span style=\"font-size: 14pt;\"><strong>MISURE INTERNE ED ESTERNE<\/strong><\/span><\/h2>\n<div class=\"WncCi\" data-hook=\"info-section-description\">\n<p><strong>ESTERNE: 33 cm di lunghezza, 27 cm di larghezza e 13 cm di altezza<\/strong><br \/>\n<strong>INTERNE: 28 cm di lunghezza, 20 cm di larghezza e 6 cm di altezza per il fuoco<\/strong><\/p>\n<\/div>\n<\/div>\n","protected":false},"excerpt":{"rendered":"<p>Id\u00e9al pour garder vos plats au chaud. Un authentique brasero de table enti\u00e8rement \u00e9maill\u00e9 et dot\u00e9 de pieds pliants pour un rangement facile. <\/p>\n","protected":false},"featured_media":5552,"template":"","meta":{"_et_pb_use_builder":"","_et_pb_old_content":"","_et_gb_content_width":""},"product_brand":[],"product_cat":[268],"product_tag":[],"class_list":{"0":"post-8161","1":"product","2":"type-product","3":"status-publish","4":"has-post-thumbnail","6":"product_cat-braseri-da-tavolo","7":"product_shipping_class-accessori","9":"first","10":"instock","11":"taxable","12":"shipping-taxable","13":"purchasable","14":"product-type-variable","15":"has-default-attributes"},"_links":{"self":[{"href":"https:\/\/barbacoas-argentinas.com\/it\/wp-json\/wp\/v2\/product\/8161","targetHints":{"allow":["GET"]}}],"collection":[{"href":"https:\/\/barbacoas-argentinas.com\/it\/wp-json\/wp\/v2\/product"}],"about":[{"href":"https:\/\/barbacoas-argentinas.com\/it\/wp-json\/wp\/v2\/types\/product"}],"wp:featuredmedia":[{"embeddable":true,"href":"https:\/\/barbacoas-argentinas.com\/it\/wp-json\/wp\/v2\/media\/5552"}],"wp:attachment":[{"href":"https:\/\/barbacoas-argentinas.com\/it\/wp-json\/wp\/v2\/media?parent=8161"}],"wp:term":[{"taxonomy":"product_brand","embeddable":true,"href":"https:\/\/barbacoas-argentinas.com\/it\/wp-json\/wp\/v2\/product_brand?post=8161"},{"taxonomy":"product_cat","embeddable":true,"href":"https:\/\/barbacoas-argentinas.com\/it\/wp-json\/wp\/v2\/product_cat?post=8161"},{"taxonomy":"product_tag","embeddable":true,"href":"https:\/\/barbacoas-argentinas.com\/it\/wp-json\/wp\/v2\/product_tag?post=8161"}],"curies":[{"name":"wp","href":"https:\/\/api.w.org\/{rel}","templated":true}]}}