{"id":8070,"date":"2023-09-03T20:12:37","date_gmt":"2023-09-03T20:12:37","guid":{"rendered":"https:\/\/barbacoas-argentinas.com\/senza-categoria\/grill-circolare\/"},"modified":"2025-12-17T14:49:17","modified_gmt":"2025-12-17T14:49:17","slug":"grill-circolare","status":"publish","type":"product","link":"https:\/\/barbacoas-argentinas.com\/it\/accessori-per-barbecue\/grill-circolare\/","title":{"rendered":"Grill circolare"},"content":{"rendered":"<p><strong>Grill circolare smaltato con coperchio, ideale per spazi ridotti perch\u00e9 cuoce senza produrre fumo n\u00e9 odori. Dotato di contenitore separato per il cibo e per il grasso, che lo rende pi\u00f9 facile da pulire. Maniglie in bachelite.  <\/strong><\/p>\n","protected":false},"excerpt":{"rendered":"<p>Grill circolare smaltato con coperchio, ideale per spazi ridotti perch\u00e9 cuoce senza produrre fumo n\u00e9 odori. Dotato di contenitore separato per il cibo e per il grasso, che lo rende pi\u00f9 facile da pulire. Maniglie in bachelite.  <\/p>\n<p><strong>Diametro 37 cm<\/strong><\/p>\n<p><strong>colore nero<\/strong><\/p>\n","protected":false},"featured_media":5692,"template":"","meta":{"_et_pb_use_builder":"","_et_pb_old_content":"","_et_gb_content_width":""},"product_brand":[],"product_cat":[220],"product_tag":[],"class_list":{"0":"post-8070","1":"product","2":"type-product","3":"status-publish","4":"has-post-thumbnail","6":"product_cat-accessori-per-barbecue","7":"product_shipping_class-accesorios","9":"first","10":"instock","11":"taxable","12":"shipping-taxable","13":"purchasable","14":"product-type-simple"},"_links":{"self":[{"href":"https:\/\/barbacoas-argentinas.com\/it\/wp-json\/wp\/v2\/product\/8070","targetHints":{"allow":["GET"]}}],"collection":[{"href":"https:\/\/barbacoas-argentinas.com\/it\/wp-json\/wp\/v2\/product"}],"about":[{"href":"https:\/\/barbacoas-argentinas.com\/it\/wp-json\/wp\/v2\/types\/product"}],"wp:featuredmedia":[{"embeddable":true,"href":"https:\/\/barbacoas-argentinas.com\/it\/wp-json\/wp\/v2\/media\/5692"}],"wp:attachment":[{"href":"https:\/\/barbacoas-argentinas.com\/it\/wp-json\/wp\/v2\/media?parent=8070"}],"wp:term":[{"taxonomy":"product_brand","embeddable":true,"href":"https:\/\/barbacoas-argentinas.com\/it\/wp-json\/wp\/v2\/product_brand?post=8070"},{"taxonomy":"product_cat","embeddable":true,"href":"https:\/\/barbacoas-argentinas.com\/it\/wp-json\/wp\/v2\/product_cat?post=8070"},{"taxonomy":"product_tag","embeddable":true,"href":"https:\/\/barbacoas-argentinas.com\/it\/wp-json\/wp\/v2\/product_tag?post=8070"}],"curies":[{"name":"wp","href":"https:\/\/api.w.org\/{rel}","templated":true}]}}