{"id":7977,"date":"2024-07-17T21:07:25","date_gmt":"2024-07-17T21:07:25","guid":{"rendered":"https:\/\/barbacoas-argentinas.com\/senza-categoria\/parrilla-tromen-hornero-grill-bbq\/"},"modified":"2026-02-20T15:11:58","modified_gmt":"2026-02-20T15:11:58","slug":"parrilla-tromen-hornero-grill-bbq","status":"publish","type":"product","link":"https:\/\/barbacoas-argentinas.com\/it\/barbecue-portatili\/parrilla-tromen-hornero-grill-bbq\/","title":{"rendered":"Parrilla Tromen Hornero Grill BBQ"},"content":{"rendered":"<p><strong><span style=\"color: #0f1115;\"><span style=\"font-family: Open Sans, sans-serif;\"><span style=\"font-size: medium;\"><b>Qualit\u00e0 che offre questa Parrilla Tromen Grill BBQ<\/b><\/span><\/span><\/span><\/strong><\/p>\n<ul>\n<li><span style=\"color: #0f1115;\"><span style=\"font-family: Open Sans, sans-serif;\"><span style=\"font-size: medium;\">Estructura in acciaio ad alta resistenza, pronta per durare anni.<\/span><\/span><\/span><\/li>\n<li><span style=\"color: #0f1115;\"><span style=\"font-family: Open Sans, sans-serif;\"><span style=\"font-size: medium;\">Griglia smaltata in porcellana, rimovibile e facile da pulire.<\/span><\/span><\/span><\/li>\n<li><span style=\"color: #0f1115;\"><span style=\"font-family: Open Sans, sans-serif;\"><span style=\"font-size: medium;\">Ampia superficie di cottura: 66,2 cm x 30,2 cm, perfetta per tagli grandi, verdure e salsicce.<\/span><\/span><\/span><\/li>\n<li><span style=\"color: #0f1115;\"><span style=\"font-family: Open Sans, sans-serif;\"><span style=\"font-size: medium;\">Coperchio resistente, fondamentale per controllare il calore e ottenere cotture pi\u00f9 uniformi.<\/span><\/span><\/span><\/li>\n<li><span style=\"color: #0f1115;\"><span style=\"font-family: Open Sans, sans-serif;\"><span style=\"font-size: medium;\">Adatta a carbonella o legna, come vuole la tradizione delle buone grigliate.<\/span><\/span><\/span><\/li>\n<\/ul>\n<p><strong><span style=\"color: #0f1115;\"><span style=\"font-family: Open Sans, sans-serif;\"><span style=\"font-size: medium;\"><b>Complessit\u00e0 del montaggio<\/b><\/span><\/span><\/span><\/strong><\/p>\n<p><span style=\"color: #0f1115;\"><span style=\"font-family: Open Sans, sans-serif;\"><span style=\"font-size: medium;\">Il montaggio \u00e8 semplice e ben spiegato. Non ti imbatterai in pezzi strani. La struttura \u00e8 logica, stabile e facile da regolare. In poco tempo \u00e8 pronta all&#8217;uso.   <\/span><\/span><\/span><\/p>\n<p><span style=\"color: #0f1115;\"><span style=\"font-family: quote-cjk-patch, Inter, system-ui, apple-system, BlinkMacSystemFont, Segoe UI, Roboto, Oxygen, Ubuntu, Cantarell, Open Sans, Helvetica Neue, sans-serif;\"><span style=\"font-size: medium;\"><strong><span style=\"font-family: Open Sans, sans-serif;\">Le dimensioni e le ruote la rendono facile da spostare per posizionarla esattamente dove vuoi cucinare, che sia sotto un pergolato, vicino al tavolo in patio o in un angolo comodo all&#8217;aperto.<\/span><\/strong><\/span><\/span><\/span><\/p>\n<h2><span style=\"color: #666666; font-size: 14px;\">.<\/span><\/h2>\n<p data-start=\"2303\" data-end=\"2471\"><img loading=\"lazy\" decoding=\"async\" class=\"responsive-image aligncenter\" src=\"https:\/\/barbacoas-argentinas.com\/wp-content\/uploads\/2024\/07\/parrilla-tromen-hornero-ahuramdor-bbq.webp\" alt=\"Immagine di esempio\" width=\"400\" height=\"600\"><\/p>\n<p data-start=\"3427\" data-end=\"3786\">\n","protected":false},"excerpt":{"rendered":"<p><span style=\"font-size: 12pt; color: #000000;\">Specifiche tecniche dell&#8217;Hornero Grill.Griglia in ferro smaltato<\/span><br \/>\n<span style=\"font-size: 12pt; color: #000000;\"><strong>\u00b7<\/strong> Ruote sul lato destro<\/span><br \/>\n<span style=\"font-size: 12pt; color: #000000;\"><strong>\u00b7<\/strong>Coperchio superiore<\/span><br \/>\n<span style=\"font-size: 12pt; color: #000000;\"><strong>.Larghezza<\/strong>: 80 cm<\/span><br \/>\n<span style=\"font-size: 12pt; color: #000000;\"><strong>\u00b7Altezza: <\/strong>96,6 cm<\/span><br \/>\n<span style=\"font-size: 12pt; color: #000000;\"><strong>.Profondit\u00e0:<\/strong> 43,2 cm<\/span><br \/>\n<span style=\"font-size: 12pt; color: #000000;\"><strong>\u00b7Peso: <\/strong>26 kg<\/span><br \/>\n<span style=\"font-size: 12pt; color: #000000;\"><strong>\u00b7Superficie di cottura: <\/strong>66,2 cm di larghezza x 30,2 cm di profondit\u00e0<\/span><\/p>\n","protected":false},"featured_media":7160,"template":"","meta":{"_et_pb_use_builder":"","_et_pb_old_content":"","_et_gb_content_width":""},"product_brand":[],"product_cat":[237,222],"product_tag":[],"class_list":{"0":"post-7977","1":"product","2":"type-product","3":"status-publish","4":"has-post-thumbnail","6":"product_cat-barbecue-portatili","7":"product_cat-griglie-tromen","8":"product_shipping_class-parrillas-tromen-it","10":"first","11":"instock","12":"taxable","13":"shipping-taxable","14":"purchasable","15":"product-type-simple"},"_links":{"self":[{"href":"https:\/\/barbacoas-argentinas.com\/it\/wp-json\/wp\/v2\/product\/7977","targetHints":{"allow":["GET"]}}],"collection":[{"href":"https:\/\/barbacoas-argentinas.com\/it\/wp-json\/wp\/v2\/product"}],"about":[{"href":"https:\/\/barbacoas-argentinas.com\/it\/wp-json\/wp\/v2\/types\/product"}],"wp:featuredmedia":[{"embeddable":true,"href":"https:\/\/barbacoas-argentinas.com\/it\/wp-json\/wp\/v2\/media\/7160"}],"wp:attachment":[{"href":"https:\/\/barbacoas-argentinas.com\/it\/wp-json\/wp\/v2\/media?parent=7977"}],"wp:term":[{"taxonomy":"product_brand","embeddable":true,"href":"https:\/\/barbacoas-argentinas.com\/it\/wp-json\/wp\/v2\/product_brand?post=7977"},{"taxonomy":"product_cat","embeddable":true,"href":"https:\/\/barbacoas-argentinas.com\/it\/wp-json\/wp\/v2\/product_cat?post=7977"},{"taxonomy":"product_tag","embeddable":true,"href":"https:\/\/barbacoas-argentinas.com\/it\/wp-json\/wp\/v2\/product_tag?post=7977"}],"curies":[{"name":"wp","href":"https:\/\/api.w.org\/{rel}","templated":true}]}}