{"id":8788,"date":"2023-10-26T21:34:17","date_gmt":"2023-10-26T21:34:17","guid":{"rendered":"https:\/\/barbacoas-argentinas.com\/comprare-barbecue-a-calpe\/"},"modified":"2025-10-09T22:04:07","modified_gmt":"2025-10-09T22:04:07","slug":"comprare-barbecue-a-calpe","status":"publish","type":"page","link":"https:\/\/barbacoas-argentinas.com\/it\/comprare-barbecue-a-calpe\/","title":{"rendered":"Comprare Barbecue a Calpe"},"content":{"rendered":"<p>[et_pb_section fb_built=&#8221;1&#8243; fullwidth=&#8221;on&#8221; _builder_version=&#8221;4.23&#8243; _module_preset=&#8221;default&#8221; bottom_divider_flip=&#8221;horizontal|vertical&#8221; global_colors_info=&#8221;{}&#8221;][et_pb_fullwidth_image src=&#8221;https:\/\/barbacoas-argentinas.com\/wp-content\/uploads\/2023\/10\/comprar-barbacoa.webp&#8221; alt=&#8221;Acquista un barbecue a Calpe&#8221; title_text=&#8221;acquista il barbecue&#8221; _builder_version=&#8221;4.23&#8243; _module_preset=&#8221;default&#8221; global_colors_info=&#8221;{}&#8221;][\/et_pb_fullwidth_image][\/et_pb_section][et_pb_section fb_built=&#8221;1&#8243; _builder_version=&#8221;4.23&#8243; width=&#8221;100%&#8221; module_alignment=&#8221;center&#8221; global_colors_info=&#8221;{}&#8221;][et_pb_row _builder_version=&#8221;4.23&#8243; _module_preset=&#8221;default&#8221; width=&#8221;100%&#8221; module_alignment=&#8221;center&#8221; custom_margin=&#8221;-379px|auto||auto||&#8221; global_colors_info=&#8221;{}&#8221;][et_pb_column type=&#8221;4_4&#8243; _builder_version=&#8221;4.23&#8243; _module_preset=&#8221;default&#8221; global_colors_info=&#8221;{}&#8221;][et_pb_text _builder_version=&#8221;4.23&#8243; _module_preset=&#8221;default&#8221; header_font=&#8221;|800|||||||&#8221; header_text_align=&#8221;center&#8221; header_text_color=&#8221;#FFFFFF&#8221; header_font_size=&#8221;79px&#8221; custom_margin=&#8221;1px|||||&#8221; header_text_shadow_style=&#8221;preset2&#8243; header_text_shadow_color=&#8221;#000000&#8243; global_colors_info=&#8221;{}&#8221;]<\/p>\n<h1>Acquista un barbecue a Calpe<\/h1>\n<p>[\/et_pb_text][\/et_pb_column][\/et_pb_row][et_pb_row _builder_version=&#8221;4.23&#8243; _module_preset=&#8221;default&#8221; width=&#8221;95%&#8221; custom_margin=&#8221;186px|auto||auto||&#8221; global_colors_info=&#8221;{}&#8221;][et_pb_column type=&#8221;4_4&#8243; _builder_version=&#8221;4.23&#8243; _module_preset=&#8221;default&#8221; global_colors_info=&#8221;{}&#8221;][et_pb_text _builder_version=&#8221;4.23&#8243; _module_preset=&#8221;default&#8221; header_2_font=&#8221;|700|||||||&#8221; global_colors_info=&#8221;{}&#8221;]<\/p>\n<h2><a href=\"https:\/\/barbacoas-argentinas.com\/it\/\" title=\"Barbecue-Argentina\">Barbacoas-Argentinas.com<\/a>, negozio di barbecue a Calpe, Alicante, Spagna.<\/h2>\n<p>[\/et_pb_text][et_pb_text _builder_version=&#8221;4.23&#8243; _module_preset=&#8221;default&#8221; header_3_font_size=&#8221;34px&#8221; header_3_letter_spacing=&#8221;1px&#8221; header_3_line_height=&#8221;1.3em&#8221; global_colors_info=&#8221;{}&#8221;]<\/p>\n<h3 class=\"wp-block-heading\">Benvenuto nel nostro negozio di <strong>barbecue<\/strong>, il luogo ideale per <strong>acquistare un barbecue a Calpe<\/strong>. Siamo specializzati in <strong>barbecue da incasso<\/strong> e <strong>griglie in acciaio inox<\/strong> e offriamo un&#8217;ampia gamma di prodotti per soddisfare tutte le tue esigenze di barbecue. <\/h3>\n<p>[\/et_pb_text][et_pb_text _builder_version=&#8221;4.23&#8243; _module_preset=&#8221;default&#8221; text_font_size=&#8221;21px&#8221; global_colors_info=&#8221;{}&#8221;]<\/p>\n<p>Il <a href=\"https:\/\/barbacoas-argentinas.com\/obra\/\" title=\"barbecue da incasso\"><br \/>\n  <strong>barbecue da incasso<\/strong><br \/>\n<\/a> sono una scelta eccellente per chi cerca una soluzione permanente per le proprie esigenze di barbecue. Questi barbecue sono costruiti con materiali durevoli come mattoni e acciaio, che li rendono resistenti alle intemperie. Inoltre, il loro design permette di trattenere il calore in modo eccellente, garantendo una cottura uniforme.  <\/p>\n<p><!-- divi:paragraph --><\/p>\n<p>Il nostro <a href=\"\/?product_cat=parrillas_binelli\" title=\"griglie in acciaio inox\"><br \/>\n  <strong>griglie<\/strong><br \/>\n<\/a> sono un&#8217;altra scelta popolare tra i nostri clienti. Queste griglie sono note per la loro durata e facilit\u00e0 di pulizia. Sono resistenti alla corrosione, il che significa che queste griglie manterranno il loro aspetto anno dopo anno.  <\/p>\n<p>[\/et_pb_text][\/et_pb_column][\/et_pb_row][et_pb_row column_structure=&#8221;1_2,1_2&#8243; _builder_version=&#8221;4.23&#8243; _module_preset=&#8221;default&#8221; width=&#8221;95%&#8221; module_alignment=&#8221;center&#8221; custom_margin=&#8221;-22px|auto||auto||&#8221; custom_padding=&#8221;||0px|||&#8221; global_colors_info=&#8221;{}&#8221;][et_pb_column type=&#8221;1_2&#8243; _builder_version=&#8221;4.23&#8243; _module_preset=&#8221;default&#8221; global_colors_info=&#8221;{}&#8221;][et_pb_shop type=&#8221;product_category&#8221; posts_number=&#8221;2&#8243; include_categories=&#8221;98&#8243; show_name=&#8221;off&#8221; show_rating=&#8221;off&#8221; show_sale_badge=&#8221;off&#8221; _builder_version=&#8221;4.23&#8243; _module_preset=&#8221;default&#8221; title_font=&#8221;|700|||||||&#8221; title_text_align=&#8221;center&#8221; text_orientation=&#8221;center&#8221; module_alignment=&#8221;center&#8221; border_width_all_image=&#8221;2px&#8221; border_color_all_image=&#8221;#00798E&#8221; global_colors_info=&#8221;{}&#8221;][\/et_pb_shop][\/et_pb_column][et_pb_column type=&#8221;1_2&#8243; _builder_version=&#8221;4.23&#8243; _module_preset=&#8221;default&#8221; global_colors_info=&#8221;{}&#8221;][et_pb_text _builder_version=&#8221;4.23&#8243; _module_preset=&#8221;default&#8221; custom_margin=&#8221;-9px|||||&#8221; custom_padding=&#8221;||1px|||&#8221; global_colors_info=&#8221;{}&#8221;]<\/p>\n<p><!-- divi:paragraph -->Oltre ai nostri barbecue da incasso e alle griglie in acciaio inox, offriamo anche una serie di altri prodotti per il barbecue. Tra questi, il <strong>carbone per barbecue<\/strong>, perfetto per dare ai tuoi piatti il classico sapore di affumicato, e i <strong>cassetti per barbecue<\/strong>, ideali per tenere in ordine i tuoi utensili da barbecue. <\/p>\n<p>Sappiamo anche che accendere un barbecue pu\u00f2 essere una sfida, soprattutto per i principianti. Ecco perch\u00e9 il nostro personale esperto \u00e8 sempre a disposizione per offrire consigli su come accendere un barbecue a carbonella. <\/p>\n<p><span style=\"font-size: 14px;\">In breve, se stai cercando di <\/span><strong style=\"font-size: 14px;\">di acquistare un barbecue a Calpe<\/strong><span style=\"font-size: 14px;\">il nostro negozio \u00e8 il luogo ideale. Offriamo un&#8217;ampia gamma di prodotti, prezzi competitivi e un servizio clienti eccezionale. <\/span><\/p>\n<p><!-- \/divi:paragraph --><!-- divi:paragraph --><\/p>\n<p>[\/et_pb_text][\/et_pb_column][\/et_pb_row][et_pb_row _builder_version=&#8221;4.23&#8243; _module_preset=&#8221;default&#8221; width=&#8221;96%&#8221; module_alignment=&#8221;center&#8221; custom_margin=&#8221;-27px|auto||auto||&#8221; custom_padding=&#8221;0px||0px|||&#8221; global_colors_info=&#8221;{}&#8221;][et_pb_column type=&#8221;4_4&#8243; _builder_version=&#8221;4.23&#8243; _module_preset=&#8221;default&#8221; global_colors_info=&#8221;{}&#8221;][et_pb_image src=&#8221;https:\/\/barbacoas-argentinas.com\/wp-content\/uploads\/2024\/08\/Scalapay_banner-online_leaderboard_970x90_ES_04@2x-1920&#215;178-1.webp&#8221; alt=&#8221;Scalapay_banner-square&#8221; title_text=&#8221;Scalapay_banner-square-travel-1080x1080_ES_04@2x-1920&#215;1920&#8243; align=&#8221;center&#8221; _builder_version=&#8221;4.25.1&#8243; _module_preset=&#8221;default&#8221; custom_margin=&#8221;||0px|||&#8221; hover_enabled=&#8221;0&#8243; global_colors_info=&#8221;{}&#8221; src_last_edited=&#8221;on|phone&#8221; sticky_enabled=&#8221;0&#8243; src_phone=&#8221;https:\/\/barbacoas-argentinas.com\/wp-content\/uploads\/2024\/08\/Scalapay_banner-square-travel-1080x1080_ES_04@2x-1920&#215;1920-1.webp&#8221; src_tablet=&#8221;https:\/\/barbacoas-argentinas.com\/wp-content\/uploads\/2024\/08\/Scalapay_banner-online_leaderboard_970x90_ES_04@2x-1920&#215;178-1.webp&#8221;][\/et_pb_image][et_pb_cta title=&#8221;Finanzia il tuo Barbecue fino a 12 mesi senza interessi!&#8221; button_url=&#8221;https:\/\/barbacoas-argentinas.com\/financiacion-a-medida\/&#8221; url_new_window=&#8221;on&#8221; button_text=&#8221;Voglio maggiori informazioni&#8221; _builder_version=&#8221;4.23&#8243; _module_preset=&#8221;default&#8221; header_font=&#8221;|700|||||||&#8221; header_text_color=&#8221;#000000&#8243; body_font=&#8221;|600|||||||&#8221; body_text_align=&#8221;center&#8221; body_text_color=&#8221;#000000&#8243; background_enable_color=&#8221;off&#8221; custom_padding=&#8221;15px||5px|||&#8221; global_colors_info=&#8221;{}&#8221;]<\/p>\n<p><span>Compra ora e paga dopo. Non importa se in un negozio online o fisico, la tua carta verr\u00e0 addebitata ogni mese. Personalizza i tuoi pagamenti e non lasciare che nulla ti limiti quando si tratta di realizzare i tuoi desideri.  <\/span><\/p>\n<p>[\/et_pb_cta][\/et_pb_column][\/et_pb_row][et_pb_row _builder_version=&#8221;4.23&#8243; _module_preset=&#8221;default&#8221; width=&#8221;95%&#8221; module_alignment=&#8221;center&#8221; custom_padding=&#8221;10px||0px|||&#8221; global_colors_info=&#8221;{}&#8221;][et_pb_column type=&#8221;4_4&#8243; _builder_version=&#8221;4.23&#8243; _module_preset=&#8221;default&#8221; global_colors_info=&#8221;{}&#8221;][et_pb_text _builder_version=&#8221;4.23&#8243; _module_preset=&#8221;default&#8221; header_2_font=&#8221;|700|||||||&#8221; global_colors_info=&#8221;{}&#8221;]<\/p>\n<h2 class=\"wp-block-heading\">10 motivi per acquistare oggi un barbecue a Calpe<\/h2>\n<p>[\/et_pb_text][\/et_pb_column][\/et_pb_row][et_pb_row column_structure=&#8221;1_2,1_2&#8243; _builder_version=&#8221;4.23&#8243; _module_preset=&#8221;default&#8221; width=&#8221;95%&#8221; width_tablet=&#8221;95%&#8221; width_phone=&#8221;95%&#8221; width_last_edited=&#8221;on|phone&#8221; global_colors_info=&#8221;{}&#8221;][et_pb_column type=&#8221;1_2&#8243; _builder_version=&#8221;4.23&#8243; _module_preset=&#8221;default&#8221; global_colors_info=&#8221;{}&#8221; custom_css_main_element_last_edited=&#8221;on|phone&#8221; custom_css_main_element_tablet=&#8221;width: 50% ! important;&#8221; custom_css_main_element_phone=&#8221;width: 100% ! important;&#8221;][et_pb_text _builder_version=&#8221;4.23&#8243; _module_preset=&#8221;default&#8221; text_font_size=&#8221;18px&#8221; text_letter_spacing=&#8221;1px&#8221; text_line_height=&#8221;1.8em&#8221; custom_padding=&#8221;19px|||||&#8221; global_colors_info=&#8221;{}&#8221;]<!-- divi:paragraph --><\/p>\n<p>Se stai cercando di <strong>acquistare un barbecue a Calpe<\/strong>, sei nel posto giusto. Il nostro negozio di barbecue offre una vasta gamma di opzioni, dai barbecue a carbonella alle griglie in acciaio inox. Ecco dieci motivi per cui dovresti prendere in considerazione l&#8217;acquisto del tuo prossimo barbecue da noi.  <\/p>\n<p>[\/et_pb_text][\/et_pb_column][et_pb_column type=&#8221;1_2&#8243; _builder_version=&#8221;4.23&#8243; _module_preset=&#8221;default&#8221; global_colors_info=&#8221;{}&#8221; custom_css_main_element_last_edited=&#8221;on|phone&#8221; custom_css_main_element_tablet=&#8221;width: 50% ! important;&#8221; custom_css_main_element_phone=&#8221;width: 100% ! important;&#8221;][et_pb_image src=&#8221;https:\/\/barbacoas-argentinas.com\/wp-content\/uploads\/2023\/09\/tienda_barbacoas_argentinas.webp&#8221; alt=&#8221;Negozio di barbecue argentino&#8221; title_text=&#8221;negozio_barbecue_argentino&#8221; disabled_on=&#8221;on|on|off&#8221; _builder_version=&#8221;4.23&#8243; _module_preset=&#8221;default&#8221; custom_padding=&#8221;|53px||145px||&#8221; global_colors_info=&#8221;{}&#8221;][\/et_pb_image][et_pb_image src=&#8221;https:\/\/barbacoas-argentinas.com\/wp-content\/uploads\/2023\/09\/tienda_barbacoas_argentinas.webp&#8221; alt=&#8221;Negozio di barbecue argentino&#8221; title_text=&#8221;negozio_barbecue_argentino&#8221; disabled_on=&#8221;off|on|on&#8221; _builder_version=&#8221;4.23&#8243; _module_preset=&#8221;default&#8221; custom_padding=&#8221;|0px||4px||&#8221; global_colors_info=&#8221;{}&#8221;][\/et_pb_image][\/et_pb_column][\/et_pb_row][et_pb_row _builder_version=&#8221;4.23&#8243; _module_preset=&#8221;default&#8221; width=&#8221;95%&#8221; module_alignment=&#8221;center&#8221; global_colors_info=&#8221;{}&#8221;][et_pb_column type=&#8221;4_4&#8243; _builder_version=&#8221;4.23&#8243; _module_preset=&#8221;default&#8221; global_colors_info=&#8221;{}&#8221;][et_pb_text _builder_version=&#8221;4.23&#8243; _module_preset=&#8221;default&#8221; text_font_size=&#8221;17px&#8221; text_letter_spacing=&#8221;1px&#8221; text_line_height=&#8221;1.8em&#8221; header_3_font=&#8221;|700|||||||&#8221; global_colors_info=&#8221;{}&#8221;]<\/p>\n<h3 class=\"wp-block-heading\">1. Ampia gamma di barbecue<\/h3>\n<p><!-- \/divi:heading --><\/p>\n<p>Offriamo un&#8217;ampia gamma di <strong>barbecue<\/strong>, tra cui barbecue a carbonella, barbecue portatili e moderni barbecue da incasso. Offriamo anche box per barbecue e griglie in acciaio inox. <\/p>\n<p><!-- divi:paragraph --><\/p>\n<p>[\/et_pb_text][et_pb_wc_related_products include_categories=&#8221;98&#8243; _builder_version=&#8221;4.23&#8243; _module_preset=&#8221;default&#8221; global_colors_info=&#8221;{}&#8221;][\/et_pb_wc_related_products][et_pb_text _builder_version=&#8221;4.23&#8243; _module_preset=&#8221;default&#8221; text_font_size=&#8221;17px&#8221; text_letter_spacing=&#8221;1px&#8221; text_line_height=&#8221;1.8em&#8221; header_3_font=&#8221;|700|||||||&#8221; global_colors_info=&#8221;{}&#8221;]<\/p>\n<h3 class=\"wp-block-heading\">2. Barbecue a carbonella<\/h3>\n<p><!-- \/divi:heading --><!-- divi:paragraph --><\/p>\n<p>I nostri <strong>barbecue a carbonella<\/strong> sono perfetti per chi cerca il classico sapore di fumo. Inoltre, offriamo carbone per barbecue di alta qualit\u00e0 per garantire i migliori risultati. <\/p>\n<p>[\/et_pb_text][et_pb_text _builder_version=&#8221;4.23&#8243; _module_preset=&#8221;default&#8221; header_3_font=&#8221;|700|||||||&#8221; header_3_font_size=&#8221;17px&#8221; global_colors_info=&#8221;{}&#8221;]<\/p>\n<h3><span style=\"font-size: 26px;\">3. Griglie  <\/span><\/h3>\n<p><span style=\"font-size: 14px;\">Il nostro <\/span><strong style=\"font-size: 14px;\">griglie<\/strong><span style=\"font-size: 14px;\">  sono resistenti e facili da pulire. Sono perfetti per arrostire il pollo o qualsiasi altro tipo di carne. <\/span><\/p>\n<p>[\/et_pb_text][et_pb_text _builder_version=&#8221;4.23&#8243; _module_preset=&#8221;default&#8221; global_colors_info=&#8221;{}&#8221;]<\/p>\n<p><span style=\"font-size: 26px;\">4. Prezzi competitivi<\/span><\/p>\n<p> <span style=\"font-size: 14px;\">Offriamo <\/span><strong style=\"font-size: 14px;\">barbecue a prezzi competitivi<\/strong><span style=\"font-size: 14px;\">  e persino un finanziamento con Pepper. Crediamo che tutti debbano avere accesso a un barbecue di alta qualit\u00e0 senza spendere troppo. <\/span><\/p>\n<p>[\/et_pb_text][et_pb_text _builder_version=&#8221;4.23&#8243; _module_preset=&#8221;default&#8221; global_colors_info=&#8221;{}&#8221;]<\/p>\n<p><span style=\"font-size: 26px;\">5. Barbecue portatili<\/span><\/p>\n<p> <span style=\"font-size: 14px;\">Per chi ama l&#8217;avventura, offriamo <\/span><strong style=\"font-size: 14px;\">barbecue portatili<\/strong><span style=\"font-size: 14px;\">. Sono facili da trasportare e perfetti per i picnic o le gite in spiaggia.<\/span><\/p>\n<p>[\/et_pb_text][et_pb_text _builder_version=&#8221;4.23&#8243; _module_preset=&#8221;default&#8221; global_colors_info=&#8221;{}&#8221;]<\/p>\n<p><span style=\"font-size: 26px;\">6. Servizio clienti eccellente<\/span><\/p>\n<p> <span style=\"font-size: 14px;\">Il nostro team \u00e8 sempre felice di aiutarti a trovare il barbecue perfetto per le tue esigenze.<\/span><\/p>\n<p>[\/et_pb_text][et_pb_text _builder_version=&#8221;4.23&#8243; _module_preset=&#8221;default&#8221; global_colors_info=&#8221;{}&#8221;]<\/p>\n<p><span style=\"font-size: 26px;\">7. Posizione comoda<\/span><\/p>\n<p> <span style=\"font-size: 14px;\">Il nostro <\/span><strong style=\"font-size: 14px;\">negozio di barbecue a Calpe<\/strong><span style=\"font-size: 14px;\"> \u00e8 facilmente raggiungibile, il che rende gli acquisti con noi un processo semplice e conveniente.<\/span><\/p>\n<p>[\/et_pb_text][et_pb_text _builder_version=&#8221;4.23&#8243; _module_preset=&#8221;default&#8221; global_colors_info=&#8221;{}&#8221;]<\/p>\n<p><span style=\"font-size: 26px;\">8. Barbecue con forno a legna<\/span><\/p>\n<p> <span style=\"font-size: 14px;\">Per gli amanti della pizza, offriamo <\/span><strong style=\"font-size: 14px;\">barbecue con forno a legna<\/strong><span style=\"font-size: 14px;\">. Puoi cucinare pizze fatte in casa, pane e molto altro ancora con questi versatili barbecue.<\/span><\/p>\n<p>[\/et_pb_text][et_pb_text _builder_version=&#8221;4.23&#8243; _module_preset=&#8221;default&#8221; global_colors_info=&#8221;{}&#8221;]<\/p>\n<p><span style=\"font-size: 26px;\">9. Consigli degli esperti<\/span><\/p>\n<p> <span style=\"font-size: 14px;\">Il nostro staff di esperti pu\u00f2 consigliarti come accendere un barbecue a carbonella, come mantenerlo e molto altro ancora.<\/span><\/p>\n<p>[\/et_pb_text][et_pb_text _builder_version=&#8221;4.23&#8243; _module_preset=&#8221;default&#8221; global_colors_info=&#8221;{}&#8221;]<\/p>\n<h2 class=\"wp-block-heading\">10. Soddisfazione garantita<\/h2>\n<p> <span style=\"font-size: 14px;\">Ci impegniamo a garantire la soddisfazione del cliente in tutte le nostre vendite di barbecue.<\/span><\/p>\n<p>[\/et_pb_text][\/et_pb_column][\/et_pb_row][et_pb_row _builder_version=&#8221;4.16&#8243; background_size=&#8221;initial&#8221; background_position=&#8221;top_left&#8221; background_repeat=&#8221;repeat&#8221; custom_margin=&#8221;0px|auto||auto||&#8221; custom_padding=&#8221;28px|||||&#8221; global_colors_info=&#8221;{}&#8221;][et_pb_column type=&#8221;4_4&#8243; _builder_version=&#8221;4.16&#8243; custom_padding=&#8221;|||&#8221; global_colors_info=&#8221;{}&#8221; custom_padding__hover=&#8221;|||&#8221;][et_pb_text _builder_version=&#8221;4.16&#8243; background_size=&#8221;initial&#8221; background_position=&#8221;top_left&#8221; background_repeat=&#8221;repeat&#8221; global_colors_info=&#8221;{}&#8221;]<!-- divi:heading --><!-- divi:heading --><!-- \/divi:paragraph --><!-- divi:heading --><\/p>\n<p>&nbsp;<\/p>\n<p> <span style=\"font-size: 14px;\">se stai cercando di <\/span><strong style=\"font-size: 14px;\">acquistare un barbecue a Calpe<\/strong><span style=\"font-size: 14px;\">il nostro negozio \u00e8 il luogo ideale. Offriamo un&#8217;ampia gamma di prodotti, prezzi competitivi e un servizio clienti eccezionale. <\/span><\/p>\n<p> <span style=\"font-size: 14px;\">Inoltre, non siamo solo un negozio fisico. Siamo anche un negozio online e possiamo consegnare i tuoi acquisti direttamente a casa tua. Visita il nostro sito web per esplorare la nostra gamma completa di prodotti.  <\/span><\/p>\n<p> <strong style=\"font-size: 14px;\">Non aspettare oltre! Vieni a trovarci oggi stesso o visita il nostro sito per scoprire il barbecue perfetto per te, ti aspettiamo a braccia aperte!  <\/strong><\/p>\n<p>&nbsp;<\/p>\n<p>&nbsp;<\/p>\n<p>&nbsp;<\/p>\n<p><!-- \/divi:paragraph -->[\/et_pb_text][\/et_pb_column][\/et_pb_row][\/et_pb_section]<\/p>\n","protected":false},"excerpt":{"rendered":"<p>Acquista un barbecue a CalpeBarbacoas-Argentinas.com, negozio di barbecue a Calpe, Alicante, Spagna.Benvenuto nel nostro negozio di barbecue, il luogo ideale per acquistare un barbecue a Calpe. Siamo specializzati in barbecue da incasso e griglie in acciaio inox e offriamo un&#8217;ampia gamma di prodotti per soddisfare tutte le tue esigenze di barbecue. Il barbecue da incasso [&hellip;]<\/p>\n","protected":false},"author":1,"featured_media":0,"parent":0,"menu_order":0,"comment_status":"closed","ping_status":"closed","template":"","meta":{"_et_pb_use_builder":"on","_et_pb_old_content":"","_et_gb_content_width":"","footnotes":""},"class_list":["post-8788","page","type-page","status-publish","hentry"],"_links":{"self":[{"href":"https:\/\/barbacoas-argentinas.com\/it\/wp-json\/wp\/v2\/pages\/8788","targetHints":{"allow":["GET"]}}],"collection":[{"href":"https:\/\/barbacoas-argentinas.com\/it\/wp-json\/wp\/v2\/pages"}],"about":[{"href":"https:\/\/barbacoas-argentinas.com\/it\/wp-json\/wp\/v2\/types\/page"}],"author":[{"embeddable":true,"href":"https:\/\/barbacoas-argentinas.com\/it\/wp-json\/wp\/v2\/users\/1"}],"replies":[{"embeddable":true,"href":"https:\/\/barbacoas-argentinas.com\/it\/wp-json\/wp\/v2\/comments?post=8788"}],"version-history":[{"count":0,"href":"https:\/\/barbacoas-argentinas.com\/it\/wp-json\/wp\/v2\/pages\/8788\/revisions"}],"wp:attachment":[{"href":"https:\/\/barbacoas-argentinas.com\/it\/wp-json\/wp\/v2\/media?parent=8788"}],"curies":[{"name":"wp","href":"https:\/\/api.w.org\/{rel}","templated":true}]}}