{"id":7534,"date":"2023-09-19T09:29:15","date_gmt":"2023-09-19T09:29:15","guid":{"rendered":"https:\/\/barbacoas-argentinas.com\/barbecue-tromen\/"},"modified":"2025-05-27T08:33:05","modified_gmt":"2025-05-27T08:33:05","slug":"barbecue-tromen","status":"publish","type":"page","link":"https:\/\/barbacoas-argentinas.com\/it\/barbecue-tromen\/","title":{"rendered":"Barbecue Tromen"},"content":{"rendered":"\n[et_pb_section fb_built=&#8221;1&#8243; _builder_version=&#8221;4.22.1&#8243; _module_preset=&#8221;default&#8221; background_color=&#8221;#FFFFFF&#8221; custom_padding=&#8221;0px||0px|||&#8221; global_colors_info=&#8221;{}&#8221;][et_pb_row _builder_version=&#8221;4.22.1&#8243; _module_preset=&#8221;default&#8221; global_colors_info=&#8221;{}&#8221;][et_pb_column type=&#8221;4_4&#8243; _builder_version=&#8221;4.22.1&#8243; _module_preset=&#8221;default&#8221; global_colors_info=&#8221;{}&#8221;][et_pb_image src=&#8221;https:\/\/barbacoas-argentinas.com\/wp-content\/uploads\/2023\/09\/logo-tromen-fuego1000-trans.gif&#8221; alt=&#8221;Tromeno fiammeggiante&#8221; title_text=&#8221;logo tromen fuego1000 trans&#8221; align=&#8221;center&#8221; _builder_version=&#8221;4.22.1&#8243; _module_preset=&#8221;default&#8221; background_color=&#8221;RGBA(255,255,255,0)&#8221; custom_margin=&#8221;-26px|||||&#8221; global_colors_info=&#8221;{}&#8221;][\/et_pb_image][\/et_pb_column][\/et_pb_row][\/et_pb_section][et_pb_section fb_built=&#8221;1&#8243; _builder_version=&#8221;4.22.1&#8243; _module_preset=&#8221;default&#8221; background_color=&#8221;#FFFFFF&#8221; custom_margin=&#8221;-23px|||||&#8221; global_colors_info=&#8221;{}&#8221;][et_pb_row _builder_version=&#8221;4.22.1&#8243; _module_preset=&#8221;default&#8221; custom_margin=&#8221;-60px|auto||auto||&#8221; global_colors_info=&#8221;{}&#8221;][et_pb_column type=&#8221;4_4&#8243; _builder_version=&#8221;4.22.1&#8243; _module_preset=&#8221;default&#8221; global_colors_info=&#8221;{}&#8221;][et_pb_text _builder_version=&#8221;4.22.1&#8243; _module_preset=&#8221;default&#8221; text_font=&#8221;|700|||||||&#8221; text_text_color=&#8221;#FFFFFF&#8221; text_orientation=&#8221;center&#8221; global_colors_info=&#8221;{}&#8221;]<h1><strong>Tromen: il barbecue argentino di alta qualit\u00e0 che cercavi<\/strong><\/h1>[\/et_pb_text][et_pb_text _builder_version=&#8221;4.27.4&#8243; _module_preset=&#8221;default&#8221; text_font_size=&#8221;19px&#8221; text_orientation=&#8221;center&#8221; custom_margin=&#8221;|-1px||||&#8221; custom_padding=&#8221;|4px||||&#8221; hover_enabled=&#8221;0&#8243; global_colors_info=&#8221;{}&#8221; sticky_enabled=&#8221;0&#8243;]<p data-sourcepos=\"5:1-5:180\" style=\"text-align: justify;\">Vuoi gustare i tuoi pasti all&#8217;aperto con i migliori sapori? Allora il barbecue Tromen \u00e8 la scelta perfetta per te. <\/p>\n<p data-sourcepos=\"5:1-5:180\" style=\"text-align: justify;\">Siamo Tromen Spagna, distributori ufficiali Tromen per la Spagna e l&#8217;Europa.<\/p>\n<p data-sourcepos=\"7:1-7:165\" style=\"text-align: justify;\">Tromen \u00e8 un marchio argentino leader nel mercato dei barbecue. I suoi prodotti sono realizzati con materiali di alta qualit\u00e0 e offrono prestazioni eccellenti. <\/p>[\/et_pb_text][\/et_pb_column][\/et_pb_row][et_pb_row column_structure=&#8221;1_2,1_2&#8243; _builder_version=&#8221;4.22.1&#8243; _module_preset=&#8221;default&#8221; custom_margin=&#8221;-11px|auto||auto||&#8221; custom_padding=&#8221;5px|||||&#8221; global_colors_info=&#8221;{}&#8221;][et_pb_column type=&#8221;1_2&#8243; _builder_version=&#8221;4.22.1&#8243; _module_preset=&#8221;default&#8221; global_colors_info=&#8221;{}&#8221;][et_pb_image src=&#8221;https:\/\/barbacoas-argentinas.com\/wp-content\/uploads\/2023\/09\/Tromen_duomo_oval.webp&#8221; alt=&#8221;Duomo Ovale&#8221; title_text=&#8221;Tromen_duomo_oval&#8221; _builder_version=&#8221;4.22.1&#8243; _module_preset=&#8221;default&#8221; custom_padding=&#8221;38px|||||&#8221; global_colors_info=&#8221;{}&#8221;][\/et_pb_image][\/et_pb_column][et_pb_column type=&#8221;1_2&#8243; _builder_version=&#8221;4.22.1&#8243; _module_preset=&#8221;default&#8221; global_colors_info=&#8221;{}&#8221;][et_pb_text _builder_version=&#8221;4.22.1&#8243; _module_preset=&#8221;default&#8221; global_colors_info=&#8221;{}&#8221;]<h2><span>Materiali di alta qualit\u00e0<\/span><\/h2>[\/et_pb_text][et_pb_text _builder_version=&#8221;4.22.1&#8243; _module_preset=&#8221;default&#8221; custom_margin=&#8221;-18px|-19px||||&#8221; global_colors_info=&#8221;{}&#8221;]<p data-sourcepos=\"17:1-17:192\" style=\"text-align: justify;\">I barbecue Tromen sono realizzati con materiali di alta qualit\u00e0 come acciaio inox, ghisa e mattoni refrattari. Questo garantisce una maggiore durata e prestazioni migliori. <\/p>\n<p style=\"text-align: justify;\">Acciaio inox: l \u201cacciaio inox \u00e8 un materiale resistente alla corrosione e all\u201d usura. \u00c8 l \u201cideale per i barbecue, perch\u00e9 pu\u00f2 resistere alle alte temperature e all\u201d umidit\u00e0. <\/p>\n<p style=\"text-align: justify;\">Ghisa: la ghisa \u00e8 un materiale resistente e in grado di trattenere il calore. \u00c8 ideale per i barbecue, perch\u00e9 permette di cucinare ad alte temperature e di ottenere carni succose e saporite. <\/p>\n<p style=\"text-align: justify;\">Mattone refrattario: il mattone refrattario \u00e8 un materiale che resiste alle alte temperature. \u00c8 ideale per i barbecue, perch\u00e9 permette di distribuire il calore in modo uniforme. <\/p>[\/et_pb_text][\/et_pb_column][\/et_pb_row][et_pb_row column_structure=&#8221;1_2,1_2&#8243; _builder_version=&#8221;4.22.1&#8243; _module_preset=&#8221;default&#8221; global_colors_info=&#8221;{}&#8221;][et_pb_column type=&#8221;1_2&#8243; _builder_version=&#8221;4.22.1&#8243; _module_preset=&#8221;default&#8221; global_colors_info=&#8221;{}&#8221;][et_pb_text _builder_version=&#8221;4.22.1&#8243; _module_preset=&#8221;default&#8221; global_colors_info=&#8221;{}&#8221;]<h2><span>Design moderno e funzionale<\/span><\/h2>[\/et_pb_text][et_pb_text _builder_version=&#8221;4.22.1&#8243; _module_preset=&#8221;default&#8221; width=&#8221;100%&#8221; global_colors_info=&#8221;{}&#8221;]<p data-sourcepos=\"25:1-25:89\" style=\"text-align: justify;\">I barbecue Tromen hanno un design moderno e funzionale. Sono facili da usare e da pulire. <\/p>\n<p style=\"text-align: justify;\">Design compatto: i barbecue Tromen sono disponibili in diverse dimensioni, per soddisfare le esigenze di tutti gli utenti.<\/p>\n<p style=\"text-align: justify;\">Design ergonomico: i barbecue Tromen sono progettati in modo ergonomico per facilitare l&#8217;utilizzo.<\/p>\n<p style=\"text-align: justify;\">Design facile da pulire: i barbecue Tromen sono realizzati con materiali facili da pulire.<\/p>[\/et_pb_text][\/et_pb_column][et_pb_column type=&#8221;1_2&#8243; _builder_version=&#8221;4.22.1&#8243; _module_preset=&#8221;default&#8221; global_colors_info=&#8221;{}&#8221;][et_pb_image src=&#8221;https:\/\/barbacoas-argentinas.com\/wp-content\/uploads\/2023\/09\/PARRILLA-OVAL-2.webp&#8221; alt=&#8221;Griglia ovale&#8221; title_text=&#8221;GRIGLIA OVALE 2&#8243; _builder_version=&#8221;4.22.1&#8243; _module_preset=&#8221;default&#8221; custom_padding=&#8221;||0px|||&#8221; global_colors_info=&#8221;{}&#8221;][\/et_pb_image][\/et_pb_column][\/et_pb_row][et_pb_row column_structure=&#8221;1_2,1_2&#8243; _builder_version=&#8221;4.22.1&#8243; _module_preset=&#8221;default&#8221; global_colors_info=&#8221;{}&#8221;][et_pb_column type=&#8221;1_2&#8243; _builder_version=&#8221;4.22.1&#8243; _module_preset=&#8221;default&#8221; global_colors_info=&#8221;{}&#8221;][et_pb_image src=&#8221;https:\/\/barbacoas-argentinas.com\/wp-content\/uploads\/2023\/09\/ceibo.webp&#8221; alt=&#8221;Prestazioni dei barbecue Tromen&#8221; title_text=&#8221;kapok&#8221; _builder_version=&#8221;4.22.2&#8243; _module_preset=&#8221;default&#8221; global_colors_info=&#8221;{}&#8221;][\/et_pb_image][\/et_pb_column][et_pb_column type=&#8221;1_2&#8243; _builder_version=&#8221;4.22.1&#8243; _module_preset=&#8221;default&#8221; global_colors_info=&#8221;{}&#8221;][et_pb_text _builder_version=&#8221;4.22.1&#8243; _module_preset=&#8221;default&#8221; global_colors_info=&#8221;{}&#8221;]<h2><span>Prestazioni eccellenti<\/span><\/h2>[\/et_pb_text][et_pb_text _builder_version=&#8221;4.22.1&#8243; _module_preset=&#8221;default&#8221; global_colors_info=&#8221;{}&#8221;]<p data-sourcepos=\"33:1-33:149\" style=\"text-align: justify;\">I barbecue Tromen offrono prestazioni eccellenti. Sono in grado di cuocere ad alte temperature, ottenendo carni succose e gustose. <\/p>\n<p style=\"text-align: justify;\">Temperatura uniforme: I barbecue Tromen distribuiscono il calore in modo uniforme, permettendo di cuocere alla perfezione qualsiasi tipo di carne.<\/p>\n<p style=\"text-align: justify;\">Potenza di cottura: I barbecue Tromen offrono un&#8217;elevata potenza di cottura, che ti permette di cucinare velocemente grandi quantit\u00e0 di cibo.<\/p>\n<p style=\"text-align: justify;\">Versatilit\u00e0: i barbecue Tromen ti permettono di cucinare un&#8217;ampia variet\u00e0 di cibi, dalla carne al pesce e alle verdure.<\/p>[\/et_pb_text][\/et_pb_column][\/et_pb_row][et_pb_row column_structure=&#8221;3_5,2_5&#8243; _builder_version=&#8221;4.22.1&#8243; _module_preset=&#8221;default&#8221; global_colors_info=&#8221;{}&#8221;][et_pb_column type=&#8221;3_5&#8243; _builder_version=&#8221;4.22.1&#8243; _module_preset=&#8221;default&#8221; global_colors_info=&#8221;{}&#8221;][et_pb_text _builder_version=&#8221;4.22.1&#8243; _module_preset=&#8221;default&#8221; global_colors_info=&#8221;{}&#8221;]<h3><span>Vantaggi dei barbecue Tromen<\/span><\/h3>[\/et_pb_text][et_pb_text _builder_version=&#8221;4.22.1&#8243; _module_preset=&#8221;default&#8221; global_colors_info=&#8221;{}&#8221;]<h3><span>Sapore argentino<\/span><\/h3>[\/et_pb_text][et_pb_text _builder_version=&#8221;4.22.1&#8243; _module_preset=&#8221;default&#8221; global_colors_info=&#8221;{}&#8221;]<p data-sourcepos=\"51:1-51:176\" style=\"text-align: justify;\">I barbecue Tromen ti permettono di gustare l&#8217;autentico sapore argentino. Il suo sistema di grigliatura permette di sigillare i succhi della carne, conferendole un sapore unico. <\/p>\n<p style=\"text-align: justify;\">Sapore intenso: i barbecue Tromen permettono di cucinare ad alte temperature, il che esalta il sapore dei cibi.<\/p>\n<p style=\"text-align: justify;\">Sapore affumicato: i barbecue Tromen possono essere utilizzati per affumicare i cibi, conferendo loro un sapore pi\u00f9 intenso.<\/p>\n<p style=\"text-align: justify;\">Gusto personalizzato: i barbecue Tromen ti permettono di personalizzare il sapore dei tuoi cibi utilizzando diversi tipi di legno per l&#8217;affumicatura.<\/p>[\/et_pb_text][et_pb_text _builder_version=&#8221;4.22.1&#8243; _module_preset=&#8221;default&#8221; global_colors_info=&#8221;{}&#8221;]<h2><span>Facilit\u00e0 d&#8217;uso<\/span><\/h2>[\/et_pb_text][et_pb_text _builder_version=&#8221;4.22.1&#8243; _module_preset=&#8221;default&#8221; global_colors_info=&#8221;{}&#8221;]<p data-sourcepos=\"59:1-59:104\" style=\"text-align: justify;\">I barbecue Tromen sono facili da usare. Non sono necessarie conoscenze particolari per utilizzarli. <\/p>\n<p style=\"text-align: justify;\">Istruzioni chiare: i barbecue Tromen sono dotati di istruzioni chiare per facilitarne l&#8217;uso.<\/p>\n<p style=\"text-align: justify;\">Componenti intuitivi: I componenti dei barbecue Tromen sono intuitivi e quindi facili da usare.<\/p>\n<p style=\"text-align: justify;\">Facile manutenzione: i barbecue Tromen sono facili da mantenere.<\/p>[\/et_pb_text][et_pb_text _builder_version=&#8221;4.22.1&#8243; _module_preset=&#8221;default&#8221; global_colors_info=&#8221;{}&#8221;]<h3><span>Durata<\/span><\/h3>[\/et_pb_text][et_pb_text _builder_version=&#8221;4.22.1&#8243; _module_preset=&#8221;default&#8221; global_colors_info=&#8221;{}&#8221;]<p data-sourcepos=\"67:1-67:109\" style=\"text-align: justify;\">I barbecue Tromen sono realizzati con materiali di alta qualit\u00e0, che garantiscono una maggiore durata.<\/p>\n<p style=\"text-align: justify;\">Garanzia: I barbecue Tromen sono garantiti per 2 anni.<\/p>\n<p style=\"text-align: justify;\">Resistenza all&#8217;usura: i barbecue Tromen sono progettati per resistere all&#8217;usura dell&#8217;uso.<\/p>[\/et_pb_text][\/et_pb_column][et_pb_column type=&#8221;2_5&#8243; _builder_version=&#8221;4.22.1&#8243; _module_preset=&#8221;default&#8221; global_colors_info=&#8221;{}&#8221;][et_pb_image src=&#8221;https:\/\/barbacoas-argentinas.com\/wp-content\/uploads\/2023\/09\/20-Anos-Tromen.webp&#8221; alt=&#8221;20 anni Tromen&#8221; title_text=&#8221;20 anni Tromen&#8221; _builder_version=&#8221;4.22.2&#8243; _module_preset=&#8221;default&#8221; global_colors_info=&#8221;{}&#8221;][\/et_pb_image][\/et_pb_column][\/et_pb_row][\/et_pb_section]\n","protected":false},"excerpt":{"rendered":"<p>Tromen: il barbecue argentino di alta qualit\u00e0 che cercaviVuoi gustare i tuoi pasti all&#8217;aperto con i migliori sapori? Allora il barbecue Tromen \u00e8 la scelta perfetta per te. Siamo Tromen Spagna, distributori ufficiali Tromen per la Spagna e l&#8217;Europa. Tromen \u00e8 un marchio argentino leader nel mercato dei barbecue. I suoi prodotti sono realizzati con [&hellip;]<\/p>\n","protected":false},"author":1,"featured_media":5840,"parent":0,"menu_order":0,"comment_status":"closed","ping_status":"closed","template":"","meta":{"_et_pb_use_builder":"on","_et_pb_old_content":"","_et_gb_content_width":"","footnotes":""},"class_list":["post-7534","page","type-page","status-publish","has-post-thumbnail","hentry"],"_links":{"self":[{"href":"https:\/\/barbacoas-argentinas.com\/it\/wp-json\/wp\/v2\/pages\/7534","targetHints":{"allow":["GET"]}}],"collection":[{"href":"https:\/\/barbacoas-argentinas.com\/it\/wp-json\/wp\/v2\/pages"}],"about":[{"href":"https:\/\/barbacoas-argentinas.com\/it\/wp-json\/wp\/v2\/types\/page"}],"author":[{"embeddable":true,"href":"https:\/\/barbacoas-argentinas.com\/it\/wp-json\/wp\/v2\/users\/1"}],"replies":[{"embeddable":true,"href":"https:\/\/barbacoas-argentinas.com\/it\/wp-json\/wp\/v2\/comments?post=7534"}],"version-history":[{"count":0,"href":"https:\/\/barbacoas-argentinas.com\/it\/wp-json\/wp\/v2\/pages\/7534\/revisions"}],"wp:featuredmedia":[{"embeddable":true,"href":"https:\/\/barbacoas-argentinas.com\/it\/wp-json\/wp\/v2\/media\/5840"}],"wp:attachment":[{"href":"https:\/\/barbacoas-argentinas.com\/it\/wp-json\/wp\/v2\/media?parent=7534"}],"curies":[{"name":"wp","href":"https:\/\/api.w.org\/{rel}","templated":true}]}}