{"id":7492,"date":"2023-09-12T11:51:56","date_gmt":"2023-09-12T11:51:56","guid":{"rendered":"https:\/\/barbacoas-argentinas.com\/chi-siamo\/"},"modified":"2025-05-27T08:32:34","modified_gmt":"2025-05-27T08:32:34","slug":"chi-siamo","status":"publish","type":"page","link":"https:\/\/barbacoas-argentinas.com\/it\/chi-siamo\/","title":{"rendered":"Chi siamo"},"content":{"rendered":"<p>[et_pb_section fb_built=&#8221;1&#8243; _builder_version=&#8221;4.22.1&#8243; _module_preset=&#8221;default&#8221; global_colors_info=&#8221;{}&#8221;][et_pb_row _builder_version=&#8221;4.22.1&#8243; _module_preset=&#8221;default&#8221; global_colors_info=&#8221;{}&#8221;][et_pb_column type=&#8221;4_4&#8243; _builder_version=&#8221;4.22.1&#8243; _module_preset=&#8221;default&#8221; global_colors_info=&#8221;{}&#8221;][et_pb_text _builder_version=&#8221;4.22.1&#8243; _module_preset=&#8221;default&#8221; text_font=&#8221;|800|||||||&#8221; text_text_color=&#8221;#00798E&#8221; text_font_size=&#8221;29px&#8221; text_orientation=&#8221;center&#8221; global_colors_info=&#8221;{}&#8221;]Azienda[\/et_pb_text][\/et_pb_column][\/et_pb_row][et_pb_row column_structure=&#8221;3_5,2_5&#8243; _builder_version=&#8221;4.22.1&#8243; _module_preset=&#8221;default&#8221; global_colors_info=&#8221;{}&#8221;][et_pb_column type=&#8221;3_5&#8243; _builder_version=&#8221;4.22.1&#8243; _module_preset=&#8221;default&#8221; global_colors_info=&#8221;{}&#8221;][et_pb_text _builder_version=&#8221;4.22.1&#8243; _module_preset=&#8221;default&#8221; text_font=&#8221;|700|||||||&#8221; text_font_size=&#8221;20px&#8221; global_colors_info=&#8221;{}&#8221;]Chi siamo[\/et_pb_text][et_pb_text _builder_version=&#8221;4.22.1&#8243; _module_preset=&#8221;default&#8221; text_orientation=&#8221;justified&#8221; custom_margin=&#8221;|12px||||&#8221; custom_padding=&#8221;|12px||||&#8221; global_colors_info=&#8221;{}&#8221;]<\/p>\n<p>Barbacoas Argentinas \u00e8 nata nel 2003 con l&#8217;idea di poter avere in Europa, soprattutto in Spagna, i barbecue argentini che erano difficili da trovare. Le prime griglie venivano portate su ordinazione durante i nostri viaggi di vacanza, finch\u00e9 un giorno di quell&#8217;anno ci siamo detti: &#8220;Perch\u00e9 non le importiamo e le vendiamo?<\/p>\n<p>L&#8217;inizio \u00e8 stato difficile, ma non ci siamo mai arresi, abbiamo iniziato a cercare qualcuno con la possibilit\u00e0 di esportare.<\/p>\n<p>Non \u00e8 stato un lavoro facile, non era un settore caratterizzato dall \u201cesportazione, ma dopo molte ricerche abbiamo trovato un\u201d azienda in grado di farlo.<\/p>\n<p>\u00c8 cos\u00ec che \u00e8 iniziato il nostro percorso, dopo diversi container abbiamo continuato ad ampliare i prodotti che erano richiesti in Europa, legati al fuoco e alle griglie, ed \u00e8 l\u00ec che abbiamo contattato un&#8217;azienda con molta esperienza, Tromen, e abbiamo iniziato a commercializzare prima forni e fornelli, e poi griglie, aiutandoci con la nostra esperienza dei requisiti europei per perfezionare i prodotti.<\/p>\n<p>Stavamo importando sempre pi\u00f9 contenitori da diversi produttori argentini, \u00e8 cos\u00ec che abbiamo incontrato Binelli e abbiamo iniziato una nuova linea di griglie con uno stile moderno, da Mar del Plata all&#8217;Europa.<\/p>\n<p>La nostra azienda continua a crescere, diventando il pi\u00f9 grande importatore di griglie in Argentina, raggiungendo paesi come Regno Unito, Germania, Francia, Italia e Svezia.<\/p>\n<p>I nostri produttori, Binelli, Tromen, Jovifel e La Planchetta, continuano a fidarsi di noi per raggiungere il mercato europeo e far conoscere l&#8217;arte del fuoco argentino con i loro prodotti.<\/p>\n<p>Da Calpe, sulla Costa Blanca spagnola, la nostra azienda serve tutta l&#8217;Europa, con oltre 8000 griglie vendute nel corso degli anni. Chiunque sia alla ricerca di una griglia argentina di qualit\u00e0, viene da noi.<\/p>\n<\/p>\n<p>Barbacoas Argentinas, il tuo barbecue argentino in Europa.<\/p>\n<p>[\/et_pb_text][\/et_pb_column][et_pb_column type=&#8221;2_5&#8243; _builder_version=&#8221;4.22.1&#8243; _module_preset=&#8221;default&#8221; global_colors_info=&#8221;{}&#8221;][et_pb_image src=&#8221;https:\/\/barbacoas-argentinas.com\/wp-content\/uploads\/2023\/09\/48074EB1-C3AF-4B18-A0DD-D2EAE30389B9-768&#215;1024.jpg&#8221; alt=&#8221;Prestampato-Binelli-No3-SU_3&#8243; title_text=&#8221;48074EB1-C3AF-4B18-A0DD-D2EAE30389B9&#8243; _builder_version=&#8221;4.22.1&#8243; _module_preset=&#8221;default&#8221; custom_margin=&#8221;|||-65px||&#8221; custom_padding=&#8221;58px|||||&#8221; global_colors_info=&#8221;{}&#8221;][\/et_pb_image][\/et_pb_column][\/et_pb_row][\/et_pb_section]<\/p>\n","protected":false},"excerpt":{"rendered":"<p>AziendaChi siamoBarbacoas Argentinas \u00e8 nata nel 2003 con l&#8217;idea di poter avere in Europa, soprattutto in Spagna, i barbecue argentini che erano difficili da trovare. Le prime griglie venivano portate su ordinazione durante i nostri viaggi di vacanza, finch\u00e9 un giorno di quell&#8217;anno ci siamo detti: &#8220;Perch\u00e9 non le importiamo e le vendiamo? L&#8217;inizio \u00e8 [&hellip;]<\/p>\n","protected":false},"author":1,"featured_media":0,"parent":0,"menu_order":0,"comment_status":"closed","ping_status":"closed","template":"","meta":{"_et_pb_use_builder":"on","_et_pb_old_content":"","_et_gb_content_width":"","footnotes":""},"class_list":["post-7492","page","type-page","status-publish","hentry"],"_links":{"self":[{"href":"https:\/\/barbacoas-argentinas.com\/it\/wp-json\/wp\/v2\/pages\/7492","targetHints":{"allow":["GET"]}}],"collection":[{"href":"https:\/\/barbacoas-argentinas.com\/it\/wp-json\/wp\/v2\/pages"}],"about":[{"href":"https:\/\/barbacoas-argentinas.com\/it\/wp-json\/wp\/v2\/types\/page"}],"author":[{"embeddable":true,"href":"https:\/\/barbacoas-argentinas.com\/it\/wp-json\/wp\/v2\/users\/1"}],"replies":[{"embeddable":true,"href":"https:\/\/barbacoas-argentinas.com\/it\/wp-json\/wp\/v2\/comments?post=7492"}],"version-history":[{"count":0,"href":"https:\/\/barbacoas-argentinas.com\/it\/wp-json\/wp\/v2\/pages\/7492\/revisions"}],"wp:attachment":[{"href":"https:\/\/barbacoas-argentinas.com\/it\/wp-json\/wp\/v2\/media?parent=7492"}],"curies":[{"name":"wp","href":"https:\/\/api.w.org\/{rel}","templated":true}]}}