{"id":10629,"date":"2026-04-07T23:29:11","date_gmt":"2026-04-07T23:29:11","guid":{"rendered":"https:\/\/barbacoas-argentinas.com\/politica-di-resi-e-rimborsi\/"},"modified":"2026-04-08T19:02:37","modified_gmt":"2026-04-08T19:02:37","slug":"politica-di-resi-e-rimborsi","status":"publish","type":"page","link":"https:\/\/barbacoas-argentinas.com\/it\/politica-di-resi-e-rimborsi\/","title":{"rendered":"Pol\u00edtica di resi e rimborsi"},"content":{"rendered":"<p>[et_pb_section fb_built=&#8221;1&#8243; theme_builder_area=&#8221;post_content&#8221; _builder_version=&#8221;4.27.6&#8243; _module_preset=&#8221;default&#8221;][et_pb_row _builder_version=&#8221;4.27.6&#8243; _module_preset=&#8221;default&#8221; theme_builder_area=&#8221;post_content&#8221;][et_pb_column _builder_version=&#8221;4.27.6&#8243; _module_preset=&#8221;default&#8221; type=&#8221;4_4&#8243; theme_builder_area=&#8221;post_content&#8221;][et_pb_text _builder_version=&#8221;4.27.6&#8243; _module_preset=&#8221;default&#8221; theme_builder_area=&#8221;post_content&#8221; hover_enabled=&#8221;0&#8243; sticky_enabled=&#8221;0&#8243;]<\/p>\n<h1><strong>Pol\u00edtica di resi e rimborsi<\/strong><\/h1>\n<p>L&#8217;acquisto di un prodotto sul nostro Sito implica l&#8217;accettazione dei termini delle presenti condizioni generali, nonch\u00e9 di quelle relative alla protezione dei dati, alle spedizioni e ai resi, e all&#8217;informativa legale consultabile sulla nostra pagina web. Se non si \u00e8 d&#8217;accordo con questi termini, non si deve fornire alcun tipo di informazione personale n\u00e9 utilizzare questo servizio. <\/p>\n<h4><strong><\/strong><\/h4>\n<h3><strong><\/strong><\/h3>\n<h3><strong><\/strong><\/h3>\n<h3><strong><\/strong><\/h3>\n<h3><strong><\/strong><\/h3>\n<h3><strong><\/strong><\/h3>\n<h3><strong>Dati identificativi<\/strong><\/h3>\n<p>In conformit\u00e0 con l&#8217;articolo 10 della Legge 34\/2002, dell&#8217;11 luglio, sui Servizi della Societ\u00e0 dell&#8217;Informazione e sul Commercio Elettronico (LSSICE), si riportano di seguito i dati identificativi dell&#8217;azienda:<\/p>\n<p>Ragione sociale: BARBACOAS ARGENTINAS S.L.<br \/>NIF: B-54167648<br \/>Indirizzo: calle los almendros n\u00ba 10 cp 03710 Calpe Alicante Spagna.<br \/>Telefono: <a href=\"tel:+34965832861\">965832861<\/a><\/p>\n<p>Cellulare: <a href=\"tel:+34655814878\">655814878<\/a><br \/>Email: <a href=\"mailto:info@barbacoas-argentinas.com\">info@barbacoas-argentinas.com<\/a><\/p>\n<p>Marchio commerciale: BARBACOAS ARGENTINAS, S.L.<\/p>\n<p>\u200b<\/p>\n<h3><strong>Condizioni di vendita<\/strong><\/h3>\n<ul>\n<li>Tutti gli acquisti effettuati su <a href=\"http:\/\/www.barbacoas-argentinas.com\/\">www.barbacoas-argentinas.com<\/a> sono soggetti alle condizioni generali di acquisto esposte nel presente documento.<\/li>\n<li>I prezzi dei prodotti sono indicati in euro e si intendono IVA esclusa. I prezzi sono validi salvo errori tipografici o esaurimento scorte. <\/li>\n<li>Le vendite effettuate su <a href=\"http:\/\/www.barbacoas-argentinas.com\/\">www.barbacoas-argentinas.com<\/a> saranno soggette alle leggi spagnole con il conseguente pagamento delle relative imposte.<\/li>\n<li>Registrarsi su <a href=\"http:\/\/www.barbacoas-argentinas.com\/\">www.barbacoas-argentinas.com<\/a> \u00e8 gratuito. Il cliente avr\u00e0 accesso ai propri dati personali tramite una password e potr\u00e0 modificarli in qualsiasi momento. Lo scopo della registrazione \u00e8 l&#8217;invio dei prodotti, la loro fatturazione e per offrire le migliori offerte. Non si assume alcun obbligo per il solo fatto di essere registrati e ci si pu\u00f2 cancellare in qualsiasi momento.   <\/li>\n<li>BARBACOAS ARGENTINAS S.L. non \u00e8 responsabile per modifiche nelle specifiche e caratteristiche dei prodotti o quando un prodotto viene ritirato dal mercato senza preavviso da parte del produttore.<\/li>\n<li>Le fotografie che illustrano i prodotti sono puramente indicative ma non possono essere prese come base esclusiva per decidere l&#8217;acquisto. Il cliente deve basarsi sulle specifiche tecniche e sulla descrizione del prodotto in questione. <\/li>\n<li>BARBACOAS ARGENTINAS, S.L. declina ogni responsabilit\u00e0 per errori dei nostri fornitori nelle schede tecniche e nelle descrizioni dei prodotti.<\/li>\n<li>In nessun caso una persona minorenne pu\u00f2 utilizzare il nostro Sito o effettuare qualsiasi tipo di acquisto.<\/li>\n<li>Solo in caso di autorizzazione espressa dei genitori o tutori legali, che si assumono ogni responsabilit\u00e0 per quanto potrebbe accadere, sia a loro stessi che a terzi, si potrebbe effettuare un ordine.<\/li>\n<li>BARBACOAS ARGENTINAS, S.L. si riserva in ogni momento e unilateralmente il diritto di modificare il prezzo dei prodotti e servizi offerti attraverso il suo sito web. Per garantire al cliente la certezza e la sicurezza del prezzo dei suoi prodotti, questo sar\u00e0 quello in vigore nella pubblicit\u00e0 corrispondente al momento della formalizzazione dell&#8217;ordine. <\/li>\n<li>Al momento della formalizzazione dell&#8217;ordine, una volta utilizzata l&#8217;opzione del menu di accettazione dell&#8217;ordine, si intende prestato il consenso del cliente per la validit\u00e0 ed efficacia del contratto di compravendita che vincola le parti.<\/li>\n<li>Entrambe le parti, con espressa rinuncia al foro giurisdizionale che potrebbe loro competere, si sottomettono espressamente ai Giudici e Tribunali di Calpe Alicante, per dirimere le controversie che dovessero sorgere derivanti dalle transazioni e dai rapporti contrattuali soggetti alle presenti condizioni generali.<\/li>\n<\/ul>\n<p>&nbsp;<\/p>\n<h3><strong>Diritto di recesso<\/strong><\/h3>\n<p>Barbacoas Argentinas S.l. cif esb 54167648<\/p>\n<p> Telefono: <a href=\"tel:+34965832861\">+34 96583286<\/a>1 \u2013 Calle los almendros 10 Calpe Alicante Spagna cp 0370 email: <a href=\"mailto:info@barbacoas-argentinas.com\">info@barbacoas-argentinas.com<\/a><br \/>Lei ha il diritto di recedere dal presente contratto entro quattordici giorni senza indicarne il motivo. Il periodo di recesso \u00e8 di quattordici giorni dalla data in cui Lei o un terzo, da Lei designato e che non sia il corriere, ha preso possesso della merce. <\/p>\n<p> Per esercitare il diritto di recesso, deve informarci (Barbacoas Argentinas S.l. Telefono:<\/p>\n<p>  <a href=\"tel:+34965832861\">+34 965832861<\/a>, calle los almendros 10 Calpe Alicante Spagna cp 0370 email:<a href=\"mailto:info@barbacoas-argentinas.com\"> info@barbacoas-argentinas.com<\/a>) della sua decisione di recedere dal presente contratto tramite una dichiarazione chiaramente formulata (ad esempio, inviata per posta ordinaria, fax o posta elettronica).<\/p>\n<p> Per rispettare il termine di recesso, \u00e8 sufficiente che Lei ci invii la comunicazione del suo desiderio di esercitare il diritto di recesso prima della scadenza del periodo.<\/p>\n<p>&nbsp;<\/p>\n<h3><strong>Effetti del recesso<\/strong><\/h3>\n<p>Se recede dal presente contratto, ci impegniamo a restituirle tutti i pagamenti che abbiamo ricevuto da Lei, comprese le spese di spedizione (con l&#8217;eccezione dei costi aggiuntivi derivanti dal fatto che Lei abbia scelto una modalit\u00e0 di consegna diversa dalla pi\u00f9 economica offerta da noi). Il rimborso deve essere effettuato immediatamente o al pi\u00f9 tardi entro quattordici giorni dalla data in cui riceviamo la comunicazione del recesso dal presente contratto. <\/p>\n<p> Il rimborso verr\u00e0 effettuato tramite lo stesso metodo di pagamento da Lei utilizzato per il pagamento della merce, salvo che non abbiamo concordato diversamente con Lei. In nessun caso Le verranno addebitati costi per tale rimborso. <\/p>\n<p> Possiamo trattenere il rimborso fino a quando non abbiamo ricevuto la merce restituita.<br \/>Lei deve restituirci la merce immediatamente e comunque non oltre quattordici giorni dalla data in cui ci ha comunicato il recesso dal presente contratto.<\/p>\n<p> Il termine \u00e8 rispettato se restituisce la merce prima del periodo di quattordici giorni. Lei sostiene il costo diretto della restituzione della merce. <\/p>\n<p>Lei sar\u00e0 responsabile solo per una diminuzione del valore della merce causata da un trattamento improprio della stessa.<\/p>\n<p>Nel caso di merci ordinate su misura o importate specificamente per il cliente, queste non possono essere restituite in quanto ordini specifici.<\/p>\n<p>&nbsp;<\/p>\n<p>&nbsp;<\/p>\n<h2><span style=\"color: #00798e;\"><strong>Pol\u00edtica di resi e spese di spedizione<\/strong><\/span><\/h2>\n<p><strong>Puoi richiedere la restituzione del tuo ordine entro 14 giorni dal ricevimento.<\/strong><\/p>\n<p><strong>Quando la restituzione avviene per decisione del cliente e non per un errore, difetto o problema con il prodotto, le spese di spedizione per il reso saranno a carico del cliente.<\/strong><\/p>\n<p><strong>Il prodotto deve essere restituito nel suo stato originale, con l&#8217;imballo, gli accessori, i manuali e qualsiasi altro elemento incluso nella spedizione.<\/strong><\/p>\n<p><strong>Il cliente pu\u00f2 manipolare o controllare il prodotto allo stesso modo in cui lo farebbe in un negozio fisico. Tuttavia, se il prodotto presenta segni di utilizzo, danni o uno stato diverso da quello originale, l&#8217;importo da rimborsare potr\u00e0 essere ridotto proporzionalmente, poich\u00e9 l&#8217;articolo non potr\u00e0 essere rimesso in commercio come nuovo. <\/strong><\/p>\n<p><strong>L&#8217;accettazione finale del reso e, se del caso, la riduzione dell&#8217;importo da rimborsare, saranno determinate una volta ricevuto e verificato il prodotto.<\/strong><\/p>\n<p>&nbsp;<\/p>\n<h3><strong>Spedizioni<\/strong><\/h3>\n<p>I prezzi del nostro negozio sono IVA esclusa, che attualmente \u00e8 al 21%.<\/p>\n<p>Tutte le nostre spedizioni sono gratuite a partire da 80,00 \u20ac di acquisto per le spedizioni nella penisola iberica; per ordini inferiori, le spese di trasporto saranno di soli 10 \u20ac.<\/p>\n<p>I tempi di consegna variano a seconda della destinazione, non superando mai i 14 giorni nella penisola spagnola, a patto che non si richieda un prodotto su misura e, generalmente, per volumi piccoli si impiegano tra le 24\/72 ore e per volumi ingombranti, tra i 5\/7 giorni.<\/p>\n<p>Per le spedizioni alle Isole Canarie, si prega di consultare le spese di spedizione poich\u00e9 dipenderanno sempre dal volume e dal peso del tuo ordine.<\/p>\n<p>Tutti gli ordini possono essere spediti in qualsiasi parte del mondo. Richiedi senza impegno il costo di spedizione per il tuo paese se non appare sul sito.<br \/>Barbacoas Argentinas S.L. non \u00e8 responsabile per ritardi nella consegna da parte dell&#8217;agenzia di trasporti responsabile per la zona di competenza. <\/p>\n<p>Quando ricevi l&#8217;ordine, hai 24 ore per controllare la merce per eventuali danni subiti durante la spedizione. \u00c8 importante che nella ricevuta che firmi per l&#8217;agenzia di trasporti indichi eventuali danni che puoi notare sulla scatola o &#8220;in attesa di verifica&#8221;. <\/p>\n<p>Se trovi qualche danno, contattaci urgentemente per indicarti la procedura da seguire.<\/p>\n<p>Si tenga presente che secondo la legge sul contratto di trasporto 15\/2009, per domicilio si intende la consegna a livello strada al portone indicato; per consegne all&#8217;interno del domicilio (come attici, cortili posteriori, scantinati, scale, ecc.), dovr\u00e0 essere a carico del destinatario poich\u00e9 le agenzie di trasporto non sono obbligate a farlo. <\/p>\n<p>Nel caso specifico in cui la tua consegna richieda di essere effettuata all&#8217;interno del tuo domicilio, faccelo sapere prima di effettuare l&#8217;ordine poich\u00e9 questo servizio ha un costo aggiuntivo.<\/p>\n<p>Barbacoas Argentinas S.L. non \u00e8 responsabile se le informazioni di qualsiasi prodotto su questo sito non sono accurate, complete o aggiornate.<\/p>\n<p>&nbsp;<\/p>\n<h3><strong>Garanzia<\/strong><\/h3>\n<p>Tutti i prodotti commercializzati da BARBACOAS ARGENTINAS, S.L. hanno la garanzia fornita dal rispettivo produttore e conforme alla legge europea; nel caso in cui si debba usufruire della garanzia, il cliente dovr\u00e0 contattare BARBACOAS ARGENTINAS, S.L. per gestire tale garanzia.<\/p>\n<p>La presente informativa legale (di seguito, l&#8217;\u00abInformativa Legale\u00bb) regola l&#8217;uso del servizio del portale Internet www.Barbacoas-Argentinas.com (di seguito, il \u00abSito\u00bb) di BARBACOAS ARGENTINAS, S.L. con sede sociale in C\/ LOS ALMENDROS 10, CALPE, 03710, ALICANTE con CIF B54167648.<\/p>\n<p>&nbsp;<\/p>\n<h3><strong>Legislazione<\/strong><\/h3>\n<p>Con carattere generale, i rapporti tra BARBACOAS ARGENTINAS, S.L. e gli Utenti dei suoi servizi telematici, presenti sul sito, sono soggetti alla legislazione e giurisdizione spagnole.<\/p>\n<p> Le parti rinunciano espressamente al foro che potrebbe loro competere e si sottomettono espressamente ai Giudici e Tribunali di CALPE per risolvere qualsiasi controversia che possa sorgere nell&#8217;interpretazione o esecuzione delle presenti condizioni contrattuali.<\/p>\n<p>&nbsp;<\/p>\n<h3><strong>Contenuto e uso<\/strong><\/h3>\n<p><span style=\"font-size: 14px;\">L&#8217;Utente \u00e8 informato e accetta che l&#8217;accesso al presente sito non costituisca, in alcun modo, l&#8217;inizio di una relazione commerciale con BARBACOAS ARGENTINAS, S.L..<\/span><strong><\/strong><\/p>\n<p>Il titolare del sito non si identifica con le opinioni espresse sullo stesso dai suoi collaboratori. L&#8217;Azienda si riserva il diritto di apportare, senza preavviso, le modifiche che ritenga opportune al suo Sito, potendo cambiare, sopprimere o aggiungere sia i contenuti e i servizi forniti attraverso di esso, sia il modo in cui questi appaiono presentati o localizzati sui suoi server. <\/p>\n<p>&nbsp;<\/p>\n<h3><strong>Propriet\u00e0 intellettuale e industriale<\/strong><\/h3>\n<p>I diritti di propriet\u00e0 intellettuale del contenuto delle pagine web, del loro design grafico e dei codici sono di propriet\u00e0 di BARBACOAS ARGENTINAS, S.L. e, pertanto, ne \u00e8 vietata la riproduzione, distribuzione, comunicazione pubblica, trasformazione o qualsiasi altra attivit\u00e0 che possa essere realizzata con i contenuti delle sue pagine web, anche citando le fonti, salvo consenso scritto di BARBACOAS ARGENTINAS, S.L.. Tutti i nomi commerciali, marchi o segni di qualsiasi tipo contenuti nelle pagine web dell&#8217;Azienda sono di propriet\u00e0 dei loro titolari e sono protetti dalla legge. <\/p>\n<p>&nbsp;<\/p>\n<h3> <strong>Link<\/strong><\/h3>\n<p>La presenza di link nelle pagine web di BARBACOAS ARGENTINAS, S.L. ha scopo puramente informativo e non costituisce in alcun caso suggerimento, invito o raccomandazione sugli stessi.<\/p>\n<p>&nbsp;<\/p>\n<h3><strong>Riservatezza e Protezione dei Dati<\/strong><\/h3>\n<p>Ai sensi del RGPD del 27 aprile 2016, BARBACOAS ARGENTINAS, S.L. informa l&#8217;Utente dell&#8217;esistenza di un trattamento automatizzato di dati di carattere personale creato da e per BARBACOAS ARGENTINAS, S.L. e sotto la sua responsabilit\u00e0, con la finalit\u00e0 di realizzare la manutenzione e la gestione del rapporto con l&#8217;Utente, nonch\u00e9 le attivit\u00e0 di informazione. Al momento dell&#8217;accettazione delle presenti condizioni generali, BARBACOAS ARGENTINAS, S.L. richieder\u00e0 all&#8217;Utente la raccolta di alcuni dati essenziali per la fornitura dei suoi servizi. <\/p>\n<p>&nbsp;<\/p>\n<h3><strong>Registrazione di file e moduli<\/strong><\/h3>\n<p>La compilazione del modulo di registrazione \u00e8 obbligatoria per accedere e usufruire di determinati servizi offerti sul sito. La mancata fornitura dei dati personali richiesti o la mancata accettazione della presente politica di protezione dei dati comporta l&#8217;impossibilit\u00e0 di iscriversi, registrarsi o partecipare a una qualsiasi delle promozioni in cui vengono richiesti dati di carattere personale. <\/p>\n<p>Ai sensi del RGPD del 27 aprile 2016, La informiamo che i dati personali ottenuti a seguito della Sua registrazione come Utente, saranno incorporati in un file di propriet\u00e0 di BARBACOAS ARGENTINAS, S.L. con C.I.F B54167648 e domicilio in C\/ LOS ALMENDROS 10, CALPE, 03710, ALICANTE, dotato delle misure di sicurezza stabilite dal Regio Decreto 1720\/2007, dell&#8217;11 giugno.<\/p>\n<p>&nbsp;<\/p>\n<h3><strong>Accuratezza e veridicit\u00e0 dei dati forniti<\/strong><\/h3>\n<p>L&#8217;Utente \u00e8 l&#8217;unico responsabile della veridicit\u00e0 e correttezza dei dati inseriti, sollevando BARBACOAS ARGENTINAS, S.L. da qualsiasi responsabilit\u00e0 al riguardo. Gli utenti garantiscono e rispondono, in ogni caso, dell&#8217;accuratezza, attualit\u00e0 e autenticit\u00e0 dei dati personali forniti e si impegnano a mantenerli adeguatamente aggiornati. <\/p>\n<p>L&#8217;utente accetta di fornire informazioni complete e corrette nel modulo di registrazione o iscrizione. BARBACOAS ARGENTINAS, S.L. non risponde della veridicit\u00e0 delle informazioni che non siano di propria elaborazione e per le quali venga indicata un&#8217;altra fonte, pertanto non assume alcuna responsabilit\u00e0 per eventuali danni che potrebbero derivare dall&#8217;uso di tali informazioni. BARBACOAS ARGENTINAS, S.L. si riserva il diritto di aggiornare, modificare o eliminare le informazioni contenute nelle sue pagine web, potendo persino limitare o non consentire l&#8217;accesso a tali informazioni.  <\/p>\n<p>BARBACOAS ARGENTINAS, S.L. est exon\u00e9r\u00e9e de toute responsabilit\u00e9 en cas de dommage ou pr\u00e9judice que l&#8217;Utilisateur pourrait subir \u00e0 la suite d&#8217;erreurs, de d\u00e9fauts ou d&#8217;omissions dans les informations fournies par BARBACOAS ARGENTINAS, S.L., \u00e0 condition que celles-ci proviennent de sources ext\u00e9rieures \u00e0 BARBACOAS ARGENTINAS, S.L.<\/p>\n<p>&nbsp;<\/p>\n<h3><strong>Cookies<\/strong><\/h3>\n<p>Il sito www.<a href=\"http:\/\/www.barbacoas-argentinas.com\/\">Barbacoas-Argentinas.com <\/a>non utilizza cookie, intendendo come tali i file fisici di informazione ospitati nel terminale dell&#8217;utente stesso e che servono a facilitare la navigazione dell&#8217;utente sul portale. In ogni caso, l&#8217;utente ha la possibilit\u00e0 di configurare il browser in modo da impedire l&#8217;installazione di questi file. <\/p>\n<p>&nbsp;<\/p>\n<h3><strong>Finalidades<\/strong><\/h3>\n<p>Le finalit\u00e0 di[NOMBRE_EMPRESA] sono la manutenzione e la gestione del rapporto con l&#8217;Utente, nonch\u00e9 le attivit\u00e0 di informazione.<\/p>\n<p>&nbsp;<\/p>\n<h3><strong>Minori<\/strong><\/h3>\n<p>Nel caso in cui alcuni dei nostri servizi siano specificamente destinati a minori, BARBACOAS ARGENTINAS, S.L. richieder\u00e0 il consenso dei genitori o tutori per la raccolta dei dati personali o, se del caso, per il trattamento automatizzato dei dati.<\/p>\n<p>&nbsp;<\/p>\n<h3><strong>Cessione di dati a terzi<\/strong><\/h3>\n<p>BARBACOAS ARGENTINAS, S.L. non ceder\u00e0 i dati degli utenti a terzi.<\/p>\n<p>&nbsp;<\/p>\n<h3><strong>Esercizio dei diritti di accesso, rettifica, cancellazione e opposizione<\/strong><\/h3>\n<p> Potr\u00e0 inviare le sue comunicazioni ed esercitare i diritti di accesso, rettifica, cancellazione, limitazione, portabilit\u00e0 e opposizione all&#8217;indirizzo Internet <a href=\"http:\/\/www.barbacoas-argentinas.com\/\">www.Barbacoas-Argentinas.com<\/a> o per posta ordinaria a BARBACOAS ARGENTINAS, S.L., Rif. RGPD, in C\/ LOS ALMENDROS 10, CALPE, 03710, ALICANTE. Per esercitare tali diritti \u00e8 necessario che Lei dimostri la Sua identit\u00e0 nei confronti di BARBACOAS ARGENTINAS, S.L. inviando fotocopia del Documento Nazionale di Identit\u00e0 o qualsiasi altro mezzo valido ai sensi di legge. Tuttavia, la modifica o la rettifica dei Suoi dati di registrazione pu\u00f2 essere effettuata direttamente sul Sito identificandosi preventivamente con il Suo utente e password.   <\/p>\n<p>&nbsp;<\/p>\n<h3><strong>Misure di sicurezza<\/strong><\/h3>\n<p> BARBACOAS ARGENTINAS, S.L. ha adottato i livelli di sicurezza di protezione dei Dati Personali legalmente richiesti e cerca di installare quegli altri mezzi e misure tecniche aggiuntive a sua disposizione per evitare la perdita, l&#8217;uso improprio, l&#8217;alterazione, l&#8217;accesso non autorizzato e il furto dei Dati Personali forniti a BARBACOAS ARGENTINAS, S.L. non sar\u00e0 responsabile per eventuali danni o pregiudizi che potrebbero derivare da interferenze, omissioni, interruzioni, virus informatici, guasti telefonici o disconnessioni nel funzionamento operativo di questo sistema elettronico, causati da cause esterne a BARBACOAS ARGENTINAS, S.L.; da ritardi o blocchi nell&#8217;uso del presente sistema elettronico causati da carenze o sovraccarichi delle linee telefoniche o sovraccarichi nel Centro di Elaborazione Dati, nel sistema Internet o in altri sistemi elettronici, nonch\u00e9 da danni che potrebbero essere causati da terzi mediante intrusioni illegittime fuori dal controllo di BARBACOAS ARGENTINAS, S.L.. Ci\u00f2 nonostante, l&#8217;Utente deve essere consapevole che le misure di sicurezza su Internet non sono inviolabili.. <\/p>\n<p>&nbsp;<\/p>\n<h3><strong>Accettazione e consenso<\/strong><\/h3>\n<p> L&#8217;utente dichiara di essere stato informato delle condizioni sulla protezione dei dati personali, accettando e consentendo il trattamento automatizzato degli stessi da parte di BARBACOAS ARGENTINAS, S.L., nella forma e per le finalit\u00e0 indicate nella presente Politica di Protezione dei Dati Personali. Alcuni servizi forniti sul Portale possono contenere condizioni particolari con disposizioni specifiche in materia di Protezione dei Dati Personali. <\/p>\n<p>[\/et_pb_text][\/et_pb_column][\/et_pb_row][\/et_pb_section]<\/p>\n","protected":false},"excerpt":{"rendered":"<p>Pol\u00edtica di resi e rimborsi L&#8217;acquisto di un prodotto sul nostro Sito implica l&#8217;accettazione dei termini delle presenti condizioni generali, nonch\u00e9 di quelle relative alla protezione dei dati, alle spedizioni e ai resi, e all&#8217;informativa legale consultabile sulla nostra pagina web. Se non si \u00e8 d&#8217;accordo con questi termini, non si deve fornire alcun tipo [&hellip;]<\/p>\n","protected":false},"author":1,"featured_media":0,"parent":0,"menu_order":0,"comment_status":"closed","ping_status":"closed","template":"","meta":{"_et_pb_use_builder":"on","_et_pb_old_content":"","_et_gb_content_width":"","footnotes":""},"class_list":["post-10629","page","type-page","status-publish","hentry"],"_links":{"self":[{"href":"https:\/\/barbacoas-argentinas.com\/it\/wp-json\/wp\/v2\/pages\/10629","targetHints":{"allow":["GET"]}}],"collection":[{"href":"https:\/\/barbacoas-argentinas.com\/it\/wp-json\/wp\/v2\/pages"}],"about":[{"href":"https:\/\/barbacoas-argentinas.com\/it\/wp-json\/wp\/v2\/types\/page"}],"author":[{"embeddable":true,"href":"https:\/\/barbacoas-argentinas.com\/it\/wp-json\/wp\/v2\/users\/1"}],"replies":[{"embeddable":true,"href":"https:\/\/barbacoas-argentinas.com\/it\/wp-json\/wp\/v2\/comments?post=10629"}],"version-history":[{"count":0,"href":"https:\/\/barbacoas-argentinas.com\/it\/wp-json\/wp\/v2\/pages\/10629\/revisions"}],"wp:attachment":[{"href":"https:\/\/barbacoas-argentinas.com\/it\/wp-json\/wp\/v2\/media?parent=10629"}],"curies":[{"name":"wp","href":"https:\/\/api.w.org\/{rel}","templated":true}]}}