{"id":9851,"date":"2023-09-03T19:29:44","date_gmt":"2023-09-03T19:29:44","guid":{"rendered":"https:\/\/barbacoas-argentinas.com\/non%20class\u00e9\/parrilla-duomo-380-tromen\/"},"modified":"2026-04-28T19:38:06","modified_gmt":"2026-04-28T19:38:06","slug":"parrilla-duomo-380-tromen","status":"publish","type":"product","link":"https:\/\/barbacoas-argentinas.com\/fr\/duomos-fr\/parrilla-duomo-380-tromen\/","title":{"rendered":"Parrilla Duomo 380 Tromen"},"content":{"rendered":"<div class=\"_6s2bg fggS- cell\">\n<h2 class=\"Text3027143737__root Text3027143737---typography-11-runningText Text3027143737---priority-7-primary s8gg2 _149OH InfoSectionTitle3095652555__root\" aria-hidden=\"false\" data-hook=\"info-section-title\"><span style=\"font-size: 14pt;\"><strong>NOTICE DE MONTAGE BINELLI N02<\/strong><\/span><\/h2>\n<div class=\"WncCi\" data-hook=\"info-section-description\">\n<p>POUR L&rsquo;EXT\u00c9RIEUR<\/p>\n<p>Largeur : 61.0 cm<\/p>\n<p>Hauteur : 101.0 cm<\/p>\n<p>Profondeur : 41.0 cm<\/p>\n<p>Poids total : 20.0 kg<\/p>\n<p>Accessoires : Grilles en acier \u00e9maill\u00e9.<\/p>\n<p>_______________________________________________<br \/>\nManuel d&rsquo;utilisation<br \/>\n<a href=\"https:\/\/bd65d89c-cbcf-4874-ab34-6fd0a497da6a.filesusr.com\/ugd\/c3d017_0a72171401014e9da14510c0f038b32d.pdf\" target=\"_blank\" rel=\"noopener\">T\u00c9L\u00c9CHARGER<\/a><\/p>\n<\/div>\n<\/div>\n","protected":false},"excerpt":{"rendered":"<p>Le Duomo 380, un barbecue\/bois de chauffage qui vous accompagne partout o\u00f9 vous avez envie de faire un feu. Que vous partiez \u00e0 la montagne ? Hop, dans le coffre de la voiture, il trouve sa place gr\u00e2ce \u00e0 sa taille compacte. En un instant, vous \u00eates pr\u00eat pour un feu en plein air, avec sa grille \u00e9maill\u00e9e incluse. N&rsquo;attendez plus, c&rsquo;est un excellent choix.<\/p>\n<p>Con\u00e7u pour cuisiner n&rsquo;importe o\u00f9 confortablement \u00e0 une hauteur id\u00e9ale.<\/p>\n<p>-Pieds d\u00e9montables pour un transport facile.<br \/>\n-C\u00f4t\u00e9s en t\u00f4le peinte perfor\u00e9e pour un allumage ais\u00e9.<br \/>\n-Porte lat\u00e9rale pour faciliter le chargement du charbon ou du bois.<br \/>\n-Grille en t\u00f4le \u00e9maill\u00e9e avec poign\u00e9es.<\/p>\n<p>Toutes les pi\u00e8ces sont s\u00e9parables, chacune avec ses propres poign\u00e9es pour une manipulation s\u00fbre lorsqu&rsquo;elles sont chaudes.<\/p>\n","protected":false},"featured_media":4807,"template":"","meta":{"_et_pb_use_builder":"","_et_pb_old_content":"","_et_gb_content_width":""},"product_brand":[],"product_cat":[217],"product_tag":[],"class_list":{"0":"post-9851","1":"product","2":"type-product","3":"status-publish","4":"has-post-thumbnail","6":"product_cat-duomos-fr","7":"product_shipping_class-fours-tromen","9":"first","10":"instock","11":"sale","12":"taxable","13":"shipping-taxable","14":"purchasable","15":"product-type-simple"},"_links":{"self":[{"href":"https:\/\/barbacoas-argentinas.com\/fr\/wp-json\/wp\/v2\/product\/9851","targetHints":{"allow":["GET"]}}],"collection":[{"href":"https:\/\/barbacoas-argentinas.com\/fr\/wp-json\/wp\/v2\/product"}],"about":[{"href":"https:\/\/barbacoas-argentinas.com\/fr\/wp-json\/wp\/v2\/types\/product"}],"wp:featuredmedia":[{"embeddable":true,"href":"https:\/\/barbacoas-argentinas.com\/fr\/wp-json\/wp\/v2\/media\/4807"}],"wp:attachment":[{"href":"https:\/\/barbacoas-argentinas.com\/fr\/wp-json\/wp\/v2\/media?parent=9851"}],"wp:term":[{"taxonomy":"product_brand","embeddable":true,"href":"https:\/\/barbacoas-argentinas.com\/fr\/wp-json\/wp\/v2\/product_brand?post=9851"},{"taxonomy":"product_cat","embeddable":true,"href":"https:\/\/barbacoas-argentinas.com\/fr\/wp-json\/wp\/v2\/product_cat?post=9851"},{"taxonomy":"product_tag","embeddable":true,"href":"https:\/\/barbacoas-argentinas.com\/fr\/wp-json\/wp\/v2\/product_tag?post=9851"}],"curies":[{"name":"wp","href":"https:\/\/api.w.org\/{rel}","templated":true}]}}