{"id":9210,"date":"2025-10-31T12:51:56","date_gmt":"2025-10-31T12:51:56","guid":{"rendered":"https:\/\/barbacoas-argentinas.com\/?post_type=product&#038;p=9210"},"modified":"2026-02-24T21:34:35","modified_gmt":"2026-02-24T21:34:35","slug":"pelle-et-tisonnier-tromen-eco-copia-copia-copia-copia-copia","status":"publish","type":"product","link":"https:\/\/barbacoas-argentinas.com\/fr\/grills-kamado\/pelle-et-tisonnier-tromen-eco-copia-copia-copia-copia-copia\/","title":{"rendered":"Mini Kamado"},"content":{"rendered":"<p><strong><span style=\"color: #0f1115;\"><span style=\"font-family: Open sans, sans-serif;\"><span style=\"font-size: medium;\"><b>ID\u00c9AL POUR LES PETITS ESPACES<\/b><\/span><\/span><\/span><\/strong><\/p>\n<p><span style=\"color: #0f1115;\"><span style=\"font-family: Open sans, sans-serif;\"><span style=\"font-size: medium;\">Le Mini Kamado offre la m\u00eame efficacie de cuisson que les mod\u00e8les plus grands, mais dans un format beaucoup plus compact. Sa surface de cuisson est parfaite pour pr\u00e9parer un poulet \u00e0 la verticale, 4 gros burgers maison ou 3 steaks, ce qui en fait le compagnon id\u00e9al pour toutes vos aventures. Que ce soit au bord de la rivi\u00e8re, \u00e0 la montagne ou pr\u00e8s de la piscine, vous aurez toujours de la place pour emporter votre passion de la grillade.  <\/span><\/span><\/span><\/p>\n<div style=\"display: flex; justify-content: center;\"><iframe loading=\"lazy\" src=\"https:\/\/www.youtube.com\/embed\/urnYBIQIVkE?autoplay=1&amp;start=1&amp;end=38&amp;loop=1&amp;playlist=urnYBIQIVkE&amp;mute=1\" width=\"700\" height=\"400\" frameborder=\"0\" allowfullscreen=\"allowfullscreen\"><span data-mce-type=\"bookmark\" style=\"display: inline-block; width: 0px; overflow: hidden; line-height: 0;\" class=\"mce_SELRES_start\"><\/span><span data-mce-type=\"bookmark\" style=\"display: inline-block; width: 0px; overflow: hidden; line-height: 0;\" class=\"mce_SELRES_start\"><\/span><span data-mce-type=\"bookmark\" style=\"display: inline-block; width: 0px; overflow: hidden; line-height: 0;\" class=\"mce_SELRES_start\"><span data-mce-type=\"bookmark\" style=\"display: inline-block; width: 0px; overflow: hidden; line-height: 0;\" class=\"mce_SELRES_start\"><\/span><\/span><span data-mce-type=\"bookmark\" style=\"display: inline-block; width: 0px; overflow: hidden; line-height: 0;\" class=\"mce_SELRES_start\"><\/span><span data-mce-type=\"bookmark\" style=\"display: inline-block; width: 0px; overflow: hidden; line-height: 0;\" class=\"mce_SELRES_start\"><\/span><br \/>\n<\/iframe><\/div>\n<p>&nbsp;<\/p>\n<div class=\"image-container\"><img loading=\"lazy\" decoding=\"async\" class=\"responsive-image aligncenter\" src=\"https:\/\/barbacoas-argentinas.com\/wp-content\/uploads\/2025\/10\/asadores-clasicos-kamado.png\" alt=\"Image d'exemple\" width=\"982\" height=\"644\"><\/div>\n<p style=\"text-align: center;\" data-start=\"2727\" data-end=\"2758\"><a href=\"https:\/\/barbacoas-argentinas.com\/fr\/?attachment_id=9228#inicio\"><span style=\"color: #ff6600;\"><strong><span style=\"font-size: 14pt;\">\u21aa ACHETER<\/span><\/strong><\/span><\/a><\/p>\n<p><strong><span style=\"color: #0f1115;\"><span style=\"font-family: Open sans, sans-serif;\"><span style=\"font-size: medium;\"><b>Caract\u00e9ristiques principales :<\/b><\/span><\/span><\/span><\/strong><\/p>\n<ul>\n<li><strong><span style=\"color: #0f1115;\"><span style=\"font-family: Open sans, sans-serif;\"><span style=\"font-size: medium;\"><b>Format compact :<\/b><\/span><\/span><\/span><\/strong><span style=\"color: #0f1115;\"><span style=\"font-family: Open sans, sans-serif;\"><span style=\"font-size: medium;\"> Gr\u00e2ce \u00e0 son design petit et efficace, il est parfait pour les balcons, les patios ou \u00e0 emporter en voyage dans votre v\u00e9hicule.<\/span><\/span><\/span><\/li>\n<li><span style=\"color: #0f1115;\"><span style=\"font-family: Open sans, sans-serif;\"><b>Efficacit\u00e9 \u00e9nerg\u00e9tique :<\/b><\/span><\/span> <span style=\"color: #0f1115;\"><span style=\"font-family: Open sans, sans-serif;\">N\u00e9cessite seulement 0,5 kg de charbon pour un barbecue complet de 4 \u00e0 6 personnes, une option tr\u00e8s \u00e9conomique et \u00e0 faible consommation.<\/span><\/span><\/li>\n<li><strong><span style=\"color: #0f1115;\"><span style=\"font-family: Open sans, sans-serif;\"><span style=\"font-size: medium;\"><b>R\u00e9sistance et durabilit\u00e9 :<\/b><\/span><\/span><\/span><\/strong> <span style=\"color: #0f1115;\"><span style=\"font-family: Open sans, sans-serif;\">Fabriqu\u00e9 en c\u00e9ramique r\u00e9fractaire de haute qualit\u00e9, sa construction robuste assure des ann\u00e9es d&rsquo;utilisation.<\/span><\/span><\/li>\n<li><strong><span style=\"color: #0f1115;\"><span style=\"font-family: Open sans, sans-serif;\"><b>Syst\u00e8me de cuisson polyvalent :<\/b><\/span><\/span><\/strong> <span style=\"color: #0f1115;\"><span style=\"font-family: Open sans, sans-serif;\"><span style=\"font-size: medium;\">Sa structure en c\u00e9ramique garantit une cuisson uniforme et une excellente r\u00e9tention de la chaleur, id\u00e9al pour fumer, r\u00f4tir, cuire au four et griller.<\/span><\/span><\/span><\/li>\n<li><span style=\"color: #0f1115;\"><span style=\"font-family: Open sans, sans-serif;\"><b>Socle en acier r\u00e9sistant : <\/b><\/span><\/span><span style=\"color: #0f1115;\"><span style=\"font-size: medium;\">Assure une plus grande durabilit\u00e9 et stabilit\u00e9, parfait pour supporter une utilisation fr\u00e9quente et les conditions ext\u00e9rieures.<\/span><\/span><\/li>\n<\/ul>\n<p>&nbsp;<\/p>\n<div class=\"image-container\"><img loading=\"lazy\" decoding=\"async\" class=\"responsive-image aligncenter\" src=\"https:\/\/barbacoas-argentinas.com\/wp-content\/uploads\/2025\/10\/asador-mini-kamado.png\" alt=\"Image d'exemple\" width=\"971\" height=\"583\"><\/div>\n<div id=\"faq\" class=\"faq-container\"><\/div>\n<p><strong><span style=\"color: #0f1115;\"><span style=\"font-family: Open sans, sans-serif;\"><span style=\"font-size: medium;\"><b>Questions Fr\u00e9quentes<\/b><\/span><\/span><\/span><\/strong><\/p>\n<p><strong><span style=\"color: #0f1115;\"><span style=\"font-family: Open sans, sans-serif;\"><span style=\"font-size: medium;\"><b>Est-il facile \u00e0 transporter ?<\/b><\/span><\/span><\/span><\/strong><span style=\"color: #0f1115;\"><span style=\"font-family: Open sans, sans-serif;\"><span style=\"font-size: medium;\"><br \/>\nOui, sa taille compacte et ses poign\u00e9es lat\u00e9rales le rendent tr\u00e8s facile \u00e0 d\u00e9placer. C&rsquo;est l&rsquo;id\u00e9al pour l&#8217;emmener en voyage, en camping ou \u00e0 la plage. <\/span><\/span><\/span><\/p>\n<p><strong><span style=\"color: #0f1115;\"><span style=\"font-family: Open sans, sans-serif;\"><span style=\"font-size: medium;\"><b>Quel type d&rsquo;aliments puis-je cuisiner ?<\/b><\/span><\/span><\/span><\/strong><span style=\"color: #0f1115;\"><span style=\"font-family: Open sans, sans-serif;\"><span style=\"font-size: medium;\"><br \/>\nVous pouvez griller de la viande, pr\u00e9parer des pizzas, cuire du pain, faire des fumaisons et m\u00eame cuisiner du poisson et des l\u00e9gumes. Il est tr\u00e8s polyvalent. <\/span><\/span><\/span><\/p>\n<p><strong><span style=\"color: #0f1115;\"><span style=\"font-family: Open sans, sans-serif;\"><span style=\"font-size: medium;\"><b>Est-il s\u00e9curitaire de l&rsquo;utiliser sur un petit balcon ou une petite terrasse ?<\/b><\/span><\/span><\/span><\/strong><span style=\"color: #0f1115;\"><span style=\"font-family: Open sans, sans-serif;\"><span style=\"font-size: medium;\"><br \/>\nAbsolument. Il est con\u00e7u pour les espaces restreints et est 100 % herm\u00e9tique, ce qui minimise les \u00e9missions et le rend s\u00fbr pour une utilisation sur les balcons ou les terrasses. <\/span><\/span><\/span><\/p>\n<p><strong><span style=\"color: #0f1115;\"><span style=\"font-family: Open sans, sans-serif;\"><span style=\"font-size: medium;\"><b>Est-il r\u00e9sistant aux intemp\u00e9ries ?<\/b><\/span><\/span><\/span><\/strong><span style=\"color: #0f1115;\"><span style=\"font-family: Open sans, sans-serif;\"><span style=\"font-size: medium;\"><br \/>\nOui, il est r\u00e9sistant et peut \u00eatre utilis\u00e9 \u00e0 l&rsquo;ext\u00e9rieur. Pour prolonger sa dur\u00e9e de vie, nous recommandons de le couvrir lorsqu&rsquo;il n&rsquo;est pas utilis\u00e9. <\/span><\/span><\/span><\/p>\n<p><strong><span style=\"color: #0f1115;\"><span style=\"font-family: Open sans, sans-serif;\"><span style=\"font-size: medium;\"><b>Combien de temps met-il \u00e0 chauffer ?<\/b><\/span><\/span><\/span><\/strong><span style=\"color: #0f1115;\"><span style=\"font-family: Open sans, sans-serif;\"><span style=\"font-size: medium;\"><br \/>\nGr\u00e2ce \u00e0 son excellente isolation thermique, il chauffe rapidement et en quelques minutes, il sera pr\u00eat \u00e0 cuire \u00e0 la temp\u00e9rature souhait\u00e9e.<\/span><\/span><\/span><\/p>\n<p><strong><span style=\"color: #0f1115;\"><span style=\"font-family: Open sans, sans-serif;\"><span style=\"font-size: medium;\"><b>Peut-on fumer des aliments avec ?<\/b><\/span><\/span><\/span><\/strong><span style=\"color: #0f1115;\"><span style=\"font-family: Open sans, sans-serif;\"><span style=\"font-size: medium;\"><br \/>\nOui, il est parfait pour le fumage. Il suffit d&rsquo;ajouter des copeaux de bois au charbon pour obtenir cette saveur fum\u00e9e traditionnelle. <\/span><\/span><\/span><\/p>\n<p><strong><span style=\"color: #0f1115;\"><span style=\"font-family: Open sans, sans-serif;\"><span style=\"font-size: medium;\"><b>Pour combien de personnes est-il pr\u00e9vu ?<\/b><\/span><\/span><\/span><\/strong><span style=\"color: #0f1115;\"><span style=\"font-family: Open sans, sans-serif;\"><span style=\"font-size: medium;\"><br \/>\nBien qu&rsquo;il soit compact, sa surface de cuisson permet de pr\u00e9parer confortablement des repas pour 4 \u00e0 6 personnes.<\/span><\/span><\/span><\/p>\n<p style=\"text-align: center;\" data-start=\"4810\" data-end=\"4999\"><span style=\"font-size: 14pt; color: #ff9900;\"><strong><a style=\"color: #ff9900;\" href=\"https:\/\/barbacoas-argentinas.com\/fr\/?attachment_id=9228\"><span style=\"color: #ff6600;\"> \u21aa ACHETER<\/span><\/a><\/strong><\/span><\/p>\n","protected":false},"excerpt":{"rendered":"<p><span style=\"font-size: 12pt; color: #000000;\"><strong>DIMENSIONS :<\/strong><br \/>\n<span style=\"font-family: Liberation Sans, serif;\">Kamado : 38 cm x 47 cm x 38 cm<\/span><br \/>\nDiam\u00e8tre ext\u00e9rieur : 32 cm<br \/>\n<span style=\"font-family: Liberation Sans, serif;\">Diam\u00e8tre de la grille : 28 cm<\/span><br \/>\n<span style=\"font-family: Liberation Sans, serif;\">Surface de cuisson : 636 cm\u00b2<\/span><br \/>\n<span style=\"font-family: Liberation Sans, serif;\">Poids : 30 kg<\/span><\/span><\/p>\n<p><span style=\"font-size: 12pt; color: #000000;\"><span class=\"fontstyle0\"><strong>INCLUS :<\/strong><\/span><br \/>\n<b><span style=\"font-family: Helvetica, serif;\">MINI KAMADO<\/span><\/b><br \/>\n<span style=\"font-family: Helvetica, serif;\">TABLETTES LAT\u00c9RALES<\/span><\/span><\/p>\n","protected":false},"featured_media":9231,"template":"","meta":{"_et_pb_use_builder":"","_et_pb_old_content":"","_et_gb_content_width":""},"product_brand":[],"product_cat":[723],"product_tag":[724],"class_list":{"0":"post-9210","1":"product","2":"type-product","3":"status-publish","4":"has-post-thumbnail","6":"product_cat-grills-kamado","7":"product_tag-grills-kamado","8":"product_shipping_class-parrillas-para-barbacoa-85-y-105","10":"first","11":"instock","12":"taxable","13":"shipping-taxable","14":"purchasable","15":"product-type-simple"},"_links":{"self":[{"href":"https:\/\/barbacoas-argentinas.com\/fr\/wp-json\/wp\/v2\/product\/9210","targetHints":{"allow":["GET"]}}],"collection":[{"href":"https:\/\/barbacoas-argentinas.com\/fr\/wp-json\/wp\/v2\/product"}],"about":[{"href":"https:\/\/barbacoas-argentinas.com\/fr\/wp-json\/wp\/v2\/types\/product"}],"wp:featuredmedia":[{"embeddable":true,"href":"https:\/\/barbacoas-argentinas.com\/fr\/wp-json\/wp\/v2\/media\/9231"}],"wp:attachment":[{"href":"https:\/\/barbacoas-argentinas.com\/fr\/wp-json\/wp\/v2\/media?parent=9210"}],"wp:term":[{"taxonomy":"product_brand","embeddable":true,"href":"https:\/\/barbacoas-argentinas.com\/fr\/wp-json\/wp\/v2\/product_brand?post=9210"},{"taxonomy":"product_cat","embeddable":true,"href":"https:\/\/barbacoas-argentinas.com\/fr\/wp-json\/wp\/v2\/product_cat?post=9210"},{"taxonomy":"product_tag","embeddable":true,"href":"https:\/\/barbacoas-argentinas.com\/fr\/wp-json\/wp\/v2\/product_tag?post=9210"}],"curies":[{"name":"wp","href":"https:\/\/api.w.org\/{rel}","templated":true}]}}