{"id":9165,"date":"2025-10-31T12:21:38","date_gmt":"2025-10-31T12:21:38","guid":{"rendered":"https:\/\/barbacoas-argentinas.com\/?post_type=product&#038;p=9165"},"modified":"2026-02-25T00:41:24","modified_gmt":"2026-02-25T00:41:24","slug":"pelle-et-tisonnier-tromen-eco-copia-copia-copia-copia","status":"publish","type":"product","link":"https:\/\/barbacoas-argentinas.com\/fr\/grills-kamado\/pelle-et-tisonnier-tromen-eco-copia-copia-copia-copia\/","title":{"rendered":"Mini Pampero"},"content":{"rendered":"<p><strong><span style=\"color: #0f1115;\"><span style=\"font-family: Open sans, sans-serif;\"><span style=\"font-size: medium;\"><b>Emm\u00e8ne ta passion partout avec toi<\/b><\/span><\/span><\/span><\/strong><\/p>\n<p><span style=\"color: #0f1115;\"><span style=\"font-family: Open sans, sans-serif;\"><span style=\"font-size: medium;\">Ce mod\u00e8le est l&rsquo;option la plus polyvalente pour ceux qui aiment cuisiner o\u00f9 qu&rsquo;ils soient. Avec une surface de cuisson similaire \u00e0 celle du Brasero Pampero, mais avec l&rsquo;avantage d&rsquo;\u00eatre portable, il s&rsquo;adapte \u00e0 toutes tes aventures en plein air.. <\/span><\/span><\/span><\/p>\n<div style=\"display: flex; justify-content: center;\"><iframe loading=\"lazy\" src=\"https:\/\/www.youtube.com\/embed\/tPpg29zb4V4?autoplay=1&amp;start=1&amp;end=10&amp;loop=1&amp;playlist=tPpg29zb4V4&amp;mute=1\" width=\"700\" height=\"400\" frameborder=\"0\" allowfullscreen=\"allowfullscreen\"><span data-mce-type=\"bookmark\" style=\"display: inline-block; width: 0px; overflow: hidden; line-height: 0;\" class=\"mce_SELRES_start\"><\/span><span data-mce-type=\"bookmark\" style=\"display: inline-block; width: 0px; overflow: hidden; line-height: 0;\" class=\"mce_SELRES_start\"><\/span><span data-mce-type=\"bookmark\" style=\"display: inline-block; width: 0px; overflow: hidden; line-height: 0;\" class=\"mce_SELRES_start\"><span data-mce-type=\"bookmark\" style=\"display: inline-block; width: 0px; overflow: hidden; line-height: 0;\" class=\"mce_SELRES_start\"><\/span><\/span><span data-mce-type=\"bookmark\" style=\"display: inline-block; width: 0px; overflow: hidden; line-height: 0;\" class=\"mce_SELRES_start\"><\/span><span data-mce-type=\"bookmark\" style=\"display: inline-block; width: 0px; overflow: hidden; line-height: 0;\" class=\"mce_SELRES_start\"><\/span><br \/>\n<\/iframe><\/div>\n<p><strong><span style=\"color: #0f1115;\"><span style=\"font-family: Open sans, sans-serif;\"><span style=\"font-size: medium;\"><b>Pourquoi choisir le Mini Pampero Kamado ?<\/b><\/span><\/span><\/span><\/strong><\/p>\n<p><span style=\"color: #0f1115;\"><span style=\"font-family: Open sans, sans-serif;\"><span style=\"font-size: medium;\">Avec une base en acier r\u00e9sistant, des poign\u00e9es lat\u00e9rales pour un transport facile et une taille compacte de seulement 40 cm de profondeur, ce mod\u00e8le est con\u00e7u pour t&rsquo;accompagner partout : que ce soit \u00e0 la plage, \u00e0 la montagne ou au bord de la rivi\u00e8re. Sa facilit\u00e9 d&rsquo;utilisation, sans n\u00e9cessiter une grande ventilation, te permet de profiter d&rsquo;un barbecue dans n&rsquo;importe quel coin, sans complications.<br \/> <\/span><\/span><\/span><\/p>\n<div class=\"image-container\"><img loading=\"lazy\" decoding=\"async\" class=\"responsive-image aligncenter\" src=\"https:\/\/barbacoas-argentinas.com\/wp-content\/uploads\/2025\/10\/asadores-clasicos-kamado.png\" alt=\"Image d'exemple\" width=\"982\" height=\"644\"><\/div>\n<p style=\"text-align: center;\" data-start=\"2727\" data-end=\"2758\"><a href=\"https:\/\/barbacoas-argentinas.com\/fr\/?attachment_id=9203#inicio\"><span style=\"color: #ff6600;\"><strong><span style=\"font-size: 14pt;\">\u21aa ACHETER<\/span><\/strong><\/span><\/a><\/p>\n<p><strong><span style=\"color: #0f1115;\"><span style=\"font-family: Open sans, sans-serif;\"><span style=\"font-size: medium;\"><b>Caract\u00e9ristiques principales :<\/b><\/span><\/span><\/span><\/strong><\/p>\n<ul>\n<li><strong><span style=\"color: #0f1115;\"><span style=\"font-family: Open sans, sans-serif;\"><span style=\"font-size: medium;\"><b>Compact et portable :<\/b><\/span><\/span><\/span><\/strong> <span style=\"color: #0f1115;\"><span style=\"font-family: Open sans, sans-serif;\">Seulement 40 cm de profondeur, id\u00e9al \u00e0 transporter dans ton v\u00e9hicule.<\/span><\/span><\/li>\n<li><strong><span style=\"color: #0f1115;\"><span style=\"font-family: Open sans, sans-serif;\"><span style=\"font-size: medium;\"><b>Base en acier r\u00e9sistant :<\/b><\/span><\/span><\/span><\/strong> <span style=\"font-family: Open sans, sans-serif;\"><span style=\"font-size: medium;\">Assure durabilit\u00e9 et stabilit\u00e9 sur tous les terrains.<\/span><\/span><\/li>\n<li><strong><span style=\"color: #0f1115;\"><span style=\"font-family: Open sans, sans-serif;\"><span style=\"font-size: medium;\"><b>Poign\u00e9es lat\u00e9rales :<\/b><\/span><\/span><\/span><\/strong> <span style=\"color: #0f1115;\"><span style=\"font-family: Open sans, sans-serif;\"><span style=\"font-size: medium;\">Facilitent le transport et le d\u00e9placement o\u00f9 tu veux.<\/span><\/span><\/span><\/li>\n<li><strong><span style=\"color: #0f1115;\"><span style=\"font-family: Open sans, sans-serif;\"><span style=\"font-size: medium;\"><b>Versatilidad total:<\/b><\/span><\/span><\/span><\/strong><span style=\"color: #0f1115;\"><span style=\"font-family: Open sans, sans-serif;\"><span style=\"font-size: medium;\"> Cocina en la playa, monta\u00f1a o junto al r\u00edo con facilidad.<\/span><\/span><\/span><\/li>\n<li><strong><span style=\"color: #0f1115;\"><span style=\"font-family: Open sans, sans-serif;\"><span style=\"font-size: medium;\">Facile \u00e0 ranger :<\/span><\/span><\/span><\/strong> <span style=\"color: #0f1115;\"><span style=\"font-family: Open sans, sans-serif;\"><span style=\"font-size: medium;\">Sa taille compacte permet de le stocker dans de petits espaces.<\/span><\/span><\/span><\/li>\n<\/ul>\n<p>&nbsp;<\/p>\n<div class=\"image-container\"><img loading=\"lazy\" decoding=\"async\" class=\"responsive-image aligncenter\" src=\"https:\/\/barbacoas-argentinas.com\/wp-content\/uploads\/2025\/10\/mini-pampero.png\" alt=\"Image d'exemple\" width=\"971\" height=\"583\"><\/div>\n<div id=\"faq\" class=\"faq-container\"><\/div>\n<p><strong><span style=\"color: #0f1115;\"><span style=\"font-family: Open sans, sans-serif;\"><span style=\"font-size: medium;\"><b>Questions Fr\u00e9quentes<\/b><\/span><\/span><\/span><\/strong><\/p>\n<p><strong><span style=\"color: #0f1115;\"><span style=\"font-family: Open sans, sans-serif;\"><span style=\"font-size: medium;\"><b>Est-il facile \u00e0 transporter ?<\/b><\/span><\/span><\/span><\/strong><span style=\"color: #0f1115;\"><span style=\"font-family: Open sans, sans-serif;\"><span style=\"font-size: medium;\"><br \/>\nOui, ses poign\u00e9es lat\u00e9rales et son design compact de seulement 40 cm le rendent parfait \u00e0 emporter dans un pick-up, un bateau ou m\u00eame dans le coffre d&rsquo;une petite voiture.<\/span><\/span><\/span><\/p>\n<p><strong><span style=\"color: #0f1115;\"><span style=\"font-family: Open sans, sans-serif;\"><span style=\"font-size: medium;\"><b>De quelle quantit\u00e9 de charbon ai-je besoin ?<\/b><\/span><\/span><\/span><\/strong><span style=\"color: #0f1115;\"><span style=\"font-family: Open sans, sans-serif;\"><span style=\"font-size: medium;\"><br \/>\nAvec seulement 0,5 kg de charbon, c&rsquo;est suffisant pour profiter d&rsquo;un bon barbecue. Il est tr\u00e8s \u00e9conome en consommation, id\u00e9al pour les voyages o\u00f9 chaque kilo compte. <\/span><\/span><\/span><\/p>\n<p><strong><span style=\"color: #0f1115;\"><span style=\"font-family: Open sans, sans-serif;\"><span style=\"font-size: medium;\"><b>Puis-je l&rsquo;utiliser dans des endroits peu ventil\u00e9s ?<\/b><\/span><\/span><\/span><\/strong><span style=\"color: #0f1115;\"><span style=\"font-family: Open sans, sans-serif;\"><span style=\"font-size: medium;\"><br \/>\nOui, il est con\u00e7u pour les espaces avec une ventilation limit\u00e9e, tout en maintenant des performances optimales sans complications.<\/span><\/span><\/span><\/p>\n<p><strong><span style=\"color: #0f1115;\"><span style=\"font-family: Open sans, sans-serif;\"><span style=\"font-size: medium;\"><b>Pour combien de personnes est-ce suffisant ?<\/b><\/span><\/span><\/span><\/strong><span style=\"color: #0f1115;\"><span style=\"font-family: Open sans, sans-serif;\"><span style=\"font-size: medium;\"><br \/>\nBien qu&rsquo;il soit compact, il a la capacit\u00e9 de cuisiner pour un groupe de 4 \u00e0 6 personnes sans probl\u00e8me.<\/span><\/span><\/span><\/p>\n<p><strong><span style=\"color: #0f1115;\"><span style=\"font-family: Open sans, sans-serif;\"><span style=\"font-size: medium;\"><b>Quels types de cuisson permet-il ?<\/b><\/span><\/span><\/span><\/strong><span style=\"color: #0f1115;\"><span style=\"font-family: Open sans, sans-serif;\"><span style=\"font-size: medium;\"><br \/>\nIl est tr\u00e8s polyvalent : tu peux faire des grillades, des fumaisons, cuire des pizzas, pr\u00e9parer du poisson ou un barbecue complet. Le tout dans un format portable. <\/span><\/span><\/span><\/p>\n<p><strong><span style=\"color: #0f1115;\"><span style=\"font-family: Open sans, sans-serif;\"><span style=\"font-size: medium;\"><b>Est-il durable ?<\/b><\/span><\/span><\/span><\/strong><span style=\"color: #0f1115;\"><span style=\"font-family: Open sans, sans-serif;\"><span style=\"font-size: medium;\"><br \/>\nOui, il est construit avec des mat\u00e9riaux de haute qualit\u00e9, notamment une base en acier r\u00e9sistant con\u00e7ue pour supporter les conditions ext\u00e9rieures et les aventures les plus exigeantes.<\/span><\/span><\/span><\/p>\n<p style=\"text-align: center;\" data-start=\"4810\" data-end=\"4999\"><span style=\"font-size: 14pt; color: #ff9900;\"><strong><a style=\"color: #ff9900;\" href=\"https:\/\/barbacoas-argentinas.com\/fr\/?attachment_id=9203\"><span style=\"color: #ff6600;\"> \u21aa ACHETER<\/span><\/a><\/strong><\/span><\/p>\n","protected":false},"excerpt":{"rendered":"<p><span style=\"font-size: 12pt; color: #000000;\"><strong>DIMENSIONS :<\/strong><\/span><\/p>\n<p align=\"left\"><span style=\"color: #000000;\"><span style=\"font-size: 12pt;\">Kamado : 50cm x 55cm x 50cm<\/span><br \/>\nDiam\u00e8tre ext\u00e9rieur : 40cm<br \/>\n<span style=\"font-size: 12pt;\">Diam\u00e8tre de la grille : 35cm<\/span><br \/>\n<span style=\"font-size: 12pt;\">Surface de cuisson : 965 cm\u00b2<\/span><br \/>\n<span style=\"font-size: 12pt;\">Poids : 40kg<\/span><\/span><\/p>\n<p align=\"left\"><span style=\"color: #000000;\"><span class=\"fontstyle0\"><strong>INCLUS :<\/strong><\/span><br \/>\n<span style=\"font-size: 10pt;\"><span style=\"font-family: Helvetica, serif;\">KAMADO MINI PAMPERO<\/span><br \/>\n<span style=\"font-family: Helvetica, serif;\">PLATEAUX LAT\u00c9RAUX<\/span><\/span><\/span><\/p>\n","protected":false},"featured_media":9181,"template":"","meta":{"_et_pb_use_builder":"","_et_pb_old_content":"","_et_gb_content_width":""},"product_brand":[],"product_cat":[723],"product_tag":[724],"class_list":{"0":"post-9165","1":"product","2":"type-product","3":"status-publish","4":"has-post-thumbnail","6":"product_cat-grills-kamado","7":"product_tag-grills-kamado","8":"product_shipping_class-parrillas-para-barbacoa-85-y-105","10":"first","11":"instock","12":"taxable","13":"shipping-taxable","14":"purchasable","15":"product-type-simple"},"_links":{"self":[{"href":"https:\/\/barbacoas-argentinas.com\/fr\/wp-json\/wp\/v2\/product\/9165","targetHints":{"allow":["GET"]}}],"collection":[{"href":"https:\/\/barbacoas-argentinas.com\/fr\/wp-json\/wp\/v2\/product"}],"about":[{"href":"https:\/\/barbacoas-argentinas.com\/fr\/wp-json\/wp\/v2\/types\/product"}],"wp:featuredmedia":[{"embeddable":true,"href":"https:\/\/barbacoas-argentinas.com\/fr\/wp-json\/wp\/v2\/media\/9181"}],"wp:attachment":[{"href":"https:\/\/barbacoas-argentinas.com\/fr\/wp-json\/wp\/v2\/media?parent=9165"}],"wp:term":[{"taxonomy":"product_brand","embeddable":true,"href":"https:\/\/barbacoas-argentinas.com\/fr\/wp-json\/wp\/v2\/product_brand?post=9165"},{"taxonomy":"product_cat","embeddable":true,"href":"https:\/\/barbacoas-argentinas.com\/fr\/wp-json\/wp\/v2\/product_cat?post=9165"},{"taxonomy":"product_tag","embeddable":true,"href":"https:\/\/barbacoas-argentinas.com\/fr\/wp-json\/wp\/v2\/product_tag?post=9165"}],"curies":[{"name":"wp","href":"https:\/\/api.w.org\/{rel}","templated":true}]}}