{"id":9130,"date":"2025-10-31T11:49:38","date_gmt":"2025-10-31T11:49:38","guid":{"rendered":"https:\/\/barbacoas-argentinas.com\/?post_type=product&#038;p=9130"},"modified":"2026-02-25T01:14:58","modified_gmt":"2026-02-25T01:14:58","slug":"pelle-et-tisonnier-tromen-eco-copia-copia-copia-2","status":"publish","type":"product","link":"https:\/\/barbacoas-argentinas.com\/fr\/grills-kamado\/pelle-et-tisonnier-tromen-eco-copia-copia-copia-2\/","title":{"rendered":"Asador Pampero"},"content":{"rendered":"<p><span style=\"color: #0f1115;\"><span style=\"font-family: Open sans, sans-serif;\"><span style=\"font-size: medium;\">Le Barbecue Kamado Pampero est la solution id\u00e9ale pour profiter d&rsquo;un v\u00e9ritable barbecue argentin, m\u00eame dans les petits espaces. Avec seulement 60 cm de profondeur, ce mod\u00e8le compact trouve parfaitement sa place sur votre balcon ou dans un coin de votre appartement. Il vous permet de r\u00e9aliser une multitude de recettes : fumer, cuire au four, r\u00f4tir ou griller, en toute simplicit\u00e9.  <\/span><\/span><\/span><strong><span style=\"color: #0f1115;\"><span style=\"font-family: Open sans, sans-serif;\"><span style=\"font-size: medium;\">sin n\u00e9cessit\u00e9 d\u2019une grande ventilation<\/span><\/span><\/span><\/strong><span style=\"color: #0f1115;\"><span style=\"font-family: Open sans, sans-serif;\"><span style=\"font-size: medium;\">.<\/span><\/span><\/span><\/p>\n<div style=\"display: flex; justify-content: center;\"><iframe loading=\"lazy\" src=\"https:\/\/www.youtube.com\/embed\/UIcGsoTQ-OI?autoplay=1&amp;start=1&amp;end=14&amp;loop=1&amp;playlist=UIcGsoTQ-OI&amp;mute=1\" width=\"700\" height=\"400\" frameborder=\"0\" allowfullscreen=\"allowfullscreen\"><span data-mce-type=\"bookmark\" style=\"display: inline-block; width: 0px; overflow: hidden; line-height: 0;\" class=\"mce_SELRES_start\"><\/span><span data-mce-type=\"bookmark\" style=\"display: inline-block; width: 0px; overflow: hidden; line-height: 0;\" class=\"mce_SELRES_start\"><\/span><span data-mce-type=\"bookmark\" style=\"display: inline-block; width: 0px; overflow: hidden; line-height: 0;\" class=\"mce_SELRES_start\"><span data-mce-type=\"bookmark\" style=\"display: inline-block; width: 0px; overflow: hidden; line-height: 0;\" class=\"mce_SELRES_start\"><\/span><\/span><span data-mce-type=\"bookmark\" style=\"display: inline-block; width: 0px; overflow: hidden; line-height: 0;\" class=\"mce_SELRES_start\"><\/span><span data-mce-type=\"bookmark\" style=\"display: inline-block; width: 0px; overflow: hidden; line-height: 0;\" class=\"mce_SELRES_start\"><\/span><br \/>\n<\/iframe><\/div>\n<p data-start=\"1706\" data-end=\"1758\"><span style=\"font-size: 12pt;\"><strong data-start=\"1706\" data-end=\"1758\"> <\/strong><\/span><\/p>\n<p><strong><span style=\"color: #0f1115;\"><span style=\"font-family: Open sans, sans-serif;\"><span style=\"font-size: medium;\"><b>Pourquoi c&rsquo;est le meilleur choix ?<\/b><\/span><\/span><\/span><\/strong><\/p>\n<p><span style=\"color: #0f1115;\"><span style=\"font-family: Open sans, sans-serif;\"><span style=\"font-size: medium;\">Pratique, fonctionnel, il est con\u00e7u pour ceux qui recherchent la polyvalence sans que l&rsquo;espace ne soit un frein. Son chariot en acier inoxydable lui apporte durabilit\u00e9 et une finition \u00e9l\u00e9gante, garantissant une r\u00e9sistance \u00e0 toute \u00e9preuve. <\/span><\/span><\/span><\/p>\n<p data-start=\"1706\" data-end=\"1758\"><span style=\"font-size: 12pt;\"><strong data-start=\"1706\" data-end=\"1758\"> <\/strong><\/span><\/p>\n<div class=\"image-container\"><img loading=\"lazy\" decoding=\"async\" class=\"responsive-image aligncenter\" src=\"https:\/\/barbacoas-argentinas.com\/wp-content\/uploads\/2025\/10\/asadores-clasicos-kamado.png\" alt=\"Image d'exemple\" width=\"982\" height=\"644\"><\/div>\n<p style=\"text-align: center;\" data-start=\"2727\" data-end=\"2758\"><a href=\"https:\/\/barbacoas-argentinas.com\/fr\/?attachment_id=9133#inicio\"><span style=\"color: #ff6600;\"><strong><span style=\"font-size: 14pt;\">\u21aa ACHETER<\/span><\/strong><\/span><\/a><\/p>\n<p style=\"text-align: left;\" data-start=\"2727\" data-end=\"2758\"><span style=\"color: #078cad;\"><strong><span style=\"font-size: 14pt;\"> <\/span><\/strong><\/span><\/p>\n<p><strong><span style=\"color: #0f1115;\"><span style=\"font-family: Open sans, sans-serif;\"><span style=\"font-size: medium;\"><b>Caract\u00e9ristiques principales :<\/b><\/span><\/span><\/span><\/strong><\/p>\n<ul>\n<li><strong><span style=\"color: #0f1115;\"><span style=\"font-family: Open sans, sans-serif;\"><span style=\"font-size: medium;\"><b>Design compact :<\/b><\/span><\/span><\/span><\/strong> <span style=\"color: #0f1115;\"><span style=\"font-family: Open sans, sans-serif;\"><span style=\"font-size: medium;\">Seulement 60 cm de profondeur, parfait pour les balcons, terrasses ou petits coins.<\/span><\/span><\/span><\/li>\n<li><strong><span style=\"color: #0f1115;\"><span style=\"font-family: Open sans, sans-serif;\"><span style=\"font-size: medium;\"><b>Fonctionnalit\u00e9 totale : <\/b><\/span><\/span><\/span><\/strong><span style=\"color: #0f1115;\"><span style=\"font-family: Open sans, sans-serif;\"><span style=\"font-size: medium;\">Permet de fumer, cuire au four, r\u00f4tir et griller dans un espace r\u00e9duit.<\/span><\/span><\/span><\/li>\n<li><strong><span style=\"color: #0f1115;\"><span style=\"font-family: Open sans, sans-serif;\"><span style=\"font-size: medium;\"><b>Efficacit\u00e9 \u00e9nerg\u00e9tique :<\/b><\/span><\/span><\/span><\/strong> <span style=\"color: #0f1115;\"><span style=\"font-family: Open sans, sans-serif;\">Avec seulement 500 g de charbon, vous pouvez r\u00e9aliser toutes sortes de pr\u00e9parations.<\/span><\/span><\/li>\n<li><strong><span style=\"color: #0f1115;\"><b>Construction en c\u00e9ramique :<\/b><\/span><\/strong> <span style=\"color: #0f1115;\"><span style=\"font-family: Open sans, sans-serif;\"><span style=\"font-size: medium;\">Retient efficacement la chaleur pour des cuissons pr\u00e9cises.<\/span><\/span><\/span><\/li>\n<li><strong><span style=\"color: #0f1115;\"><span style=\"font-size: medium;\"><b>Chariot en acier inoxydable :<\/b><\/span><\/span><\/strong><span style=\"color: #0f1115;\"><span style=\"font-family: Open sans, sans-serif;\"><span style=\"font-size: medium;\"> Garantit robustesse, stabilit\u00e9 et une touche moderne.<\/span><\/span><\/span><\/li>\n<li><strong><span style=\"color: #0f1115;\"><span style=\"font-family: Open sans, sans-serif;\"><span style=\"font-size: medium;\"><b>Facile \u00e0 utiliser <\/b><\/span><\/span><\/span><\/strong>: <span style=\"font-family: Open sans, sans-serif;\"><span style=\"font-size: medium;\">Allumage simple et contr\u00f4le de la temp\u00e9rature intuitif.<\/span><\/span><\/li>\n<\/ul>\n<p style=\"text-align: left;\" data-start=\"2727\" data-end=\"2758\"><span style=\"color: #078cad;\"><strong><span style=\"font-size: 14pt;\"> <\/span><\/strong><\/span><\/p>\n<p>&nbsp;<\/p>\n<div class=\"image-container\"><img loading=\"lazy\" decoding=\"async\" class=\"responsive-image aligncenter\" src=\"https:\/\/barbacoas-argentinas.com\/wp-content\/uploads\/2025\/10\/kamado-asador-pampero.png\" alt=\"Image d'exemple\" width=\"971\" height=\"583\"><\/div>\n<div id=\"faq\" class=\"faq-container\"><\/div>\n<p><strong><span style=\"color: #0f1115;\"><span style=\"font-family: Open sans, sans-serif;\"><span style=\"font-size: medium;\"><b>Questions Fr\u00e9quentes<\/b><\/span><\/span><\/span><\/strong><\/p>\n<p><strong><span style=\"color: #0f1115;\"><span style=\"font-family: Open sans, sans-serif;\"><span style=\"font-size: medium;\"><b>Quelle quantit\u00e9 de charbon faut-il pour cuisiner ?<\/b><\/span><\/span><\/span><\/strong><span style=\"color: #0f1115;\"><span style=\"font-family: Open sans, sans-serif;\"><span style=\"font-size: medium;\"><br \/>\nSeulement 500 g de charbon suffisent pour pr\u00e9parer un barbecue complet, ce qui le rend tr\u00e8s efficace et \u00e9conomique.<\/span><\/span><\/span><\/p>\n<p><strong><span style=\"color: #0f1115;\"><span style=\"font-family: Open sans, sans-serif;\"><span style=\"font-size: medium;\"><b>Peut-on l&rsquo;utiliser dans de tr\u00e8s petits espaces ?<\/b><\/span><\/span><\/span><\/strong><span style=\"color: #0f1115;\"><span style=\"font-family: Open sans, sans-serif;\"><span style=\"font-size: medium;\"><br \/>\nAbsolument. Avec seulement 60 cm de profondeur, il s&rsquo;adapte parfaitement aux balcons, terrasses ou petites cours, sans prendre de place inutile. <\/span><\/span><\/span><\/p>\n<p><strong><span style=\"color: #0f1115;\"><span style=\"font-family: Open sans, sans-serif;\"><span style=\"font-size: medium;\"><b>Comment contr\u00f4ler la temp\u00e9rature ?<\/b><\/span><\/span><\/span><\/strong><span style=\"color: #0f1115;\"><span style=\"font-family: Open sans, sans-serif;\"><span style=\"font-size: medium;\"><br \/>\nIl dispose d&rsquo;un excellent contr\u00f4le de la temp\u00e9rature gr\u00e2ce \u00e0 sa construction en c\u00e9ramique et \u00e0 son thermom\u00e8tre int\u00e9gr\u00e9, permettant une cuisson pr\u00e9cise et constante. Id\u00e9al pour fumer ou griller des viandes \u00e0 la perfection. <\/span><\/span><\/span><\/p>\n<p><strong><span style=\"color: #0f1115;\"><span style=\"font-family: Open sans, sans-serif;\"><span style=\"font-size: medium;\"><b>Est-il facile \u00e0 transporter ?<\/b><\/span><\/span><\/span><\/strong><span style=\"color: #0f1115;\"><span style=\"font-family: Open sans, sans-serif;\"><span style=\"font-size: medium;\"><br \/>\nOui, son chariot en acier inoxydable facilite le d\u00e9placement et sa taille compacte le rend id\u00e9al pour le transporter ais\u00e9ment, le ranger ou l&rsquo;utiliser \u00e0 diff\u00e9rents endroits.<\/span><\/span><\/span><\/p>\n<p><strong><span style=\"color: #0f1115;\"><span style=\"font-family: Open sans, sans-serif;\"><span style=\"font-size: medium;\"><b>Est-il adapt\u00e9 pour les barbecues en famille ?<\/b><\/span><\/span><\/span><\/strong><span style=\"color: #0f1115;\"><span style=\"font-family: Open sans, sans-serif;\"><span style=\"font-size: medium;\"><br \/>\nOui, il est parfait pour les petites r\u00e9unions entre amis ou en famille, permettant de cuisiner pour 6 \u00e0 8 personnes sans difficult\u00e9.<\/span><\/span><\/span><\/p>\n<p><strong><span style=\"color: #0f1115;\"><span style=\"font-family: Open sans, sans-serif;\"><span style=\"font-size: medium;\"><b>Quel entretien n\u00e9cessite-t-il ?<\/b><\/span><\/span><\/span><\/strong><span style=\"color: #0f1115;\"><span style=\"font-family: Open sans, sans-serif;\"><span style=\"font-size: medium;\"><br \/>\nTr\u00e8s peu. Il suffit de vider les cendres apr\u00e8s chaque utilisation, de nettoyer les grilles et, si n\u00e9cessaire, de passer un chiffon humide sur l&rsquo;ext\u00e9rieur. <\/span><\/span><\/span><\/p>\n<p style=\"text-align: center;\" data-start=\"4810\" data-end=\"4999\"><span style=\"font-size: 14pt; color: #ff9900;\"><strong><a style=\"color: #ff9900;\" href=\"https:\/\/barbacoas-argentinas.com\/fr\/?attachment_id=9133\"><span style=\"color: #ff6600;\"> \u21aa ACHETER<\/span><\/a><\/strong><\/span><\/p>\n","protected":false},"excerpt":{"rendered":"<p><span style=\"color: #000000; font-size: 12pt;\"><strong>DIMENSIONS :<\/strong><\/span><br \/>\n<span style=\"color: #000000; font-size: 12pt;\"><span style=\"font-family: Liberation Sans, serif;\">Kamado con bandejas cerradas: 47cm x 65cm x 47cm<br \/>\n<\/span><span style=\"font-family: Liberation Sans, serif;\">Di\u00e1metro exterior: 41cm<br \/>\n<\/span><span style=\"font-family: Liberation Sans, serif;\">Di\u00e1metro de la parrilla: 36cm<br \/>\n<\/span><span style=\"font-family: Liberation Sans, serif;\">Superficie de cocci\u00f3n: 1.022 cm\u00b2<br \/>\n<\/span><span style=\"font-family: Liberation Sans, serif;\">Kamado con base: 47cm x 114cm<br \/>\n<\/span><span style=\"font-family: Liberation Sans, serif;\">Peso: 38kg<\/span><\/span><\/p>\n<p><span style=\"color: #000000; font-size: 12pt;\"><span class=\"fontstyle0\"><strong>INCLUYE:<br \/>\n<\/strong><\/span><span style=\"font-family: Helvetica, serif;\">KAMADO ASADOR PAMPERO<br \/>\n<\/span><span style=\"font-family: Helvetica, serif;\">CARRO DE ACERO INOXIDABLE<br \/>\n<\/span><span style=\"font-family: Helvetica, serif;\">BANDEJAS LATERALES<\/span><\/span><\/p>\n","protected":false},"featured_media":9136,"template":"","meta":{"_et_pb_use_builder":"","_et_pb_old_content":"","_et_gb_content_width":""},"product_brand":[],"product_cat":[723],"product_tag":[724],"class_list":{"0":"post-9130","1":"product","2":"type-product","3":"status-publish","4":"has-post-thumbnail","6":"product_cat-grills-kamado","7":"product_tag-grills-kamado","8":"product_shipping_class-barbecues-portables","10":"first","11":"instock","12":"taxable","13":"shipping-taxable","14":"purchasable","15":"product-type-simple"},"_links":{"self":[{"href":"https:\/\/barbacoas-argentinas.com\/fr\/wp-json\/wp\/v2\/product\/9130","targetHints":{"allow":["GET"]}}],"collection":[{"href":"https:\/\/barbacoas-argentinas.com\/fr\/wp-json\/wp\/v2\/product"}],"about":[{"href":"https:\/\/barbacoas-argentinas.com\/fr\/wp-json\/wp\/v2\/types\/product"}],"wp:featuredmedia":[{"embeddable":true,"href":"https:\/\/barbacoas-argentinas.com\/fr\/wp-json\/wp\/v2\/media\/9136"}],"wp:attachment":[{"href":"https:\/\/barbacoas-argentinas.com\/fr\/wp-json\/wp\/v2\/media?parent=9130"}],"wp:term":[{"taxonomy":"product_brand","embeddable":true,"href":"https:\/\/barbacoas-argentinas.com\/fr\/wp-json\/wp\/v2\/product_brand?post=9130"},{"taxonomy":"product_cat","embeddable":true,"href":"https:\/\/barbacoas-argentinas.com\/fr\/wp-json\/wp\/v2\/product_cat?post=9130"},{"taxonomy":"product_tag","embeddable":true,"href":"https:\/\/barbacoas-argentinas.com\/fr\/wp-json\/wp\/v2\/product_tag?post=9130"}],"curies":[{"name":"wp","href":"https:\/\/api.w.org\/{rel}","templated":true}]}}