{"id":9085,"date":"2025-10-31T11:06:00","date_gmt":"2025-10-31T11:06:00","guid":{"rendered":"https:\/\/barbacoas-argentinas.com\/?post_type=product&#038;p=9085"},"modified":"2026-02-25T13:00:37","modified_gmt":"2026-02-25T13:00:37","slug":"pelle-et-tisonnier-tromen-eco-copia-copia-copia","status":"publish","type":"product","link":"https:\/\/barbacoas-argentinas.com\/fr\/grills-kamado\/pelle-et-tisonnier-tromen-eco-copia-copia-copia\/","title":{"rendered":"Asador Criollo"},"content":{"rendered":"<p><span style=\"color: #0f1115;\"><span style=\"font-family: Open sans, sans-serif;\"><span style=\"font-size: medium;\"><strong>L&rsquo;<\/strong><\/span><\/span><\/span><span style=\"color: #0f1115;\"><span style=\"font-family: Open sans, sans-serif;\"><b>ASADOR CRIOLLO<\/b><\/span><\/span><span style=\"color: #0f1115;\"><span style=\"font-family: Open sans, sans-serif;\"><span style=\"font-size: medium;\"> allie le design classique du Kamado \u00e0 un format pratique et fonctionnel. Sa structure \u00e9l\u00e9gante et sa capacit\u00e9 de r\u00e9tention de chaleur permettent une cuisson parfaite pendant des heures, pour des r\u00e9sultats irr\u00e9sistibles. Avec un design traditionnel mais fabriqu\u00e9 avec une technologie avanc\u00e9e, il optimise chaque cuisson pour une exp\u00e9rience culinaire unique.  <\/span><\/span><\/span><\/p>\n<p>&nbsp;<\/p>\n<div style=\"display: flex; justify-content: center;\"><iframe loading=\"lazy\" src=\"https:\/\/www.youtube.com\/embed\/RO8TcEdObXo?autoplay=1&amp;start=1&amp;end=37&amp;loop=1&amp;playlist=RO8TcEdObXo&amp;mute=1\" width=\"700\" height=\"400\" frameborder=\"0\" allowfullscreen=\"allowfullscreen\"><span data-mce-type=\"bookmark\" style=\"display: inline-block; width: 0px; overflow: hidden; line-height: 0;\" class=\"mce_SELRES_start\"><\/span><span data-mce-type=\"bookmark\" style=\"display: inline-block; width: 0px; overflow: hidden; line-height: 0;\" class=\"mce_SELRES_start\"><\/span><span data-mce-type=\"bookmark\" style=\"display: inline-block; width: 0px; overflow: hidden; line-height: 0;\" class=\"mce_SELRES_start\"><span data-mce-type=\"bookmark\" style=\"display: inline-block; width: 0px; overflow: hidden; line-height: 0;\" class=\"mce_SELRES_start\"><\/span><\/span><span data-mce-type=\"bookmark\" style=\"display: inline-block; width: 0px; overflow: hidden; line-height: 0;\" class=\"mce_SELRES_start\"><\/span><span data-mce-type=\"bookmark\" style=\"display: inline-block; width: 0px; overflow: hidden; line-height: 0;\" class=\"mce_SELRES_start\"><\/span><br \/>\n<\/iframe><\/div>\n<p data-start=\"1706\" data-end=\"1758\"><span style=\"font-size: 12pt;\"><strong data-start=\"1706\" data-end=\"1758\"> <\/strong><\/span><\/p>\n<p><span style=\"color: #0f1115;\"><span style=\"font-family: Open sans, sans-serif;\"><span style=\"font-size: medium;\"><g id=\"gid_0\">Fabriqu\u00e9 avec des mat\u00e9riaux haute r\u00e9sistance<\/g>, ce mod\u00e8le garantit une <g id=\"gid_1\">distribution uniforme de la chaleu<\/g>r et une efficacit\u00e9 sup\u00e9rieure \u00e0 chaque utilisation. Son design compact<g id=\"gid_2\"> conserve tous les avantages des mod\u00e8les plus grands<\/g>,<g id=\"gid_3\"> offrant les m\u00eames performances et la m\u00eame qualit\u00e9<\/g> pour pr\u00e9parer aussi bien des viandes fum\u00e9es que des pizzas artisanales. <\/span><\/span><\/span><\/p>\n<div class=\"image-container\"><img loading=\"lazy\" decoding=\"async\" class=\"responsive-image aligncenter\" src=\"https:\/\/barbacoas-argentinas.com\/wp-content\/uploads\/2025\/10\/asador-criollo-ceramica.png\" alt=\"Image d'exemple\" width=\"982\" height=\"644\"><\/div>\n<p style=\"text-align: center;\" data-start=\"2727\" data-end=\"2758\"><a href=\"https:\/\/barbacoas-argentinas.com\/fr\/?attachment_id=9088#inicio\"><span style=\"color: #ff6600;\"><strong><span style=\"font-size: 14pt;\">\u21aa ACHETER<\/span><\/strong><\/span><\/a><\/p>\n<p><strong><span style=\"color: #0f1115;\"><span style=\"font-family: Open sans, sans-serif;\"><span style=\"font-size: medium;\"><b>Caract\u00e9ristiques principales :<\/b><\/span><\/span><\/span><\/strong><\/p>\n<ul>\n<li><strong><span style=\"color: #0f1115;\"><span style=\"font-family: Open sans, sans-serif;\"><span style=\"font-size: medium;\"><b>Taille id\u00e9ale :<\/b><\/span><\/span><\/span><\/strong> <span style=\"color: #0f1115;\"><span style=\"font-family: Open sans, sans-serif;\"><span style=\"font-size: medium;\">Son diam\u00e8tre de 54 cm le rend parfait pour les balcons, terrasses et patios de taille moyenne.<\/span><\/span><\/span><\/li>\n<li><strong><span style=\"color: #0f1115;\"><span style=\"font-size: medium;\"><b>Performance efficace :<\/b><\/span><\/span><\/strong> <span style=\"color: #0f1115;\"><span style=\"font-family: Open sans, sans-serif;\"><span style=\"font-size: medium;\">Jusqu&rsquo;\u00e0 8 heures de cuisson avec une seule charge de charbon.<\/span><\/span><\/span><\/li>\n<li><strong><span style=\"color: #0f1115;\"><span style=\"font-family: Open sans, sans-serif;\">Polyvalence totale :<\/span><\/span><\/strong> <span style=\"color: #0f1115;\"><span style=\"font-family: Open sans, sans-serif;\"><span style=\"font-size: medium;\">Convient pour griller, fumer, r\u00f4tir et cuire au grill.<\/span><\/span><\/span><\/li>\n<li><strong><span style=\"color: #0f1115;\"><b>Mat\u00e9riaux durables :<\/b><\/span><\/strong> <span style=\"color: #0f1115;\"><span style=\"font-family: Open sans, sans-serif;\"><span style=\"font-size: medium;\">Construction solide et r\u00e9sistante aux hautes temp\u00e9ratures.<\/span><\/span><\/span><\/li>\n<li><strong><span style=\"font-size: medium;\"><b>Design classique et fonctionnel :<\/b><\/span><\/strong> <span style=\"color: #0f1115;\"><span style=\"font-family: Open sans, sans-serif;\">L&rsquo;\u00e9l\u00e9gance traditionnelle avec l&rsquo;efficacit\u00e9 du Kamado.<\/span><\/span><\/li>\n<li><span style=\"color: #0f1115;\"><span style=\"font-family: Open sans, sans-serif;\"><span style=\"font-size: medium;\"><b>Entretien facile :<\/b><\/span><\/span><\/span> <span style=\"color: #0f1115;\"><span style=\"font-family: Open sans, sans-serif;\"><span style=\"font-size: medium;\">Panier et pelle \u00e0 cendres inclus pour un nettoyage rapide.<\/span><\/span><\/span><\/li>\n<\/ul>\n<div class=\"image-container\"><img loading=\"lazy\" decoding=\"async\" class=\"responsive-image aligncenter\" src=\"https:\/\/barbacoas-argentinas.com\/wp-content\/uploads\/2025\/10\/asadores-clasicos-kamado.png\" alt=\"Image d'exemple\" width=\"982\" height=\"644\"><\/div>\n<div id=\"faq\" class=\"faq-container\"><\/div>\n<p><strong><span style=\"color: #0f1115;\"><span style=\"font-family: Open sans, sans-serif;\"><span style=\"font-size: medium;\"><b>Questions Fr\u00e9quentes<\/b><\/span><\/span><\/span><\/strong><\/p>\n<p><strong><span style=\"color: #0f1115;\"><span style=\"font-family: Open sans, sans-serif;\"><span style=\"font-size: medium;\"><b>Pour combien de personnes est-ce suffisant ?<\/b><\/span><\/span><\/span><\/strong><span style=\"color: #0f1115;\"><span style=\"font-family: Open sans, sans-serif;\"><span style=\"font-size: medium;\"><br \/>\nId\u00e9al pour 10 \u00e0 15 personnes, parfait pour les r\u00e9unions de famille ou entre amis.<\/span><\/span><\/span><\/p>\n<p><strong><span style=\"color: #0f1115;\"><span style=\"font-family: Open sans, sans-serif;\"><span style=\"font-size: medium;\"><b>Peut-il \u00eatre utilis\u00e9 \u00e0 l&rsquo;int\u00e9rieur ?<\/b><\/span><\/span><\/span><\/strong><span style=\"color: #0f1115;\"><span style=\"font-family: Open sans, sans-serif;\"><span style=\"font-size: medium;\"><br \/>\nNon, par s\u00e9curit\u00e9, il doit toujours \u00eatre utilis\u00e9 dans des espaces bien ventil\u00e9s ou \u00e0 l&rsquo;ext\u00e9rieur, comme les balcons, les patios ou les terrasses.<\/span><\/span><\/span><\/p>\n<p><strong><span style=\"color: #0f1115;\"><span style=\"font-family: Open sans, sans-serif;\"><span style=\"font-size: medium;\"><b>Combien de temps faut-il pour chauffer ?<\/b><\/span><\/span><\/span><\/strong><span style=\"color: #0f1115;\"><span style=\"font-family: Open sans, sans-serif;\"><span style=\"font-size: medium;\"><br \/>\nIl atteint la temp\u00e9rature parfaite pour commencer la cuisson en environ 20 \u00e0 25 minutes.<\/span><\/span><\/span><\/p>\n<p><strong><span style=\"color: #0f1115;\"><span style=\"font-family: Open sans, sans-serif;\"><span style=\"font-size: medium;\"><b>Est-ce facile \u00e0 nettoyer ?<\/b><\/span><\/span><\/span><\/strong><span style=\"color: #0f1115;\"><span style=\"font-family: Open sans, sans-serif;\"><span style=\"font-size: medium;\"><br \/>\nOui, gr\u00e2ce \u00e0 son panier \u00e0 charbon et \u00e0 sa pelle \u00e0 cendres, le nettoyage est rapide et simple.<\/span><\/span><\/span><\/p>\n<p><strong><span style=\"color: #0f1115;\"><span style=\"font-family: Open sans, sans-serif;\"><span style=\"font-size: medium;\"><b>Est-ce qu&rsquo;il r\u00e9siste au vent ?<\/b><\/span><\/span><\/span><\/strong><span style=\"color: #0f1115;\"><span style=\"font-family: Open sans, sans-serif;\"><span style=\"font-size: medium;\"><br \/>\nNon. Son design intuitif et son syst\u00e8me de contr\u00f4le de la ventilation vous permettront de ma\u00eetriser la cuisson d\u00e8s la premi\u00e8re utilisation. <\/span><\/span><\/span><\/p>\n<p><strong><span style=\"color: #0f1115;\"><span style=\"font-family: Open sans, sans-serif;\"><span style=\"font-size: medium;\"><b>Est-il facile \u00e0 d\u00e9placer ?<\/b><\/span><\/span><\/span><\/strong><span style=\"color: #0f1115;\"><span style=\"font-family: Open sans, sans-serif;\"><span style=\"font-size: medium;\"><br \/>\nOui. Sa structure isolante maintient la chaleur constante, assurant une cuisson stable m\u00eame dans des conditions m\u00e9t\u00e9orologiques d\u00e9favorables.<\/span><\/span><\/span><\/p>\n<p><strong><span style=\"color: #0f1115;\"><span style=\"font-family: Open sans, sans-serif;\"><span style=\"font-size: medium;\"><b>Fonctionne-t-il bien par temps venteux ou froid ?<\/b><\/span><\/span><\/span><\/strong><span style=\"color: #0f1115;\"><span style=\"font-family: Open sans, sans-serif;\"><span style=\"font-size: medium;\"><br \/>\nOui. Sa structure isolante maintient la chaleur constante, assurant une cuisson stable m\u00eame dans des conditions climatiques difficiles.<br \/>\n<\/span><\/span><\/span><\/p>\n<p style=\"text-align: center;\" data-start=\"4810\" data-end=\"4999\"><span style=\"font-size: 14pt; color: #ff9900;\"><strong><a style=\"color: #ff9900;\" href=\"https:\/\/barbacoas-argentinas.com\/fr\/?attachment_id=9088\"><span style=\"color: #ff6600;\"> \u21aa ACHETER<\/span><\/a><\/strong><\/span><\/p>\n","protected":false},"excerpt":{"rendered":"<p><span style=\"color: #000000; font-size: 12pt;\"><b>DIMENSIONS<\/b><br \/>\nKamado avec plateaux ferm\u00e9s : 60cm x 75cm x 75cm<\/span><br \/>\n<span style=\"color: #000000; font-size: 12pt;\">Diam\u00e8tre ext\u00e9rieur : 54cm<\/span><br \/>\n<span style=\"color: #000000; font-size: 12pt;\">Diam\u00e8tre de la grille : 48cm<\/span><br \/>\n<span style=\"color: #000000; font-size: 12pt;\">Surface de cuisson : 1 829 cm\u00b2<\/span><br \/>\n<span style=\"color: #000000; font-size: 12pt;\">Kamado avec socle : 60cm x 127cm<\/span><br \/>\n<span style=\"color: #000000; font-size: 12pt;\">Poids : 86kg<\/span><\/p>\n<p><span style=\"color: #000000; font-size: 12pt;\"><strong>Ce mod\u00e8le comprend :<\/strong><\/span><\/p>\n<div class=\"product__description rte quick-add-hidden\">\n<p><span style=\"color: #000000; font-size: 12pt;\"><span style=\"font-family: Liberation Sans, serif;\">Syst\u00e8me de cuisson (x1)<\/span><br \/>\n<span style=\"font-family: 'Liberation Sans', serif;\">Panier \u00e0 charbon (x1)<\/span><br \/>\n<span style=\"font-family: 'Liberation Sans', serif;\">Pelle \u00e0 cendres (x1)<\/span><br \/>\n<span style=\"font-family: 'Liberation Sans', serif;\">Pince (x1)<\/span><\/span><\/p>\n<\/div>\n","protected":false},"featured_media":9091,"template":"","meta":{"_et_pb_use_builder":"","_et_pb_old_content":"","_et_gb_content_width":""},"product_brand":[],"product_cat":[723],"product_tag":[724],"class_list":{"0":"post-9085","1":"product","2":"type-product","3":"status-publish","4":"has-post-thumbnail","6":"product_cat-grills-kamado","7":"product_tag-grills-kamado","8":"product_shipping_class-parrillas-tromen-fr","10":"first","11":"instock","12":"taxable","13":"shipping-taxable","14":"purchasable","15":"product-type-simple"},"_links":{"self":[{"href":"https:\/\/barbacoas-argentinas.com\/fr\/wp-json\/wp\/v2\/product\/9085","targetHints":{"allow":["GET"]}}],"collection":[{"href":"https:\/\/barbacoas-argentinas.com\/fr\/wp-json\/wp\/v2\/product"}],"about":[{"href":"https:\/\/barbacoas-argentinas.com\/fr\/wp-json\/wp\/v2\/types\/product"}],"wp:featuredmedia":[{"embeddable":true,"href":"https:\/\/barbacoas-argentinas.com\/fr\/wp-json\/wp\/v2\/media\/9091"}],"wp:attachment":[{"href":"https:\/\/barbacoas-argentinas.com\/fr\/wp-json\/wp\/v2\/media?parent=9085"}],"wp:term":[{"taxonomy":"product_brand","embeddable":true,"href":"https:\/\/barbacoas-argentinas.com\/fr\/wp-json\/wp\/v2\/product_brand?post=9085"},{"taxonomy":"product_cat","embeddable":true,"href":"https:\/\/barbacoas-argentinas.com\/fr\/wp-json\/wp\/v2\/product_cat?post=9085"},{"taxonomy":"product_tag","embeddable":true,"href":"https:\/\/barbacoas-argentinas.com\/fr\/wp-json\/wp\/v2\/product_tag?post=9085"}],"curies":[{"name":"wp","href":"https:\/\/api.w.org\/{rel}","templated":true}]}}