{"id":8999,"date":"2025-10-31T09:07:38","date_gmt":"2025-10-31T09:07:38","guid":{"rendered":"https:\/\/barbacoas-argentinas.com\/?post_type=product&#038;p=8999"},"modified":"2026-02-22T22:10:24","modified_gmt":"2026-02-22T22:10:24","slug":"pelle-et-tisonnier-tromen-eco-copia-copia","status":"publish","type":"product","link":"https:\/\/barbacoas-argentinas.com\/fr\/grills-kamado\/pelle-et-tisonnier-tromen-eco-copia-copia\/","title":{"rendered":"kamado-grans-asador-criollo-3-0"},"content":{"rendered":"<p>Tes grillades passent au niveau sup\u00e9rieur avec le GRAND ASADOR CRIOLLO 3.0 KAMADO<span style=\"color: #0f1115;\"><span style=\"font-family: Open sans, sans-serif;\"><span style=\"font-size: medium;\">. Design premium, fonctions avanc\u00e9es et qualit\u00e9 exceptionnelle pour ceux qui recherchent des performances sup\u00e9rieures. Ce barbecue de 58 cm est dot\u00e9 d&rsquo;un syst\u00e8me de cuisson efficace, d&rsquo;une structure robuste en acier au carbone et d&rsquo;une finition mate \u00e9l\u00e9gante qui lui conf\u00e8re une touche moderne. <\/span><\/span><\/span><\/p>\n<div style=\"display: flex; justify-content: center;\"><iframe loading=\"lazy\" src=\"https:\/\/www.youtube.com\/embed\/iDEMB10Zvpw?autoplay=1&amp;start=1&amp;end=60&amp;loop=1&amp;playlist=iDEMB10Zvpw&amp;mute=1\" width=\"700\" height=\"400\" frameborder=\"0\" allowfullscreen=\"allowfullscreen\"><span data-mce-type=\"bookmark\" style=\"display: inline-block; width: 0px; overflow: hidden; line-height: 0;\" class=\"mce_SELRES_start\"><\/span><span data-mce-type=\"bookmark\" style=\"display: inline-block; width: 0px; overflow: hidden; line-height: 0;\" class=\"mce_SELRES_start\"><span data-mce-type=\"bookmark\" style=\"display: inline-block; width: 0px; overflow: hidden; line-height: 0;\" class=\"mce_SELRES_start\"><\/span><\/span><span data-mce-type=\"bookmark\" style=\"display: inline-block; width: 0px; overflow: hidden; line-height: 0;\" class=\"mce_SELRES_start\"><\/span><span data-mce-type=\"bookmark\" style=\"display: inline-block; width: 0px; overflow: hidden; line-height: 0;\" class=\"mce_SELRES_start\"><\/span><br \/>\n<\/iframe><\/div>\n<p><strong><span style=\"color: #0f1115;\"><span style=\"font-family: Open sans, sans-serif;\"><span style=\"font-size: medium;\"><b>Pourquoi le choisir pour vos grillades ?<\/b><\/span><\/span><\/span><\/strong><\/p>\n<ul>\n<li><strong><span style=\"color: #0f1115;\"><span style=\"font-family: Open sans, sans-serif;\"><b>Cuisson efficace :<\/b><\/span><\/span><\/strong> <span style=\"color: #0f1115;\"><span style=\"font-family: Open sans, sans-serif;\"><span style=\"font-size: medium;\">Un contr\u00f4le absolu de la temp\u00e9rature pour des r\u00e9sultats parfaits.<\/span><\/span><\/span><\/li>\n<li><strong><span style=\"color: #0f1115;\"><span style=\"font-size: medium;\"><b>Design robuste :<\/b><\/span><\/span><\/strong> <span style=\"color: #0f1115;\"><span style=\"font-family: Open sans, sans-serif;\"><span style=\"font-size: medium;\">Con\u00e7u en acier au carbone, r\u00e9sistant avec finition mate.<\/span><\/span><\/span><\/li>\n<li><strong><span style=\"color: #0f1115;\"><span style=\"font-family: Open sans, sans-serif;\">Facile \u00e0 utiliser : <\/span><\/span><\/strong><span style=\"color: #0f1115;\"><span style=\"font-family: Open sans, sans-serif;\"><span style=\"font-size: medium;\">Syst\u00e8me de chargement des copeaux et charni\u00e8re \u00e9quilibr\u00e9e pour une manipulation confortable.<\/span><\/span><\/span><\/li>\n<li><strong><span style=\"color: #0f1115;\"><span style=\"font-size: medium;\"><b>Polyvalent : <\/b><\/span><\/span><\/strong><span style=\"color: #0f1115;\"><span style=\"font-family: Open sans, sans-serif;\"><span style=\"font-size: medium;\">Pas que pour la viande, parfait aussi pour les pizzas gourmet et bien plus.<\/span><\/span><\/span><\/li>\n<li><strong><span style=\"color: #0f1115;\"><span style=\"font-family: Open sans, sans-serif;\"><span style=\"font-size: medium;\">Durabilit\u00e9 :<\/span><\/span><\/span><\/strong> <span style=\"color: #0f1115;\"><span style=\"font-family: Open sans, sans-serif;\"><span style=\"font-size: medium;\">Plateaux lat\u00e9raux en bois trait\u00e9 pour une r\u00e9sistance accrue.<\/span><\/span><\/span><\/li>\n<\/ul>\n<p>&nbsp;<\/p>\n<div class=\"image-container\"><img loading=\"lazy\" decoding=\"async\" class=\"responsive-image aligncenter\" src=\"https:\/\/barbacoas-argentinas.com\/wp-content\/uploads\/2025\/10\/grans-asador-criollo-3-0-kamado-premium.png\" alt=\"Image d'exemple\" width=\"982\" height=\"644\"><\/div>\n<p style=\"text-align: center;\" data-start=\"2727\" data-end=\"2758\"><a href=\"https:\/\/barbacoas-argentinas.com\/fr\/?attachment_id=9012#inicio\"><span style=\"color: #ff6600;\"><strong><span style=\"font-size: 14pt;\">\u21aa ACHETER<\/span><\/strong><\/span><\/a><\/p>\n<p><strong><span style=\"color: #0f1115;\"><span style=\"font-family: Open sans, sans-serif;\"><span style=\"font-size: medium;\"><b>Ce qui fait la diff\u00e9rence :<\/b><\/span><\/span><\/span><\/strong><\/p>\n<ul>\n<li><strong><span style=\"color: #0f1115;\"><span style=\"font-family: Open sans, sans-serif;\"><span style=\"font-size: medium;\"><b>Capacit\u00e9 :<\/b><\/span><\/span><\/span><\/strong> <span style=\"color: #0f1115;\"><span style=\"font-family: Open sans, sans-serif;\"><span style=\"font-size: medium;\">Id\u00e9al pour 20 \u00e0 25 convives, parfait pour les r\u00e9unions et \u00e9v\u00e9nements en ext\u00e9rieur.<\/span><\/span><\/span><\/li>\n<li><strong><span style=\"color: #0f1115;\"><span style=\"font-family: Open sans, sans-serif;\"><span style=\"font-size: medium;\"><b>Syst\u00e8me de chargement des copeaux :<\/b><\/span><\/span><\/span><\/strong> <span style=\"font-size: medium;\"><span style=\"color: #0f1115;\"><span style=\"font-family: Open sans, sans-serif;\">Ajoutez du charbon sans ouvrir le Kamado, en maintenant une temp\u00e9rature constante.<\/span><\/span><\/span><\/li>\n<li><strong><span style=\"color: #0f1115;\"><span style=\"font-family: Open sans, sans-serif;\"><span style=\"font-size: medium;\"><b>Charni\u00e8re \u00e9quilibr\u00e9e et fermeture herm\u00e9tique :<\/b><\/span><\/span><\/span><\/strong> <span style=\"color: #0f1115;\"><span style=\"font-family: Open sans, sans-serif;\"><span style=\"font-size: medium;\">Permet diff\u00e9rentes ouvertures fixes et retient la chaleur pour une cuisson plus efficace.<\/span><\/span><\/span><\/li>\n<li><strong><span style=\"color: #0f1115;\"><span style=\"font-family: Open sans, sans-serif;\"><span style=\"font-size: medium;\"><b>Grille en inox de 8 mm d&rsquo;\u00e9paisseur : <\/b><\/span><\/span><\/span><\/strong><span style=\"font-family: Open sans, sans-serif;\"><span style=\"font-size: medium;\">Garantit une cuisson uniforme et durable.<\/span><\/span><\/li>\n<li><strong><span style=\"color: #0f1115;\"><span style=\"font-family: Open sans, sans-serif;\"><span style=\"font-size: medium;\"><b>Thermom\u00e8tre XL : <\/b><\/span><\/span><\/span><\/strong><span style=\"color: #0f1115;\"><span style=\"font-family: Open sans, sans-serif;\"><span style=\"font-size: medium;\">Contr\u00f4le pr\u00e9cis de la temp\u00e9rature pour des performances optimales.<\/span><\/span><\/span><\/li>\n<\/ul>\n<p><strong><span style=\"color: #0f1115;\"><span style=\"font-family: Open sans, sans-serif;\"><span style=\"font-size: medium;\"><b>INCLUS :<\/b><\/span><\/span><\/span><\/strong><\/p>\n<ul>\n<li><span style=\"color: #0f1115;\"><span style=\"font-family: Open sans, sans-serif;\"><span style=\"font-size: medium;\">Chemin\u00e9e \u00e9tanche<\/span><\/span><\/span><\/li>\n<li><span style=\"color: #0f1115;\"><span style=\"font-family: Open sans, sans-serif;\"><span style=\"font-size: medium;\">Thermom\u00e8tre XL<\/span><\/span><\/span><\/li>\n<li><span style=\"color: #0f1115;\"><span style=\"font-family: Open sans, sans-serif;\"><span style=\"font-size: medium;\">Charni\u00e8re \u00e9quilibr\u00e9e<\/span><\/span><\/span><\/li>\n<li><span style=\"color: #0f1115;\"><span style=\"font-family: Open sans, sans-serif;\"><span style=\"font-size: medium;\">R\u00e9cup\u00e9rateur de cendres<\/span><\/span><\/span><\/li>\n<li><span style=\"color: #0f1115;\"><span style=\"font-family: Open sans, sans-serif;\"><span style=\"font-size: medium;\">Plateaux lat\u00e9raux<\/span><\/span><\/span><\/li>\n<li><span style=\"color: #0f1115;\"><span style=\"font-family: Open sans, sans-serif;\"><span style=\"font-size: medium;\">Panier \u00e0 charbon<\/span><\/span><\/span><\/li>\n<li><span style=\"color: #0f1115;\"><span style=\"font-family: Open sans, sans-serif;\"><span style=\"font-size: medium;\">Chariot en acier au carbone<\/span><\/span><\/span><\/li>\n<li><span style=\"color: #0f1115;\"><span style=\"font-family: Open sans, sans-serif;\"><span style=\"font-size: medium;\">Joint d&rsquo;\u00e9tanch\u00e9it\u00e9<\/span><\/span><\/span><\/li>\n<li><span style=\"color: #0f1115;\"><span style=\"font-family: Open sans, sans-serif;\"><span style=\"font-size: medium;\">Nouveau syst\u00e8me d&rsquo;ajout de copeaux<\/span><\/span><\/span><\/li>\n<li><span style=\"color: #0f1115;\"><span style=\"font-family: Open sans, sans-serif;\"><span style=\"font-size: medium;\">\u00c9l\u00e9vateur avec d\u00e9flecteur<\/span><\/span><\/span><\/li>\n<\/ul>\n<p>&nbsp;<\/p>\n<div class=\"image-container\"><img loading=\"lazy\" decoding=\"async\" class=\"responsive-image aligncenter\" src=\"https:\/\/barbacoas-argentinas.com\/wp-content\/uploads\/2025\/10\/Asasor-kamado.webp\" alt=\"Image d'exemple\" width=\"971\" height=\"583\"><\/div>\n<div id=\"faq\" class=\"faq-container\"><\/div>\n<p><strong><span style=\"color: #0f1115;\"><span style=\"font-family: Open sans, sans-serif;\"><span style=\"font-size: medium;\"><b>Questions fr\u00e9quentes<\/b><\/span><\/span><\/span><\/strong><\/p>\n<p><strong><span style=\"color: #0f1115;\"><span style=\"font-family: Open sans, sans-serif;\"><span style=\"font-size: medium;\"><b>Comment garantir une cuisson uniforme ?<\/b><\/span><\/span><\/span><\/strong><span style=\"color: #0f1115;\"><span style=\"font-family: Open sans, sans-serif;\"><span style=\"font-size: medium;\"><br \/>\nGr\u00e2ce \u00e0 son design avanc\u00e9 et \u00e0 son syst\u00e8me de fermeture herm\u00e9tique, il maintient une temp\u00e9rature constante, ce qui permet une cuisson plus efficace et uniforme \u00e0 tout moment.<\/span><\/span><\/span><\/p>\n<p><strong><span style=\"color: #0f1115;\"><span style=\"font-family: Open sans, sans-serif;\"><span style=\"font-size: medium;\"><b>Est-ce facile \u00e0 nettoyer apr\u00e8s utilisation ?<\/b><\/span><\/span><\/span><\/strong><span style=\"color: #0f1115;\"><span style=\"font-family: Open sans, sans-serif;\"><span style=\"font-size: medium;\"><br \/>\nOui, il comprend un r\u00e9cup\u00e9rateur de cendres et un panier \u00e0 charbon qui facilitent le nettoyage et l&rsquo;entretien, assurant un processus rapide et sans complications.<\/span><\/span><\/span><\/p>\n<p><strong><span style=\"color: #0f1115;\"><span style=\"font-family: Open sans, sans-serif;\"><span style=\"font-size: medium;\"><b>Est-il r\u00e9sistant aux intemp\u00e9ries ?<\/b><\/span><\/span><\/span><\/strong><span style=\"color: #0f1115;\"><span style=\"font-family: Open sans, sans-serif;\"><span style=\"font-size: medium;\"><br \/>\nOui, sa finition mate et les plateaux lat\u00e9raux en bois trait\u00e9 le rendent r\u00e9sistant \u00e0 l&rsquo;humidit\u00e9, au soleil et \u00e0 la pluie, garantissant une longue durabilit\u00e9.<\/span><\/span><\/span><\/p>\n<p><strong><span style=\"color: #0f1115;\"><span style=\"font-family: Open sans, sans-serif;\"><span style=\"font-size: medium;\"><b>Combien de temps puis-je l&rsquo;utiliser sans avoir \u00e0 ajouter plus de charbon ?<\/b><\/span><\/span><\/span><\/strong><span style=\"color: #0f1115;\"><span style=\"font-family: Open sans, sans-serif;\"><span style=\"font-size: medium;\"><br \/>\nEn fonction de la temp\u00e9rature et du type de cuisson, il peut rester \u00e0 temp\u00e9rature id\u00e9ale pendant plusieurs heures sans avoir \u00e0 ajouter de charbon. C&rsquo;est l&rsquo;option id\u00e9ale pour les cuissons longues comme les travers de porc ou les fumaisons. <\/span><\/span><\/span><\/p>\n<p style=\"text-align: center;\" data-start=\"4810\" data-end=\"4999\"><span style=\"font-size: 14pt; color: #ff9900;\"><strong><a style=\"color: #ff9900;\" href=\"https:\/\/barbacoas-argentinas.com\/fr\/?attachment_id=9012\"><span style=\"color: #ff6600;\"> \u21aa ACHETER<\/span><\/a><\/strong><\/span><\/p>\n","protected":false},"excerpt":{"rendered":"<p><span style=\"color: #000000; font-size: 12pt;\"><b>DIMENSIONS :<\/b><b><br \/>\n<\/b><span style=\"font-family: Liberation Sans, serif;\">Kamado avec plateaux ferm\u00e9s : 98cm x 113cm<br \/>\nDiam\u00e8tre ext\u00e9rieur : 98cm<br \/>\nDiam\u00e8tre du grill : 67cm<br \/>\nSurface de cuisson : 1.388 cm\u00b2<br \/>\nKamado avec socle : 98cm x 139cm<\/span><\/span><\/p>\n<div class=\"product__description rte quick-add-hidden\">\n<p><span style=\"color: #000000; font-size: 12pt;\"><strong>Ce mod\u00e8le comprend :<\/strong><\/span><\/p>\n<ul>\n<li><span style=\"color: #000000; font-size: 12pt;\">Syst\u00e8me de cuisson (x1)<\/span><\/li>\n<li><span style=\"color: #000000; font-size: 12pt;\">Panier \u00e0 charbon (x1)<\/span><\/li>\n<li><span style=\"color: #000000; font-size: 12pt;\">Outil \u00e0 cendres (x1)<\/span><\/li>\n<li><span style=\"color: #000000; font-size: 12pt;\">Pince (x1)<\/span><\/li>\n<\/ul>\n<\/div>\n","protected":false},"featured_media":9015,"template":"","meta":{"_et_pb_use_builder":"","_et_pb_old_content":"","_et_gb_content_width":""},"product_brand":[],"product_cat":[723],"product_tag":[724],"class_list":{"0":"post-8999","1":"product","2":"type-product","3":"status-publish","4":"has-post-thumbnail","6":"product_cat-grills-kamado","7":"product_tag-grills-kamado","8":"product_shipping_class-parrillas-tromen-fr","10":"first","11":"instock","12":"taxable","13":"shipping-taxable","14":"purchasable","15":"product-type-simple"},"_links":{"self":[{"href":"https:\/\/barbacoas-argentinas.com\/fr\/wp-json\/wp\/v2\/product\/8999","targetHints":{"allow":["GET"]}}],"collection":[{"href":"https:\/\/barbacoas-argentinas.com\/fr\/wp-json\/wp\/v2\/product"}],"about":[{"href":"https:\/\/barbacoas-argentinas.com\/fr\/wp-json\/wp\/v2\/types\/product"}],"wp:featuredmedia":[{"embeddable":true,"href":"https:\/\/barbacoas-argentinas.com\/fr\/wp-json\/wp\/v2\/media\/9015"}],"wp:attachment":[{"href":"https:\/\/barbacoas-argentinas.com\/fr\/wp-json\/wp\/v2\/media?parent=8999"}],"wp:term":[{"taxonomy":"product_brand","embeddable":true,"href":"https:\/\/barbacoas-argentinas.com\/fr\/wp-json\/wp\/v2\/product_brand?post=8999"},{"taxonomy":"product_cat","embeddable":true,"href":"https:\/\/barbacoas-argentinas.com\/fr\/wp-json\/wp\/v2\/product_cat?post=8999"},{"taxonomy":"product_tag","embeddable":true,"href":"https:\/\/barbacoas-argentinas.com\/fr\/wp-json\/wp\/v2\/product_tag?post=8999"}],"curies":[{"name":"wp","href":"https:\/\/api.w.org\/{rel}","templated":true}]}}