{"id":8940,"date":"2025-10-28T19:15:55","date_gmt":"2025-10-28T19:15:55","guid":{"rendered":"https:\/\/barbacoas-argentinas.com\/?post_type=product&#038;p=8940"},"modified":"2026-02-20T21:58:19","modified_gmt":"2026-02-20T21:58:19","slug":"pelle-et-tisonnier-tromen-eco-copia","status":"publish","type":"product","link":"https:\/\/barbacoas-argentinas.com\/fr\/grills-kamado\/pelle-et-tisonnier-tromen-eco-copia\/","title":{"rendered":"Grille Patagonique 3.0"},"content":{"rendered":"<p><span style=\"color: #0f1115;\"><span style=\"font-family: Open sans, sans-serif;\"><span style=\"font-size: medium;\">Pr\u00eat \u00e0 r\u00e9volutionner tes sessions barbecue ?<\/span><\/span><\/span><\/p>\n<p><span style=\"color: #0f1115;\"><span style=\"font-family: Open sans, sans-serif;\"><span style=\"font-size: medium;\">Le Kamado Grille Patagonique 3.0 est le compagnon id\u00e9al pour ceux qui exigent qualit\u00e9, robustesse et une capacit\u00e9 \u00e0 nourrir les grandes tabl\u00e9es. Ce mod\u00e8le ne se contente pas d&rsquo;\u00eatre solide ; son design a \u00e9t\u00e9 pens\u00e9 pour optimiser chaque cuisson. Gr\u00e2ce \u00e0 sa charni\u00e8re parfaitement \u00e9quilibr\u00e9e et sa fermeture herm\u00e9tique, ma\u00eetriser la chaleur n&rsquo;a jamais \u00e9t\u00e9 aussi simple. R\u00e9sultat : des cuissons parfaitement homog\u00e8nes avec un contr\u00f4le absolu de la temp\u00e9rature. C&rsquo;est le point de rencontre parfait entre la tradition du grill et les technologies les plus pointues.   <\/span><\/span><\/span><\/p>\n<div style=\"display: flex; justify-content: center;\"><iframe loading=\"lazy\" src=\"https:\/\/www.youtube.com\/embed\/RnQslCCzRFY?autoplay=1&amp;start=45&amp;end=90&amp;loop=1&amp;playlist=RnQslCCzRFY&amp;mute=1\" width=\"700\" height=\"400\" frameborder=\"0\" allowfullscreen=\"allowfullscreen\"><span data-mce-type=\"bookmark\" style=\"display: inline-block; width: 0px; overflow: hidden; line-height: 0;\" class=\"mce_SELRES_start\"><span data-mce-type=\"bookmark\" style=\"display: inline-block; width: 0px; overflow: hidden; line-height: 0;\" class=\"mce_SELRES_start\"><\/span><\/span><span data-mce-type=\"bookmark\" style=\"display: inline-block; width: 0px; overflow: hidden; line-height: 0;\" class=\"mce_SELRES_start\"><\/span><span data-mce-type=\"bookmark\" style=\"display: inline-block; width: 0px; overflow: hidden; line-height: 0;\" class=\"mce_SELRES_start\"><\/span><br \/>\n<\/iframe><\/div>\n<div class=\"image-container\"><img loading=\"lazy\" decoding=\"async\" class=\"responsive-image aligncenter\" src=\"https:\/\/barbacoas-argentinas.com\/wp-content\/uploads\/2025\/10\/asador-grill-kamado.webp\" alt=\"Image d'exemple\" width=\"982\" height=\"644\"><\/div>\n<p style=\"text-align: center;\" data-start=\"2727\" data-end=\"2758\"><a href=\"https:\/\/barbacoas-argentinas.com\/asadores-kamado\/asador-patagonico-3-0\/#inicio\"><span style=\"color: #ff6600;\"><strong><span style=\"font-size: 14pt;\">\u21aa ACHETER<\/span><\/strong><\/span><\/a><\/p>\n<p><strong><span style=\"color: #0f1115;\"><span style=\"font-family: Open sans, sans-serif;\"><span style=\"font-size: medium;\"><b>Ce qui fait la diff\u00e9rence :<\/b><\/span><\/span><\/span><\/strong><\/p>\n<ul>\n<li><span style=\"color: #0f1115;\"><span style=\"font-family: Open sans, sans-serif;\"><span style=\"font-size: medium;\"><b>Chariot en acier au carbone : <\/b><\/span><\/span><\/span><span style=\"color: #0f1115;\"><span style=\"font-family: Open sans, sans-serif;\"><span style=\"font-size: medium;\">Une stabilit\u00e9 et une r\u00e9sistance \u00e0 toute \u00e9preuve pour d\u00e9placer ta grille facilement sur la terrasse ou dans le jardin.<\/span><\/span><\/span><\/li>\n<li><strong><span style=\"color: #0f1115;\"><span style=\"font-family: Open sans, sans-serif;\"><span style=\"font-size: medium;\"><b>Thermom\u00e8tre XL :<\/b><\/span><\/span><\/span><\/strong> <span style=\"color: #0f1115;\"><span style=\"font-family: Open sans, sans-serif;\"><span style=\"font-size: medium;\">Un contr\u00f4le pr\u00e9cis de la temp\u00e9rature pour une cuisson ma\u00eetris\u00e9e de A \u00e0 Z.<\/span><\/span><\/span><\/li>\n<li><strong><span style=\"color: #0f1115;\"><span style=\"font-family: Open sans, sans-serif;\"><span style=\"font-size: medium;\"><b>Grille en inox de 8 mm d&rsquo;\u00e9paisseur : <\/b><\/span><\/span><\/span><\/strong><span style=\"color: #0f1115;\"><span style=\"font-family: Open sans, sans-serif;\"><span style=\"font-size: medium;\">Pour une cuisson parfaitement uniforme, gage d&rsquo;une viande parfaitement saisie \u00e0 chaque fois.<\/span><\/span><\/span><\/li>\n<li><strong><span style=\"color: #0f1115;\"><span style=\"font-family: Open sans, sans-serif;\"><span style=\"font-size: medium;\"><b>Chemin\u00e9e \u00e9tanche :<\/b><\/span><\/span><\/span><\/strong> <span style=\"color: #0f1115;\"><span style=\"font-family: Open sans, sans-serif;\"><span style=\"font-size: medium;\">Con\u00e7ue pour braver les caprices de la m\u00e9t\u00e9o et profiter de ta grille en toutes saisons.<\/span><\/span><\/span><\/li>\n<li><strong><span style=\"color: #0f1115;\"><span style=\"font-family: Open sans, sans-serif;\"><span style=\"font-size: medium;\"><b>Plateaux lat\u00e9raux en bois :<\/b><\/span><\/span><\/span><\/strong> <span style=\"color: #0f1115;\"><span style=\"font-family: Open sans, sans-serif;\"><span style=\"font-size: medium;\">Trait\u00e9s pour r\u00e9sister au soleil, \u00e0 la pluie et \u00e0 l&rsquo;humidit\u00e9 sans broncher.<\/span><\/span><\/span><\/li>\n<\/ul>\n<p><strong><span style=\"color: #0f1115;\"><span style=\"font-family: Open sans, sans-serif;\"><span style=\"font-size: medium;\"><b>En un clin d&rsquo;\u0153il :<\/b><\/span><\/span><\/span><\/strong><\/p>\n<ul>\n<li><span style=\"color: #0f1115;\"><span style=\"font-family: Open sans, sans-serif;\"><span style=\"font-size: medium;\">Chemin\u00e9e \u00e9tanche<\/span><\/span><\/span><\/li>\n<li><span style=\"color: #0f1115;\"><span style=\"font-family: Open sans, sans-serif;\"><span style=\"font-size: medium;\">Thermom\u00e8tre XL<\/span><\/span><\/span><\/li>\n<li><span style=\"color: #0f1115;\"><span style=\"font-family: Open sans, sans-serif;\"><span style=\"font-size: medium;\">Charni\u00e8re \u00e9quilibr\u00e9e<\/span><\/span><\/span><\/li>\n<li><span style=\"color: #0f1115;\"><span style=\"font-family: Open sans, sans-serif;\"><span style=\"font-size: medium;\">R\u00e9cup\u00e9rateur de cendres<\/span><\/span><\/span><\/li>\n<li><span style=\"color: #0f1115;\"><span style=\"font-family: Open sans, sans-serif;\"><span style=\"font-size: medium;\">Plateaux lat\u00e9raux<\/span><\/span><\/span><\/li>\n<li><span style=\"color: #0f1115;\"><span style=\"font-family: Open sans, sans-serif;\"><span style=\"font-size: medium;\">Panier \u00e0 charbon<\/span><\/span><\/span><\/li>\n<li><span style=\"color: #0f1115;\"><span style=\"font-family: Open sans, sans-serif;\"><span style=\"font-size: medium;\">Chariot en acier au carbone<\/span><\/span><\/span><\/li>\n<li><span style=\"color: #0f1115;\"><span style=\"font-family: Open sans, sans-serif;\"><span style=\"font-size: medium;\">Joint d&rsquo;\u00e9tanch\u00e9it\u00e9<\/span><\/span><\/span><\/li>\n<li><span style=\"color: #0f1115;\"><span style=\"font-family: Open sans, sans-serif;\"><span style=\"font-size: medium;\">Nouveau syst\u00e8me d&rsquo;ajout de copeaux<\/span><\/span><\/span><\/li>\n<li><span style=\"color: #0f1115;\"><span style=\"font-family: Open sans, sans-serif;\"><span style=\"font-size: medium;\">\u00c9l\u00e9vateur avec d\u00e9flecteur<\/span><\/span><\/span><\/li>\n<\/ul>\n<p>&nbsp;<\/p>\n<div class=\"image-container\"><img loading=\"lazy\" decoding=\"async\" class=\"responsive-image aligncenter\" src=\"https:\/\/barbacoas-argentinas.com\/wp-content\/uploads\/2025\/10\/Asasor-kamado.webp\" alt=\"Image d'exemple\" width=\"971\" height=\"583\"><\/div>\n<div id=\"faq\" class=\"faq-container\"><\/div>\n<p><strong><span style=\"color: #0f1115;\"><span style=\"font-family: Open sans, sans-serif;\"><span style=\"font-size: medium;\"><b>Questions fr\u00e9quentes<\/b><\/span><\/span><\/span><\/strong><\/p>\n<p><strong><span style=\"color: #0f1115;\"><span style=\"font-family: Open sans, sans-serif;\"><span style=\"font-size: medium;\"><b>Pour combien de personnes est-il id\u00e9al ?<\/b><\/span><\/span><\/span><\/strong><span style=\"color: #0f1115;\"><span style=\"font-family: Open sans, sans-serif;\"><span style=\"font-size: medium;\"><br \/>\nC&rsquo;est l&rsquo;outil parfait pour les grands groupes. Tu peux cuisiner pour 20 \u00e0 25 convives sans probl\u00e8me, ce qui en fait le roi des r\u00e9unions de famille ou des soir\u00e9es entre amis. <\/span><\/span><\/span><\/p>\n<p><strong><span style=\"color: #0f1115;\"><span style=\"font-family: Open sans, sans-serif;\"><span style=\"font-size: medium;\"><b>Est-ce que la temp\u00e9rature reste vraiment stable ?<\/b><\/span><\/span><\/span><\/strong><span style=\"color: #0f1115;\"><span style=\"font-family: Open sans, sans-serif;\"><span style=\"font-size: medium;\"><br \/>\nAbsolument. La Grille Patagonique 3.0 Kamado est dot\u00e9e d&rsquo;une fermeture herm\u00e9tique qui emprisonne parfaitement la chaleur, coupl\u00e9e \u00e0 un thermom\u00e8tre XL pour un suivi ultra-pr\u00e9cis. La temp\u00e9rature, tu la ma\u00eetrises du d\u00e9but \u00e0 la fin.<\/span><\/span><\/span><\/p>\n<p><strong><span style=\"color: #0f1115;\"><span style=\"font-family: Open sans, sans-serif;\"><span style=\"font-size: medium;\"><b>Quels sont les avantages du chariot en acier au carbone ?<\/b><\/span><\/span><\/span><\/strong><span style=\"color: #0f1115;\"><span style=\"font-family: Open sans, sans-serif;\"><span style=\"font-size: medium;\"><br \/>\nCe chariot, c&rsquo;est la base solide de l&rsquo;ensemble. Ultra-r\u00e9sistant et durable, il garantit une stabilit\u00e9 parfaite \u00e0 la grille. Et cerise sur le g\u00e2teau, il permet de la d\u00e9placer facilement sans jamais faire de compromis sur la s\u00e9curit\u00e9. <\/span><\/span><\/span><\/p>\n<p><strong><span style=\"color: #0f1115;\"><span style=\"font-family: Open sans, sans-serif;\"><span style=\"font-size: medium;\"><b>On peut aussi l&rsquo;utiliser pour fumer ou faire du pain ?<\/b><\/span><\/span><\/span><\/strong><span style=\"color: #0f1115;\"><span style=\"font-family: Open sans, sans-serif;\"><span style=\"font-size: medium;\"><br \/>\nC&rsquo;est tout l&rsquo;int\u00e9r\u00eat ! Il est parfait pour une multitude de techniques : grillades bien s\u00fbr, mais aussi cuisson au four ou fumage lent. Le syst\u00e8me d&rsquo;ajout de copeaux et la diffusion homog\u00e8ne de la chaleur te permettent d&rsquo;exp\u00e9rimenter tous les styles de cuisson. <\/span><\/span><\/span><\/p>\n<p><strong><span style=\"color: #0f1115;\"><span style=\"font-family: Open sans, sans-serif;\"><span style=\"font-size: medium;\"><b>C&rsquo;est facile \u00e0 nettoyer apr\u00e8s une grosse session ?<\/b><\/span><\/span><\/span><\/strong><span style=\"color: #0f1115;\"><span style=\"font-family: Open sans, sans-serif;\"><span style=\"font-size: medium;\"><br \/>\nTr\u00e8s facile. Il est \u00e9quip\u00e9 d&rsquo;un r\u00e9cup\u00e9rateur de cendres qui vide le plus gros en un clin d&rsquo;\u0153il. Son design malin rend le nettoyage rapide et sans prise de t\u00eate. <\/span><\/span><\/span><\/p>\n<p>&nbsp;<\/p>\n<p style=\"text-align: center;\" data-start=\"4810\" data-end=\"4999\"><span style=\"font-size: 14pt; color: #ff9900;\"><strong><a style=\"color: #ff9900;\" href=\"https:\/\/barbacoas-argentinas.com\/asadores-kamado\/asador-patagonico-3-0\"><span style=\"color: #ff6600;\"> \u21aa ACHETER<\/span><\/a><\/strong><\/span><\/p>\n","protected":false},"excerpt":{"rendered":"<p><span style=\"font-size: 12pt; color: #000000;\"><strong>DIMENSIONS :<\/strong><br \/>\n<span style=\"font-family: Liberation Sans, serif;\">Kamado plateaux ferm\u00e9s : 98 cm x 113 cm<\/span><br \/>\n<span style=\"font-family: Liberation Sans, serif;\">Diam\u00e8tre ext\u00e9rieur : 98 cm<\/span><br \/>\n<span style=\"font-family: Liberation Sans, serif;\">Diam\u00e8tre de la grille : 67 cm<\/span><br \/>\n<span style=\"font-family: Liberation Sans, serif;\">Surface de cuisson : 1 388 cm\u00b2<\/span><br \/>\n<span style=\"font-family: Liberation Sans, serif;\">Kamado avec socle : 98 cm x 139 cm<\/span><\/span><\/p>\n<div class=\"product__description rte quick-add-hidden\">\n<p><span style=\"font-size: 12pt; color: #000000;\"><strong>Ce mod\u00e8le comprend :<\/strong><\/span><\/p>\n<ul>\n<li><span style=\"font-size: 12pt; color: #000000;\">Syst\u00e8me de cuisson (x1)<\/span><\/li>\n<li><span style=\"font-size: 12pt; color: #000000;\">Panier \u00e0 charbon (x1)<\/span><\/li>\n<li><span style=\"font-size: 12pt; color: #000000;\">Outil \u00e0 cendres (x1)<\/span><\/li>\n<li><span style=\"font-size: 12pt; color: #000000;\">Pince (x1)<\/span><\/li>\n<\/ul>\n<\/div>\n","protected":false},"featured_media":8956,"template":"","meta":{"_et_pb_use_builder":"","_et_pb_old_content":"","_et_gb_content_width":""},"product_brand":[],"product_cat":[723],"product_tag":[724],"class_list":{"0":"post-8940","1":"product","2":"type-product","3":"status-publish","4":"has-post-thumbnail","6":"product_cat-grills-kamado","7":"product_tag-grills-kamado","8":"product_shipping_class-barbecues-portables","10":"first","11":"instock","12":"taxable","13":"shipping-taxable","14":"purchasable","15":"product-type-simple"},"_links":{"self":[{"href":"https:\/\/barbacoas-argentinas.com\/fr\/wp-json\/wp\/v2\/product\/8940","targetHints":{"allow":["GET"]}}],"collection":[{"href":"https:\/\/barbacoas-argentinas.com\/fr\/wp-json\/wp\/v2\/product"}],"about":[{"href":"https:\/\/barbacoas-argentinas.com\/fr\/wp-json\/wp\/v2\/types\/product"}],"wp:featuredmedia":[{"embeddable":true,"href":"https:\/\/barbacoas-argentinas.com\/fr\/wp-json\/wp\/v2\/media\/8956"}],"wp:attachment":[{"href":"https:\/\/barbacoas-argentinas.com\/fr\/wp-json\/wp\/v2\/media?parent=8940"}],"wp:term":[{"taxonomy":"product_brand","embeddable":true,"href":"https:\/\/barbacoas-argentinas.com\/fr\/wp-json\/wp\/v2\/product_brand?post=8940"},{"taxonomy":"product_cat","embeddable":true,"href":"https:\/\/barbacoas-argentinas.com\/fr\/wp-json\/wp\/v2\/product_cat?post=8940"},{"taxonomy":"product_tag","embeddable":true,"href":"https:\/\/barbacoas-argentinas.com\/fr\/wp-json\/wp\/v2\/product_tag?post=8940"}],"curies":[{"name":"wp","href":"https:\/\/api.w.org\/{rel}","templated":true}]}}