{"id":8493,"date":"2023-08-25T09:48:58","date_gmt":"2023-08-25T09:48:58","guid":{"rendered":"https:\/\/barbacoas-argentinas.com\/non%20class\u00e9\/barbacoa-de-obra-prefabriquee-binelli-3-double\/"},"modified":"2026-04-13T11:58:50","modified_gmt":"2026-04-13T11:58:50","slug":"barbacoa-de-obra-prefabriquee-binelli-3-double","status":"publish","type":"product","link":"https:\/\/barbacoas-argentinas.com\/fr\/barbacoas-obra-mas-vendidas-fr\/barbacoa-de-obra-prefabriquee-binelli-3-double\/","title":{"rendered":"Barbacoa de obra pr\u00e9fabriqu\u00e9e Binelli #3 Double"},"content":{"rendered":"<div class=\"_6s2bg fggS- cell\">\n<h2 class=\"Text3027143737__root Text3027143737---typography-11-runningText Text3027143737---priority-7-primary s8gg2 _149OH InfoSectionTitle3095652555__root\" aria-hidden=\"false\" data-hook=\"info-section-title\"><strong>Barbacoas de obra Binelli #3 double<\/strong><\/h2>\n<h2 class=\"Text3027143737__root Text3027143737---typography-11-runningText Text3027143737---priority-7-primary s8gg2 _149OH InfoSectionTitle3095652555__root\" aria-hidden=\"false\" data-hook=\"info-section-title\"><span style=\"font-size: 14pt;\"><strong>NOTICE DE MONTAGE BINELLI N02<\/strong><\/span><\/h2>\n<div class=\"WncCi\" data-hook=\"info-section-description\">\n<p>Mesures ext\u00e9rieures (L x P x H) : 1,56 x 0,75 x 2,50 m<\/p>\n<p>Mesures int\u00e9rieures (L x P) : 1,33 x 0,62 m<\/p>\n<p>Dimensions de la grille utile Grande : 0,85 x 0,60 m Petite : 0,35 x 0,60 m<\/p>\n<p>Poids du produit (brut) : 950 kg<\/p>\n<p><iframe loading=\"lazy\" title=\"Instalaci\u00f3n Premoldeada Binelli N03 z\" width=\"1080\" height=\"608\" src=\"https:\/\/www.youtube.com\/embed\/2hpWNSy5Qv8?feature=oembed\"  allow=\"accelerometer; autoplay; clipboard-write; encrypted-media; gyroscope; picture-in-picture; web-share\" referrerpolicy=\"strict-origin-when-cross-origin\" allowfullscreen><\/iframe><\/p>\n<p>La <strong>barbacoa de obra Binelli #3 Double<\/strong> red\u00e9finit l\u2019exp\u00e9rience de la cuisson en plein air. Gr\u00e2ce \u00e0 ses deux grilles ind\u00e9pendantes, ce mod\u00e8le vous permet de pr\u00e9parer plusieurs plats simultan\u00e9ment, ce qui en fait le choix id\u00e9al pour les chefs passionn\u00e9s et les amateurs de grillades.<\/p>\n<p>Con\u00e7ue avec des <strong>mat\u00e9riaux de haute r\u00e9sistance<\/strong>, sa structure garantit une stabilit\u00e9 parfaite et une cuisson homog\u00e8ne. Elle est parfaite pour les<strong> jardins spacieux<\/strong>, ajoutant une touche de sophistication \u00e0 votre espace ext\u00e9rieur.<\/p>\n<p>Avec c<strong>ette barbacoa de obra personalizada<\/strong>, vous n\u2019aurez \u00e0 vous soucier ni de l\u2019espace ni de la qualit\u00e9 : tout est pens\u00e9 pour vous offrir des r\u00e9sultats exceptionnels.<\/p>\n<\/div>\n<\/div>\n","protected":false},"excerpt":{"rendered":"<p><strong>Barbacoas de obra Binelli #3 double<\/strong> pr\u00e9fabriqu\u00e9es en b\u00e9ton, avec des parties expos\u00e9es aux temp\u00e9ratures du feu, fabriqu\u00e9es en mat\u00e9riau r\u00e9fractaire.<br \/>\n\u00c9quip\u00e9es de grilles \u00e9maill\u00e9es r\u00e9glables en hauteur via un m\u00e9canisme \u00e0 manivelles amovibles pour un nettoyage facile.<br \/>\nGrilles en forme de V permettant de r\u00e9cup\u00e9rer les graisses dans le r\u00e9cup\u00e9rateur de graisses avant amovible.<br \/>\nCe mod\u00e8le comprend 2 grilles ind\u00e9pendantes avec 2 manivelles ; la grande grille compte 2 modules et la petite 1 seul. Il est possible d\u2019acheter un accessoire plaque de cuisson pour remplacer un module de grille.<br \/>\nCe mod\u00e8le accepte des paellas de 70 cm de diam\u00e8tre et propose en option des portes et des couvercles en inox ou noirs.<\/p>\n","protected":false},"featured_media":4563,"template":"","meta":{"_et_pb_use_builder":"","_et_pb_old_content":"","_et_gb_content_width":""},"product_brand":[],"product_cat":[264,261],"product_tag":[],"class_list":{"0":"post-8493","1":"product","2":"type-product","3":"status-publish","4":"has-post-thumbnail","6":"product_cat-barbacoas-obra-mas-vendidas-fr","7":"product_cat-barbecue-fixe","8":"product_shipping_class-barbecues-en-maconnerie-binelli-n-2-et-su","10":"first","11":"instock","12":"taxable","13":"shipping-taxable","14":"purchasable","15":"product-type-variable","16":"has-default-attributes"},"_links":{"self":[{"href":"https:\/\/barbacoas-argentinas.com\/fr\/wp-json\/wp\/v2\/product\/8493","targetHints":{"allow":["GET"]}}],"collection":[{"href":"https:\/\/barbacoas-argentinas.com\/fr\/wp-json\/wp\/v2\/product"}],"about":[{"href":"https:\/\/barbacoas-argentinas.com\/fr\/wp-json\/wp\/v2\/types\/product"}],"wp:featuredmedia":[{"embeddable":true,"href":"https:\/\/barbacoas-argentinas.com\/fr\/wp-json\/wp\/v2\/media\/4563"}],"wp:attachment":[{"href":"https:\/\/barbacoas-argentinas.com\/fr\/wp-json\/wp\/v2\/media?parent=8493"}],"wp:term":[{"taxonomy":"product_brand","embeddable":true,"href":"https:\/\/barbacoas-argentinas.com\/fr\/wp-json\/wp\/v2\/product_brand?post=8493"},{"taxonomy":"product_cat","embeddable":true,"href":"https:\/\/barbacoas-argentinas.com\/fr\/wp-json\/wp\/v2\/product_cat?post=8493"},{"taxonomy":"product_tag","embeddable":true,"href":"https:\/\/barbacoas-argentinas.com\/fr\/wp-json\/wp\/v2\/product_tag?post=8493"}],"curies":[{"name":"wp","href":"https:\/\/api.w.org\/{rel}","templated":true}]}}