{"id":8469,"date":"2023-08-25T09:55:11","date_gmt":"2023-08-25T09:55:11","guid":{"rendered":"https:\/\/barbacoas-argentinas.com\/non%20class\u00e9\/plans-de-travail-binelli\/"},"modified":"2026-04-13T12:16:12","modified_gmt":"2026-04-13T12:16:12","slug":"plans-de-travail-binelli","status":"publish","type":"product","link":"https:\/\/barbacoas-argentinas.com\/fr\/barbecue-fixe\/plans-de-travail-binelli\/","title":{"rendered":"Plans de Travail Binelli"},"content":{"rendered":"<div class=\"_6s2bg fggS- cell\">\n<h2 class=\"Text3027143737__root Text3027143737---typography-11-runningText Text3027143737---priority-7-primary s8gg2 _149OH InfoSectionTitle3095652555__root\" aria-hidden=\"false\" data-hook=\"info-section-title\">NOTICE DE MONTAGE BINELLI N02<\/h2>\n<div class=\"WncCi\" data-hook=\"info-section-description\">\n<p>Le plan de travail n\u00b01 mesure 1,00 m x 0,73 m et a une hauteur de 0,85 m<\/p>\n<p>Le plan de travail n\u00b02 mesure 1,25 m x 0,73 m et a une hauteur de 0,85 m<\/p>\n<p><a href=\"https:\/\/barbacoas-argentinas.com\/wp-content\/uploads\/2023\/08\/Instructivo-armado-MESADA-N02.pdf\">Instructions de montage &#8211; Plan de travail n\u00b02<\/a><\/p>\n<h3><strong>Plans de travail Binelli : polyvalence et style pour votre barbecue<\/strong><\/h3>\n<p>Les <strong>plans de travail Binelli<\/strong> sont le compl\u00e9ment id\u00e9al pour vos Barbecues Binelli. Con\u00e7us pour apporter fonctionnalit\u00e9, r\u00e9sistance et une touche d&rsquo;\u00e9l\u00e9gance \u00e0 vos espaces ext\u00e9rieurs, ces plans de travail, fabriqu\u00e9s en <strong>b\u00e9ton<\/strong> et habill\u00e9s de c\u00e9ramique sur leur dessus, se distinguent par leur durabilit\u00e9 et leur finition moderne, les rendant parfaits pour tout environnement.<\/p>\n<h3><strong>Deux mod\u00e8les adapt\u00e9s \u00e0 vos besoins<\/strong><\/h3>\n<ol>\n<li><strong>Plan de travail pour Barbecues Binelli N\u00b01<\/strong> : Con\u00e7u sp\u00e9cifiquement pour s&rsquo;adapter \u00e0 ce mod\u00e8le, il allie fonctionnalit\u00e9 et format compact.<\/li>\n<li><strong>Grand plan de travail pour Barbecues Binelli N\u00b02 et N\u00b03<\/strong> : Offre un espace plus large pour plus de confort lors de vos r\u00e9unions en plein air.<\/li>\n<\/ol>\n<h3><strong>Caract\u00e9ristiques principales :<\/strong><\/h3>\n<ul>\n<li><strong>Options personnalisables<\/strong> : Tous les mod\u00e8les de plans de travail peuvent \u00eatre \u00e9quip\u00e9s de <strong>portes coulissantes<\/strong>, ajoutant ainsi un espace de rangement pratique et discret. De plus, il est possible de combiner diff\u00e9rentes configurations selon votre style et vos besoins.<\/li>\n<li><strong>Installation d&rsquo;\u00e9viers<\/strong> : Des trous peuvent \u00eatre r\u00e9alis\u00e9s pour installer des \u00e9viers de mani\u00e8re pratique et efficace. Pour les espaces plus r\u00e9duits des mod\u00e8les N\u00b02 et N\u00b03, nous proposons l&rsquo;option d&rsquo;int\u00e9grer un <strong>plan de travail en acier inoxydable de 45 cm<\/strong>, id\u00e9al pour maximiser l&rsquo;espace disponible sans compromettre la fonctionnalit\u00e9.<\/li>\n<li><strong>Mat\u00e9riaux de qualit\u00e9<\/strong> : Le b\u00e9ton et le rev\u00eatement c\u00e9ramique assurent une r\u00e9sistance exceptionnelle \u00e0 une utilisation intensive et aux conditions climatiques.<\/li>\n<\/ul>\n<h3><strong>Pourquoi choisir les Plans de travail Binelli<\/strong><\/h3>\n<p>Les plans de travail Binelli ne sont pas seulement pratiques, ils compl\u00e8tent \u00e9galement le design de vos barbecues, cr\u00e9ant un espace coh\u00e9rent et \u00e9l\u00e9gant. Que ce soit pour cuisiner, pr\u00e9parer les aliments ou simplement ajouter une touche d\u00e9corative, ces plans de travail sont la solution parfaite pour tirer le meilleur parti de votre barbecue.<\/p>\n<\/div>\n<\/div>\n","protected":false},"excerpt":{"rendered":"<p>Les plans de travail Binelli sont faits de b\u00e9ton et rev\u00eatus de c\u00e9ramique sur leur dessus.<br \/>\nIl existe deux mod\u00e8les : un pour les Barbecues Binelli N\u00b01 et un plus grand pour les Barbecues Binelli N\u00b02 et N\u00b03. Tous les mod\u00e8les peuvent recevoir des portes coulissantes et vous pouvez faire les combinaisons que vous souhaitez.<br \/>\nDes trous peuvent \u00e9galement \u00eatre faits pour y placer des \u00e9viers, mais si l&rsquo;espace est insuffisant sur les mod\u00e8les n\u00b02 et n\u00b03, nous pouvons installer un petit plan de travail en inox de 45 cm.<\/p>\n","protected":false},"featured_media":4663,"template":"","meta":{"_et_pb_use_builder":"","_et_pb_old_content":"","_et_gb_content_width":""},"product_brand":[],"product_cat":[261],"product_tag":[],"class_list":{"0":"post-8469","1":"product","2":"type-product","3":"status-publish","4":"has-post-thumbnail","6":"product_cat-barbecue-fixe","7":"product_shipping_class-barbecues-en-maconnerie-binelli-n-2-et-su","9":"first","10":"instock","11":"taxable","12":"shipping-taxable","13":"purchasable","14":"product-type-variable","15":"has-default-attributes"},"_links":{"self":[{"href":"https:\/\/barbacoas-argentinas.com\/fr\/wp-json\/wp\/v2\/product\/8469","targetHints":{"allow":["GET"]}}],"collection":[{"href":"https:\/\/barbacoas-argentinas.com\/fr\/wp-json\/wp\/v2\/product"}],"about":[{"href":"https:\/\/barbacoas-argentinas.com\/fr\/wp-json\/wp\/v2\/types\/product"}],"wp:featuredmedia":[{"embeddable":true,"href":"https:\/\/barbacoas-argentinas.com\/fr\/wp-json\/wp\/v2\/media\/4663"}],"wp:attachment":[{"href":"https:\/\/barbacoas-argentinas.com\/fr\/wp-json\/wp\/v2\/media?parent=8469"}],"wp:term":[{"taxonomy":"product_brand","embeddable":true,"href":"https:\/\/barbacoas-argentinas.com\/fr\/wp-json\/wp\/v2\/product_brand?post=8469"},{"taxonomy":"product_cat","embeddable":true,"href":"https:\/\/barbacoas-argentinas.com\/fr\/wp-json\/wp\/v2\/product_cat?post=8469"},{"taxonomy":"product_tag","embeddable":true,"href":"https:\/\/barbacoas-argentinas.com\/fr\/wp-json\/wp\/v2\/product_tag?post=8469"}],"curies":[{"name":"wp","href":"https:\/\/api.w.org\/{rel}","templated":true}]}}