{"id":8443,"date":"2023-09-03T14:50:41","date_gmt":"2023-09-03T14:50:41","guid":{"rendered":"https:\/\/barbacoas-argentinas.com\/non%20class\u00e9\/grill-a-encastrer-ad-85-binelli\/"},"modified":"2026-02-26T12:07:04","modified_gmt":"2026-02-26T12:07:04","slug":"grill-a-encastrer-ad-85-binelli","status":"publish","type":"product","link":"https:\/\/barbacoas-argentinas.com\/fr\/grills-binelli\/grill-a-encastrer-ad-85-binelli\/","title":{"rendered":"Grille murale AD 80 Binelli"},"content":{"rendered":"<p>[et_pb_section fb_built=\u00a0\u00bb1&Prime; _builder_version=\u00a0\u00bb4.16&Prime; custom_padding=\u00a0\u00bb0px||||false|false\u00a0\u00bb global_colors_info=\u00a0\u00bb{}\u00a0\u00bb][et_pb_row _builder_version=\u00a0\u00bb4.16&Prime; background_size=\u00a0\u00bbinitial\u00a0\u00bb background_position=\u00a0\u00bbtop_left\u00a0\u00bb background_repeat=\u00a0\u00bbrepeat\u00a0\u00bb width=\u00a0\u00bb100%\u00a0\u00bb custom_padding=\u00a0\u00bb0px||0px||false|false\u00a0\u00bb global_colors_info=\u00a0\u00bb{}\u00a0\u00bb][et_pb_column type=\u00a0\u00bb4_4&Prime; _builder_version=\u00a0\u00bb4.16&Prime; custom_padding=\u00a0\u00bb|||\u00a0\u00bb global_colors_info=\u00a0\u00bb{}\u00a0\u00bb custom_padding__hover=\u00a0\u00bb|||\u00a0\u00bb][et_pb_wc_breadcrumb _builder_version=\u00a0\u00bb4.16&Prime; global_colors_info=\u00a0\u00bb{}\u00a0\u00bb][\/et_pb_wc_breadcrumb][et_pb_wc_cart_notice _builder_version=\u00a0\u00bb4.16&Prime; global_colors_info=\u00a0\u00bb{}\u00a0\u00bb][\/et_pb_wc_cart_notice][\/et_pb_column][\/et_pb_row][et_pb_row column_structure=\u00a0\u00bb1_2,1_2&Prime; _builder_version=\u00a0\u00bb4.16&Prime; background_size=\u00a0\u00bbinitial\u00a0\u00bb background_position=\u00a0\u00bbtop_left\u00a0\u00bb background_repeat=\u00a0\u00bbrepeat\u00a0\u00bb width=\u00a0\u00bb100%\u00a0\u00bb custom_padding=\u00a0\u00bb0px||||false|false\u00a0\u00bb global_colors_info=\u00a0\u00bb{}\u00a0\u00bb][et_pb_column type=\u00a0\u00bb1_2&Prime; _builder_version=\u00a0\u00bb4.16&Prime; custom_padding=\u00a0\u00bb|||\u00a0\u00bb global_colors_info=\u00a0\u00bb{}\u00a0\u00bb custom_padding__hover=\u00a0\u00bb|||\u00a0\u00bb][et_pb_wc_images _builder_version=\u00a0\u00bb4.16&Prime; global_colors_info=\u00a0\u00bb{}\u00a0\u00bb][\/et_pb_wc_images][\/et_pb_column][et_pb_column type=\u00a0\u00bb1_2&Prime; _builder_version=\u00a0\u00bb4.16&Prime; custom_padding=\u00a0\u00bb|||\u00a0\u00bb global_colors_info=\u00a0\u00bb{}\u00a0\u00bb custom_padding__hover=\u00a0\u00bb|||\u00a0\u00bb][et_pb_wc_title _builder_version=\u00a0\u00bb4.16&Prime; global_colors_info=\u00a0\u00bb{}\u00a0\u00bb][\/et_pb_wc_title][et_pb_wc_rating _builder_version=\u00a0\u00bb4.27.4&Prime; global_colors_info=\u00a0\u00bb{}\u00a0\u00bb][\/et_pb_wc_rating][et_pb_wc_price _builder_version=\u00a0\u00bb4.16&Prime; global_colors_info=\u00a0\u00bb{}\u00a0\u00bb][\/et_pb_wc_price][et_pb_wc_description _builder_version=\u00a0\u00bb4.16&Prime; global_colors_info=\u00a0\u00bb{}\u00a0\u00bb][\/et_pb_wc_description][et_pb_wc_add_to_cart _builder_version=\u00a0\u00bb4.16&Prime; global_colors_info=\u00a0\u00bb{}\u00a0\u00bb][\/et_pb_wc_add_to_cart][et_pb_wc_meta _builder_version=\u00a0\u00bb4.16&Prime; global_colors_info=\u00a0\u00bb{}\u00a0\u00bb][\/et_pb_wc_meta][\/et_pb_column][\/et_pb_row][et_pb_row _builder_version=\u00a0\u00bb4.16&Prime; background_size=\u00a0\u00bbinitial\u00a0\u00bb background_position=\u00a0\u00bbtop_left\u00a0\u00bb background_repeat=\u00a0\u00bbrepeat\u00a0\u00bb width=\u00a0\u00bb100%\u00a0\u00bb global_colors_info=\u00a0\u00bb{}\u00a0\u00bb][et_pb_column type=\u00a0\u00bb4_4&Prime; _builder_version=\u00a0\u00bb4.16&Prime; custom_padding=\u00a0\u00bb|||\u00a0\u00bb global_colors_info=\u00a0\u00bb{}\u00a0\u00bb custom_padding__hover=\u00a0\u00bb|||\u00a0\u00bb][et_pb_wc_tabs _builder_version=\u00a0\u00bb4.16&Prime; global_colors_info=\u00a0\u00bb{}\u00a0\u00bb]\t\t\t\t\t[\/et_pb_wc_tabs][et_pb_wc_upsells _builder_version=\u00a0\u00bb4.16&Prime; global_colors_info=\u00a0\u00bb{}\u00a0\u00bb][\/et_pb_wc_upsells][et_pb_wc_related_products _builder_version=\u00a0\u00bb4.16&Prime; global_colors_info=\u00a0\u00bb{}\u00a0\u00bb][\/et_pb_wc_related_products][\/et_pb_column][\/et_pb_row][\/et_pb_section]<\/p>\n","protected":false},"excerpt":{"rendered":"<div class=\"_6s2bg fggS- cell\">\n<p>Ce barbecue se compose de 2 guides lat\u00e9raux, le long desquels le grill monte et descend, et dispose d&rsquo;une manivelle lat\u00e9rale qui peut \u00eatre install\u00e9e \u00e0 gauche ou \u00e0 droite. Il est pr\u00e9par\u00e9 pour traverser un mur jusqu&rsquo;\u00e0 24 cm d&rsquo;\u00e9paisseur (plus \u00e9pais sur demande).<\/p>\n<p>Les modules de grill de ce mod\u00e8le sont au nombre de 2, amovibles pour un nettoyage facile et enti\u00e8rement \u00e9maill\u00e9s.<\/p>\n<p>Un kit complet d&rsquo;assemblage avec instructions de montage est fourni, en mod\u00e8le standard.<\/p>\n<p>Si vous avez besoin de modifier l&rsquo;une des guides, vous devez demander une modification.<\/p>\n<p>Vous pouvez \u00e9galement demander une manivelle frontale avec volant dans n&rsquo;importe quelle mesure.<\/p>\n<\/div>\n","protected":false},"featured_media":5719,"template":"","meta":{"_et_pb_use_builder":"on","_et_pb_old_content":"<div class=\"_6s2bg fggS- cell\">\n\nMESURES INTERNES ET EXTERNES\n\nMod\u00e8le AD-80 DE 48<br>Largeur de 80 cm entre les glissi\u00e8res, surface de cuisson utile de 70 cm. Profondeur de la grille : 48 cm, compos\u00e9e de 45 cm de grille et de 5 cm de ramasse-graisse avant. Hauteur des glissi\u00e8res : 60 cm.  \n\nMod\u00e8le AD-80 DE 60<br>Largeur de 80 cm entre les glissi\u00e8res, surface de cuisson utile de 70 cm. Profondeur de la grille : 60 cm, compos\u00e9e de 55 cm de grille et de 5 cm de ramasse-graisse avant. Hauteur des glissi\u00e8res : 60 cm.  \n\nMod\u00e8le AD-85 DE 75<br>Largeur de 85 cm entre les glissi\u00e8res, surface de cuisson utile de 76 cm. Profondeur de la grille : 75 cm, compos\u00e9e de 70 cm de grille et de 5 cm de ramasse-graisse avant. Hauteur des glissi\u00e8res : 60 cm.  \n\nSi vous recherchez une option compacte et fonctionnelle, la <strong>Grille murale AD 80 <\/strong>est le choix parfait. Con\u00e7ue pour ceux qui souhaitent profiter d'un bon barbecue dans un espace r\u00e9duit, cette grille est id\u00e9ale \u00e0 installer sur une <strong>terrasse<\/strong> ou un <strong>balcon<\/strong>. Sa structure robuste et durable est fabriqu\u00e9e \u00e0 partir de mat\u00e9riaux de haute qualit\u00e9, garantissant sa r\u00e9sistance \u00e0 une utilisation intensive et aux intemp\u00e9ries.  \n\nAvec ce <strong>grill fixe mural<\/strong>, vous pouvez pr\u00e9parer des barbecues avec un design pratique qui optimise l'espace. Il est parfait comme <strong>grill \u00e0 encastrer avec hotte<\/strong>, ce qui permet une \u00e9vacuation efficace de la fum\u00e9e, id\u00e9al pour ceux qui recherchent une exp\u00e9rience de barbecue sans complications. \n\nSi vous cherchez une grille fonctionnelle, compacte et \u00e9conomique \u00e0 fixer au mur, le mod\u00e8le AD 80 est une option incomparable.\n\n<\/div>","_et_gb_content_width":""},"product_brand":[],"product_cat":[232],"product_tag":[],"class_list":{"0":"post-8443","1":"product","2":"type-product","3":"status-publish","4":"has-post-thumbnail","6":"product_cat-grills-binelli","7":"product_shipping_class-parrillas-para-barbacoa-85-y-105","9":"first","10":"instock","11":"taxable","12":"shipping-taxable","13":"purchasable","14":"product-type-variable","15":"has-default-attributes"},"_links":{"self":[{"href":"https:\/\/barbacoas-argentinas.com\/fr\/wp-json\/wp\/v2\/product\/8443","targetHints":{"allow":["GET"]}}],"collection":[{"href":"https:\/\/barbacoas-argentinas.com\/fr\/wp-json\/wp\/v2\/product"}],"about":[{"href":"https:\/\/barbacoas-argentinas.com\/fr\/wp-json\/wp\/v2\/types\/product"}],"wp:featuredmedia":[{"embeddable":true,"href":"https:\/\/barbacoas-argentinas.com\/fr\/wp-json\/wp\/v2\/media\/5719"}],"wp:attachment":[{"href":"https:\/\/barbacoas-argentinas.com\/fr\/wp-json\/wp\/v2\/media?parent=8443"}],"wp:term":[{"taxonomy":"product_brand","embeddable":true,"href":"https:\/\/barbacoas-argentinas.com\/fr\/wp-json\/wp\/v2\/product_brand?post=8443"},{"taxonomy":"product_cat","embeddable":true,"href":"https:\/\/barbacoas-argentinas.com\/fr\/wp-json\/wp\/v2\/product_cat?post=8443"},{"taxonomy":"product_tag","embeddable":true,"href":"https:\/\/barbacoas-argentinas.com\/fr\/wp-json\/wp\/v2\/product_tag?post=8443"}],"curies":[{"name":"wp","href":"https:\/\/api.w.org\/{rel}","templated":true}]}}