{"id":8415,"date":"2023-09-03T15:04:51","date_gmt":"2023-09-03T15:04:51","guid":{"rendered":"https:\/\/barbacoas-argentinas.com\/non%20class\u00e9\/grill-a-encastrer-ad-105-binelli\/"},"modified":"2025-12-18T00:55:43","modified_gmt":"2025-12-18T00:55:43","slug":"grill-a-encastrer-ad-105-binelli","status":"publish","type":"product","link":"https:\/\/barbacoas-argentinas.com\/fr\/grills-binelli\/grill-a-encastrer-ad-105-binelli\/","title":{"rendered":"Griglia da Incasso AD 105 Binelli"},"content":{"rendered":"<div class=\"_6s2bg fggS- cell\">\n<p>NOTICE DE MONTAGE BINELLI N02<\/p>\n<p>Ce mod\u00e8le AD-105 DE 48 mesure 105 cm de largeur entre guides avec une surface de cuisson utile de 96 cm. La profondeur du grill est de 48 cm, compos\u00e9e de 45 cm de surface de cuisson et 5 cm de r\u00e9cup\u00e9rateur de graisse avant. La hauteur des guides est de 68 cm.<br \/>\nPRIX 360 HT  <\/p>\n<p>Ce mod\u00e8le AD-105 DE 60 mesure 105 cm de largeur entre guides avec une surface de cuisson utile de 96 cm. La profondeur du grill est de 60 cm, compos\u00e9e de 55 cm de surface de cuisson et 5 cm de r\u00e9cup\u00e9rateur de graisse avant. La hauteur des guides est de 68 cm.<br \/>\nPRIX 360 HT  <\/p>\n<p>Ce mod\u00e8le AD-105 DE 75 mesure 105 cm de largeur entre guides avec une surface de cuisson utile de 96 cm. La profondeur du grill est de 75 cm, compos\u00e9e de 70 cm de surface de cuisson et 5 cm de r\u00e9cup\u00e9rateur de graisse avant. La hauteur des guides est de 68 cm.<br \/>\nPRIX 460 HT  <\/p>\n<\/div>\n<p>&nbsp;<\/p>\n<p>Le <strong>Grill \u00e0 encastrer AD 105<\/strong> est la solution interm\u00e9diaire parfaite pour ceux qui ont besoin d&rsquo;un \u00e9quilibre entre taille et fonctionnalit\u00e9. Id\u00e9al pour les <strong>terrasses<\/strong>, <strong>jardins<\/strong>, ou m\u00eame les <strong>quinchos<\/strong>, ce mod\u00e8le allie un design moderne \u00e0 une installation simple. <\/p>\n<p>Fabriqu\u00e9e en mat\u00e9riaux de haute qualit\u00e9, l&rsquo;AD 105 se distingue comme l&rsquo;une des meilleures options de<strong> grills fixes ext\u00e9rieurs r\u00e9sistants aux intemp\u00e9ries<\/strong>. Son design inclut de l&rsquo;espace pour des accessoires tels que des plaques ou des \u00e9tag\u00e8res, ce qui en fait un excellent <strong>grill modulaire \u00e0 encastrer.<\/strong> <\/p>\n<p>Gr\u00e2ce \u00e0 sa polyvalence, vous pouvez profiter de ce <strong>grill encastr\u00e9 <\/strong>dans votre espace ext\u00e9rieur, cr\u00e9ant l&rsquo;ambiance parfaite pour les r\u00e9unions de famille ou entre amis..<\/p>\n","protected":false},"excerpt":{"rendered":"<p>Ce barbecue est compos\u00e9 de 2 guides lat\u00e9raux, le long desquels le grill monte et descend, et dispose d&rsquo;une manivelle lat\u00e9rale qui peut \u00eatre install\u00e9e \u00e0 gauche ou \u00e0 droite. Il est pr\u00e9par\u00e9 pour traverser un mur jusqu&rsquo;\u00e0 24 cm d&rsquo;\u00e9paisseur (plus \u00e9pais sur demande).<\/p>\n<p>Les modules de grill de ce mod\u00e8le sont au nombre de 3, 2 grands et 1 petit, amovibles pour un nettoyage facile et enti\u00e8rement \u00e9maill\u00e9s.<\/p>\n<p>Un kit complet d&rsquo;assemblage avec instructions de montage est fourni, en mod\u00e8le standard.<\/p>\n<p>Si vous avez besoin de modifier l&rsquo;une des guides, vous devez demander une modification.<\/p>\n<p>Vous pouvez \u00e9galement demander une manivelle frontale avec volant dans n&rsquo;importe quelle mesure.<\/p>\n","protected":false},"featured_media":5823,"template":"","meta":{"_et_pb_use_builder":"","_et_pb_old_content":"","_et_gb_content_width":""},"product_brand":[],"product_cat":[232],"product_tag":[],"class_list":{"0":"post-8415","1":"product","2":"type-product","3":"status-publish","4":"has-post-thumbnail","6":"product_cat-grills-binelli","7":"product_shipping_class-parrillas-para-barbacoa-85-y-105","9":"first","10":"instock","11":"taxable","12":"shipping-taxable","13":"purchasable","14":"product-type-variable","15":"has-default-attributes"},"_links":{"self":[{"href":"https:\/\/barbacoas-argentinas.com\/fr\/wp-json\/wp\/v2\/product\/8415","targetHints":{"allow":["GET"]}}],"collection":[{"href":"https:\/\/barbacoas-argentinas.com\/fr\/wp-json\/wp\/v2\/product"}],"about":[{"href":"https:\/\/barbacoas-argentinas.com\/fr\/wp-json\/wp\/v2\/types\/product"}],"wp:featuredmedia":[{"embeddable":true,"href":"https:\/\/barbacoas-argentinas.com\/fr\/wp-json\/wp\/v2\/media\/5823"}],"wp:attachment":[{"href":"https:\/\/barbacoas-argentinas.com\/fr\/wp-json\/wp\/v2\/media?parent=8415"}],"wp:term":[{"taxonomy":"product_brand","embeddable":true,"href":"https:\/\/barbacoas-argentinas.com\/fr\/wp-json\/wp\/v2\/product_brand?post=8415"},{"taxonomy":"product_cat","embeddable":true,"href":"https:\/\/barbacoas-argentinas.com\/fr\/wp-json\/wp\/v2\/product_cat?post=8415"},{"taxonomy":"product_tag","embeddable":true,"href":"https:\/\/barbacoas-argentinas.com\/fr\/wp-json\/wp\/v2\/product_tag?post=8415"}],"curies":[{"name":"wp","href":"https:\/\/api.w.org\/{rel}","templated":true}]}}