{"id":8392,"date":"2023-09-03T15:13:10","date_gmt":"2023-09-03T15:13:10","guid":{"rendered":"https:\/\/barbacoas-argentinas.com\/non%20class\u00e9\/built-in-grill-ad-125-binelli\/"},"modified":"2025-11-07T18:17:49","modified_gmt":"2025-11-07T18:17:49","slug":"built-in-grill-ad-125-binelli","status":"publish","type":"product","link":"https:\/\/barbacoas-argentinas.com\/fr\/grills-binelli\/built-in-grill-ad-125-binelli\/","title":{"rendered":"Grill \u00e0 encastrer AD 125 Binelli"},"content":{"rendered":"<div class=\"_6s2bg fggS- cell\">\n<h2 class=\"Text3027143737__root Text3027143737---typography-11-runningText Text3027143737---priority-7-primary s8gg2 _149OH InfoSectionTitle3095652555__root\" aria-hidden=\"false\" data-hook=\"info-section-title\">Dimensions internes avec briques r\u00e9fractaires<\/h2>\n<div class=\"WncCi\" data-hook=\"info-section-description\">\n<p>Ce mod\u00e8le AD-125 x60 mesure 125 cm de largeur entre guides avec une surface de cuisson utile de 118 cm. La largeur du grill est de 60 cm, compos\u00e9e de 55 cm de surface de cuisson et 5 cm de r\u00e9cup\u00e9rateur de graisse avant. La hauteur des guides est de 68 cm.<\/p>\n<p>Ce mod\u00e8le AD-125 x75 mesure 125 cm de largeur entre guides avec une surface de cuisson utile de 118 cm. La largeur du grill est de 75 cm, compos\u00e9e de 70 cm de surface de cuisson et 5 cm de r\u00e9cup\u00e9rateur de graisse avant. La hauteur des guides est de 68 cm.<\/p>\n<\/div>\n<\/div>\n<p>&nbsp;<\/p>\n<p>Le <strong>Grill \u00e0 encastrer AD 125<\/strong> est l&rsquo;une des options les plus grandes de sa cat\u00e9gorie, id\u00e9ale pour les<strong> grilleurs professionnels<\/strong> ou ceux qui aiment les barbecues fr\u00e9quents avec de nombreux invit\u00e9s. Ce mod\u00e8le est parfait pour ceux qui recherchent un <strong>grill ma\u00e7onn\u00e9 sur mesure<\/strong>, avec suffisamment d&rsquo;espace pour ajouter des plaques, des \u00e9tag\u00e8res et plus encore. <\/p>\n<p>Sa conception robuste en fait un choix remarquable parmi les <strong>grills ma\u00e7onn\u00e9s avec ventilation<\/strong>, garantissant une cuisson uniforme et une \u00e9vacuation efficace de la fum\u00e9e. De plus, il est id\u00e9al comme <strong>grill pour barbecues familiaux<\/strong>, vous permettant de pr\u00e9parer plusieurs portions \u00e0 la fois. <\/p>\n<p>Si vous avez besoin d&rsquo;un mod\u00e8le polyvalent, durable et de grande taille, l&rsquo;AD 125 est le choix id\u00e9al.<\/p>\n","protected":false},"excerpt":{"rendered":"<p>Ce barbecue se compose de 2 guides lat\u00e9raux, le long desquels le grill monte et descend, et dispose d&rsquo;une manivelle lat\u00e9rale qui peut \u00eatre install\u00e9e \u00e0 gauche ou \u00e0 droite. Il est pr\u00e9par\u00e9 pour traverser un mur jusqu&rsquo;\u00e0 24 cm d&rsquo;\u00e9paisseur (plus \u00e9pais sur demande).<\/p>\n<p>Les modules de grill de ce mod\u00e8le sont au nombre de 3, amovibles pour un nettoyage facile et enti\u00e8rement \u00e9maill\u00e9s. Un kit complet d&rsquo;assemblage avec instructions de montage est fourni.<\/p>\n","protected":false},"featured_media":5183,"template":"","meta":{"_et_pb_use_builder":"","_et_pb_old_content":"","_et_gb_content_width":""},"product_brand":[],"product_cat":[232],"product_tag":[],"class_list":{"0":"post-8392","1":"product","2":"type-product","3":"status-publish","4":"has-post-thumbnail","6":"product_cat-grills-binelli","7":"product_shipping_class-grilles-de-barbecue-125-et-double","9":"first","10":"instock","11":"taxable","12":"shipping-taxable","13":"purchasable","14":"product-type-variable","15":"has-default-attributes"},"_links":{"self":[{"href":"https:\/\/barbacoas-argentinas.com\/fr\/wp-json\/wp\/v2\/product\/8392","targetHints":{"allow":["GET"]}}],"collection":[{"href":"https:\/\/barbacoas-argentinas.com\/fr\/wp-json\/wp\/v2\/product"}],"about":[{"href":"https:\/\/barbacoas-argentinas.com\/fr\/wp-json\/wp\/v2\/types\/product"}],"wp:featuredmedia":[{"embeddable":true,"href":"https:\/\/barbacoas-argentinas.com\/fr\/wp-json\/wp\/v2\/media\/5183"}],"wp:attachment":[{"href":"https:\/\/barbacoas-argentinas.com\/fr\/wp-json\/wp\/v2\/media?parent=8392"}],"wp:term":[{"taxonomy":"product_brand","embeddable":true,"href":"https:\/\/barbacoas-argentinas.com\/fr\/wp-json\/wp\/v2\/product_brand?post=8392"},{"taxonomy":"product_cat","embeddable":true,"href":"https:\/\/barbacoas-argentinas.com\/fr\/wp-json\/wp\/v2\/product_cat?post=8392"},{"taxonomy":"product_tag","embeddable":true,"href":"https:\/\/barbacoas-argentinas.com\/fr\/wp-json\/wp\/v2\/product_tag?post=8392"}],"curies":[{"name":"wp","href":"https:\/\/api.w.org\/{rel}","templated":true}]}}