{"id":8378,"date":"2023-09-03T17:17:21","date_gmt":"2023-09-03T17:17:21","guid":{"rendered":"https:\/\/barbacoas-argentinas.com\/non%20class\u00e9\/grill-a-encastrer-ad-125-double-binelli\/"},"modified":"2025-12-18T00:49:54","modified_gmt":"2025-12-18T00:49:54","slug":"grill-a-encastrer-ad-125-double-binelli","status":"publish","type":"product","link":"https:\/\/barbacoas-argentinas.com\/fr\/grills-binelli\/grill-a-encastrer-ad-125-double-binelli\/","title":{"rendered":"Grill \u00e0 encastrer AD 125 Double Binelli"},"content":{"rendered":"<div class=\"_6s2bg fggS- cell\">\n<h2 class=\"Text3027143737__root Text3027143737---typography-11-runningText Text3027143737---priority-7-primary s8gg2 _149OH InfoSectionTitle3095652555__root\" aria-hidden=\"false\" data-hook=\"info-section-title\"><span style=\"font-size: 14pt;\"><strong>NOTICE DE MONTAGE BINELLI N02<\/strong><\/span><\/h2>\n<div class=\"WncCi\" data-hook=\"info-section-description\">\n<p>Dimensions externes avec briques r\u00e9fractaires install\u00e9es<\/p>\n<p>Ce mod\u00e8le AD-125 mesure 125 cm de largeur entre guides avec une surface de cuisson utile de 111 cm r\u00e9partie sur deux grills. La largeur par grill est de 60 cm, compos\u00e9e de 55 cm de surface de cuisson et 5 cm de r\u00e9cup\u00e9rateur de graisse avant. La hauteur des guides est de 68 cm.<\/p>\n<p>Le <strong>Grill \u00e0 encastrer AD 125 Double<\/strong> repr\u00e9sente l&rsquo;excellence en mati\u00e8re de fonctionnalit\u00e9 et de capacit\u00e9. Con\u00e7u pour les grandes r\u00e9unions et \u00e9v\u00e9nements, ce mod\u00e8le est id\u00e9al pour une installation dans <strong>jardins spacieux<\/strong>, <strong>quinchos<\/strong> ou espaces ext\u00e9rieurs o\u00f9 la taille et la capacit\u00e9 sont cruciales. <\/p>\n<p>Avec une structure robuste et un design versatile, ce grill est parfait comme grill en ciment \u00e0 encastrer ou comme option fixe pour ceux qui recherchent une durabilit\u00e9 \u00e0 long terme. Son design permet une combinaison avec d&rsquo;autres accessoires, ce qui en fait un excellent choix pour ceux qui d\u00e9sirent un<strong> grill moderne \u00e0<\/strong> <strong>encastrer.<\/strong> <\/p>\n<p>Ce mod\u00e8le dispose de deux zones de cuisson, le rendant parfait pour pr\u00e9parer diff\u00e9rents types d&rsquo;aliments simultan\u00e9ment, id\u00e9al pour grillades<strong> professionnels recherchant<\/strong> le meilleur.<\/p>\n<\/div>\n<\/div>\n","protected":false},"excerpt":{"rendered":"<p>Cette barbecue se compose de 2 guides lat\u00e9raux et d&rsquo;un guide central reliant les deux grills. Les grills montent et descendent le long de ces guides et dispose d&rsquo;une manivelle lat\u00e9rale de chaque c\u00f4t\u00e9. Pr\u00e9vu pour traverser un mur jusqu&rsquo;\u00e0 24 cm d&rsquo;\u00e9paisseur (plus \u00e9pais sur demande). <\/p>\n<p>Les modules de grill dans ce mod\u00e8le consistent en 2 modules pour le grill large et 1 pour le petit. Ils sont amovibles pour un nettoyage facile et enti\u00e8rement \u00e9maill\u00e9s.<\/p>\n<p>Un kit complet d&rsquo;assemblage avec instructions de montage est fourni. Vous pouvez choisir une manivelle frontale et des options de dimensions.<\/p>\n","protected":false},"featured_media":5151,"template":"","meta":{"_et_pb_use_builder":"","_et_pb_old_content":"","_et_gb_content_width":""},"product_brand":[],"product_cat":[232],"product_tag":[],"class_list":{"0":"post-8378","1":"product","2":"type-product","3":"status-publish","4":"has-post-thumbnail","6":"product_cat-grills-binelli","7":"product_shipping_class-grilles-de-barbecue-125-et-double","9":"first","10":"instock","11":"taxable","12":"shipping-taxable","13":"purchasable","14":"product-type-variable","15":"has-default-attributes"},"_links":{"self":[{"href":"https:\/\/barbacoas-argentinas.com\/fr\/wp-json\/wp\/v2\/product\/8378","targetHints":{"allow":["GET"]}}],"collection":[{"href":"https:\/\/barbacoas-argentinas.com\/fr\/wp-json\/wp\/v2\/product"}],"about":[{"href":"https:\/\/barbacoas-argentinas.com\/fr\/wp-json\/wp\/v2\/types\/product"}],"wp:featuredmedia":[{"embeddable":true,"href":"https:\/\/barbacoas-argentinas.com\/fr\/wp-json\/wp\/v2\/media\/5151"}],"wp:attachment":[{"href":"https:\/\/barbacoas-argentinas.com\/fr\/wp-json\/wp\/v2\/media?parent=8378"}],"wp:term":[{"taxonomy":"product_brand","embeddable":true,"href":"https:\/\/barbacoas-argentinas.com\/fr\/wp-json\/wp\/v2\/product_brand?post=8378"},{"taxonomy":"product_cat","embeddable":true,"href":"https:\/\/barbacoas-argentinas.com\/fr\/wp-json\/wp\/v2\/product_cat?post=8378"},{"taxonomy":"product_tag","embeddable":true,"href":"https:\/\/barbacoas-argentinas.com\/fr\/wp-json\/wp\/v2\/product_tag?post=8378"}],"curies":[{"name":"wp","href":"https:\/\/api.w.org\/{rel}","templated":true}]}}