{"id":8364,"date":"2023-09-03T17:33:38","date_gmt":"2023-09-03T17:33:38","guid":{"rendered":"https:\/\/barbacoas-argentinas.com\/?post_type=product&#038;p=8364"},"modified":"2025-12-18T00:45:38","modified_gmt":"2025-12-18T00:45:38","slug":"grille-ideale-a-encastrer-ad-hotellerie-binelli","status":"publish","type":"product","link":"https:\/\/barbacoas-argentinas.com\/fr\/grills-binelli\/grille-ideale-a-encastrer-ad-hotellerie-binelli\/","title":{"rendered":"Grille id\u00e9ale \u00e0 encastrer AD H\u00f4tellerie Binelli"},"content":{"rendered":"<div class=\"_6s2bg fggS- cell\">\n<h2 class=\"Text3027143737__root Text3027143737---typography-11-runningText Text3027143737---priority-7-primary s8gg2 _149OH InfoSectionTitle3095652555__root\" aria-hidden=\"false\" data-hook=\"info-section-title\"><span style=\"font-size: 14pt;\"><strong>NOTICE DE MONTAGE BINELLI N02<\/strong><\/span><\/h2>\n<div class=\"WncCi\" data-hook=\"info-section-description\">\n<p>Mesures internes avec briques r\u00e9fractaires install\u00e9es<\/p>\n<p>Les tailles varient de 85 cm \u00e0 125 cm avec la possibilit\u00e9 de joindre deux grilles. La largeur de la grille est de 75 cm, comprenant 70 cm de surface de cuisson et 5 cm de r\u00e9cup\u00e9rateur de graisse avant. La hauteur des guides est de 59 cm.<\/p>\n<\/div>\n<\/div>\n","protected":false},"excerpt":{"rendered":"<div class=\"_6s2bg fggS- cell\">\n<p>Ce barbecue est constitu\u00e9 de 2 guides lat\u00e9raux, le long desquels la grille monte et descend, et dispose d&rsquo;une manivelle lat\u00e9rale qui peut \u00eatre install\u00e9e \u00e0 gauche ou \u00e0 droite.<\/p>\n<p>Les modules de grille de ce mod\u00e8le varient selon la taille de la grille, sont amovibles pour un nettoyage facile et sont enti\u00e8rement \u00e9maill\u00e9s. Un kit de montage complet avec instructions est fourni.<\/p>\n<\/div>\n","protected":false},"featured_media":5139,"template":"","meta":{"_et_pb_use_builder":"","_et_pb_old_content":"","_et_gb_content_width":""},"product_brand":[],"product_cat":[232],"product_tag":[],"class_list":{"0":"post-8364","1":"product","2":"type-product","3":"status-publish","4":"has-post-thumbnail","6":"product_cat-grills-binelli","8":"first","9":"instock","10":"taxable","11":"shipping-taxable","12":"purchasable","13":"product-type-variable","14":"has-default-attributes"},"_links":{"self":[{"href":"https:\/\/barbacoas-argentinas.com\/fr\/wp-json\/wp\/v2\/product\/8364","targetHints":{"allow":["GET"]}}],"collection":[{"href":"https:\/\/barbacoas-argentinas.com\/fr\/wp-json\/wp\/v2\/product"}],"about":[{"href":"https:\/\/barbacoas-argentinas.com\/fr\/wp-json\/wp\/v2\/types\/product"}],"wp:featuredmedia":[{"embeddable":true,"href":"https:\/\/barbacoas-argentinas.com\/fr\/wp-json\/wp\/v2\/media\/5139"}],"wp:attachment":[{"href":"https:\/\/barbacoas-argentinas.com\/fr\/wp-json\/wp\/v2\/media?parent=8364"}],"wp:term":[{"taxonomy":"product_brand","embeddable":true,"href":"https:\/\/barbacoas-argentinas.com\/fr\/wp-json\/wp\/v2\/product_brand?post=8364"},{"taxonomy":"product_cat","embeddable":true,"href":"https:\/\/barbacoas-argentinas.com\/fr\/wp-json\/wp\/v2\/product_cat?post=8364"},{"taxonomy":"product_tag","embeddable":true,"href":"https:\/\/barbacoas-argentinas.com\/fr\/wp-json\/wp\/v2\/product_tag?post=8364"}],"curies":[{"name":"wp","href":"https:\/\/api.w.org\/{rel}","templated":true}]}}