{"id":8354,"date":"2023-09-03T17:37:10","date_gmt":"2023-09-03T17:37:10","guid":{"rendered":"https:\/\/barbacoas-argentinas.com\/non%20class\u00e9\/fabrication-sur-mesure-avec-support-et-manivelle-avant\/"},"modified":"2025-12-18T00:38:49","modified_gmt":"2025-12-18T00:38:49","slug":"fabrication-sur-mesure-avec-support-et-manivelle-avant","status":"publish","type":"product","link":"https:\/\/barbacoas-argentinas.com\/fr\/grills-binelli\/fabrication-sur-mesure-avec-support-et-manivelle-avant\/","title":{"rendered":"Fabrication sur mesure avec support et manivelle avant"},"content":{"rendered":"<h2 class=\"Text3027143737__root Text3027143737---typography-11-runningText Text3027143737---priority-7-primary s8gg2 _149OH InfoSectionTitle3095652555__root\" aria-hidden=\"false\" data-hook=\"info-section-title\"><strong><span style=\"font-size: 14pt;\">NOTICE DE MONTAGE BINELLI N02<\/span><\/strong><\/h2>\n<div class=\"WncCi\" data-hook=\"info-section-description\">\n<p>Les dimensions sont adapt\u00e9es \u00e0 celles des clients.<\/p>\n<\/div>\n","protected":false},"excerpt":{"rendered":"<div class=\"_6s2bg fggS- cell\">\n<p>Barbecues r\u00e9alis\u00e9s sur mesure pour le client, ou aux dimensions standard de 85 cm, 105 cm et 125 cm. Si votre installation est d\u00e9j\u00e0 construite et que vous souhaitez ajouter une grille, nos mod\u00e8les s&rsquo;adaptent \u00e0 votre espace, avec ou sans parois lat\u00e9rales. Aucun travaux suppl\u00e9mentaires n\u00e9cessaires \u2013 installez et retirez \u00e0 volont\u00e9. Enti\u00e8rement \u00e9maill\u00e9s et dot\u00e9s d&rsquo;une manivelle avant pour r\u00e9gler la hauteur facilement. <\/p>\n<p><strong>LE PRIX PROMOTIONNEL INCLUT LA STRUCTURE ET LA MANIVELLE AVANT UNIQUEMENT. LA GRILLE N&rsquo;EST PAS INCLUSE ET DOIT \u00caTRE ACHET\u00c9E S\u00c9PAR\u00c9MENT.<\/strong><\/p>\n<\/div>\n","protected":false},"featured_media":6499,"template":"","meta":{"_et_pb_use_builder":"","_et_pb_old_content":"","_et_gb_content_width":""},"product_brand":[],"product_cat":[232],"product_tag":[],"class_list":{"0":"post-8354","1":"product","2":"type-product","3":"status-publish","4":"has-post-thumbnail","6":"product_cat-grills-binelli","7":"product_shipping_class-parrillas-tromen-fr","9":"first","10":"instock","11":"taxable","12":"shipping-taxable","13":"purchasable","14":"product-type-simple"},"_links":{"self":[{"href":"https:\/\/barbacoas-argentinas.com\/fr\/wp-json\/wp\/v2\/product\/8354","targetHints":{"allow":["GET"]}}],"collection":[{"href":"https:\/\/barbacoas-argentinas.com\/fr\/wp-json\/wp\/v2\/product"}],"about":[{"href":"https:\/\/barbacoas-argentinas.com\/fr\/wp-json\/wp\/v2\/types\/product"}],"wp:featuredmedia":[{"embeddable":true,"href":"https:\/\/barbacoas-argentinas.com\/fr\/wp-json\/wp\/v2\/media\/6499"}],"wp:attachment":[{"href":"https:\/\/barbacoas-argentinas.com\/fr\/wp-json\/wp\/v2\/media?parent=8354"}],"wp:term":[{"taxonomy":"product_brand","embeddable":true,"href":"https:\/\/barbacoas-argentinas.com\/fr\/wp-json\/wp\/v2\/product_brand?post=8354"},{"taxonomy":"product_cat","embeddable":true,"href":"https:\/\/barbacoas-argentinas.com\/fr\/wp-json\/wp\/v2\/product_cat?post=8354"},{"taxonomy":"product_tag","embeddable":true,"href":"https:\/\/barbacoas-argentinas.com\/fr\/wp-json\/wp\/v2\/product_tag?post=8354"}],"curies":[{"name":"wp","href":"https:\/\/api.w.org\/{rel}","templated":true}]}}