{"id":8331,"date":"2023-09-03T17:49:33","date_gmt":"2023-09-03T17:49:33","guid":{"rendered":"https:\/\/barbacoas-argentinas.com\/non%20class\u00e9\/tromen-cinquecento-vuurplaats\/"},"modified":"2025-12-06T00:47:01","modified_gmt":"2025-12-06T00:47:01","slug":"tromen-cinquecento-vuurplaats","status":"publish","type":"product","link":"https:\/\/barbacoas-argentinas.com\/fr\/duomos-fr\/tromen-cinquecento-vuurplaats\/","title":{"rendered":"Tromen CINQUECENTO Vuurplaats"},"content":{"rendered":"<p>Foyer id\u00e9al \u00e0 emporter partout, d\u00e9montable avec grille \u00e9maill\u00e9e, fixation frontale avec d\u00e9capsuleur, Mat\u00e9riau : t\u00f4le de fer<\/p>\n<p><strong>Dimensions :<\/strong><br \/>\n<strong>Largeur : 58,5 cm<\/strong><br \/>\n<strong>Hauteur : 30 cm<\/strong><br \/>\n<strong>Profondeur : 62 cm<\/strong><\/p>\n<p><strong>Poids : 10,75 kg<\/strong><br \/>\n<strong>Dimensions du carton : 58,5 x 38,5 x 4,5 cm<\/strong><br \/>\n<strong>Poids du carton : 16 kg<\/strong><\/p>\n<p>L&rsquo;article est livr\u00e9 en pi\u00e8ces d\u00e9tach\u00e9es et comprend un manuel de montage.<br \/>\n_____________________________________________<br \/>\nManuel d&rsquo;instructions<br \/>\n<a href=\"https:\/\/855436cf-6cc6-44cf-8636-f5603c4f3b65.usrfiles.com\/ugd\/855436_f9ad64952b4d41a1a22dcfc65b9ad4b3.pdf\" target=\"_blank\" rel=\"noopener\">T\u00c9L\u00c9CHARGER<\/a><\/p>\n","protected":false},"excerpt":{"rendered":"<p>Ideale vuurplaats om overal mee naartoe te nemen, demonteerbaar met gegalvaniseerd rooster. Frontale bevestiging met kurkentrekker. Materiaal: ijzeren plaat<\/p>\n<p>Het artikel wordt gedemonteerd geleverd, inclusief handleiding voor assemblage.<\/p>\n<p>_____________________________________________<br \/>\nHandleiding<br \/><a href=\"https:\/\/855436cf-6cc6-44cf-8636-f5603c4f3b65.usrfiles.com\/ugd\/855436_f9ad64952b4d41a1a22dcfc65b9ad4b3.pdf\">DOWNLOADEN<\/a><\/p>\n","protected":false},"featured_media":5447,"template":"","meta":{"_et_pb_use_builder":"","_et_pb_old_content":"","_et_gb_content_width":""},"product_brand":[],"product_cat":[217],"product_tag":[],"class_list":{"0":"post-8331","1":"product","2":"type-product","3":"status-publish","4":"has-post-thumbnail","6":"product_cat-duomos-fr","7":"product_shipping_class-tromen-rotissoires","9":"first","10":"instock","11":"sale","12":"taxable","13":"shipping-taxable","14":"purchasable","15":"product-type-simple"},"_links":{"self":[{"href":"https:\/\/barbacoas-argentinas.com\/fr\/wp-json\/wp\/v2\/product\/8331","targetHints":{"allow":["GET"]}}],"collection":[{"href":"https:\/\/barbacoas-argentinas.com\/fr\/wp-json\/wp\/v2\/product"}],"about":[{"href":"https:\/\/barbacoas-argentinas.com\/fr\/wp-json\/wp\/v2\/types\/product"}],"wp:featuredmedia":[{"embeddable":true,"href":"https:\/\/barbacoas-argentinas.com\/fr\/wp-json\/wp\/v2\/media\/5447"}],"wp:attachment":[{"href":"https:\/\/barbacoas-argentinas.com\/fr\/wp-json\/wp\/v2\/media?parent=8331"}],"wp:term":[{"taxonomy":"product_brand","embeddable":true,"href":"https:\/\/barbacoas-argentinas.com\/fr\/wp-json\/wp\/v2\/product_brand?post=8331"},{"taxonomy":"product_cat","embeddable":true,"href":"https:\/\/barbacoas-argentinas.com\/fr\/wp-json\/wp\/v2\/product_cat?post=8331"},{"taxonomy":"product_tag","embeddable":true,"href":"https:\/\/barbacoas-argentinas.com\/fr\/wp-json\/wp\/v2\/product_tag?post=8331"}],"curies":[{"name":"wp","href":"https:\/\/api.w.org\/{rel}","templated":true}]}}