{"id":8323,"date":"2023-09-03T18:01:20","date_gmt":"2023-09-03T18:01:20","guid":{"rendered":"https:\/\/barbacoas-argentinas.com\/non%20class\u00e9\/grill-tromen-gaucha\/"},"modified":"2026-04-13T13:39:02","modified_gmt":"2026-04-13T13:39:02","slug":"grill-tromen-gaucha","status":"publish","type":"product","link":"https:\/\/barbacoas-argentinas.com\/fr\/grills-portables-les-plus-vendus\/grill-tromen-gaucha\/","title":{"rendered":"Grill Tromen Gaucha"},"content":{"rendered":"<h2 class=\"Text3027143737__root Text3027143737---typography-11-runningText Text3027143737---priority-7-primary s8gg2 _149OH InfoSectionTitle3095652555__root\" aria-hidden=\"false\" data-hook=\"info-section-title\"><span style=\"font-size: 14pt;\"><strong>NOTICE DE MONTAGE BINELLI N02<\/strong><\/span><\/h2>\n<div class=\"WncCi\" data-hook=\"info-section-description\">\n<ul>\n<li>Largeur : 125 cm<\/li>\n<li>Hauteur : 106 cm<\/li>\n<li>Profondeur : 52 cm<\/li>\n<li>Surface de cuisson : 70 x 40 cm en 3 modules de tiges \u00e9maill\u00e9es interchangeables<\/li>\n<li>2 hauteurs de grille r\u00e9glables<\/li>\n<li>Tiroir chauffant<\/li>\n<li>Plancha \u00e0 utiliser sur le foyer<\/li>\n<\/ul>\n<p><strong>Ce type de grill est recommand\u00e9 d&rsquo;\u00eatre stock\u00e9 sous un abri ou recouvert d&rsquo;une housse de protection.<\/strong><br \/>\n<strong>Une exposition r\u00e9duite \u00e0 l&rsquo;humidit\u00e9 prolongera consid\u00e9rablement sa dur\u00e9e de vie.<\/strong><\/p>\n<p><b>Manuel d&rsquo;instructions :<\/b><\/p>\n<p><a href=\"https:\/\/barbacoas-argentinas.com\/wp-content\/uploads\/2023\/09\/MANUAL-GAUCHA.pdf\">T\u00e9l\u00e9charger<\/a><\/p>\n<\/div>\n","protected":false},"excerpt":{"rendered":"<div class=\"_6s2bg fggS- cell\">\n<p>Le grand mod\u00e8le de la nouvelle gamme de grills Tromen.<br \/>\nAvec tiroir chauffant pour pain et foyer int\u00e9gr\u00e9 pour une distribution facile des braises. Ce grill a une taille familiale id\u00e9ale et est \u00e9quip\u00e9 de 4 roues pour un d\u00e9placement facile. Parfait pour une terrasse, un jardin ou un balcon. Dispose \u00e9galement d&rsquo;un couvercle pour cr\u00e9er un effet four lors de la cuisson des aliments et une protection contre le vent.<\/p>\n<\/div>\n","protected":false},"featured_media":5375,"template":"","meta":{"_et_pb_use_builder":"","_et_pb_old_content":"","_et_gb_content_width":""},"product_brand":[],"product_cat":[233,263,218],"product_tag":[],"class_list":{"0":"post-8323","1":"product","2":"type-product","3":"status-publish","4":"has-post-thumbnail","6":"product_cat-barbecues-portatifs","7":"product_cat-grills-portables-les-plus-vendus","8":"product_cat-grils-tromen","9":"product_shipping_class-parrillas-tromen-fr","11":"first","12":"instock","13":"sale","14":"taxable","15":"shipping-taxable","16":"purchasable","17":"product-type-variable","18":"has-default-attributes"},"_links":{"self":[{"href":"https:\/\/barbacoas-argentinas.com\/fr\/wp-json\/wp\/v2\/product\/8323","targetHints":{"allow":["GET"]}}],"collection":[{"href":"https:\/\/barbacoas-argentinas.com\/fr\/wp-json\/wp\/v2\/product"}],"about":[{"href":"https:\/\/barbacoas-argentinas.com\/fr\/wp-json\/wp\/v2\/types\/product"}],"wp:featuredmedia":[{"embeddable":true,"href":"https:\/\/barbacoas-argentinas.com\/fr\/wp-json\/wp\/v2\/media\/5375"}],"wp:attachment":[{"href":"https:\/\/barbacoas-argentinas.com\/fr\/wp-json\/wp\/v2\/media?parent=8323"}],"wp:term":[{"taxonomy":"product_brand","embeddable":true,"href":"https:\/\/barbacoas-argentinas.com\/fr\/wp-json\/wp\/v2\/product_brand?post=8323"},{"taxonomy":"product_cat","embeddable":true,"href":"https:\/\/barbacoas-argentinas.com\/fr\/wp-json\/wp\/v2\/product_cat?post=8323"},{"taxonomy":"product_tag","embeddable":true,"href":"https:\/\/barbacoas-argentinas.com\/fr\/wp-json\/wp\/v2\/product_tag?post=8323"}],"curies":[{"name":"wp","href":"https:\/\/api.w.org\/{rel}","templated":true}]}}