{"id":8303,"date":"2023-09-03T19:04:13","date_gmt":"2023-09-03T19:04:13","guid":{"rendered":"https:\/\/barbacoas-argentinas.com\/non class\u00e9\/grill-pro-85-avec-systeme-de-levage-binelli\/"},"modified":"2023-09-03T19:04:13","modified_gmt":"2023-09-03T19:04:13","slug":"grill-pro-85-avec-systeme-de-levage-binelli","status":"publish","type":"product","link":"https:\/\/barbacoas-argentinas.com\/fr\/barbecues-portatifs\/grill-pro-85-avec-systeme-de-levage-binelli\/","title":{"rendered":"Grill PRO 85 avec syst\u00e8me de levage Binelli"},"content":{"rendered":"<div class=\"_6s2bg fggS- cell\">\n<h2 class=\"Text3027143737__root Text3027143737---typography-11-runningText Text3027143737---priority-7-primary s8gg2 _149OH InfoSectionTitle3095652555__root\" aria-hidden=\"false\" data-hook=\"info-section-title\">MESURES INTERNES ET EXTERNES<\/h2>\n<div class=\"WncCi\" data-hook=\"info-section-description\">\n<p>EXTERNES : Hauteur : 1,35 m + 0,14 m (roues) | Largeur : 0,92 m + 0,20 m (poign\u00e9e) = 1,20 m | Profondeur : 0,70 m<br \/>\nINTERNES : Hauteur : 0,64 m | Largeur : 0,85 m utile (0,78 m) | Profondeur : 0,60 m utile<\/p>\n<\/div>\n<\/div>\n","protected":false},"excerpt":{"rendered":"<p>Grille en morceaux \u00e9maill\u00e9s amovibles, avec protection sur les c\u00f4t\u00e9s et l&rsquo;arri\u00e8re en briques r\u00e9fractaires. Peinture cuite sur tube.  Grille en \u00e9l\u00e9ments \u00e9maill\u00e9s amovibles, avec protection lat\u00e9rale et arri\u00e8re en briques r\u00e9fractaires. Peinture cuite sur tube. Id\u00e9ale pour \u00e9v\u00e9nements et jardins. Bac \u00e0 graisse amovible. Syst\u00e8me de levage galvanis\u00e9 avec manivelle droite et cric. Possibilit\u00e9 de manivelle frontale. <\/p>\n<p>&nbsp;<\/p>\n<p>D\u00c9LAI DE FABRICATION : 15 JOURS OUVR\u00c9S APR\u00c8S COMMANDE<\/p>\n","protected":false},"featured_media":558,"template":"","meta":{"_et_pb_use_builder":"","_et_pb_old_content":"","_et_gb_content_width":""},"product_brand":[],"product_cat":[233],"product_tag":[],"class_list":{"0":"post-8303","1":"product","2":"type-product","3":"status-publish","4":"has-post-thumbnail","6":"product_cat-barbecues-portatifs","7":"product_shipping_class-duomos-tromen-fr","9":"first","10":"instock","11":"taxable","12":"shipping-taxable","13":"purchasable","14":"product-type-simple"},"_links":{"self":[{"href":"https:\/\/barbacoas-argentinas.com\/fr\/wp-json\/wp\/v2\/product\/8303","targetHints":{"allow":["GET"]}}],"collection":[{"href":"https:\/\/barbacoas-argentinas.com\/fr\/wp-json\/wp\/v2\/product"}],"about":[{"href":"https:\/\/barbacoas-argentinas.com\/fr\/wp-json\/wp\/v2\/types\/product"}],"wp:featuredmedia":[{"embeddable":true,"href":"https:\/\/barbacoas-argentinas.com\/fr\/wp-json\/wp\/v2\/media\/558"}],"wp:attachment":[{"href":"https:\/\/barbacoas-argentinas.com\/fr\/wp-json\/wp\/v2\/media?parent=8303"}],"wp:term":[{"taxonomy":"product_brand","embeddable":true,"href":"https:\/\/barbacoas-argentinas.com\/fr\/wp-json\/wp\/v2\/product_brand?post=8303"},{"taxonomy":"product_cat","embeddable":true,"href":"https:\/\/barbacoas-argentinas.com\/fr\/wp-json\/wp\/v2\/product_cat?post=8303"},{"taxonomy":"product_tag","embeddable":true,"href":"https:\/\/barbacoas-argentinas.com\/fr\/wp-json\/wp\/v2\/product_tag?post=8303"}],"curies":[{"name":"wp","href":"https:\/\/api.w.org\/{rel}","templated":true}]}}