{"id":8286,"date":"2023-09-03T19:09:02","date_gmt":"2023-09-03T19:09:02","guid":{"rendered":"https:\/\/barbacoas-argentinas.com\/non%20class\u00e9\/parrilla-chulengo-avec-roues-tromen\/"},"modified":"2026-04-13T13:52:09","modified_gmt":"2026-04-13T13:52:09","slug":"parrilla-chulengo-avec-roues-tromen","status":"publish","type":"product","link":"https:\/\/barbacoas-argentinas.com\/fr\/grills-portables-les-plus-vendus\/parrilla-chulengo-avec-roues-tromen\/","title":{"rendered":"Parrilla Chulengo avec roues Tromen"},"content":{"rendered":"<div class=\"_6s2bg fggS- cell\">\n<h2 class=\"Text3027143737__root Text3027143737---typography-11-runningText Text3027143737---priority-7-primary s8gg2 _149OH InfoSectionTitle3095652555__root\" aria-hidden=\"false\" data-hook=\"info-section-title\"><span style=\"font-size: 14pt;\"><strong>Dimensions<\/strong><\/span><\/h2>\n<div class=\"WncCi\" data-hook=\"info-section-description\">\n<p>Externes : Hauteur : 112 cm Largeur : 95 cm Profondeur : 50 cm<\/p>\n<p>Internes : Hauteur : 112 cm Largeur : 0,64 cm Bac \u00e0 bois 20 cm Profondeur : 40 cm<\/p>\n<\/div>\n<p>__________________________________________________<br \/>\nManuel d&rsquo;instructions<br \/>\n<a href=\"https:\/\/barbacoas-argentinas.com\/wp-content\/uploads\/2024\/02\/MANUAL-CHULENGO-A-LENA-.pdf\">T\u00c9L\u00c9CHARGER<\/a><\/p>\n<\/div>\n","protected":false},"excerpt":{"rendered":"<p>Grill d\u00e9montable en sections \u00e9maill\u00e9es, avec protection lat\u00e9rale et arri\u00e8re.<\/p>\n<p>Peinture cuite au four sur les tubes.<\/p>\n<p>Sp\u00e9cialement con\u00e7u pour l&rsquo;herbe ou les sols irr\u00e9guliers.<\/p>\n<p>\u00c9quip\u00e9 d&rsquo;un bac \u00e0 graisse amovible, foyer int\u00e9gr\u00e9 avec compartiment \u00e0 bois \u00e9maill\u00e9 et carreaux r\u00e9fractaires au sol.<\/p>\n","protected":false},"featured_media":7259,"template":"","meta":{"_et_pb_use_builder":"","_et_pb_old_content":"","_et_gb_content_width":""},"product_brand":[],"product_cat":[233,263,218],"product_tag":[],"class_list":{"0":"post-8286","1":"product","2":"type-product","3":"status-publish","4":"has-post-thumbnail","6":"product_cat-barbecues-portatifs","7":"product_cat-grills-portables-les-plus-vendus","8":"product_cat-grils-tromen","9":"product_shipping_class-parrillas-tromen-fr","11":"first","12":"instock","13":"sale","14":"taxable","15":"shipping-taxable","16":"purchasable","17":"product-type-variable","18":"has-default-attributes"},"_links":{"self":[{"href":"https:\/\/barbacoas-argentinas.com\/fr\/wp-json\/wp\/v2\/product\/8286","targetHints":{"allow":["GET"]}}],"collection":[{"href":"https:\/\/barbacoas-argentinas.com\/fr\/wp-json\/wp\/v2\/product"}],"about":[{"href":"https:\/\/barbacoas-argentinas.com\/fr\/wp-json\/wp\/v2\/types\/product"}],"wp:featuredmedia":[{"embeddable":true,"href":"https:\/\/barbacoas-argentinas.com\/fr\/wp-json\/wp\/v2\/media\/7259"}],"wp:attachment":[{"href":"https:\/\/barbacoas-argentinas.com\/fr\/wp-json\/wp\/v2\/media?parent=8286"}],"wp:term":[{"taxonomy":"product_brand","embeddable":true,"href":"https:\/\/barbacoas-argentinas.com\/fr\/wp-json\/wp\/v2\/product_brand?post=8286"},{"taxonomy":"product_cat","embeddable":true,"href":"https:\/\/barbacoas-argentinas.com\/fr\/wp-json\/wp\/v2\/product_cat?post=8286"},{"taxonomy":"product_tag","embeddable":true,"href":"https:\/\/barbacoas-argentinas.com\/fr\/wp-json\/wp\/v2\/product_tag?post=8286"}],"curies":[{"name":"wp","href":"https:\/\/api.w.org\/{rel}","templated":true}]}}