{"id":8233,"date":"2023-09-03T19:37:53","date_gmt":"2023-09-03T19:37:53","guid":{"rendered":"https:\/\/barbacoas-argentinas.com\/non%20class\u00e9\/brasero-de-table-circulaire-tromen\/"},"modified":"2025-12-06T16:08:58","modified_gmt":"2025-12-06T16:08:58","slug":"brasero-de-table-circulaire-tromen","status":"publish","type":"product","link":"https:\/\/barbacoas-argentinas.com\/fr\/braseros-de-table\/brasero-de-table-circulaire-tromen\/","title":{"rendered":"Brasero de table circulaire Tromen"},"content":{"rendered":"<div class=\"_6s2bg fggS- cell\">\n<h2 class=\"Text3027143737__root Text3027143737---typography-11-runningText Text3027143737---priority-7-primary s8gg2 _149OH InfoSectionTitle3095652555__root\" aria-hidden=\"false\" data-hook=\"info-section-title\"><span style=\"font-size: 14pt;\"><strong>MEDIDAS<\/strong><\/span><\/h2>\n<div class=\"WncCi\" data-hook=\"info-section-description\">\n<p>29 LARGEUR(CM)<\/p>\n<p>16 HAUTEUR(CM)<\/p>\n<p>28 ESPACE UTILE<\/p>\n<p>POIDS 3.0 KG<\/p>\n<p>&nbsp;<\/p>\n<\/div>\n<\/div>\n<div class=\"_6s2bg fggS- cell\">\n<h2 class=\"Text3027143737__root Text3027143737---typography-11-runningText Text3027143737---priority-7-primary s8gg2 _149OH InfoSectionTitle3095652555__root\" aria-hidden=\"false\" data-hook=\"info-section-title\"><strong><span style=\"font-size: 14pt;\">CARACT\u00c9RISTIQUES<\/span><\/strong><\/h2>\n<div class=\"WncCi\" data-hook=\"info-section-description\">\n<p>Diam\u00e8tre total avec poign\u00e9es : 38 cm<br \/>\nSurface de cuisson : 28 cm<br \/>\nModule grill et plaque de cuisson<br \/>\nMat\u00e9riau \u00e9maill\u00e9<br \/>\nPoign\u00e9es en bois<br \/>\n_____________________________________________<br \/>\nManuel d&rsquo;utilisation<br \/>\n<a href=\"https:\/\/855436cf-6cc6-44cf-8636-f5603c4f3b65.usrfiles.com\/ugd\/855436_780900a46032433c87ac740ae0404841.pdf\" target=\"_blank\" rel=\"noopener\">T\u00c9L\u00c9CHARGER<\/a><\/p>\n<\/div>\n<\/div>\n","protected":false},"excerpt":{"rendered":"<p>Double fonction : cuisson et maintien de la chaleur, con\u00e7u pour durer. Enti\u00e8rement \u00e9maill\u00e9 en blanc avec des poign\u00e9es en bois. Grill et plaque de cuisson inclus.<\/p>\n","protected":false},"featured_media":7235,"template":"","meta":{"_et_pb_use_builder":"","_et_pb_old_content":"","_et_gb_content_width":""},"product_brand":[],"product_cat":[216,262],"product_tag":[],"class_list":{"0":"post-8233","1":"product","2":"type-product","3":"status-publish","4":"has-post-thumbnail","6":"product_cat-accessoires-pour-barbecue","7":"product_cat-braseros-de-table","8":"product_shipping_class-accesorios","10":"first","11":"instock","12":"taxable","13":"shipping-taxable","14":"purchasable","15":"product-type-simple"},"_links":{"self":[{"href":"https:\/\/barbacoas-argentinas.com\/fr\/wp-json\/wp\/v2\/product\/8233","targetHints":{"allow":["GET"]}}],"collection":[{"href":"https:\/\/barbacoas-argentinas.com\/fr\/wp-json\/wp\/v2\/product"}],"about":[{"href":"https:\/\/barbacoas-argentinas.com\/fr\/wp-json\/wp\/v2\/types\/product"}],"wp:featuredmedia":[{"embeddable":true,"href":"https:\/\/barbacoas-argentinas.com\/fr\/wp-json\/wp\/v2\/media\/7235"}],"wp:attachment":[{"href":"https:\/\/barbacoas-argentinas.com\/fr\/wp-json\/wp\/v2\/media?parent=8233"}],"wp:term":[{"taxonomy":"product_brand","embeddable":true,"href":"https:\/\/barbacoas-argentinas.com\/fr\/wp-json\/wp\/v2\/product_brand?post=8233"},{"taxonomy":"product_cat","embeddable":true,"href":"https:\/\/barbacoas-argentinas.com\/fr\/wp-json\/wp\/v2\/product_cat?post=8233"},{"taxonomy":"product_tag","embeddable":true,"href":"https:\/\/barbacoas-argentinas.com\/fr\/wp-json\/wp\/v2\/product_tag?post=8233"}],"curies":[{"name":"wp","href":"https:\/\/api.w.org\/{rel}","templated":true}]}}