{"id":8228,"date":"2023-09-03T19:39:28","date_gmt":"2023-09-03T19:39:28","guid":{"rendered":"https:\/\/barbacoas-argentinas.com\/non%20class\u00e9\/horno-tango-lena-mesada\/"},"modified":"2025-12-06T01:25:28","modified_gmt":"2025-12-06T01:25:28","slug":"horno-tango-lena-mesada","status":"publish","type":"product","link":"https:\/\/barbacoas-argentinas.com\/fr\/fours\/horno-tango-lena-mesada\/","title":{"rendered":"Horno Tango le\u00f1a mesada"},"content":{"rendered":"<div class=\"_6s2bg fggS- cell\">\n<h2 class=\"Text3027143737__root Text3027143737---typography-11-runningText Text3027143737---priority-7-primary s8gg2 _149OH InfoSectionTitle3095652555__root\" aria-hidden=\"false\" data-hook=\"info-section-title\"><span style=\"font-size: 14pt;\"><strong>MESURES INTERNES ET EXTERNES<\/strong><\/span><\/h2>\n<div class=\"WncCi\" data-hook=\"info-section-description\">\n<p>Largeur : 58,0 cm<\/p>\n<p>Hauteur : 68,0 cm<\/p>\n<p>Profondeur : 76,0 cm<\/p>\n<p>Poids total : 85,0 kg<\/p>\n<p>Sortie de fum\u00e9e : 4&Prime; (10 cm)<\/p>\n<p>Capacit\u00e9 int\u00e9rieure : 44,5 cm large x 29 cm haut x 71 cm prof<\/p>\n<p>Accessoires : Pyrom\u00e8tre, grille \u00e9maill\u00e9e, plaque \u00e9maill\u00e9e, base optionnelle<br \/>\n_____________________________________________<br \/>\nManuel d&rsquo;utilisation<br \/>\n<a href=\"https:\/\/bd65d89c-cbcf-4874-ab34-6fd0a497da6a.filesusr.com\/ugd\/c3d017_19db96ceee854c28956139bddb57b794.pdf\" target=\"_blank\" rel=\"noopener\">T\u00c9L\u00c9CHARGER<\/a><\/p>\n<\/div>\n<\/div>\n","protected":false},"excerpt":{"rendered":"<p>Fonctionnement : Le feu est fait dans un foyer s\u00e9par\u00e9 dans la partie inf\u00e9rieure du four. La chaleur (feu et gaz br\u00fbl\u00e9s) monte, heurte le d\u00e9flecteur en fonte, est dirig\u00e9e vers les c\u00f4t\u00e9s puis passe par le plafond du four pour sortir par le conduit de chemin\u00e9e. De cette mani\u00e8re, une chaleur enveloppante et une cuisson uniforme sont obtenues.<br \/>\nSans autre travail que l&rsquo;installation de la chemin\u00e9e, ce mod\u00e8le s&rsquo;int\u00e8gre \u00e0 l&rsquo;esth\u00e9tique du lieu o\u00f9 il est install\u00e9, pr\u00eat \u00e0 l&#8217;emploi et \u00e9vite tout type de travaux de ma\u00e7onnerie.<\/p>\n<p>Attention : Ne pas placer \u00e0 l&rsquo;ext\u00e9rieur. Toujours le positionner sous un auvent ou \u00e0 l&rsquo;int\u00e9rieur d&rsquo;un quincho (abri barbecue). <\/p>\n","protected":false},"featured_media":4991,"template":"","meta":{"_et_pb_use_builder":"","_et_pb_old_content":"","_et_gb_content_width":""},"product_brand":[],"product_cat":[242],"product_tag":[],"class_list":{"0":"post-8228","1":"product","2":"type-product","3":"status-publish","4":"has-post-thumbnail","6":"product_cat-fours","7":"product_shipping_class-fours-tromen","9":"first","10":"instock","11":"taxable","12":"shipping-taxable","13":"purchasable","14":"product-type-simple"},"_links":{"self":[{"href":"https:\/\/barbacoas-argentinas.com\/fr\/wp-json\/wp\/v2\/product\/8228","targetHints":{"allow":["GET"]}}],"collection":[{"href":"https:\/\/barbacoas-argentinas.com\/fr\/wp-json\/wp\/v2\/product"}],"about":[{"href":"https:\/\/barbacoas-argentinas.com\/fr\/wp-json\/wp\/v2\/types\/product"}],"wp:featuredmedia":[{"embeddable":true,"href":"https:\/\/barbacoas-argentinas.com\/fr\/wp-json\/wp\/v2\/media\/4991"}],"wp:attachment":[{"href":"https:\/\/barbacoas-argentinas.com\/fr\/wp-json\/wp\/v2\/media?parent=8228"}],"wp:term":[{"taxonomy":"product_brand","embeddable":true,"href":"https:\/\/barbacoas-argentinas.com\/fr\/wp-json\/wp\/v2\/product_brand?post=8228"},{"taxonomy":"product_cat","embeddable":true,"href":"https:\/\/barbacoas-argentinas.com\/fr\/wp-json\/wp\/v2\/product_cat?post=8228"},{"taxonomy":"product_tag","embeddable":true,"href":"https:\/\/barbacoas-argentinas.com\/fr\/wp-json\/wp\/v2\/product_tag?post=8228"}],"curies":[{"name":"wp","href":"https:\/\/api.w.org\/{rel}","templated":true}]}}