{"id":8224,"date":"2023-09-03T19:41:30","date_gmt":"2023-09-03T19:41:30","guid":{"rendered":"https:\/\/barbacoas-argentinas.com\/non%20class\u00e9\/horno-tango-lena-base\/"},"modified":"2025-12-06T00:20:56","modified_gmt":"2025-12-06T00:20:56","slug":"horno-tango-lena-base","status":"publish","type":"product","link":"https:\/\/barbacoas-argentinas.com\/fr\/fours\/horno-tango-lena-base\/","title":{"rendered":"Horno Tango le\u00f1a base"},"content":{"rendered":"<h2 class=\"Text3027143737__root Text3027143737---typography-11-runningText Text3027143737---priority-7-primary s8gg2 _149OH InfoSectionTitle3095652555__root\" aria-hidden=\"false\" data-hook=\"info-section-title\"><span style=\"font-size: 18pt;\"><strong>MESURES INTERNES ET EXTERNES<\/strong><\/span><\/h2>\n<div class=\"WncCi\" data-hook=\"info-section-description\">\n<p>Largeur: 61,0 cm<br \/>\nHauteur: 146,5 cm<br \/>\nProfondeur: 76 cm<br \/>\nPoids total: 92,0 kg<br \/>\n\u00c9vacuation des fum\u00e9es: 4&Prime; (10 cm)<br \/>\nCapacit\u00e9 int\u00e9rieure: 44,5 cm (L) x 29 cm (H) x 71 cm (P)<\/p>\n<p>Accessoires: Pyrom\u00e8tre &#8211; Chambre en acier inoxydable &#8211; Grilles \u00e9maill\u00e9es &#8211; Guides chrom\u00e9s &#8211; Bac \u00e9maill\u00e9 &#8211; Base avec roulettes<br \/>\n___________________________________________<br \/>\nManuel d&rsquo;utilisation<br \/>\n<a href=\"https:\/\/bd65d89c-cbcf-4874-ab34-6fd0a497da6a.filesusr.com\/ugd\/c3d017_19db96ceee854c28956139bddb57b794.pdf\" target=\"_blank\" rel=\"noopener\">T\u00c9L\u00c9CHARGER<\/a><br \/>https:\/\/bd65d89c-cbcf-4874-ab34-6fd0a497da6a.filesusr.com\/ugd\/c3d017_19db96ceee854c28956139bddb57b794.pdf<\/p>\n<p><\/p>\n<\/div>\n","protected":false},"excerpt":{"rendered":"<p>Les fours \u00e0 chaleur enveloppante remplacent aujourd&rsquo;hui le four traditionnel en terre cuite, principalement gr\u00e2ce \u00e0 l&rsquo;avantage du feu continu &#8211; Fabriqu\u00e9 en plaques d&rsquo;acier et t\u00f4le &#8211; Plateau et grille \u00e9maill\u00e9s (id\u00e9al pour la cuisson des viandes). &#8211; Porte en plaque d&rsquo;acier avec verre r\u00e9sistant aux hautes temp\u00e9ratures et pyrom\u00e8tre (indicateur de temp\u00e9rature) &#8211; Foyer avec sol en carreaux r\u00e9fractaires (\u00e0 grande inertie thermique) &#8211; Chambre de convection d&rsquo;air chaud &#8211; Porte du foyer en plaque d&rsquo;acier avec \u0153illetons<br \/>\nSorties ind\u00e9pendantes pour le tirage et les gaz de combustion &#8211; et tuyaux non inclus &#8211; Faible consommation de bois &#8211; Pr\u00eat \u00e0 l&#8217;emploi &#8211; Utilisation et nettoyage faciles &#8211; Sortie de tirage pour conduits de 4 pouces &#8211; Fonctionnement : Le feu est fait dans un foyer s\u00e9par\u00e9 dans la partie inf\u00e9rieure du four, la chaleur (feu et gaz de combustion) monte, heurte le d\u00e9flecteur en fonte, est dirig\u00e9e vers les c\u00f4t\u00e9s puis passe par le plafond du four pour sortir par le conduit de chemin\u00e9e. De cette mani\u00e8re, une chaleur enveloppante et une cuisson uniforme sont obtenues.<\/p>\n<p><strong>Attention : Ne pas installer en ext\u00e9rieur.<\/strong><\/p>\n","protected":false},"featured_media":4975,"template":"","meta":{"_et_pb_use_builder":"","_et_pb_old_content":"","_et_gb_content_width":""},"product_brand":[],"product_cat":[242],"product_tag":[],"class_list":{"0":"post-8224","1":"product","2":"type-product","3":"status-publish","4":"has-post-thumbnail","6":"product_cat-fours","7":"product_shipping_class-fours-tromen","9":"first","10":"instock","11":"taxable","12":"shipping-taxable","13":"purchasable","14":"product-type-simple"},"_links":{"self":[{"href":"https:\/\/barbacoas-argentinas.com\/fr\/wp-json\/wp\/v2\/product\/8224","targetHints":{"allow":["GET"]}}],"collection":[{"href":"https:\/\/barbacoas-argentinas.com\/fr\/wp-json\/wp\/v2\/product"}],"about":[{"href":"https:\/\/barbacoas-argentinas.com\/fr\/wp-json\/wp\/v2\/types\/product"}],"wp:featuredmedia":[{"embeddable":true,"href":"https:\/\/barbacoas-argentinas.com\/fr\/wp-json\/wp\/v2\/media\/4975"}],"wp:attachment":[{"href":"https:\/\/barbacoas-argentinas.com\/fr\/wp-json\/wp\/v2\/media?parent=8224"}],"wp:term":[{"taxonomy":"product_brand","embeddable":true,"href":"https:\/\/barbacoas-argentinas.com\/fr\/wp-json\/wp\/v2\/product_brand?post=8224"},{"taxonomy":"product_cat","embeddable":true,"href":"https:\/\/barbacoas-argentinas.com\/fr\/wp-json\/wp\/v2\/product_cat?post=8224"},{"taxonomy":"product_tag","embeddable":true,"href":"https:\/\/barbacoas-argentinas.com\/fr\/wp-json\/wp\/v2\/product_tag?post=8224"}],"curies":[{"name":"wp","href":"https:\/\/api.w.org\/{rel}","templated":true}]}}