{"id":8218,"date":"2023-09-03T19:42:27","date_gmt":"2023-09-03T19:42:27","guid":{"rendered":"https:\/\/barbacoas-argentinas.com\/non%20class\u00e9\/four-trh-l-encastrable\/"},"modified":"2025-12-06T00:29:54","modified_gmt":"2025-12-06T00:29:54","slug":"four-trh-l-encastrable","status":"publish","type":"product","link":"https:\/\/barbacoas-argentinas.com\/fr\/grills-portables-les-plus-vendus\/four-trh-l-encastrable\/","title":{"rendered":"Four TRH-L Encastrable"},"content":{"rendered":"<div class=\"_6s2bg fggS- cell\">\n<h2 class=\"Text3027143737__root Text3027143737---typography-11-runningText Text3027143737---priority-7-primary s8gg2 _149OH InfoSectionTitle3095652555__root\" aria-hidden=\"false\" data-hook=\"info-section-title\"><span style=\"font-size: 14pt;\"><strong>MESURES INTERNES ET EXTERNES<\/strong><\/span><\/h2>\n<div class=\"WncCi\" data-hook=\"info-section-description\">\n<p>Largeur : 56,0 cm<\/p>\n<p>Hauteur : 76,0 cm<\/p>\n<p>Profondeur : 76,0 cm<\/p>\n<p>Poids total : 92,0 kg<\/p>\n<p>Sortie de fum\u00e9e : 4&Prime; (10 cm)<\/p>\n<p>Capacit\u00e9 int\u00e9rieure : 47 cm de large x 33 cm de haut x 73 cm de profondeur<\/p>\n<p>Accesorios: bandeja de acero inoxidable, parrilla cromada, pirometro.<br \/>\n____________________________________________<br \/>\nManuel d&rsquo;utilisation<br \/>\n<a href=\"https:\/\/bd65d89c-cbcf-4874-ab34-6fd0a497da6a.filesusr.com\/ugd\/c3d017_71587e3b58a54df1b76b989d7eed15cf.pdf\" target=\"_blank\" rel=\"noopener\">T\u00c9L\u00c9CHARGER<\/a><\/p>\n<\/div>\n<\/div>\n","protected":false},"excerpt":{"rendered":"<p>Notre conception permet un montage facile sur le lieu d&rsquo;installation, une grande partie des composants \u00e9tant d\u00e9montables. Cela permet de r\u00e9duire le poids des \u00e9l\u00e9ments et d&rsquo;\u00e9viter tout effort important.<\/p>\n<p>Fonctionnement : Le feu est fait dans un foyer s\u00e9par\u00e9 dans la partie inf\u00e9rieure du four. La chaleur (feu et gaz de combustion) monte, heurte le d\u00e9flecteur en fonte, est dirig\u00e9e vers les c\u00f4t\u00e9s puis passe par le plafond du four avant de sortir par le conduit de chemin\u00e9e. Cette m\u00e9thode permet d&rsquo;obtenir une chaleur enveloppante et une cuisson uniforme.<\/p>\n","protected":false},"featured_media":4959,"template":"","meta":{"_et_pb_use_builder":"","_et_pb_old_content":"","_et_gb_content_width":""},"product_brand":[],"product_cat":[242,263],"product_tag":[],"class_list":{"0":"post-8218","1":"product","2":"type-product","3":"status-publish","4":"has-post-thumbnail","6":"product_cat-fours","7":"product_cat-grills-portables-les-plus-vendus","8":"product_shipping_class-fours-tromen","10":"first","11":"instock","12":"sale","13":"taxable","14":"shipping-taxable","15":"purchasable","16":"product-type-simple"},"_links":{"self":[{"href":"https:\/\/barbacoas-argentinas.com\/fr\/wp-json\/wp\/v2\/product\/8218","targetHints":{"allow":["GET"]}}],"collection":[{"href":"https:\/\/barbacoas-argentinas.com\/fr\/wp-json\/wp\/v2\/product"}],"about":[{"href":"https:\/\/barbacoas-argentinas.com\/fr\/wp-json\/wp\/v2\/types\/product"}],"wp:featuredmedia":[{"embeddable":true,"href":"https:\/\/barbacoas-argentinas.com\/fr\/wp-json\/wp\/v2\/media\/4959"}],"wp:attachment":[{"href":"https:\/\/barbacoas-argentinas.com\/fr\/wp-json\/wp\/v2\/media?parent=8218"}],"wp:term":[{"taxonomy":"product_brand","embeddable":true,"href":"https:\/\/barbacoas-argentinas.com\/fr\/wp-json\/wp\/v2\/product_brand?post=8218"},{"taxonomy":"product_cat","embeddable":true,"href":"https:\/\/barbacoas-argentinas.com\/fr\/wp-json\/wp\/v2\/product_cat?post=8218"},{"taxonomy":"product_tag","embeddable":true,"href":"https:\/\/barbacoas-argentinas.com\/fr\/wp-json\/wp\/v2\/product_tag?post=8218"}],"curies":[{"name":"wp","href":"https:\/\/api.w.org\/{rel}","templated":true}]}}