{"id":8214,"date":"2023-09-03T19:43:16","date_gmt":"2023-09-03T19:43:16","guid":{"rendered":"https:\/\/barbacoas-argentinas.com\/non%20class\u00e9\/four-trh-l-middle\/"},"modified":"2026-02-22T20:48:12","modified_gmt":"2026-02-22T20:48:12","slug":"four-trh-l-middle","status":"publish","type":"product","link":"https:\/\/barbacoas-argentinas.com\/fr\/fours\/four-trh-l-middle\/","title":{"rendered":"Four TRH-L Middle"},"content":{"rendered":"<div class=\"_6s2bg fggS- cell\">\n<p><span style=\"color: #0f1115; font-size: 12pt;\"><span style=\"font-family: Open sans, sans-serif;\">Le Four TRH-L Middle remplace les fours \u00e0 bois traditionnels en terre cuite, principalement gr\u00e2ce \u00e0 l&rsquo;avantage d&rsquo;un feu continu. Il offre \u00e9galement une exp\u00e9rience de cuisson unique avec une chaleur enveloppante qui r\u00e9partit la temp\u00e9rature uniform\u00e9ment, garantissant des r\u00e9sultats parfaits \u00e0 chaque utilisation. <\/span><\/span><\/p>\n<p>&nbsp;<\/p>\n<div class=\"image-container\"><img loading=\"lazy\" decoding=\"async\" class=\"responsive-image aligncenter\" src=\"https:\/\/barbacoas-argentinas.com\/wp-content\/uploads\/2023\/09\/Hornos-Tromen-TRH-L-Middle-Espana-barbacoas-argentinas.webp\" alt=\"Image d'exemple\" width=\"512\" height=\"316\"><\/div>\n<\/div>\n<p>&nbsp;<\/p>\n<div class=\"_6s2bg fggS- cell\">\n<div class=\"_6s2bg fggS- cell\">\n<p><span style=\"color: #0f1115;\"><span style=\"font-family: Open sans, sans-serif;\"><strong>Pourquoi le choisir ?<\/strong><\/span><\/span><\/p>\n<p><span style=\"color: #0f1115;\"><span style=\"font-family: Open sans, sans-serif;\"><strong>Mat\u00e9riaux de haute qualit\u00e9 : <\/strong>Fabriqu\u00e9 en acier lamin\u00e9 \u00e9maill\u00e9 de 2 mm, il est extr\u00eamement r\u00e9sistant et capable de supporter des temp\u00e9ratures \u00e9lev\u00e9es sans perdre ses performances. La chambre de cuisson \u00e9maill\u00e9e et le sol en briques r\u00e9fractaires offrent une grande inertie thermique, ce qui permet de conserver la chaleur plus longtemps, r\u00e9duisant ainsi le besoin d&rsquo;ajouter constamment du bois. <\/span><\/span><\/p>\n<p><span style=\"color: #0f1115;\"><span style=\"font-family: Open sans, sans-serif;\"><strong>Cuisson uniforme et efficace :<\/strong> Gr\u00e2ce \u00e0 son syst\u00e8me de chaleur enveloppante, il garantit des cuissons homog\u00e8nes. Le pyrom\u00e8tre int\u00e9gr\u00e9 permet de contr\u00f4ler la temp\u00e9rature interne sans avoir \u00e0 ouvrir la porte, \u00e9vitant ainsi les pertes de chaleur et am\u00e9liorant l&rsquo;efficacit\u00e9. <\/span><\/span><\/p>\n<p><span style=\"color: #0f1115;\"><span style=\"font-family: Open sans, sans-serif;\">Id\u00e9al pour l&rsquo;ext\u00e9rieur : Son design est pr\u00eat \u00e0 \u00eatre install\u00e9 sur un plan de travail, sans n\u00e9cessiter de travaux compliqu\u00e9s.<\/span><\/span><\/p>\n<p><span style=\"color: #0f1115;\"><span style=\"font-family: Open sans, sans-serif;\"><strong>Faible consommation de bois :<\/strong> Contrairement aux fours traditionnels, le Four TRH-L Middle Tromen optimise l&rsquo;utilisation du bois, ce qui en fait une option plus \u00e9conomique et \u00e9cologique. Sa sortie de tirage de 4 pouces assure une meilleure utilisation de la chaleur et r\u00e9duit les \u00e9missions de fum\u00e9e, permettant une cuisson plus rapide et plus efficace. <\/span><\/span><\/p>\n<p>&nbsp;<\/p>\n<div class=\"image-container\"><img loading=\"lazy\" decoding=\"async\" class=\"responsive-image aligncenter\" src=\"https:\/\/barbacoas-argentinas.com\/wp-content\/uploads\/2023\/09\/Horno-TRH-L-sobremesa-a-lena.webp\" alt=\"Image d'exemple\" width=\"476\" height=\"318\"><\/div>\n<p>&nbsp;<\/p>\n<\/div>\n<\/div>\n","protected":false},"excerpt":{"rendered":"<h2 class=\"Text3027143737__root Text3027143737---typography-11-runningText Text3027143737---priority-7-primary s8gg2 _149OH InfoSectionTitle3095652555__root\" aria-hidden=\"false\" data-hook=\"info-section-title\"><span style=\"color: #000000; font-size: 12pt;\"><strong>MESURES INT\u00c9RIEURES ET EXT\u00c9RIEURES<\/strong><br \/>\n<strong>Largeur :<\/strong> 60,0 cm<br \/>\n<strong>Hauteur :<\/strong> 78 cm<br \/>\n<strong>Profondeur : <\/strong>81 cm<br \/>\n<strong>Poids total : <\/strong>114,0 kg<br \/>\n<strong>Sortie de fum\u00e9e :<\/strong> 4 pouces<br \/>\nCapacit\u00e9 int\u00e9rieure : 47 cm (largeur) x 33 cm (hauteur) x 73 cm (profondeur)<\/span><\/h2>\n<p>&nbsp;<\/p>\n<h3 class=\"Text3027143737__root Text3027143737---typography-11-runningText Text3027143737---priority-7-primary s8gg2 _149OH InfoSectionTitle3095652555__root\" aria-hidden=\"false\" data-hook=\"info-section-title\"><span style=\"color: #000000; font-size: 12pt;\"><strong>Accessoires : Plateau en acier inoxydable, grille chrom\u00e9e, pyrom\u00e8tre.<\/strong><br \/>\n<strong>Attention : Ne pas installer \u00e0 l&rsquo;ext\u00e9rieur sans abri.<\/strong><br \/>\n________________________________________<\/span><\/h3>\n<div class=\"WncCi\" data-hook=\"info-section-description\">\n<p><span style=\"color: #000000; font-size: 12pt;\"><strong>Manuel d&rsquo;utilisation<\/strong><\/span><br \/>\n<a href=\"https:\/\/bd65d89c-cbcf-4874-ab34-6fd0a497da6a.filesusr.com\/ugd\/c3d017_71587e3b58a54df1b76b989d7eed15cf.pdf\">T\u00c9L\u00c9CHARGER<\/a><\/p>\n<\/div>\n","protected":false},"featured_media":6191,"template":"","meta":{"_et_pb_use_builder":"","_et_pb_old_content":"","_et_gb_content_width":""},"product_brand":[],"product_cat":[242],"product_tag":[],"class_list":{"0":"post-8214","1":"product","2":"type-product","3":"status-publish","4":"has-post-thumbnail","6":"product_cat-fours","7":"product_shipping_class-fours-tromen","9":"first","10":"instock","11":"taxable","12":"shipping-taxable","13":"purchasable","14":"product-type-simple"},"_links":{"self":[{"href":"https:\/\/barbacoas-argentinas.com\/fr\/wp-json\/wp\/v2\/product\/8214","targetHints":{"allow":["GET"]}}],"collection":[{"href":"https:\/\/barbacoas-argentinas.com\/fr\/wp-json\/wp\/v2\/product"}],"about":[{"href":"https:\/\/barbacoas-argentinas.com\/fr\/wp-json\/wp\/v2\/types\/product"}],"wp:featuredmedia":[{"embeddable":true,"href":"https:\/\/barbacoas-argentinas.com\/fr\/wp-json\/wp\/v2\/media\/6191"}],"wp:attachment":[{"href":"https:\/\/barbacoas-argentinas.com\/fr\/wp-json\/wp\/v2\/media?parent=8214"}],"wp:term":[{"taxonomy":"product_brand","embeddable":true,"href":"https:\/\/barbacoas-argentinas.com\/fr\/wp-json\/wp\/v2\/product_brand?post=8214"},{"taxonomy":"product_cat","embeddable":true,"href":"https:\/\/barbacoas-argentinas.com\/fr\/wp-json\/wp\/v2\/product_cat?post=8214"},{"taxonomy":"product_tag","embeddable":true,"href":"https:\/\/barbacoas-argentinas.com\/fr\/wp-json\/wp\/v2\/product_tag?post=8214"}],"curies":[{"name":"wp","href":"https:\/\/api.w.org\/{rel}","templated":true}]}}