{"id":8190,"date":"2023-09-03T19:44:58","date_gmt":"2023-09-03T19:44:58","guid":{"rendered":"https:\/\/barbacoas-argentinas.com\/non%20class\u00e9\/four-tromen-trh-l-complet\/"},"modified":"2026-02-20T14:08:03","modified_gmt":"2026-02-20T14:08:03","slug":"four-tromen-trh-l-complet","status":"publish","type":"product","link":"https:\/\/barbacoas-argentinas.com\/fr\/fours\/four-tromen-trh-l-complet\/","title":{"rendered":"Four Tromen TRH-L Complet"},"content":{"rendered":"<p><span style=\"color: #0f1115;\"><span style=\"font-family: Open Sans, sans-serif;\"><span style=\"font-size: medium;\">Si vous \u00eates un amateur de cuisine au feu de bois, ce four est l&rsquo;id\u00e9al pour obtenir cette saveur authentique que seul le bois peut offrir. Chez Barbecues Argentins, nous vous pr\u00e9sentons le Four Tromen TRH-L Complet avec socle, une option de haute qualit\u00e9 et d&rsquo;une grande efficacit\u00e9. <\/span><\/span><\/span><\/p>\n<p>&nbsp;<\/p>\n<div class=\"image-container\"><img loading=\"lazy\" decoding=\"async\" class=\"responsive-image aligncenter\" src=\"https:\/\/barbacoas-argentinas.com\/wp-content\/uploads\/2023\/09\/Horno-Tromen-TRH-completo6.webp\" alt=\"Image d'exemple\" width=\"524\" height=\"349\"><\/div>\n<p>&nbsp;<\/p>\n<p><strong><span style=\"color: #0f1115;\"><span style=\"font-family: Open Sans, sans-serif;\"><span style=\"font-size: medium;\"><b>Avantages et Caract\u00e9ristiques :<\/b><\/span><\/span><\/span><\/strong><\/p>\n<ul>\n<li><strong><span style=\"color: #0f1115;\"><span style=\"font-family: Open Sans, sans-serif;\"><span style=\"font-size: medium;\"><b>Mat\u00e9riaux robustes et r\u00e9sistants <\/b><\/span><\/span><\/span><\/strong><span style=\"color: #0f1115;\"><span style=\"font-family: Open Sans, sans-serif;\"><span style=\"font-size: medium;\">: Fabriqu\u00e9 en acier de haute qualit\u00e9 avec un rev\u00eatement \u00e9maill\u00e9, il supporte les temp\u00e9ratures \u00e9lev\u00e9es sans perte de performance.<\/span><\/span><\/span><\/li>\n<li><strong><span style=\"color: #0f1115;\"><span style=\"font-family: Open Sans, sans-serif;\"><span style=\"font-size: medium;\"><b>Plateau et grille en acier inoxydable :<\/b><\/span><\/span><\/span><\/strong> <span style=\"color: #0f1115;\"><span style=\"font-family: Open Sans, sans-serif;\"><span style=\"font-size: medium;\">Inclus de s\u00e9rie pour une utilisation imm\u00e9diate.<\/span><\/span><\/span><\/li>\n<li><strong><span style=\"color: #0f1115;\"><span style=\"font-family: Open Sans, sans-serif;\">Porte en acier avec vitre r\u00e9sistante aux hautes temp\u00e9ratures et pyrom\u00e8tre <\/span><\/span><\/strong><span style=\"color: #0f1115;\"><span style=\"font-family: Open Sans, sans-serif;\">pour un contr\u00f4le pr\u00e9cis de la temp\u00e9rature.<\/span><\/span><\/li>\n<li><strong><span style=\"color: #0f1115;\"><span style=\"font-family: Open Sans, sans-serif;\"><span style=\"font-size: medium;\"><b>Socle \u00e0 4 roues <\/b><\/span><\/span><\/span><\/strong><span style=\"color: #0f1115;\"><span style=\"font-family: Open Sans, sans-serif;\"><span style=\"font-size: medium;\">pour une meilleure mobilit\u00e9 et stabilit\u00e9.<\/span><\/span><\/span><\/li>\n<li><strong><span style=\"color: #0f1115;\"><span style=\"font-family: Open Sans, sans-serif;\"><span style=\"font-size: medium;\"><b>Syst\u00e8me de chaleur enveloppante :<\/b><\/span><\/span><\/span><\/strong> <span style=\"color: #0f1115;\"><span style=\"font-family: Open Sans, sans-serif;\"><span style=\"font-size: medium;\">R\u00e9partit la chaleur uniform\u00e9ment, permettant des cuissons plus rapides et de meilleurs r\u00e9sultats.<\/span><\/span><\/span><\/li>\n<li><strong><span style=\"color: #0f1115;\"><span style=\"font-family: Open Sans, sans-serif;\"><span style=\"font-size: medium;\"><b>Chambre de cuisson \u00e9maill\u00e9e :<\/b><\/span><\/span><\/span><\/strong> <span style=\"color: #0f1115;\"><span style=\"font-family: Open Sans, sans-serif;\"><span style=\"font-size: medium;\">Facilite le nettoyage et maintient les propri\u00e9t\u00e9s thermiques.<\/span><\/span><\/span><\/li>\n<li><strong><span style=\"color: #0f1115;\"><span style=\"font-family: Open Sans, sans-serif;\"><span style=\"font-size: medium;\"><b>Sol de la chambre de cuisson avec briques r\u00e9fractaires.<\/b><\/span><\/span><\/span><\/strong><\/li>\n<li><strong><span style=\"color: #0f1115;\"><span style=\"font-family: Open Sans, sans-serif;\"><span style=\"font-size: medium;\">Foyer avec sol en briques r\u00e9fractaires<\/span><\/span><\/span><\/strong> <span style=\"color: #0f1115;\"><span style=\"font-family: Open Sans, sans-serif;\"><span style=\"font-size: medium;\">pour une plus grande inertie thermique.<\/span><\/span><\/span><\/li>\n<li><strong><span style=\"color: #0f1115;\"><span style=\"font-family: Open Sans, sans-serif;\"><span style=\"font-size: medium;\"><b>Porte du foyer en plaques d&rsquo;acier avec <\/b><\/span><\/span><\/span><\/strong><span style=\"color: #0f1115;\"><span style=\"font-family: Open Sans, sans-serif;\">hublot en verre vitroc\u00e9ramique.<\/span><\/span><\/li>\n<li><strong><span style=\"color: #0f1115;\"><span style=\"font-family: Open Sans, sans-serif;\"><span style=\"font-size: medium;\"><b>Chambre de convection d&rsquo;air chaud<\/b><\/span><\/span><\/span><\/strong> <span style=\"color: #0f1115;\"><span style=\"font-family: Open Sans, sans-serif;\">pour une cuisson homog\u00e8ne.<\/span><\/span><\/li>\n<li><strong><span style=\"color: #0f1115;\"><span style=\"font-family: Open Sans, sans-serif;\"><span style=\"font-size: medium;\"><b>Four et chambre de chaleur <\/b><\/span><\/span><\/span><\/strong><span style=\"color: #0f1115;\"><span style=\"font-family: Open Sans, sans-serif;\"><span style=\"font-size: medium;\">en t\u00f4le d&rsquo;acier lamin\u00e9 de 2 mm \u00e9maill\u00e9s.<\/span><\/span><\/span><\/li>\n<li><strong><span style=\"color: #0f1115;\"><span style=\"font-family: Open Sans, sans-serif;\"><span style=\"font-size: medium;\"><b>Utilisation et entretien faciles :<\/b><\/span><\/span><\/span><\/strong> <span style=\"color: #0f1115;\"><span style=\"font-family: Open Sans, sans-serif;\">Comprend un plateau en acier inoxydable et un pyrom\u00e8tre.<\/span><\/span><\/li>\n<li><strong><span style=\"color: #0f1115;\"><span style=\"font-family: Open Sans, sans-serif;\"><span style=\"font-size: medium;\"><b>Faible consommation : <\/b><\/span><\/span><\/span><\/strong><span style=\"color: #0f1115;\"><span style=\"font-family: Open Sans, sans-serif;\">R\u00e9duit l&rsquo;utilisation de bois, une option plus \u00e9conomique et efficace que les autres fours traditionnels.<\/span><\/span><\/li>\n<li><strong><span style=\"color: #0f1115;\"><span style=\"font-family: Open Sans, sans-serif;\"><span style=\"font-size: medium;\">Sortie de tirage<\/span><\/span><\/span><\/strong> <span style=\"color: #0f1115;\"><span style=\"font-family: Open Sans, sans-serif;\"><span style=\"font-size: medium;\">pour conduits de 4 pouces.<\/span><\/span><\/span><\/li>\n<li><strong><span style=\"color: #0f1115;\"><span style=\"font-family: Open Sans, sans-serif;\"><span style=\"font-size: medium;\"><b>Sorties ind\u00e9pendantes<\/b><\/span><\/span><\/span><\/strong><span style=\"color: #0f1115;\"><span style=\"font-family: Open Sans, sans-serif;\"> pour le tirage et les gaz de cuisson.<\/span><\/span><\/li>\n<\/ul>\n<div class=\"image-container\"><img loading=\"lazy\" decoding=\"async\" class=\"responsive-image aligncenter\" src=\"https:\/\/barbacoas-argentinas.com\/wp-content\/uploads\/2023\/09\/Horno-Tromen-TRH-completo7.webp\" alt=\"Image d'exemple\" width=\"339\" height=\"339\"><\/div>\n<p data-start=\"2384\" data-end=\"2840\">\n","protected":false},"excerpt":{"rendered":"<p class=\"Text3027143737__root Text3027143737---typography-11-runningText Text3027143737---priority-7-primary s8gg2 _149OH InfoSectionTitle3095652555__root\" aria-hidden=\"false\" data-hook=\"info-section-title\"><span style=\"font-size: 12pt;\"><strong>DIMENSIONS INTERNES ET EXTERNES<\/strong><\/span><\/p>\n<div class=\"WncCi\" data-hook=\"info-section-description\">\n<p>Largeur : 60,0 cm<br \/>\nHauteur : 147 cm<br \/>\nProfondeur : 89 cm<br \/>\nPoids total : 140,0 kg<br \/>\nSortie de fum\u00e9e : 4&Prime;<br \/>\nCapacit\u00e9 Int\u00e9rieure : 47 cm (largeur) x 33 cm (hauteur) x 73 cm (profondeur)<br \/>\n<strong>Accessoires : plateau en acier inoxydable, grille chrom\u00e9e, pyrom\u00e8tre.<\/strong><br \/>\n___________________________________________<br \/>\n<strong>Manuel d&rsquo;utilisation<\/strong><br \/>\n<a href=\"https:\/\/bd65d89c-cbcf-4874-ab34-6fd0a497da6a.filesusr.com\/ugd\/c3d017_71587e3b58a54df1b76b989d7eed15cf.pdf\">T\u00c9L\u00c9CHARGER<\/a><\/p>\n<\/div>\n","protected":false},"featured_media":6303,"template":"","meta":{"_et_pb_use_builder":"","_et_pb_old_content":"","_et_gb_content_width":""},"product_brand":[],"product_cat":[242],"product_tag":[],"class_list":{"0":"post-8190","1":"product","2":"type-product","3":"status-publish","4":"has-post-thumbnail","6":"product_cat-fours","7":"product_shipping_class-fours-tromen","9":"first","10":"instock","11":"taxable","12":"shipping-taxable","13":"purchasable","14":"product-type-simple"},"_links":{"self":[{"href":"https:\/\/barbacoas-argentinas.com\/fr\/wp-json\/wp\/v2\/product\/8190","targetHints":{"allow":["GET"]}}],"collection":[{"href":"https:\/\/barbacoas-argentinas.com\/fr\/wp-json\/wp\/v2\/product"}],"about":[{"href":"https:\/\/barbacoas-argentinas.com\/fr\/wp-json\/wp\/v2\/types\/product"}],"wp:featuredmedia":[{"embeddable":true,"href":"https:\/\/barbacoas-argentinas.com\/fr\/wp-json\/wp\/v2\/media\/6303"}],"wp:attachment":[{"href":"https:\/\/barbacoas-argentinas.com\/fr\/wp-json\/wp\/v2\/media?parent=8190"}],"wp:term":[{"taxonomy":"product_brand","embeddable":true,"href":"https:\/\/barbacoas-argentinas.com\/fr\/wp-json\/wp\/v2\/product_brand?post=8190"},{"taxonomy":"product_cat","embeddable":true,"href":"https:\/\/barbacoas-argentinas.com\/fr\/wp-json\/wp\/v2\/product_cat?post=8190"},{"taxonomy":"product_tag","embeddable":true,"href":"https:\/\/barbacoas-argentinas.com\/fr\/wp-json\/wp\/v2\/product_tag?post=8190"}],"curies":[{"name":"wp","href":"https:\/\/api.w.org\/{rel}","templated":true}]}}