{"id":8144,"date":"2023-09-03T19:57:45","date_gmt":"2023-09-03T19:57:45","guid":{"rendered":"https:\/\/barbacoas-argentinas.com\/non%20class\u00e9\/brasero-emaille-a-pieds-fixes\/"},"modified":"2025-12-17T23:13:18","modified_gmt":"2025-12-17T23:13:18","slug":"brasero-emaille-a-pieds-fixes","status":"publish","type":"product","link":"https:\/\/barbacoas-argentinas.com\/fr\/braseros-de-table\/brasero-emaille-a-pieds-fixes\/","title":{"rendered":"Bras\u00e9ro \u00c9maill\u00e9 \u00e0 Pieds Fixes"},"content":{"rendered":"<div class=\"_6s2bg fggS- cell\">\n<h2 class=\"Text3027143737__root Text3027143737---typography-11-runningText Text3027143737---priority-7-primary s8gg2 _149OH InfoSectionTitle3095652555__root\" aria-hidden=\"false\" data-hook=\"info-section-title\"><strong><span style=\"font-size: 14pt;\">NOTICE DE MONTAGE BINELLI N02<\/span><\/strong><\/h2>\n<div class=\"WncCi\" data-hook=\"info-section-description\">\n<p><strong>EXT\u00c9RIEURES : 33 cm de long, 27 cm de large et 13 cm de haut<\/strong><\/p>\n<p><strong>INT\u00c9RIEURES : 28 cm de long, 20 cm de large et 6 cm de haut pour le feu<\/strong><\/p>\n<\/div>\n<\/div>\n","protected":false},"excerpt":{"rendered":"<p>Id\u00e9al pour garder vos plats au chaud. Un authentique bras\u00e9ro de table enti\u00e8rement \u00e9maill\u00e9 avec pieds fixes. <\/p>\n","protected":false},"featured_media":5579,"template":"","meta":{"_et_pb_use_builder":"","_et_pb_old_content":"","_et_gb_content_width":""},"product_brand":[],"product_cat":[262],"product_tag":[],"class_list":{"0":"post-8144","1":"product","2":"type-product","3":"status-publish","4":"has-post-thumbnail","6":"product_cat-braseros-de-table","7":"product_shipping_class-accesorios","8":"product_shipping_class-accessoires-fr","10":"first","11":"instock","12":"taxable","13":"shipping-taxable","14":"purchasable","15":"product-type-variable","16":"has-default-attributes"},"_links":{"self":[{"href":"https:\/\/barbacoas-argentinas.com\/fr\/wp-json\/wp\/v2\/product\/8144","targetHints":{"allow":["GET"]}}],"collection":[{"href":"https:\/\/barbacoas-argentinas.com\/fr\/wp-json\/wp\/v2\/product"}],"about":[{"href":"https:\/\/barbacoas-argentinas.com\/fr\/wp-json\/wp\/v2\/types\/product"}],"wp:featuredmedia":[{"embeddable":true,"href":"https:\/\/barbacoas-argentinas.com\/fr\/wp-json\/wp\/v2\/media\/5579"}],"wp:attachment":[{"href":"https:\/\/barbacoas-argentinas.com\/fr\/wp-json\/wp\/v2\/media?parent=8144"}],"wp:term":[{"taxonomy":"product_brand","embeddable":true,"href":"https:\/\/barbacoas-argentinas.com\/fr\/wp-json\/wp\/v2\/product_brand?post=8144"},{"taxonomy":"product_cat","embeddable":true,"href":"https:\/\/barbacoas-argentinas.com\/fr\/wp-json\/wp\/v2\/product_cat?post=8144"},{"taxonomy":"product_tag","embeddable":true,"href":"https:\/\/barbacoas-argentinas.com\/fr\/wp-json\/wp\/v2\/product_tag?post=8144"}],"curies":[{"name":"wp","href":"https:\/\/api.w.org\/{rel}","templated":true}]}}