{"id":8136,"date":"2023-09-03T19:59:07","date_gmt":"2023-09-03T19:59:07","guid":{"rendered":"https:\/\/barbacoas-argentinas.com\/non%20class\u00e9\/systeme-frontal\/"},"modified":"2025-12-17T23:08:45","modified_gmt":"2025-12-17T23:08:45","slug":"systeme-frontal","status":"publish","type":"product","link":"https:\/\/barbacoas-argentinas.com\/fr\/accessoires-pour-barbecue\/systeme-frontal\/","title":{"rendered":"SYST\u00c8ME FRONTAL"},"content":{"rendered":"<p><strong>Syst\u00e8me frontal \u00e0 manivelle adapt\u00e9 aux mod\u00e8les AD 85 &#8211; AD105 &#8211; AD125 cm.<\/strong><br \/>\n<strong>Ce produit est fabriqu\u00e9 sur commande, sa pr\u00e9paration prend 15 jours.<\/strong><\/p>\n","protected":false},"excerpt":{"rendered":"<p>Syst\u00e8me frontal \u00e0 manivelle compatible avec les mod\u00e8les AD 85 &#8211; AD105 &#8211; AD125 cm.<\/p>\n<p>Ce produit est fabriqu\u00e9 sur commande, avec un d\u00e9lai de pr\u00e9paration de 15 jours.<\/p>\n","protected":false},"featured_media":6475,"template":"","meta":{"_et_pb_use_builder":"","_et_pb_old_content":"","_et_gb_content_width":""},"product_brand":[],"product_cat":[216],"product_tag":[],"class_list":{"0":"post-8136","1":"product","2":"type-product","3":"status-publish","4":"has-post-thumbnail","6":"product_cat-accessoires-pour-barbecue","7":"product_shipping_class-accessoires-fr","9":"first","10":"instock","11":"taxable","12":"shipping-taxable","13":"purchasable","14":"product-type-simple"},"_links":{"self":[{"href":"https:\/\/barbacoas-argentinas.com\/fr\/wp-json\/wp\/v2\/product\/8136","targetHints":{"allow":["GET"]}}],"collection":[{"href":"https:\/\/barbacoas-argentinas.com\/fr\/wp-json\/wp\/v2\/product"}],"about":[{"href":"https:\/\/barbacoas-argentinas.com\/fr\/wp-json\/wp\/v2\/types\/product"}],"wp:featuredmedia":[{"embeddable":true,"href":"https:\/\/barbacoas-argentinas.com\/fr\/wp-json\/wp\/v2\/media\/6475"}],"wp:attachment":[{"href":"https:\/\/barbacoas-argentinas.com\/fr\/wp-json\/wp\/v2\/media?parent=8136"}],"wp:term":[{"taxonomy":"product_brand","embeddable":true,"href":"https:\/\/barbacoas-argentinas.com\/fr\/wp-json\/wp\/v2\/product_brand?post=8136"},{"taxonomy":"product_cat","embeddable":true,"href":"https:\/\/barbacoas-argentinas.com\/fr\/wp-json\/wp\/v2\/product_cat?post=8136"},{"taxonomy":"product_tag","embeddable":true,"href":"https:\/\/barbacoas-argentinas.com\/fr\/wp-json\/wp\/v2\/product_tag?post=8136"}],"curies":[{"name":"wp","href":"https:\/\/api.w.org\/{rel}","templated":true}]}}