{"id":8118,"date":"2023-09-03T20:03:18","date_gmt":"2023-09-03T20:03:18","guid":{"rendered":"https:\/\/barbacoas-argentinas.com\/non%20class\u00e9\/housse-en-toile-pour-barbecues-et-duomo-tromen\/"},"modified":"2025-12-17T22:42:14","modified_gmt":"2025-12-17T22:42:14","slug":"housse-en-toile-pour-barbecues-et-duomo-tromen","status":"publish","type":"product","link":"https:\/\/barbacoas-argentinas.com\/fr\/accessoires-pour-barbecue\/housse-en-toile-pour-barbecues-et-duomo-tromen\/","title":{"rendered":"Housse en Toile pour Barbecues et Duomo Tromen"},"content":{"rendered":"<p><span style=\"font-size: 12pt;\"><strong>Housses sur mesure pour les barbecues Tromen. Elles sont de haute qualit\u00e9, extr\u00eamement r\u00e9sistantes, fabriqu\u00e9es en toile RIPSTOP et totalement imperm\u00e9ables.<\/strong><\/span><\/p>\n","protected":false},"excerpt":{"rendered":"<p>Housses sur mesure pour les barbecues Tromen. Elles sont de haute qualit\u00e9, extr\u00eamement r\u00e9sistantes, fabriqu\u00e9es en toile RIPSTOP et totalement imperm\u00e9ables.<\/p>\n","protected":false},"featured_media":7680,"template":"","meta":{"_et_pb_use_builder":"","_et_pb_old_content":"","_et_gb_content_width":""},"product_brand":[],"product_cat":[216],"product_tag":[],"class_list":{"0":"post-8118","1":"product","2":"type-product","3":"status-publish","4":"has-post-thumbnail","6":"product_cat-accessoires-pour-barbecue","7":"product_shipping_class-accesorios","9":"first","10":"instock","11":"taxable","12":"shipping-taxable","13":"purchasable","14":"product-type-variable","15":"has-default-attributes"},"_links":{"self":[{"href":"https:\/\/barbacoas-argentinas.com\/fr\/wp-json\/wp\/v2\/product\/8118","targetHints":{"allow":["GET"]}}],"collection":[{"href":"https:\/\/barbacoas-argentinas.com\/fr\/wp-json\/wp\/v2\/product"}],"about":[{"href":"https:\/\/barbacoas-argentinas.com\/fr\/wp-json\/wp\/v2\/types\/product"}],"wp:featuredmedia":[{"embeddable":true,"href":"https:\/\/barbacoas-argentinas.com\/fr\/wp-json\/wp\/v2\/media\/7680"}],"wp:attachment":[{"href":"https:\/\/barbacoas-argentinas.com\/fr\/wp-json\/wp\/v2\/media?parent=8118"}],"wp:term":[{"taxonomy":"product_brand","embeddable":true,"href":"https:\/\/barbacoas-argentinas.com\/fr\/wp-json\/wp\/v2\/product_brand?post=8118"},{"taxonomy":"product_cat","embeddable":true,"href":"https:\/\/barbacoas-argentinas.com\/fr\/wp-json\/wp\/v2\/product_cat?post=8118"},{"taxonomy":"product_tag","embeddable":true,"href":"https:\/\/barbacoas-argentinas.com\/fr\/wp-json\/wp\/v2\/product_tag?post=8118"}],"curies":[{"name":"wp","href":"https:\/\/api.w.org\/{rel}","templated":true}]}}