{"id":8100,"date":"2023-09-03T20:05:08","date_gmt":"2023-09-03T20:05:08","guid":{"rendered":"https:\/\/barbacoas-argentinas.com\/non%20class\u00e9\/brosse-a-poils-naturels-binelli\/"},"modified":"2025-12-17T22:35:51","modified_gmt":"2025-12-17T22:35:51","slug":"brosse-a-poils-naturels-binelli","status":"publish","type":"product","link":"https:\/\/barbacoas-argentinas.com\/fr\/accessoires-pour-barbecue\/brosse-a-poils-naturels-binelli\/","title":{"rendered":"Brosse \u00e0 Poils Naturels Binelli"},"content":{"rendered":"<p><strong>Brosse avec manche en bois et poils naturels pour le nettoyage des grilles \u00e9maill\u00e9es. Longueur totale : 64 cm. T\u00eate de brosse : 23 cm x 7 cm.<\/strong><\/p>\n","protected":false},"excerpt":{"rendered":"<p>Brosse avec manche en bois et poils naturels pour le nettoyage des grilles \u00e9maill\u00e9es. Longueur totale : 64 cm. T\u00eate de brosse : 23 cm x 7 cm.<\/p>\n","protected":false},"featured_media":6123,"template":"","meta":{"_et_pb_use_builder":"","_et_pb_old_content":"","_et_gb_content_width":""},"product_brand":[],"product_cat":[216],"product_tag":[],"class_list":{"0":"post-8100","1":"product","2":"type-product","3":"status-publish","4":"has-post-thumbnail","6":"product_cat-accessoires-pour-barbecue","7":"product_shipping_class-sin-costo","8":"product_shipping_class-pelles-a-barbecue","10":"first","11":"instock","12":"taxable","13":"shipping-taxable","14":"purchasable","15":"product-type-simple"},"_links":{"self":[{"href":"https:\/\/barbacoas-argentinas.com\/fr\/wp-json\/wp\/v2\/product\/8100","targetHints":{"allow":["GET"]}}],"collection":[{"href":"https:\/\/barbacoas-argentinas.com\/fr\/wp-json\/wp\/v2\/product"}],"about":[{"href":"https:\/\/barbacoas-argentinas.com\/fr\/wp-json\/wp\/v2\/types\/product"}],"wp:featuredmedia":[{"embeddable":true,"href":"https:\/\/barbacoas-argentinas.com\/fr\/wp-json\/wp\/v2\/media\/6123"}],"wp:attachment":[{"href":"https:\/\/barbacoas-argentinas.com\/fr\/wp-json\/wp\/v2\/media?parent=8100"}],"wp:term":[{"taxonomy":"product_brand","embeddable":true,"href":"https:\/\/barbacoas-argentinas.com\/fr\/wp-json\/wp\/v2\/product_brand?post=8100"},{"taxonomy":"product_cat","embeddable":true,"href":"https:\/\/barbacoas-argentinas.com\/fr\/wp-json\/wp\/v2\/product_cat?post=8100"},{"taxonomy":"product_tag","embeddable":true,"href":"https:\/\/barbacoas-argentinas.com\/fr\/wp-json\/wp\/v2\/product_tag?post=8100"}],"curies":[{"name":"wp","href":"https:\/\/api.w.org\/{rel}","templated":true}]}}