{"id":8096,"date":"2023-09-03T20:07:02","date_gmt":"2023-09-03T20:07:02","guid":{"rendered":"https:\/\/barbacoas-argentinas.com\/non%20class\u00e9\/disque-de-labour-tromen-avec-couvercle\/"},"modified":"2025-12-17T15:52:56","modified_gmt":"2025-12-17T15:52:56","slug":"disque-de-labour-tromen-avec-couvercle","status":"publish","type":"product","link":"https:\/\/barbacoas-argentinas.com\/fr\/accessoires-pour-barbecue\/disque-de-labour-tromen-avec-couvercle\/","title":{"rendered":"Disque de Labour Tromen avec Couvercle"},"content":{"rendered":"<p><strong>Largeur : diam\u00e8tre de 42 cm<\/strong><\/p>\n<p><strong>Hauteur : 23 cm (avec pieds) 9 cm (sans)<\/strong><\/p>\n<p>Profondeur :<\/p>\n<p><strong>Poids total :<\/strong><\/p>\n<p>Accessoires : Pieds amovibles. Surface \u00e9maill\u00e9e. Couvercle en inox avec poign\u00e9e en bois.<\/p>\n<p><iframe loading=\"lazy\" title=\"Cocina en Disco de Arado Tromen\" width=\"1080\" height=\"608\" src=\"https:\/\/www.youtube.com\/embed\/dJBpFA_rB2k?feature=oembed\"  allow=\"accelerometer; autoplay; clipboard-write; encrypted-media; gyroscope; picture-in-picture; web-share\" referrerpolicy=\"strict-origin-when-cross-origin\" allowfullscreen><\/iframe><\/p>\n<p><\/p>\n","protected":false},"excerpt":{"rendered":"<p><strong>Profondeur :<\/strong> <strong>Largeur : diam\u00e8tre de 42 cm<br \/>\nPoids total : Hauteur : 23 cm (avec pieds) 9 cm (sans)<\/strong><\/p>\n<p>Accessoires : Pieds amovibles. Surface \u00e9maill\u00e9e. Couvercle en inox avec poign\u00e9e en bois.<\/p>\n","protected":false},"featured_media":7219,"template":"","meta":{"_et_pb_use_builder":"","_et_pb_old_content":"","_et_gb_content_width":""},"product_brand":[],"product_cat":[216],"product_tag":[],"class_list":{"0":"post-8096","1":"product","2":"type-product","3":"status-publish","4":"has-post-thumbnail","6":"product_cat-accessoires-pour-barbecue","7":"product_shipping_class-accesorios","9":"first","10":"instock","11":"taxable","12":"shipping-taxable","13":"purchasable","14":"product-type-simple"},"_links":{"self":[{"href":"https:\/\/barbacoas-argentinas.com\/fr\/wp-json\/wp\/v2\/product\/8096","targetHints":{"allow":["GET"]}}],"collection":[{"href":"https:\/\/barbacoas-argentinas.com\/fr\/wp-json\/wp\/v2\/product"}],"about":[{"href":"https:\/\/barbacoas-argentinas.com\/fr\/wp-json\/wp\/v2\/types\/product"}],"wp:featuredmedia":[{"embeddable":true,"href":"https:\/\/barbacoas-argentinas.com\/fr\/wp-json\/wp\/v2\/media\/7219"}],"wp:attachment":[{"href":"https:\/\/barbacoas-argentinas.com\/fr\/wp-json\/wp\/v2\/media?parent=8096"}],"wp:term":[{"taxonomy":"product_brand","embeddable":true,"href":"https:\/\/barbacoas-argentinas.com\/fr\/wp-json\/wp\/v2\/product_brand?post=8096"},{"taxonomy":"product_cat","embeddable":true,"href":"https:\/\/barbacoas-argentinas.com\/fr\/wp-json\/wp\/v2\/product_cat?post=8096"},{"taxonomy":"product_tag","embeddable":true,"href":"https:\/\/barbacoas-argentinas.com\/fr\/wp-json\/wp\/v2\/product_tag?post=8096"}],"curies":[{"name":"wp","href":"https:\/\/api.w.org\/{rel}","templated":true}]}}